{"id":12141,"date":"2021-07-29T16:20:16","date_gmt":"2021-07-29T21:20:16","guid":{"rendered":"https:\/\/pcmastersbogota.com.co\/?post_type=product&#038;p=12141"},"modified":"2023-05-19T10:39:53","modified_gmt":"2023-05-19T15:39:53","slug":"amd-ryzen-7-3800xt","status":"publish","type":"product","link":"https:\/\/pcmastersbogota.com.co\/es_es\/producto\/amd-ryzen-7-3800xt\/","title":{"rendered":"AMD RYZEN 7 3800XT"},"content":{"rendered":"<p>https:\/\/www.amd.com\/es\/products\/cpu\/amd-ryzen-7-3800xt<\/p>\n<h1 class=\"a-size-base-plus a-text-bold\">Sobre este art\u00edculo<\/h1>\n<ul class=\"a-unordered-list a-vertical a-spacing-mini\">\n<li><span class=\"a-list-item\">Procesador de 8 n\u00facleos m\u00e1s r\u00e1pido de AMD para escritorio principal, con 16 hilos de procesamiento<\/span><\/li>\n<li><span class=\"a-list-item\">Puede ofrecer un rendimiento ultrarr\u00e1pido de 100 FPS en los juegos m\u00e1s populares del mundo<\/span><\/li>\n<li><span class=\"a-list-item\">Refrigerador no incluido, enfriador l\u00edquido con radiador de 11.024\u00a0in o m\u00e1s grande recomendado<\/span><\/li>\n<li><span class=\"a-list-item\">4.7 GHz Max Boost, desbloqueado para overclocking, 36 MB de Gamecache, soporte DDR-3200<\/span><\/li>\n<li><span class=\"a-list-item\">Para la plataforma avanzada Socket AM4, puede soportar PCIe 4.0 en placas base X570 y B550<\/span><\/li>\n<\/ul>\n<table id=\"productDetails_detailBullets_sections1\" class=\"a-keyvalue prodDetTable\" role=\"presentation\">\n<tbody>\n<tr>\n<th class=\"a-color-secondary a-size-base prodDetSectionEntry\">Dimensiones del producto<\/th>\n<td class=\"a-size-base prodDetAttrValue\">8 x 6 x 6 pulgadas<\/td>\n<\/tr>\n<tr>\n<th class=\"a-color-secondary a-size-base prodDetSectionEntry\">Peso del producto<\/th>\n<td class=\"a-size-base prodDetAttrValue\">5.3 onzas<\/td>\n<\/tr>\n<tr>\n<th class=\"a-color-secondary a-size-base prodDetSectionEntry\">Fabricante<\/th>\n<td class=\"a-size-base prodDetAttrValue\">AMD<\/td>\n<\/tr>\n<tr>\n<th class=\"a-color-secondary a-size-base prodDetSectionEntry\">ASIN<\/th>\n<td class=\"a-size-base prodDetAttrValue\">B089WCXZJC<\/td>\n<\/tr>\n<tr>\n<th class=\"a-color-secondary a-size-base prodDetSectionEntry\">N\u00famero de modelo del producto<\/th>\n<td class=\"a-size-base prodDetAttrValue\">AMD Ryzen 7 3800XT<\/td>\n<\/tr>\n<\/tbody>\n<\/table>\n","protected":false},"excerpt":{"rendered":"<p>Marca\tAMD<br \/>\nColor\tNegro<br \/>\nPotencia\t105 vatios<br \/>\nDimensiones del producto\t8 x 6 x 6 pulgadas; 5.29 Onzas<br \/>\nNombre del modelo\tAMD Ryzen 7 3800XT<\/p>\n","protected":false},"featured_media":12221,"comment_status":"open","ping_status":"closed","template":"","meta":[],"pwb-brand":[87],"product_brand":[],"product_cat":[20],"product_tag":[90],"class_list":{"0":"post-12141","1":"product","2":"type-product","3":"status-publish","4":"has-post-thumbnail","6":"pwb-brand-amd","7":"product_cat-procesadores","8":"product_tag-ryzen","10":"first","11":"outofstock","12":"taxable","13":"shipping-taxable","14":"purchasable","15":"product-type-simple"},"yoast_head":"<!-- This site is optimized with the Yoast SEO plugin v26.7 - https:\/\/yoast.com\/wordpress\/plugins\/seo\/ -->\n<title>AMD RYZEN 7 3800XT - PC MASTERS BOGOTA<\/title>\n<meta name=\"robots\" content=\"index, follow, max-snippet:-1, max-image-preview:large, max-video-preview:-1\" \/>\n<link rel=\"canonical\" href=\"https:\/\/pcmastersbogota.com.co\/es_es\/producto\/amd-ryzen-7-3800xt\/\" \/>\n<meta property=\"og:locale\" content=\"es_ES\" \/>\n<meta property=\"og:type\" content=\"article\" \/>\n<meta property=\"og:title\" content=\"AMD RYZEN 7 3800XT - PC MASTERS BOGOTA\" \/>\n<meta property=\"og:description\" content=\"Marca AMD Color Negro Potencia 105 vatios Dimensiones del producto 8 x 6 x 6 pulgadas; 5.29 Onzas Nombre del modelo AMD Ryzen 7 3800XT\" \/>\n<meta property=\"og:url\" content=\"https:\/\/pcmastersbogota.com.co\/es_es\/producto\/amd-ryzen-7-3800xt\/\" \/>\n<meta property=\"og:site_name\" content=\"PC MASTERS BOGOTA\" \/>\n<meta property=\"article:modified_time\" content=\"2023-05-19T15:39:53+00:00\" \/>\n<meta property=\"og:image\" content=\"https:\/\/pcmastersbogota.com.co\/wp-content\/uploads\/2021\/07\/AMD-RYZEN-7-3800XT1.jpg\" \/>\n\t<meta property=\"og:image:width\" content=\"864\" \/>\n\t<meta property=\"og:image:height\" content=\"932\" \/>\n\t<meta property=\"og:image:type\" content=\"image\/jpeg\" \/>\n<meta name=\"twitter:card\" content=\"summary_large_image\" \/>\n<meta name=\"twitter:label1\" content=\"Tiempo de lectura\" \/>\n\t<meta name=\"twitter:data1\" content=\"1 minuto\" \/>\n<script type=\"application\/ld+json\" class=\"yoast-schema-graph\">{\"@context\":\"https:\/\/schema.org\",\"@graph\":[{\"@type\":\"WebPage\",\"@id\":\"https:\/\/pcmastersbogota.com.co\/producto\/amd-ryzen-7-3800xt\/\",\"url\":\"https:\/\/pcmastersbogota.com.co\/producto\/amd-ryzen-7-3800xt\/\",\"name\":\"AMD RYZEN 7 3800XT - PC MASTERS BOGOTA\",\"isPartOf\":{\"@id\":\"https:\/\/pcmastersbogota.com.co\/es_es\/#website\"},\"primaryImageOfPage\":{\"@id\":\"https:\/\/pcmastersbogota.com.co\/producto\/amd-ryzen-7-3800xt\/#primaryimage\"},\"image\":{\"@id\":\"https:\/\/pcmastersbogota.com.co\/producto\/amd-ryzen-7-3800xt\/#primaryimage\"},\"thumbnailUrl\":\"https:\/\/pcmastersbogota.com.co\/wp-content\/uploads\/2021\/07\/AMD-RYZEN-7-3800XT1.jpg\",\"datePublished\":\"2021-07-29T21:20:16+00:00\",\"dateModified\":\"2023-05-19T15:39:53+00:00\",\"breadcrumb\":{\"@id\":\"https:\/\/pcmastersbogota.com.co\/producto\/amd-ryzen-7-3800xt\/#breadcrumb\"},\"inLanguage\":\"es\",\"potentialAction\":[{\"@type\":\"ReadAction\",\"target\":[\"https:\/\/pcmastersbogota.com.co\/producto\/amd-ryzen-7-3800xt\/\"]}]},{\"@type\":\"ImageObject\",\"inLanguage\":\"es\",\"@id\":\"https:\/\/pcmastersbogota.com.co\/producto\/amd-ryzen-7-3800xt\/#primaryimage\",\"url\":\"https:\/\/pcmastersbogota.com.co\/wp-content\/uploads\/2021\/07\/AMD-RYZEN-7-3800XT1.jpg\",\"contentUrl\":\"https:\/\/pcmastersbogota.com.co\/wp-content\/uploads\/2021\/07\/AMD-RYZEN-7-3800XT1.jpg\",\"width\":864,\"height\":932},{\"@type\":\"BreadcrumbList\",\"@id\":\"https:\/\/pcmastersbogota.com.co\/producto\/amd-ryzen-7-3800xt\/#breadcrumb\",\"itemListElement\":[{\"@type\":\"ListItem\",\"position\":1,\"name\":\"Home\",\"item\":\"https:\/\/pcmastersbogota.com.co\/\"},{\"@type\":\"ListItem\",\"position\":2,\"name\":\"Tienda\",\"item\":\"https:\/\/pcmastersbogota.com.co\/es_es\/tienda\/\"},{\"@type\":\"ListItem\",\"position\":3,\"name\":\"AMD RYZEN 7 3800XT\"}]},{\"@type\":\"WebSite\",\"@id\":\"https:\/\/pcmastersbogota.com.co\/es_es\/#website\",\"url\":\"https:\/\/pcmastersbogota.com.co\/es_es\/\",\"name\":\"PC MASTERS BOGOTA\",\"description\":\"\",\"potentialAction\":[{\"@type\":\"SearchAction\",\"target\":{\"@type\":\"EntryPoint\",\"urlTemplate\":\"https:\/\/pcmastersbogota.com.co\/es_es\/?s={search_term_string}\"},\"query-input\":{\"@type\":\"PropertyValueSpecification\",\"valueRequired\":true,\"valueName\":\"search_term_string\"}}],\"inLanguage\":\"es\"}]}<\/script>\n<!-- \/ Yoast SEO plugin. -->","yoast_head_json":{"title":"AMD RYZEN 7 3800XT - PC MASTERS BOGOTA","robots":{"index":"index","follow":"follow","max-snippet":"max-snippet:-1","max-image-preview":"max-image-preview:large","max-video-preview":"max-video-preview:-1"},"canonical":"https:\/\/pcmastersbogota.com.co\/es_es\/producto\/amd-ryzen-7-3800xt\/","og_locale":"es_ES","og_type":"article","og_title":"AMD RYZEN 7 3800XT - PC MASTERS BOGOTA","og_description":"Marca AMD Color Negro Potencia 105 vatios Dimensiones del producto 8 x 6 x 6 pulgadas; 5.29 Onzas Nombre del modelo AMD Ryzen 7 3800XT","og_url":"https:\/\/pcmastersbogota.com.co\/es_es\/producto\/amd-ryzen-7-3800xt\/","og_site_name":"PC MASTERS BOGOTA","article_modified_time":"2023-05-19T15:39:53+00:00","og_image":[{"width":864,"height":932,"url":"https:\/\/pcmastersbogota.com.co\/wp-content\/uploads\/2021\/07\/AMD-RYZEN-7-3800XT1.jpg","type":"image\/jpeg"}],"twitter_card":"summary_large_image","twitter_misc":{"Tiempo de lectura":"1 minuto"},"schema":{"@context":"https:\/\/schema.org","@graph":[{"@type":"WebPage","@id":"https:\/\/pcmastersbogota.com.co\/producto\/amd-ryzen-7-3800xt\/","url":"https:\/\/pcmastersbogota.com.co\/producto\/amd-ryzen-7-3800xt\/","name":"AMD RYZEN 7 3800XT - PC MASTERS BOGOTA","isPartOf":{"@id":"https:\/\/pcmastersbogota.com.co\/es_es\/#website"},"primaryImageOfPage":{"@id":"https:\/\/pcmastersbogota.com.co\/producto\/amd-ryzen-7-3800xt\/#primaryimage"},"image":{"@id":"https:\/\/pcmastersbogota.com.co\/producto\/amd-ryzen-7-3800xt\/#primaryimage"},"thumbnailUrl":"https:\/\/pcmastersbogota.com.co\/wp-content\/uploads\/2021\/07\/AMD-RYZEN-7-3800XT1.jpg","datePublished":"2021-07-29T21:20:16+00:00","dateModified":"2023-05-19T15:39:53+00:00","breadcrumb":{"@id":"https:\/\/pcmastersbogota.com.co\/producto\/amd-ryzen-7-3800xt\/#breadcrumb"},"inLanguage":"es","potentialAction":[{"@type":"ReadAction","target":["https:\/\/pcmastersbogota.com.co\/producto\/amd-ryzen-7-3800xt\/"]}]},{"@type":"ImageObject","inLanguage":"es","@id":"https:\/\/pcmastersbogota.com.co\/producto\/amd-ryzen-7-3800xt\/#primaryimage","url":"https:\/\/pcmastersbogota.com.co\/wp-content\/uploads\/2021\/07\/AMD-RYZEN-7-3800XT1.jpg","contentUrl":"https:\/\/pcmastersbogota.com.co\/wp-content\/uploads\/2021\/07\/AMD-RYZEN-7-3800XT1.jpg","width":864,"height":932},{"@type":"BreadcrumbList","@id":"https:\/\/pcmastersbogota.com.co\/producto\/amd-ryzen-7-3800xt\/#breadcrumb","itemListElement":[{"@type":"ListItem","position":1,"name":"Home","item":"https:\/\/pcmastersbogota.com.co\/"},{"@type":"ListItem","position":2,"name":"Tienda","item":"https:\/\/pcmastersbogota.com.co\/es_es\/tienda\/"},{"@type":"ListItem","position":3,"name":"AMD RYZEN 7 3800XT"}]},{"@type":"WebSite","@id":"https:\/\/pcmastersbogota.com.co\/es_es\/#website","url":"https:\/\/pcmastersbogota.com.co\/es_es\/","name":"PC MASTERS BOGOTA","description":"","potentialAction":[{"@type":"SearchAction","target":{"@type":"EntryPoint","urlTemplate":"https:\/\/pcmastersbogota.com.co\/es_es\/?s={search_term_string}"},"query-input":{"@type":"PropertyValueSpecification","valueRequired":true,"valueName":"search_term_string"}}],"inLanguage":"es"}]}},"brands":[{"id":87,"name":"AMD","slug":"amd"}],"_links":{"self":[{"href":"https:\/\/pcmastersbogota.com.co\/es_es\/wp-json\/wp\/v2\/product\/12141","targetHints":{"allow":["GET"]}}],"collection":[{"href":"https:\/\/pcmastersbogota.com.co\/es_es\/wp-json\/wp\/v2\/product"}],"about":[{"href":"https:\/\/pcmastersbogota.com.co\/es_es\/wp-json\/wp\/v2\/types\/product"}],"replies":[{"embeddable":true,"href":"https:\/\/pcmastersbogota.com.co\/es_es\/wp-json\/wp\/v2\/comments?post=12141"}],"version-history":[{"count":4,"href":"https:\/\/pcmastersbogota.com.co\/es_es\/wp-json\/wp\/v2\/product\/12141\/revisions"}],"predecessor-version":[{"id":18243,"href":"https:\/\/pcmastersbogota.com.co\/es_es\/wp-json\/wp\/v2\/product\/12141\/revisions\/18243"}],"wp:featuredmedia":[{"embeddable":true,"href":"https:\/\/pcmastersbogota.com.co\/es_es\/wp-json\/wp\/v2\/media\/12221"}],"wp:attachment":[{"href":"https:\/\/pcmastersbogota.com.co\/es_es\/wp-json\/wp\/v2\/media?parent=12141"}],"wp:term":[{"taxonomy":"pwb-brand","embeddable":true,"href":"https:\/\/pcmastersbogota.com.co\/es_es\/wp-json\/wp\/v2\/pwb-brand?post=12141"},{"taxonomy":"product_brand","embeddable":true,"href":"https:\/\/pcmastersbogota.com.co\/es_es\/wp-json\/wp\/v2\/product_brand?post=12141"},{"taxonomy":"product_cat","embeddable":true,"href":"https:\/\/pcmastersbogota.com.co\/es_es\/wp-json\/wp\/v2\/product_cat?post=12141"},{"taxonomy":"product_tag","embeddable":true,"href":"https:\/\/pcmastersbogota.com.co\/es_es\/wp-json\/wp\/v2\/product_tag?post=12141"}],"curies":[{"name":"wp","href":"https:\/\/api.w.org\/{rel}","templated":true}]}}