{"id":12712,"date":"2021-07-30T18:13:33","date_gmt":"2021-07-30T23:13:33","guid":{"rendered":"https:\/\/pcmastersbogota.com.co\/?post_type=product&#038;p=12712"},"modified":"2026-01-30T13:48:49","modified_gmt":"2026-01-30T18:48:49","slug":"viper-vp4100-m-2-nmve-500g","status":"publish","type":"product","link":"https:\/\/pcmastersbogota.com.co\/es_es\/producto\/viper-vp4100-m-2-nmve-500g\/","title":{"rendered":"VIPER VP4100 M.2 NMVE 500G"},"content":{"rendered":"<p>https:\/\/viper.patriotmemory.com\/products\/viper-vp4100-pcie-m-2-solid-state-drive-viper-gaming-by-patriot-memory<\/p>\n<p>Con su factor de forma 2280 M.2 PCIe\u00a0 est\u00e1 llevando tiempos de inicio incre\u00edbles, acceso inmediato y multitarea s\u00f3lida a la siguiente fase de la evoluci\u00f3n de SSD. Mejora tu juego con un estilo elegante con la unidad de estado s\u00f3lido PCIe maximizada, confiable, de bajo perfil y f\u00e1cil de instalar del VP4100. El sensor t\u00e9rmico externo din\u00e1mico proporciona informes de temperatura exactos para un rendimiento excepcional y una eficiencia dominante en maratones de juegos intensivos y cargas de trabajo locas.<\/p>\n","protected":false},"excerpt":{"rendered":"<p>Controlador de la serie Phison E16; 2280 M.2 PCIe Gen4 x 4, NVMe 1.3<br \/>\n* Sensor t\u00e9rmico externo, dise\u00f1o de protecci\u00f3n t\u00e9rmica de bajo perfil, nivelaci\u00f3n avanzada de desgaste, etc.<br \/>\n* Secuencial (ATTO): hasta 4.700 MB \/ s de lectura y hasta 4.200 MB \/ s de escritura<\/p>\n","protected":false},"featured_media":12849,"comment_status":"open","ping_status":"closed","template":"","meta":[],"pwb-brand":[94],"product_brand":[],"product_cat":[28],"product_tag":[107,116],"class_list":{"0":"post-12712","1":"product","2":"type-product","3":"status-publish","4":"has-post-thumbnail","6":"pwb-brand-patriot","7":"product_cat-ssd","8":"product_tag-m-2","9":"product_tag-viper","11":"first","12":"outofstock","13":"taxable","14":"shipping-taxable","15":"purchasable","16":"product-type-simple"},"yoast_head":"<!-- This site is optimized with the Yoast SEO plugin v26.7 - https:\/\/yoast.com\/wordpress\/plugins\/seo\/ -->\n<title>VIPER VP4100 M.2 NMVE 500G - PC MASTERS BOGOTA<\/title>\n<meta name=\"robots\" content=\"index, follow, max-snippet:-1, max-image-preview:large, max-video-preview:-1\" \/>\n<link rel=\"canonical\" href=\"https:\/\/pcmastersbogota.com.co\/es_es\/producto\/viper-vp4100-m-2-nmve-500g\/\" \/>\n<meta property=\"og:locale\" content=\"es_ES\" \/>\n<meta property=\"og:type\" content=\"article\" \/>\n<meta property=\"og:title\" content=\"VIPER VP4100 M.2 NMVE 500G - PC MASTERS BOGOTA\" \/>\n<meta property=\"og:description\" content=\"Controlador de la serie Phison E16; 2280 M.2 PCIe Gen4 x 4, NVMe 1.3 * Sensor t\u00e9rmico externo, dise\u00f1o de protecci\u00f3n t\u00e9rmica de bajo perfil, nivelaci\u00f3n avanzada de desgaste, etc. * Secuencial (ATTO): hasta 4.700 MB \/ s de lectura y hasta 4.200 MB \/ s de escritura\" \/>\n<meta property=\"og:url\" content=\"https:\/\/pcmastersbogota.com.co\/es_es\/producto\/viper-vp4100-m-2-nmve-500g\/\" \/>\n<meta property=\"og:site_name\" content=\"PC MASTERS BOGOTA\" \/>\n<meta property=\"article:modified_time\" content=\"2026-01-30T18:48:49+00:00\" \/>\n<meta property=\"og:image\" content=\"https:\/\/pcmastersbogota.com.co\/wp-content\/uploads\/2021\/07\/D_NQ_NP_2X_992577-MCO41338300445_042020-F.webp\" \/>\n\t<meta property=\"og:image:width\" content=\"1200\" \/>\n\t<meta property=\"og:image:height\" content=\"1200\" \/>\n\t<meta property=\"og:image:type\" content=\"image\/webp\" \/>\n<meta name=\"twitter:card\" content=\"summary_large_image\" \/>\n<script type=\"application\/ld+json\" class=\"yoast-schema-graph\">{\"@context\":\"https:\/\/schema.org\",\"@graph\":[{\"@type\":\"WebPage\",\"@id\":\"https:\/\/pcmastersbogota.com.co\/producto\/viper-vp4100-m-2-nmve-500g\/\",\"url\":\"https:\/\/pcmastersbogota.com.co\/producto\/viper-vp4100-m-2-nmve-500g\/\",\"name\":\"VIPER VP4100 M.2 NMVE 500G - PC MASTERS BOGOTA\",\"isPartOf\":{\"@id\":\"https:\/\/pcmastersbogota.com.co\/es_es\/#website\"},\"primaryImageOfPage\":{\"@id\":\"https:\/\/pcmastersbogota.com.co\/producto\/viper-vp4100-m-2-nmve-500g\/#primaryimage\"},\"image\":{\"@id\":\"https:\/\/pcmastersbogota.com.co\/producto\/viper-vp4100-m-2-nmve-500g\/#primaryimage\"},\"thumbnailUrl\":\"https:\/\/pcmastersbogota.com.co\/wp-content\/uploads\/2021\/07\/D_NQ_NP_2X_992577-MCO41338300445_042020-F.webp\",\"datePublished\":\"2021-07-30T23:13:33+00:00\",\"dateModified\":\"2026-01-30T18:48:49+00:00\",\"breadcrumb\":{\"@id\":\"https:\/\/pcmastersbogota.com.co\/producto\/viper-vp4100-m-2-nmve-500g\/#breadcrumb\"},\"inLanguage\":\"es\",\"potentialAction\":[{\"@type\":\"ReadAction\",\"target\":[\"https:\/\/pcmastersbogota.com.co\/producto\/viper-vp4100-m-2-nmve-500g\/\"]}]},{\"@type\":\"ImageObject\",\"inLanguage\":\"es\",\"@id\":\"https:\/\/pcmastersbogota.com.co\/producto\/viper-vp4100-m-2-nmve-500g\/#primaryimage\",\"url\":\"https:\/\/pcmastersbogota.com.co\/wp-content\/uploads\/2021\/07\/D_NQ_NP_2X_992577-MCO41338300445_042020-F.webp\",\"contentUrl\":\"https:\/\/pcmastersbogota.com.co\/wp-content\/uploads\/2021\/07\/D_NQ_NP_2X_992577-MCO41338300445_042020-F.webp\",\"width\":1200,\"height\":1200},{\"@type\":\"BreadcrumbList\",\"@id\":\"https:\/\/pcmastersbogota.com.co\/producto\/viper-vp4100-m-2-nmve-500g\/#breadcrumb\",\"itemListElement\":[{\"@type\":\"ListItem\",\"position\":1,\"name\":\"Home\",\"item\":\"https:\/\/pcmastersbogota.com.co\/\"},{\"@type\":\"ListItem\",\"position\":2,\"name\":\"Tienda\",\"item\":\"https:\/\/pcmastersbogota.com.co\/es_es\/tienda\/\"},{\"@type\":\"ListItem\",\"position\":3,\"name\":\"VIPER VP4100 M.2 NMVE 500G\"}]},{\"@type\":\"WebSite\",\"@id\":\"https:\/\/pcmastersbogota.com.co\/es_es\/#website\",\"url\":\"https:\/\/pcmastersbogota.com.co\/es_es\/\",\"name\":\"PC MASTERS BOGOTA\",\"description\":\"\",\"potentialAction\":[{\"@type\":\"SearchAction\",\"target\":{\"@type\":\"EntryPoint\",\"urlTemplate\":\"https:\/\/pcmastersbogota.com.co\/es_es\/?s={search_term_string}\"},\"query-input\":{\"@type\":\"PropertyValueSpecification\",\"valueRequired\":true,\"valueName\":\"search_term_string\"}}],\"inLanguage\":\"es\"}]}<\/script>\n<!-- \/ Yoast SEO plugin. -->","yoast_head_json":{"title":"VIPER VP4100 M.2 NMVE 500G - PC MASTERS BOGOTA","robots":{"index":"index","follow":"follow","max-snippet":"max-snippet:-1","max-image-preview":"max-image-preview:large","max-video-preview":"max-video-preview:-1"},"canonical":"https:\/\/pcmastersbogota.com.co\/es_es\/producto\/viper-vp4100-m-2-nmve-500g\/","og_locale":"es_ES","og_type":"article","og_title":"VIPER VP4100 M.2 NMVE 500G - PC MASTERS BOGOTA","og_description":"Controlador de la serie Phison E16; 2280 M.2 PCIe Gen4 x 4, NVMe 1.3 * Sensor t\u00e9rmico externo, dise\u00f1o de protecci\u00f3n t\u00e9rmica de bajo perfil, nivelaci\u00f3n avanzada de desgaste, etc. * Secuencial (ATTO): hasta 4.700 MB \/ s de lectura y hasta 4.200 MB \/ s de escritura","og_url":"https:\/\/pcmastersbogota.com.co\/es_es\/producto\/viper-vp4100-m-2-nmve-500g\/","og_site_name":"PC MASTERS BOGOTA","article_modified_time":"2026-01-30T18:48:49+00:00","og_image":[{"width":1200,"height":1200,"url":"https:\/\/pcmastersbogota.com.co\/wp-content\/uploads\/2021\/07\/D_NQ_NP_2X_992577-MCO41338300445_042020-F.webp","type":"image\/webp"}],"twitter_card":"summary_large_image","schema":{"@context":"https:\/\/schema.org","@graph":[{"@type":"WebPage","@id":"https:\/\/pcmastersbogota.com.co\/producto\/viper-vp4100-m-2-nmve-500g\/","url":"https:\/\/pcmastersbogota.com.co\/producto\/viper-vp4100-m-2-nmve-500g\/","name":"VIPER VP4100 M.2 NMVE 500G - PC MASTERS BOGOTA","isPartOf":{"@id":"https:\/\/pcmastersbogota.com.co\/es_es\/#website"},"primaryImageOfPage":{"@id":"https:\/\/pcmastersbogota.com.co\/producto\/viper-vp4100-m-2-nmve-500g\/#primaryimage"},"image":{"@id":"https:\/\/pcmastersbogota.com.co\/producto\/viper-vp4100-m-2-nmve-500g\/#primaryimage"},"thumbnailUrl":"https:\/\/pcmastersbogota.com.co\/wp-content\/uploads\/2021\/07\/D_NQ_NP_2X_992577-MCO41338300445_042020-F.webp","datePublished":"2021-07-30T23:13:33+00:00","dateModified":"2026-01-30T18:48:49+00:00","breadcrumb":{"@id":"https:\/\/pcmastersbogota.com.co\/producto\/viper-vp4100-m-2-nmve-500g\/#breadcrumb"},"inLanguage":"es","potentialAction":[{"@type":"ReadAction","target":["https:\/\/pcmastersbogota.com.co\/producto\/viper-vp4100-m-2-nmve-500g\/"]}]},{"@type":"ImageObject","inLanguage":"es","@id":"https:\/\/pcmastersbogota.com.co\/producto\/viper-vp4100-m-2-nmve-500g\/#primaryimage","url":"https:\/\/pcmastersbogota.com.co\/wp-content\/uploads\/2021\/07\/D_NQ_NP_2X_992577-MCO41338300445_042020-F.webp","contentUrl":"https:\/\/pcmastersbogota.com.co\/wp-content\/uploads\/2021\/07\/D_NQ_NP_2X_992577-MCO41338300445_042020-F.webp","width":1200,"height":1200},{"@type":"BreadcrumbList","@id":"https:\/\/pcmastersbogota.com.co\/producto\/viper-vp4100-m-2-nmve-500g\/#breadcrumb","itemListElement":[{"@type":"ListItem","position":1,"name":"Home","item":"https:\/\/pcmastersbogota.com.co\/"},{"@type":"ListItem","position":2,"name":"Tienda","item":"https:\/\/pcmastersbogota.com.co\/es_es\/tienda\/"},{"@type":"ListItem","position":3,"name":"VIPER VP4100 M.2 NMVE 500G"}]},{"@type":"WebSite","@id":"https:\/\/pcmastersbogota.com.co\/es_es\/#website","url":"https:\/\/pcmastersbogota.com.co\/es_es\/","name":"PC MASTERS BOGOTA","description":"","potentialAction":[{"@type":"SearchAction","target":{"@type":"EntryPoint","urlTemplate":"https:\/\/pcmastersbogota.com.co\/es_es\/?s={search_term_string}"},"query-input":{"@type":"PropertyValueSpecification","valueRequired":true,"valueName":"search_term_string"}}],"inLanguage":"es"}]}},"brands":[{"id":94,"name":"PATRIOT","slug":"patriot"}],"_links":{"self":[{"href":"https:\/\/pcmastersbogota.com.co\/es_es\/wp-json\/wp\/v2\/product\/12712","targetHints":{"allow":["GET"]}}],"collection":[{"href":"https:\/\/pcmastersbogota.com.co\/es_es\/wp-json\/wp\/v2\/product"}],"about":[{"href":"https:\/\/pcmastersbogota.com.co\/es_es\/wp-json\/wp\/v2\/types\/product"}],"replies":[{"embeddable":true,"href":"https:\/\/pcmastersbogota.com.co\/es_es\/wp-json\/wp\/v2\/comments?post=12712"}],"version-history":[{"count":4,"href":"https:\/\/pcmastersbogota.com.co\/es_es\/wp-json\/wp\/v2\/product\/12712\/revisions"}],"predecessor-version":[{"id":18134,"href":"https:\/\/pcmastersbogota.com.co\/es_es\/wp-json\/wp\/v2\/product\/12712\/revisions\/18134"}],"wp:featuredmedia":[{"embeddable":true,"href":"https:\/\/pcmastersbogota.com.co\/es_es\/wp-json\/wp\/v2\/media\/12849"}],"wp:attachment":[{"href":"https:\/\/pcmastersbogota.com.co\/es_es\/wp-json\/wp\/v2\/media?parent=12712"}],"wp:term":[{"taxonomy":"pwb-brand","embeddable":true,"href":"https:\/\/pcmastersbogota.com.co\/es_es\/wp-json\/wp\/v2\/pwb-brand?post=12712"},{"taxonomy":"product_brand","embeddable":true,"href":"https:\/\/pcmastersbogota.com.co\/es_es\/wp-json\/wp\/v2\/product_brand?post=12712"},{"taxonomy":"product_cat","embeddable":true,"href":"https:\/\/pcmastersbogota.com.co\/es_es\/wp-json\/wp\/v2\/product_cat?post=12712"},{"taxonomy":"product_tag","embeddable":true,"href":"https:\/\/pcmastersbogota.com.co\/es_es\/wp-json\/wp\/v2\/product_tag?post=12712"}],"curies":[{"name":"wp","href":"https:\/\/api.w.org\/{rel}","templated":true}]}}