{"id":12713,"date":"2021-07-30T18:13:33","date_gmt":"2021-07-30T23:13:33","guid":{"rendered":"https:\/\/pcmastersbogota.com.co\/?post_type=product&#038;p=12713"},"modified":"2024-12-09T16:20:42","modified_gmt":"2024-12-09T21:20:42","slug":"wd-black-850-m-2-nmve-500g","status":"publish","type":"product","link":"https:\/\/pcmastersbogota.com.co\/es_es\/producto\/wd-black-850-m-2-nmve-500g\/","title":{"rendered":"WD BLACK 850 M.2 NMVE 500G"},"content":{"rendered":"<p>https:\/\/shop.westerndigital.com\/es-la\/products\/internal-drives\/wd-black-sn850-nvme-ssd<\/p>\n<p>Interfaz de hardware PCI<br \/>\nVelocidad de lectura 7000 Megabytes por segundo<br \/>\nSobre este art\u00edculo<br \/>\nTecnolog\u00eda PCIe Gen4 de pr\u00f3xima generaci\u00f3n optimizada para juegos de primer nivel (no dise\u00f1ada para entornos NAS o de servidor)<br \/>\nVelocidades de lectura \/ escritura irracionalmente r\u00e1pidas de hasta 7000\/5300 MB \/ s (modelo de 1TB) y hasta 1,000,000 IOPS (modelos de 1TB y 2TB)<br \/>\nHasta 2 TB de capacidad para guardar tus juegos favoritos listos para la batalla<br \/>\nSoftware WD_BLACK Dashboard descargable para personalizar y controlar su experiencia de juego<br \/>\nDise\u00f1o de factor de forma compacto para una f\u00e1cil conectividad<br \/>\nOptimizado para juegos de primer nivel<\/p>\n","protected":false},"excerpt":{"rendered":"<p>SSD con disipador t\u00e9rmico<br \/>\nMarca Western Digital<br \/>\nFactor de forma M.2 2280<br \/>\nCapacidad de almacenamiento digital 500GB<\/p>\n","protected":false},"featured_media":12853,"comment_status":"open","ping_status":"closed","template":"","meta":[],"pwb-brand":[110],"product_brand":[],"product_cat":[28],"product_tag":[107],"class_list":{"0":"post-12713","1":"product","2":"type-product","3":"status-publish","4":"has-post-thumbnail","6":"pwb-brand-w-digital","7":"product_cat-ssd","8":"product_tag-m-2","10":"first","11":"outofstock","12":"taxable","13":"shipping-taxable","14":"purchasable","15":"product-type-simple"},"yoast_head":"<!-- This site is optimized with the Yoast SEO plugin v26.7 - https:\/\/yoast.com\/wordpress\/plugins\/seo\/ -->\n<title>WD BLACK 850 M.2 NMVE 500G - PC MASTERS BOGOTA<\/title>\n<meta name=\"robots\" content=\"index, follow, max-snippet:-1, max-image-preview:large, max-video-preview:-1\" \/>\n<link rel=\"canonical\" href=\"https:\/\/pcmastersbogota.com.co\/es_es\/producto\/wd-black-850-m-2-nmve-500g\/\" \/>\n<meta property=\"og:locale\" content=\"es_ES\" \/>\n<meta property=\"og:type\" content=\"article\" \/>\n<meta property=\"og:title\" content=\"WD BLACK 850 M.2 NMVE 500G - PC MASTERS BOGOTA\" \/>\n<meta property=\"og:description\" content=\"SSD con disipador t\u00e9rmico Marca Western Digital Factor de forma M.2 2280 Capacidad de almacenamiento digital 500GB\" \/>\n<meta property=\"og:url\" content=\"https:\/\/pcmastersbogota.com.co\/es_es\/producto\/wd-black-850-m-2-nmve-500g\/\" \/>\n<meta property=\"og:site_name\" content=\"PC MASTERS BOGOTA\" \/>\n<meta property=\"article:modified_time\" content=\"2024-12-09T21:20:42+00:00\" \/>\n<meta property=\"og:image\" content=\"https:\/\/pcmastersbogota.com.co\/wp-content\/uploads\/2021\/07\/D_NQ_NP_678524-MCO44762411644_012021-O.webp\" \/>\n\t<meta property=\"og:image:width\" content=\"493\" \/>\n\t<meta property=\"og:image:height\" content=\"500\" \/>\n\t<meta property=\"og:image:type\" content=\"image\/webp\" \/>\n<meta name=\"twitter:card\" content=\"summary_large_image\" \/>\n<meta name=\"twitter:label1\" content=\"Tiempo de lectura\" \/>\n\t<meta name=\"twitter:data1\" content=\"1 minuto\" \/>\n<script type=\"application\/ld+json\" class=\"yoast-schema-graph\">{\"@context\":\"https:\/\/schema.org\",\"@graph\":[{\"@type\":\"WebPage\",\"@id\":\"https:\/\/pcmastersbogota.com.co\/producto\/wd-black-850-m-2-nmve-500g\/\",\"url\":\"https:\/\/pcmastersbogota.com.co\/producto\/wd-black-850-m-2-nmve-500g\/\",\"name\":\"WD BLACK 850 M.2 NMVE 500G - PC MASTERS BOGOTA\",\"isPartOf\":{\"@id\":\"https:\/\/pcmastersbogota.com.co\/es_es\/#website\"},\"primaryImageOfPage\":{\"@id\":\"https:\/\/pcmastersbogota.com.co\/producto\/wd-black-850-m-2-nmve-500g\/#primaryimage\"},\"image\":{\"@id\":\"https:\/\/pcmastersbogota.com.co\/producto\/wd-black-850-m-2-nmve-500g\/#primaryimage\"},\"thumbnailUrl\":\"https:\/\/pcmastersbogota.com.co\/wp-content\/uploads\/2021\/07\/D_NQ_NP_678524-MCO44762411644_012021-O.webp\",\"datePublished\":\"2021-07-30T23:13:33+00:00\",\"dateModified\":\"2024-12-09T21:20:42+00:00\",\"breadcrumb\":{\"@id\":\"https:\/\/pcmastersbogota.com.co\/producto\/wd-black-850-m-2-nmve-500g\/#breadcrumb\"},\"inLanguage\":\"es\",\"potentialAction\":[{\"@type\":\"ReadAction\",\"target\":[\"https:\/\/pcmastersbogota.com.co\/producto\/wd-black-850-m-2-nmve-500g\/\"]}]},{\"@type\":\"ImageObject\",\"inLanguage\":\"es\",\"@id\":\"https:\/\/pcmastersbogota.com.co\/producto\/wd-black-850-m-2-nmve-500g\/#primaryimage\",\"url\":\"https:\/\/pcmastersbogota.com.co\/wp-content\/uploads\/2021\/07\/D_NQ_NP_678524-MCO44762411644_012021-O.webp\",\"contentUrl\":\"https:\/\/pcmastersbogota.com.co\/wp-content\/uploads\/2021\/07\/D_NQ_NP_678524-MCO44762411644_012021-O.webp\",\"width\":493,\"height\":500},{\"@type\":\"BreadcrumbList\",\"@id\":\"https:\/\/pcmastersbogota.com.co\/producto\/wd-black-850-m-2-nmve-500g\/#breadcrumb\",\"itemListElement\":[{\"@type\":\"ListItem\",\"position\":1,\"name\":\"Home\",\"item\":\"https:\/\/pcmastersbogota.com.co\/\"},{\"@type\":\"ListItem\",\"position\":2,\"name\":\"Tienda\",\"item\":\"https:\/\/pcmastersbogota.com.co\/es_es\/tienda\/\"},{\"@type\":\"ListItem\",\"position\":3,\"name\":\"WD BLACK 850 M.2 NMVE 500G\"}]},{\"@type\":\"WebSite\",\"@id\":\"https:\/\/pcmastersbogota.com.co\/es_es\/#website\",\"url\":\"https:\/\/pcmastersbogota.com.co\/es_es\/\",\"name\":\"PC MASTERS BOGOTA\",\"description\":\"\",\"potentialAction\":[{\"@type\":\"SearchAction\",\"target\":{\"@type\":\"EntryPoint\",\"urlTemplate\":\"https:\/\/pcmastersbogota.com.co\/es_es\/?s={search_term_string}\"},\"query-input\":{\"@type\":\"PropertyValueSpecification\",\"valueRequired\":true,\"valueName\":\"search_term_string\"}}],\"inLanguage\":\"es\"}]}<\/script>\n<!-- \/ Yoast SEO plugin. -->","yoast_head_json":{"title":"WD BLACK 850 M.2 NMVE 500G - PC MASTERS BOGOTA","robots":{"index":"index","follow":"follow","max-snippet":"max-snippet:-1","max-image-preview":"max-image-preview:large","max-video-preview":"max-video-preview:-1"},"canonical":"https:\/\/pcmastersbogota.com.co\/es_es\/producto\/wd-black-850-m-2-nmve-500g\/","og_locale":"es_ES","og_type":"article","og_title":"WD BLACK 850 M.2 NMVE 500G - PC MASTERS BOGOTA","og_description":"SSD con disipador t\u00e9rmico Marca Western Digital Factor de forma M.2 2280 Capacidad de almacenamiento digital 500GB","og_url":"https:\/\/pcmastersbogota.com.co\/es_es\/producto\/wd-black-850-m-2-nmve-500g\/","og_site_name":"PC MASTERS BOGOTA","article_modified_time":"2024-12-09T21:20:42+00:00","og_image":[{"width":493,"height":500,"url":"https:\/\/pcmastersbogota.com.co\/wp-content\/uploads\/2021\/07\/D_NQ_NP_678524-MCO44762411644_012021-O.webp","type":"image\/webp"}],"twitter_card":"summary_large_image","twitter_misc":{"Tiempo de lectura":"1 minuto"},"schema":{"@context":"https:\/\/schema.org","@graph":[{"@type":"WebPage","@id":"https:\/\/pcmastersbogota.com.co\/producto\/wd-black-850-m-2-nmve-500g\/","url":"https:\/\/pcmastersbogota.com.co\/producto\/wd-black-850-m-2-nmve-500g\/","name":"WD BLACK 850 M.2 NMVE 500G - PC MASTERS BOGOTA","isPartOf":{"@id":"https:\/\/pcmastersbogota.com.co\/es_es\/#website"},"primaryImageOfPage":{"@id":"https:\/\/pcmastersbogota.com.co\/producto\/wd-black-850-m-2-nmve-500g\/#primaryimage"},"image":{"@id":"https:\/\/pcmastersbogota.com.co\/producto\/wd-black-850-m-2-nmve-500g\/#primaryimage"},"thumbnailUrl":"https:\/\/pcmastersbogota.com.co\/wp-content\/uploads\/2021\/07\/D_NQ_NP_678524-MCO44762411644_012021-O.webp","datePublished":"2021-07-30T23:13:33+00:00","dateModified":"2024-12-09T21:20:42+00:00","breadcrumb":{"@id":"https:\/\/pcmastersbogota.com.co\/producto\/wd-black-850-m-2-nmve-500g\/#breadcrumb"},"inLanguage":"es","potentialAction":[{"@type":"ReadAction","target":["https:\/\/pcmastersbogota.com.co\/producto\/wd-black-850-m-2-nmve-500g\/"]}]},{"@type":"ImageObject","inLanguage":"es","@id":"https:\/\/pcmastersbogota.com.co\/producto\/wd-black-850-m-2-nmve-500g\/#primaryimage","url":"https:\/\/pcmastersbogota.com.co\/wp-content\/uploads\/2021\/07\/D_NQ_NP_678524-MCO44762411644_012021-O.webp","contentUrl":"https:\/\/pcmastersbogota.com.co\/wp-content\/uploads\/2021\/07\/D_NQ_NP_678524-MCO44762411644_012021-O.webp","width":493,"height":500},{"@type":"BreadcrumbList","@id":"https:\/\/pcmastersbogota.com.co\/producto\/wd-black-850-m-2-nmve-500g\/#breadcrumb","itemListElement":[{"@type":"ListItem","position":1,"name":"Home","item":"https:\/\/pcmastersbogota.com.co\/"},{"@type":"ListItem","position":2,"name":"Tienda","item":"https:\/\/pcmastersbogota.com.co\/es_es\/tienda\/"},{"@type":"ListItem","position":3,"name":"WD BLACK 850 M.2 NMVE 500G"}]},{"@type":"WebSite","@id":"https:\/\/pcmastersbogota.com.co\/es_es\/#website","url":"https:\/\/pcmastersbogota.com.co\/es_es\/","name":"PC MASTERS BOGOTA","description":"","potentialAction":[{"@type":"SearchAction","target":{"@type":"EntryPoint","urlTemplate":"https:\/\/pcmastersbogota.com.co\/es_es\/?s={search_term_string}"},"query-input":{"@type":"PropertyValueSpecification","valueRequired":true,"valueName":"search_term_string"}}],"inLanguage":"es"}]}},"brands":[{"id":110,"name":"W.DIGITAL","slug":"w-digital"}],"_links":{"self":[{"href":"https:\/\/pcmastersbogota.com.co\/es_es\/wp-json\/wp\/v2\/product\/12713","targetHints":{"allow":["GET"]}}],"collection":[{"href":"https:\/\/pcmastersbogota.com.co\/es_es\/wp-json\/wp\/v2\/product"}],"about":[{"href":"https:\/\/pcmastersbogota.com.co\/es_es\/wp-json\/wp\/v2\/types\/product"}],"replies":[{"embeddable":true,"href":"https:\/\/pcmastersbogota.com.co\/es_es\/wp-json\/wp\/v2\/comments?post=12713"}],"version-history":[{"count":4,"href":"https:\/\/pcmastersbogota.com.co\/es_es\/wp-json\/wp\/v2\/product\/12713\/revisions"}],"predecessor-version":[{"id":18135,"href":"https:\/\/pcmastersbogota.com.co\/es_es\/wp-json\/wp\/v2\/product\/12713\/revisions\/18135"}],"wp:featuredmedia":[{"embeddable":true,"href":"https:\/\/pcmastersbogota.com.co\/es_es\/wp-json\/wp\/v2\/media\/12853"}],"wp:attachment":[{"href":"https:\/\/pcmastersbogota.com.co\/es_es\/wp-json\/wp\/v2\/media?parent=12713"}],"wp:term":[{"taxonomy":"pwb-brand","embeddable":true,"href":"https:\/\/pcmastersbogota.com.co\/es_es\/wp-json\/wp\/v2\/pwb-brand?post=12713"},{"taxonomy":"product_brand","embeddable":true,"href":"https:\/\/pcmastersbogota.com.co\/es_es\/wp-json\/wp\/v2\/product_brand?post=12713"},{"taxonomy":"product_cat","embeddable":true,"href":"https:\/\/pcmastersbogota.com.co\/es_es\/wp-json\/wp\/v2\/product_cat?post=12713"},{"taxonomy":"product_tag","embeddable":true,"href":"https:\/\/pcmastersbogota.com.co\/es_es\/wp-json\/wp\/v2\/product_tag?post=12713"}],"curies":[{"name":"wp","href":"https:\/\/api.w.org\/{rel}","templated":true}]}}