{"id":12722,"date":"2021-07-30T18:13:34","date_gmt":"2021-07-30T23:13:34","guid":{"rendered":"https:\/\/pcmastersbogota.com.co\/?post_type=product&#038;p=12722"},"modified":"2025-12-15T15:20:59","modified_gmt":"2025-12-15T20:20:59","slug":"aorus-rgb-gen4-m-2-nmve-1tb","status":"publish","type":"product","link":"https:\/\/pcmastersbogota.com.co\/es_es\/producto\/aorus-rgb-gen4-m-2-nmve-1tb\/","title":{"rendered":"AORUS RGB GEN4 M.2 NMVE 1TB"},"content":{"rendered":"<p>https:\/\/www.gigabyte.com\/co\/Solid-State-Drive\/AORUS-NVMe-Gen4-SSD-1TB<\/p>\n<p>Caracter\u00edsticas generales<br \/>\nMarca<br \/>\nXPG<br \/>\nModelo<br \/>\nSOLIDO (M2) NVMe 1TB AORUS RGBA GEN4(5000&#215;4400)<br \/>\nAlmacenamiento<br \/>\nCapacidad<br \/>\n1 TB<\/p>\n","protected":false},"excerpt":{"rendered":"<p>Caracter\u00edsticas generales<br \/>\nMarca<br \/>\nXPG<br \/>\nModelo<br \/>\nSOLIDO (M2)\u00c2 NVMe\u00c2 1TB AORUS\u00c2 RGB\u00c2 GEN4(5000&#215;4400)<br \/>\nAlmacenamiento<br \/>\nCapacidad<br \/>\n1 TB<\/p>\n","protected":false},"featured_media":12833,"comment_status":"open","ping_status":"closed","template":"","meta":[],"pwb-brand":[115],"product_brand":[],"product_cat":[28],"product_tag":[351],"class_list":{"0":"post-12722","1":"product","2":"type-product","3":"status-publish","4":"has-post-thumbnail","6":"pwb-brand-aorus","7":"product_cat-ssd","8":"product_tag-m-2-nmve","10":"first","11":"outofstock","12":"taxable","13":"shipping-taxable","14":"purchasable","15":"product-type-simple"},"yoast_head":"<!-- This site is optimized with the Yoast SEO plugin v26.7 - https:\/\/yoast.com\/wordpress\/plugins\/seo\/ -->\n<title>AORUS RGB GEN4 M.2 NMVE 1TB - PC MASTERS BOGOTA<\/title>\n<meta name=\"robots\" content=\"index, follow, max-snippet:-1, max-image-preview:large, max-video-preview:-1\" \/>\n<link rel=\"canonical\" href=\"https:\/\/pcmastersbogota.com.co\/es_es\/producto\/aorus-rgb-gen4-m-2-nmve-1tb\/\" \/>\n<meta property=\"og:locale\" content=\"es_ES\" \/>\n<meta property=\"og:type\" content=\"article\" \/>\n<meta property=\"og:title\" content=\"AORUS RGB GEN4 M.2 NMVE 1TB - PC MASTERS BOGOTA\" \/>\n<meta property=\"og:description\" content=\"Caracter\u00edsticas generales Marca XPG Modelo SOLIDO (M2)\u00c2 NVMe\u00c2 1TB AORUS\u00c2 RGB\u00c2 GEN4(5000x4400) Almacenamiento Capacidad 1 TB\" \/>\n<meta property=\"og:url\" content=\"https:\/\/pcmastersbogota.com.co\/es_es\/producto\/aorus-rgb-gen4-m-2-nmve-1tb\/\" \/>\n<meta property=\"og:site_name\" content=\"PC MASTERS BOGOTA\" \/>\n<meta property=\"article:modified_time\" content=\"2025-12-15T20:20:59+00:00\" \/>\n<meta property=\"og:image\" content=\"https:\/\/pcmastersbogota.com.co\/wp-content\/uploads\/2021\/07\/D_NQ_NP_740309-MCO46469813703_062021-O.webp\" \/>\n\t<meta property=\"og:image:width\" content=\"500\" \/>\n\t<meta property=\"og:image:height\" content=\"433\" \/>\n\t<meta property=\"og:image:type\" content=\"image\/webp\" \/>\n<meta name=\"twitter:card\" content=\"summary_large_image\" \/>\n<script type=\"application\/ld+json\" class=\"yoast-schema-graph\">{\"@context\":\"https:\/\/schema.org\",\"@graph\":[{\"@type\":\"WebPage\",\"@id\":\"https:\/\/pcmastersbogota.com.co\/producto\/aorus-rgb-gen4-m-2-nmve-1tb\/\",\"url\":\"https:\/\/pcmastersbogota.com.co\/producto\/aorus-rgb-gen4-m-2-nmve-1tb\/\",\"name\":\"AORUS RGB GEN4 M.2 NMVE 1TB - PC MASTERS BOGOTA\",\"isPartOf\":{\"@id\":\"https:\/\/pcmastersbogota.com.co\/es_es\/#website\"},\"primaryImageOfPage\":{\"@id\":\"https:\/\/pcmastersbogota.com.co\/producto\/aorus-rgb-gen4-m-2-nmve-1tb\/#primaryimage\"},\"image\":{\"@id\":\"https:\/\/pcmastersbogota.com.co\/producto\/aorus-rgb-gen4-m-2-nmve-1tb\/#primaryimage\"},\"thumbnailUrl\":\"https:\/\/pcmastersbogota.com.co\/wp-content\/uploads\/2021\/07\/D_NQ_NP_740309-MCO46469813703_062021-O.webp\",\"datePublished\":\"2021-07-30T23:13:34+00:00\",\"dateModified\":\"2025-12-15T20:20:59+00:00\",\"breadcrumb\":{\"@id\":\"https:\/\/pcmastersbogota.com.co\/producto\/aorus-rgb-gen4-m-2-nmve-1tb\/#breadcrumb\"},\"inLanguage\":\"es\",\"potentialAction\":[{\"@type\":\"ReadAction\",\"target\":[\"https:\/\/pcmastersbogota.com.co\/producto\/aorus-rgb-gen4-m-2-nmve-1tb\/\"]}]},{\"@type\":\"ImageObject\",\"inLanguage\":\"es\",\"@id\":\"https:\/\/pcmastersbogota.com.co\/producto\/aorus-rgb-gen4-m-2-nmve-1tb\/#primaryimage\",\"url\":\"https:\/\/pcmastersbogota.com.co\/wp-content\/uploads\/2021\/07\/D_NQ_NP_740309-MCO46469813703_062021-O.webp\",\"contentUrl\":\"https:\/\/pcmastersbogota.com.co\/wp-content\/uploads\/2021\/07\/D_NQ_NP_740309-MCO46469813703_062021-O.webp\",\"width\":500,\"height\":433},{\"@type\":\"BreadcrumbList\",\"@id\":\"https:\/\/pcmastersbogota.com.co\/producto\/aorus-rgb-gen4-m-2-nmve-1tb\/#breadcrumb\",\"itemListElement\":[{\"@type\":\"ListItem\",\"position\":1,\"name\":\"Home\",\"item\":\"https:\/\/pcmastersbogota.com.co\/\"},{\"@type\":\"ListItem\",\"position\":2,\"name\":\"Tienda\",\"item\":\"https:\/\/pcmastersbogota.com.co\/es_es\/tienda\/\"},{\"@type\":\"ListItem\",\"position\":3,\"name\":\"AORUS RGB GEN4 M.2 NMVE 1TB\"}]},{\"@type\":\"WebSite\",\"@id\":\"https:\/\/pcmastersbogota.com.co\/es_es\/#website\",\"url\":\"https:\/\/pcmastersbogota.com.co\/es_es\/\",\"name\":\"PC MASTERS BOGOTA\",\"description\":\"\",\"potentialAction\":[{\"@type\":\"SearchAction\",\"target\":{\"@type\":\"EntryPoint\",\"urlTemplate\":\"https:\/\/pcmastersbogota.com.co\/es_es\/?s={search_term_string}\"},\"query-input\":{\"@type\":\"PropertyValueSpecification\",\"valueRequired\":true,\"valueName\":\"search_term_string\"}}],\"inLanguage\":\"es\"}]}<\/script>\n<!-- \/ Yoast SEO plugin. -->","yoast_head_json":{"title":"AORUS RGB GEN4 M.2 NMVE 1TB - PC MASTERS BOGOTA","robots":{"index":"index","follow":"follow","max-snippet":"max-snippet:-1","max-image-preview":"max-image-preview:large","max-video-preview":"max-video-preview:-1"},"canonical":"https:\/\/pcmastersbogota.com.co\/es_es\/producto\/aorus-rgb-gen4-m-2-nmve-1tb\/","og_locale":"es_ES","og_type":"article","og_title":"AORUS RGB GEN4 M.2 NMVE 1TB - PC MASTERS BOGOTA","og_description":"Caracter\u00edsticas generales Marca XPG Modelo SOLIDO (M2)\u00c2 NVMe\u00c2 1TB AORUS\u00c2 RGB\u00c2 GEN4(5000x4400) Almacenamiento Capacidad 1 TB","og_url":"https:\/\/pcmastersbogota.com.co\/es_es\/producto\/aorus-rgb-gen4-m-2-nmve-1tb\/","og_site_name":"PC MASTERS BOGOTA","article_modified_time":"2025-12-15T20:20:59+00:00","og_image":[{"width":500,"height":433,"url":"https:\/\/pcmastersbogota.com.co\/wp-content\/uploads\/2021\/07\/D_NQ_NP_740309-MCO46469813703_062021-O.webp","type":"image\/webp"}],"twitter_card":"summary_large_image","schema":{"@context":"https:\/\/schema.org","@graph":[{"@type":"WebPage","@id":"https:\/\/pcmastersbogota.com.co\/producto\/aorus-rgb-gen4-m-2-nmve-1tb\/","url":"https:\/\/pcmastersbogota.com.co\/producto\/aorus-rgb-gen4-m-2-nmve-1tb\/","name":"AORUS RGB GEN4 M.2 NMVE 1TB - PC MASTERS BOGOTA","isPartOf":{"@id":"https:\/\/pcmastersbogota.com.co\/es_es\/#website"},"primaryImageOfPage":{"@id":"https:\/\/pcmastersbogota.com.co\/producto\/aorus-rgb-gen4-m-2-nmve-1tb\/#primaryimage"},"image":{"@id":"https:\/\/pcmastersbogota.com.co\/producto\/aorus-rgb-gen4-m-2-nmve-1tb\/#primaryimage"},"thumbnailUrl":"https:\/\/pcmastersbogota.com.co\/wp-content\/uploads\/2021\/07\/D_NQ_NP_740309-MCO46469813703_062021-O.webp","datePublished":"2021-07-30T23:13:34+00:00","dateModified":"2025-12-15T20:20:59+00:00","breadcrumb":{"@id":"https:\/\/pcmastersbogota.com.co\/producto\/aorus-rgb-gen4-m-2-nmve-1tb\/#breadcrumb"},"inLanguage":"es","potentialAction":[{"@type":"ReadAction","target":["https:\/\/pcmastersbogota.com.co\/producto\/aorus-rgb-gen4-m-2-nmve-1tb\/"]}]},{"@type":"ImageObject","inLanguage":"es","@id":"https:\/\/pcmastersbogota.com.co\/producto\/aorus-rgb-gen4-m-2-nmve-1tb\/#primaryimage","url":"https:\/\/pcmastersbogota.com.co\/wp-content\/uploads\/2021\/07\/D_NQ_NP_740309-MCO46469813703_062021-O.webp","contentUrl":"https:\/\/pcmastersbogota.com.co\/wp-content\/uploads\/2021\/07\/D_NQ_NP_740309-MCO46469813703_062021-O.webp","width":500,"height":433},{"@type":"BreadcrumbList","@id":"https:\/\/pcmastersbogota.com.co\/producto\/aorus-rgb-gen4-m-2-nmve-1tb\/#breadcrumb","itemListElement":[{"@type":"ListItem","position":1,"name":"Home","item":"https:\/\/pcmastersbogota.com.co\/"},{"@type":"ListItem","position":2,"name":"Tienda","item":"https:\/\/pcmastersbogota.com.co\/es_es\/tienda\/"},{"@type":"ListItem","position":3,"name":"AORUS RGB GEN4 M.2 NMVE 1TB"}]},{"@type":"WebSite","@id":"https:\/\/pcmastersbogota.com.co\/es_es\/#website","url":"https:\/\/pcmastersbogota.com.co\/es_es\/","name":"PC MASTERS BOGOTA","description":"","potentialAction":[{"@type":"SearchAction","target":{"@type":"EntryPoint","urlTemplate":"https:\/\/pcmastersbogota.com.co\/es_es\/?s={search_term_string}"},"query-input":{"@type":"PropertyValueSpecification","valueRequired":true,"valueName":"search_term_string"}}],"inLanguage":"es"}]}},"brands":[{"id":115,"name":"AORUS","slug":"aorus"}],"_links":{"self":[{"href":"https:\/\/pcmastersbogota.com.co\/es_es\/wp-json\/wp\/v2\/product\/12722","targetHints":{"allow":["GET"]}}],"collection":[{"href":"https:\/\/pcmastersbogota.com.co\/es_es\/wp-json\/wp\/v2\/product"}],"about":[{"href":"https:\/\/pcmastersbogota.com.co\/es_es\/wp-json\/wp\/v2\/types\/product"}],"replies":[{"embeddable":true,"href":"https:\/\/pcmastersbogota.com.co\/es_es\/wp-json\/wp\/v2\/comments?post=12722"}],"version-history":[{"count":4,"href":"https:\/\/pcmastersbogota.com.co\/es_es\/wp-json\/wp\/v2\/product\/12722\/revisions"}],"predecessor-version":[{"id":18131,"href":"https:\/\/pcmastersbogota.com.co\/es_es\/wp-json\/wp\/v2\/product\/12722\/revisions\/18131"}],"wp:featuredmedia":[{"embeddable":true,"href":"https:\/\/pcmastersbogota.com.co\/es_es\/wp-json\/wp\/v2\/media\/12833"}],"wp:attachment":[{"href":"https:\/\/pcmastersbogota.com.co\/es_es\/wp-json\/wp\/v2\/media?parent=12722"}],"wp:term":[{"taxonomy":"pwb-brand","embeddable":true,"href":"https:\/\/pcmastersbogota.com.co\/es_es\/wp-json\/wp\/v2\/pwb-brand?post=12722"},{"taxonomy":"product_brand","embeddable":true,"href":"https:\/\/pcmastersbogota.com.co\/es_es\/wp-json\/wp\/v2\/product_brand?post=12722"},{"taxonomy":"product_cat","embeddable":true,"href":"https:\/\/pcmastersbogota.com.co\/es_es\/wp-json\/wp\/v2\/product_cat?post=12722"},{"taxonomy":"product_tag","embeddable":true,"href":"https:\/\/pcmastersbogota.com.co\/es_es\/wp-json\/wp\/v2\/product_tag?post=12722"}],"curies":[{"name":"wp","href":"https:\/\/api.w.org\/{rel}","templated":true}]}}