{"id":12965,"date":"2021-08-05T12:34:51","date_gmt":"2021-08-05T17:34:51","guid":{"rendered":"https:\/\/pcmastersbogota.com.co\/?post_type=product&#038;p=12965"},"modified":"2026-01-15T11:42:57","modified_gmt":"2026-01-15T16:42:57","slug":"adata-antigolpe-hd710-negro-o-amarillo-usb-2000gb","status":"publish","type":"product","link":"https:\/\/pcmastersbogota.com.co\/es_es\/producto\/adata-antigolpe-hd710-negro-o-amarillo-usb-2000gb\/","title":{"rendered":"ADATA ANTIGOLPE HD710 NEGRO O AMARILLO USB 2000GB"},"content":{"rendered":"<p>https:\/\/www.adata.com\/es\/feature\/478<\/p>\n<p>Capacidad: 2 TB<\/p>\n<p>Factor de forma: 2.5 \u00bb<\/p>\n<p>Aplicaciones: PC,Notebook<\/p>\n<p>Tecnolog\u00eda de almacenamiento: HDD<\/p>\n<p>Interfaces: USB 3.1 Gen 1<\/p>\n","protected":false},"excerpt":{"rendered":"<p>El HD710 PRO ha pasado las estrictas pruebas IP68, ofreciendo una excelente protecci\u00f3n con resistencia al agua y al polvo. Gracias a su dise\u00f1o duradero, el HD710M funciona con normalidad incluso en un ambiente con polvo o despu\u00e9s de estar sumergido en almacenamiento en agua profunda durante 60 minutos.*<\/p>\n","protected":false},"featured_media":15275,"comment_status":"open","ping_status":"closed","template":"","meta":[],"pwb-brand":[93],"product_brand":[],"product_cat":[32],"product_tag":[120],"class_list":{"0":"post-12965","1":"product","2":"type-product","3":"status-publish","4":"has-post-thumbnail","6":"pwb-brand-adata","7":"product_cat-discos-duros","8":"product_tag-discos-externos","10":"first","11":"instock","12":"taxable","13":"shipping-taxable","14":"purchasable","15":"product-type-simple"},"yoast_head":"<!-- This site is optimized with the Yoast SEO plugin v26.7 - https:\/\/yoast.com\/wordpress\/plugins\/seo\/ -->\n<title>ADATA ANTIGOLPE HD710 NEGRO O AMARILLO USB 2000GB - PC MASTERS BOGOTA<\/title>\n<meta name=\"robots\" content=\"index, follow, max-snippet:-1, max-image-preview:large, max-video-preview:-1\" \/>\n<link rel=\"canonical\" href=\"https:\/\/pcmastersbogota.com.co\/es_es\/producto\/adata-antigolpe-hd710-negro-o-amarillo-usb-2000gb\/\" \/>\n<meta property=\"og:locale\" content=\"es_ES\" \/>\n<meta property=\"og:type\" content=\"article\" \/>\n<meta property=\"og:title\" content=\"ADATA ANTIGOLPE HD710 NEGRO O AMARILLO USB 2000GB - PC MASTERS BOGOTA\" \/>\n<meta property=\"og:description\" content=\"El HD710 PRO ha pasado las estrictas pruebas IP68, ofreciendo una excelente protecci\u00f3n con resistencia al agua y al polvo. Gracias a su dise\u00f1o duradero, el HD710M funciona con normalidad incluso en un ambiente con polvo o despu\u00e9s de estar sumergido en almacenamiento en agua profunda durante 60 minutos.*\" \/>\n<meta property=\"og:url\" content=\"https:\/\/pcmastersbogota.com.co\/es_es\/producto\/adata-antigolpe-hd710-negro-o-amarillo-usb-2000gb\/\" \/>\n<meta property=\"og:site_name\" content=\"PC MASTERS BOGOTA\" \/>\n<meta property=\"article:modified_time\" content=\"2026-01-15T16:42:57+00:00\" \/>\n<meta property=\"og:image\" content=\"https:\/\/pcmastersbogota.com.co\/wp-content\/uploads\/2021\/08\/D_NQ_NP_624861-MCO43991807564_112020-O.webp\" \/>\n\t<meta property=\"og:image:width\" content=\"500\" \/>\n\t<meta property=\"og:image:height\" content=\"322\" \/>\n\t<meta property=\"og:image:type\" content=\"image\/webp\" \/>\n<meta name=\"twitter:card\" content=\"summary_large_image\" \/>\n<script type=\"application\/ld+json\" class=\"yoast-schema-graph\">{\"@context\":\"https:\/\/schema.org\",\"@graph\":[{\"@type\":\"WebPage\",\"@id\":\"https:\/\/pcmastersbogota.com.co\/producto\/adata-antigolpe-hd710-negro-o-amarillo-usb-2000gb\/\",\"url\":\"https:\/\/pcmastersbogota.com.co\/producto\/adata-antigolpe-hd710-negro-o-amarillo-usb-2000gb\/\",\"name\":\"ADATA ANTIGOLPE HD710 NEGRO O AMARILLO USB 2000GB - PC MASTERS BOGOTA\",\"isPartOf\":{\"@id\":\"https:\/\/pcmastersbogota.com.co\/es_es\/#website\"},\"primaryImageOfPage\":{\"@id\":\"https:\/\/pcmastersbogota.com.co\/producto\/adata-antigolpe-hd710-negro-o-amarillo-usb-2000gb\/#primaryimage\"},\"image\":{\"@id\":\"https:\/\/pcmastersbogota.com.co\/producto\/adata-antigolpe-hd710-negro-o-amarillo-usb-2000gb\/#primaryimage\"},\"thumbnailUrl\":\"https:\/\/pcmastersbogota.com.co\/wp-content\/uploads\/2021\/08\/D_NQ_NP_624861-MCO43991807564_112020-O.webp\",\"datePublished\":\"2021-08-05T17:34:51+00:00\",\"dateModified\":\"2026-01-15T16:42:57+00:00\",\"breadcrumb\":{\"@id\":\"https:\/\/pcmastersbogota.com.co\/producto\/adata-antigolpe-hd710-negro-o-amarillo-usb-2000gb\/#breadcrumb\"},\"inLanguage\":\"es\",\"potentialAction\":[{\"@type\":\"ReadAction\",\"target\":[\"https:\/\/pcmastersbogota.com.co\/producto\/adata-antigolpe-hd710-negro-o-amarillo-usb-2000gb\/\"]}]},{\"@type\":\"ImageObject\",\"inLanguage\":\"es\",\"@id\":\"https:\/\/pcmastersbogota.com.co\/producto\/adata-antigolpe-hd710-negro-o-amarillo-usb-2000gb\/#primaryimage\",\"url\":\"https:\/\/pcmastersbogota.com.co\/wp-content\/uploads\/2021\/08\/D_NQ_NP_624861-MCO43991807564_112020-O.webp\",\"contentUrl\":\"https:\/\/pcmastersbogota.com.co\/wp-content\/uploads\/2021\/08\/D_NQ_NP_624861-MCO43991807564_112020-O.webp\",\"width\":500,\"height\":322},{\"@type\":\"BreadcrumbList\",\"@id\":\"https:\/\/pcmastersbogota.com.co\/producto\/adata-antigolpe-hd710-negro-o-amarillo-usb-2000gb\/#breadcrumb\",\"itemListElement\":[{\"@type\":\"ListItem\",\"position\":1,\"name\":\"Home\",\"item\":\"https:\/\/pcmastersbogota.com.co\/\"},{\"@type\":\"ListItem\",\"position\":2,\"name\":\"Tienda\",\"item\":\"https:\/\/pcmastersbogota.com.co\/es_es\/tienda\/\"},{\"@type\":\"ListItem\",\"position\":3,\"name\":\"ADATA ANTIGOLPE HD710 NEGRO O AMARILLO USB 2000GB\"}]},{\"@type\":\"WebSite\",\"@id\":\"https:\/\/pcmastersbogota.com.co\/es_es\/#website\",\"url\":\"https:\/\/pcmastersbogota.com.co\/es_es\/\",\"name\":\"PC MASTERS BOGOTA\",\"description\":\"\",\"potentialAction\":[{\"@type\":\"SearchAction\",\"target\":{\"@type\":\"EntryPoint\",\"urlTemplate\":\"https:\/\/pcmastersbogota.com.co\/es_es\/?s={search_term_string}\"},\"query-input\":{\"@type\":\"PropertyValueSpecification\",\"valueRequired\":true,\"valueName\":\"search_term_string\"}}],\"inLanguage\":\"es\"}]}<\/script>\n<!-- \/ Yoast SEO plugin. -->","yoast_head_json":{"title":"ADATA ANTIGOLPE HD710 NEGRO O AMARILLO USB 2000GB - PC MASTERS BOGOTA","robots":{"index":"index","follow":"follow","max-snippet":"max-snippet:-1","max-image-preview":"max-image-preview:large","max-video-preview":"max-video-preview:-1"},"canonical":"https:\/\/pcmastersbogota.com.co\/es_es\/producto\/adata-antigolpe-hd710-negro-o-amarillo-usb-2000gb\/","og_locale":"es_ES","og_type":"article","og_title":"ADATA ANTIGOLPE HD710 NEGRO O AMARILLO USB 2000GB - PC MASTERS BOGOTA","og_description":"El HD710 PRO ha pasado las estrictas pruebas IP68, ofreciendo una excelente protecci\u00f3n con resistencia al agua y al polvo. Gracias a su dise\u00f1o duradero, el HD710M funciona con normalidad incluso en un ambiente con polvo o despu\u00e9s de estar sumergido en almacenamiento en agua profunda durante 60 minutos.*","og_url":"https:\/\/pcmastersbogota.com.co\/es_es\/producto\/adata-antigolpe-hd710-negro-o-amarillo-usb-2000gb\/","og_site_name":"PC MASTERS BOGOTA","article_modified_time":"2026-01-15T16:42:57+00:00","og_image":[{"width":500,"height":322,"url":"https:\/\/pcmastersbogota.com.co\/wp-content\/uploads\/2021\/08\/D_NQ_NP_624861-MCO43991807564_112020-O.webp","type":"image\/webp"}],"twitter_card":"summary_large_image","schema":{"@context":"https:\/\/schema.org","@graph":[{"@type":"WebPage","@id":"https:\/\/pcmastersbogota.com.co\/producto\/adata-antigolpe-hd710-negro-o-amarillo-usb-2000gb\/","url":"https:\/\/pcmastersbogota.com.co\/producto\/adata-antigolpe-hd710-negro-o-amarillo-usb-2000gb\/","name":"ADATA ANTIGOLPE HD710 NEGRO O AMARILLO USB 2000GB - PC MASTERS BOGOTA","isPartOf":{"@id":"https:\/\/pcmastersbogota.com.co\/es_es\/#website"},"primaryImageOfPage":{"@id":"https:\/\/pcmastersbogota.com.co\/producto\/adata-antigolpe-hd710-negro-o-amarillo-usb-2000gb\/#primaryimage"},"image":{"@id":"https:\/\/pcmastersbogota.com.co\/producto\/adata-antigolpe-hd710-negro-o-amarillo-usb-2000gb\/#primaryimage"},"thumbnailUrl":"https:\/\/pcmastersbogota.com.co\/wp-content\/uploads\/2021\/08\/D_NQ_NP_624861-MCO43991807564_112020-O.webp","datePublished":"2021-08-05T17:34:51+00:00","dateModified":"2026-01-15T16:42:57+00:00","breadcrumb":{"@id":"https:\/\/pcmastersbogota.com.co\/producto\/adata-antigolpe-hd710-negro-o-amarillo-usb-2000gb\/#breadcrumb"},"inLanguage":"es","potentialAction":[{"@type":"ReadAction","target":["https:\/\/pcmastersbogota.com.co\/producto\/adata-antigolpe-hd710-negro-o-amarillo-usb-2000gb\/"]}]},{"@type":"ImageObject","inLanguage":"es","@id":"https:\/\/pcmastersbogota.com.co\/producto\/adata-antigolpe-hd710-negro-o-amarillo-usb-2000gb\/#primaryimage","url":"https:\/\/pcmastersbogota.com.co\/wp-content\/uploads\/2021\/08\/D_NQ_NP_624861-MCO43991807564_112020-O.webp","contentUrl":"https:\/\/pcmastersbogota.com.co\/wp-content\/uploads\/2021\/08\/D_NQ_NP_624861-MCO43991807564_112020-O.webp","width":500,"height":322},{"@type":"BreadcrumbList","@id":"https:\/\/pcmastersbogota.com.co\/producto\/adata-antigolpe-hd710-negro-o-amarillo-usb-2000gb\/#breadcrumb","itemListElement":[{"@type":"ListItem","position":1,"name":"Home","item":"https:\/\/pcmastersbogota.com.co\/"},{"@type":"ListItem","position":2,"name":"Tienda","item":"https:\/\/pcmastersbogota.com.co\/es_es\/tienda\/"},{"@type":"ListItem","position":3,"name":"ADATA ANTIGOLPE HD710 NEGRO O AMARILLO USB 2000GB"}]},{"@type":"WebSite","@id":"https:\/\/pcmastersbogota.com.co\/es_es\/#website","url":"https:\/\/pcmastersbogota.com.co\/es_es\/","name":"PC MASTERS BOGOTA","description":"","potentialAction":[{"@type":"SearchAction","target":{"@type":"EntryPoint","urlTemplate":"https:\/\/pcmastersbogota.com.co\/es_es\/?s={search_term_string}"},"query-input":{"@type":"PropertyValueSpecification","valueRequired":true,"valueName":"search_term_string"}}],"inLanguage":"es"}]}},"brands":[{"id":93,"name":"Adata","slug":"adata"}],"_links":{"self":[{"href":"https:\/\/pcmastersbogota.com.co\/es_es\/wp-json\/wp\/v2\/product\/12965","targetHints":{"allow":["GET"]}}],"collection":[{"href":"https:\/\/pcmastersbogota.com.co\/es_es\/wp-json\/wp\/v2\/product"}],"about":[{"href":"https:\/\/pcmastersbogota.com.co\/es_es\/wp-json\/wp\/v2\/types\/product"}],"replies":[{"embeddable":true,"href":"https:\/\/pcmastersbogota.com.co\/es_es\/wp-json\/wp\/v2\/comments?post=12965"}],"version-history":[{"count":3,"href":"https:\/\/pcmastersbogota.com.co\/es_es\/wp-json\/wp\/v2\/product\/12965\/revisions"}],"predecessor-version":[{"id":18110,"href":"https:\/\/pcmastersbogota.com.co\/es_es\/wp-json\/wp\/v2\/product\/12965\/revisions\/18110"}],"wp:featuredmedia":[{"embeddable":true,"href":"https:\/\/pcmastersbogota.com.co\/es_es\/wp-json\/wp\/v2\/media\/15275"}],"wp:attachment":[{"href":"https:\/\/pcmastersbogota.com.co\/es_es\/wp-json\/wp\/v2\/media?parent=12965"}],"wp:term":[{"taxonomy":"pwb-brand","embeddable":true,"href":"https:\/\/pcmastersbogota.com.co\/es_es\/wp-json\/wp\/v2\/pwb-brand?post=12965"},{"taxonomy":"product_brand","embeddable":true,"href":"https:\/\/pcmastersbogota.com.co\/es_es\/wp-json\/wp\/v2\/product_brand?post=12965"},{"taxonomy":"product_cat","embeddable":true,"href":"https:\/\/pcmastersbogota.com.co\/es_es\/wp-json\/wp\/v2\/product_cat?post=12965"},{"taxonomy":"product_tag","embeddable":true,"href":"https:\/\/pcmastersbogota.com.co\/es_es\/wp-json\/wp\/v2\/product_tag?post=12965"}],"curies":[{"name":"wp","href":"https:\/\/api.w.org\/{rel}","templated":true}]}}