{"id":12989,"date":"2021-08-05T13:24:19","date_gmt":"2021-08-05T18:24:19","guid":{"rendered":"https:\/\/pcmastersbogota.com.co\/?post_type=product&#038;p=12989"},"modified":"2023-08-11T12:51:21","modified_gmt":"2023-08-11T17:51:21","slug":"tecladomouse-thermaltake-challenger-prime-rgb","status":"publish","type":"product","link":"https:\/\/pcmastersbogota.com.co\/es_es\/producto\/tecladomouse-thermaltake-challenger-prime-rgb\/","title":{"rendered":"TECLADO+MOUSE THERMALTAKE CHALLENGER PRIME RGB"},"content":{"rendered":"<p>https:\/\/latam.ttesports.com\/productPage.aspx?p=156<\/p>\n<p>Mouse:<br \/>\nColor: Negro<br \/>\nDPI: 3200 DPI<br \/>\nTipo de sensor: \u00d3ptico<br \/>\nDe botones: 6<br \/>\nLongitud del cable USB: 1.8M<br \/>\nDimensi\u00f3n: 123 * 71 * 41,6 MM<br \/>\nColor: RGB<br \/>\nTeclado:<br \/>\nTeclas de internet: 4<br \/>\nTeclas de acceso a la herramienta de windows: 3<br \/>\nCiclo de vida de pulsaci\u00f3n de tecla: 10 millones<br \/>\nLongitud del cable: 1,5 M<br \/>\nOtras caracter\u00edsticas: BRILLO Y VELOCIDAD AJUSTABLES<br \/>\nColor Negro<br \/>\nDe teclas macro: 6<br \/>\nDe perfiles de juego: 3 + 1 (MODO DE JUEGO)<br \/>\nUi gr\u00e1fica: S\u00cd<br \/>\nDise\u00f1o de peso: 869 GRAMOS<br \/>\nDimensi\u00f3n: 505 X 239 X 24 MM<br \/>\nInterfaz: USB<br \/>\nAnti-fantasmas: Llave 6-8<br \/>\nTama\u00f1o de la memoria a bordo: 16 KB<br \/>\nTasa de sondeo: 1000 HZ<br \/>\nLuz de fondo: Luz completa con colores rgb<br \/>\nReposo de mu\u00f1eca: S\u00cd, FIJO<br \/>\nTeclas multimedia: 6<\/p>\n","protected":false},"excerpt":{"rendered":"<p>El CHALLENGER PRIME RGB Combo de Gaming con Membrana \u2013 Con un monton de car\u00e1cteristicas con un precio accesible con un concepto de barras de colores, nuestra configuraci\u00f3n b\u00e1sica de luz de fondo ha evolucionado a la configuraci\u00f3n extrema.<\/p>\n","protected":false},"featured_media":16631,"comment_status":"open","ping_status":"closed","template":"","meta":[],"pwb-brand":[102],"product_brand":[],"product_cat":[67],"product_tag":[122],"class_list":{"0":"post-12989","1":"product","2":"type-product","3":"status-publish","4":"has-post-thumbnail","6":"pwb-brand-thermaltake","7":"product_cat-combos","8":"product_tag-tecladomouse","10":"first","11":"outofstock","12":"taxable","13":"shipping-taxable","14":"purchasable","15":"product-type-simple"},"yoast_head":"<!-- This site is optimized with the Yoast SEO plugin v26.7 - https:\/\/yoast.com\/wordpress\/plugins\/seo\/ -->\n<title>TECLADO+MOUSE THERMALTAKE CHALLENGER PRIME RGB - PC MASTERS BOGOTA<\/title>\n<meta name=\"robots\" content=\"index, follow, max-snippet:-1, max-image-preview:large, max-video-preview:-1\" \/>\n<link rel=\"canonical\" href=\"https:\/\/pcmastersbogota.com.co\/es_es\/producto\/tecladomouse-thermaltake-challenger-prime-rgb\/\" \/>\n<meta property=\"og:locale\" content=\"es_ES\" \/>\n<meta property=\"og:type\" content=\"article\" \/>\n<meta property=\"og:title\" content=\"TECLADO+MOUSE THERMALTAKE CHALLENGER PRIME RGB - PC MASTERS BOGOTA\" \/>\n<meta property=\"og:description\" content=\"El CHALLENGER PRIME RGB Combo de Gaming con Membrana \u2013 Con un monton de car\u00e1cteristicas con un precio accesible con un concepto de barras de colores, nuestra configuraci\u00f3n b\u00e1sica de luz de fondo ha evolucionado a la configuraci\u00f3n extrema.\" \/>\n<meta property=\"og:url\" content=\"https:\/\/pcmastersbogota.com.co\/es_es\/producto\/tecladomouse-thermaltake-challenger-prime-rgb\/\" \/>\n<meta property=\"og:site_name\" content=\"PC MASTERS BOGOTA\" \/>\n<meta property=\"article:modified_time\" content=\"2023-08-11T17:51:21+00:00\" \/>\n<meta property=\"og:image\" content=\"https:\/\/pcmastersbogota.com.co\/wp-content\/uploads\/2021\/08\/21016.2.png\" \/>\n\t<meta property=\"og:image:width\" content=\"1000\" \/>\n\t<meta property=\"og:image:height\" content=\"1000\" \/>\n\t<meta property=\"og:image:type\" content=\"image\/png\" \/>\n<meta name=\"twitter:card\" content=\"summary_large_image\" \/>\n<meta name=\"twitter:label1\" content=\"Tiempo de lectura\" \/>\n\t<meta name=\"twitter:data1\" content=\"1 minuto\" \/>\n<script type=\"application\/ld+json\" class=\"yoast-schema-graph\">{\"@context\":\"https:\/\/schema.org\",\"@graph\":[{\"@type\":\"WebPage\",\"@id\":\"https:\/\/pcmastersbogota.com.co\/producto\/tecladomouse-thermaltake-challenger-prime-rgb\/\",\"url\":\"https:\/\/pcmastersbogota.com.co\/producto\/tecladomouse-thermaltake-challenger-prime-rgb\/\",\"name\":\"TECLADO+MOUSE THERMALTAKE CHALLENGER PRIME RGB - PC MASTERS BOGOTA\",\"isPartOf\":{\"@id\":\"https:\/\/pcmastersbogota.com.co\/es_es\/#website\"},\"primaryImageOfPage\":{\"@id\":\"https:\/\/pcmastersbogota.com.co\/producto\/tecladomouse-thermaltake-challenger-prime-rgb\/#primaryimage\"},\"image\":{\"@id\":\"https:\/\/pcmastersbogota.com.co\/producto\/tecladomouse-thermaltake-challenger-prime-rgb\/#primaryimage\"},\"thumbnailUrl\":\"https:\/\/pcmastersbogota.com.co\/wp-content\/uploads\/2021\/08\/21016.2.png\",\"datePublished\":\"2021-08-05T18:24:19+00:00\",\"dateModified\":\"2023-08-11T17:51:21+00:00\",\"breadcrumb\":{\"@id\":\"https:\/\/pcmastersbogota.com.co\/producto\/tecladomouse-thermaltake-challenger-prime-rgb\/#breadcrumb\"},\"inLanguage\":\"es\",\"potentialAction\":[{\"@type\":\"ReadAction\",\"target\":[\"https:\/\/pcmastersbogota.com.co\/producto\/tecladomouse-thermaltake-challenger-prime-rgb\/\"]}]},{\"@type\":\"ImageObject\",\"inLanguage\":\"es\",\"@id\":\"https:\/\/pcmastersbogota.com.co\/producto\/tecladomouse-thermaltake-challenger-prime-rgb\/#primaryimage\",\"url\":\"https:\/\/pcmastersbogota.com.co\/wp-content\/uploads\/2021\/08\/21016.2.png\",\"contentUrl\":\"https:\/\/pcmastersbogota.com.co\/wp-content\/uploads\/2021\/08\/21016.2.png\",\"width\":1000,\"height\":1000},{\"@type\":\"BreadcrumbList\",\"@id\":\"https:\/\/pcmastersbogota.com.co\/producto\/tecladomouse-thermaltake-challenger-prime-rgb\/#breadcrumb\",\"itemListElement\":[{\"@type\":\"ListItem\",\"position\":1,\"name\":\"Home\",\"item\":\"https:\/\/pcmastersbogota.com.co\/\"},{\"@type\":\"ListItem\",\"position\":2,\"name\":\"Tienda\",\"item\":\"https:\/\/pcmastersbogota.com.co\/es_es\/tienda\/\"},{\"@type\":\"ListItem\",\"position\":3,\"name\":\"TECLADO+MOUSE THERMALTAKE CHALLENGER PRIME RGB\"}]},{\"@type\":\"WebSite\",\"@id\":\"https:\/\/pcmastersbogota.com.co\/es_es\/#website\",\"url\":\"https:\/\/pcmastersbogota.com.co\/es_es\/\",\"name\":\"PC MASTERS BOGOTA\",\"description\":\"\",\"potentialAction\":[{\"@type\":\"SearchAction\",\"target\":{\"@type\":\"EntryPoint\",\"urlTemplate\":\"https:\/\/pcmastersbogota.com.co\/es_es\/?s={search_term_string}\"},\"query-input\":{\"@type\":\"PropertyValueSpecification\",\"valueRequired\":true,\"valueName\":\"search_term_string\"}}],\"inLanguage\":\"es\"}]}<\/script>\n<!-- \/ Yoast SEO plugin. -->","yoast_head_json":{"title":"TECLADO+MOUSE THERMALTAKE CHALLENGER PRIME RGB - PC MASTERS BOGOTA","robots":{"index":"index","follow":"follow","max-snippet":"max-snippet:-1","max-image-preview":"max-image-preview:large","max-video-preview":"max-video-preview:-1"},"canonical":"https:\/\/pcmastersbogota.com.co\/es_es\/producto\/tecladomouse-thermaltake-challenger-prime-rgb\/","og_locale":"es_ES","og_type":"article","og_title":"TECLADO+MOUSE THERMALTAKE CHALLENGER PRIME RGB - PC MASTERS BOGOTA","og_description":"El CHALLENGER PRIME RGB Combo de Gaming con Membrana \u2013 Con un monton de car\u00e1cteristicas con un precio accesible con un concepto de barras de colores, nuestra configuraci\u00f3n b\u00e1sica de luz de fondo ha evolucionado a la configuraci\u00f3n extrema.","og_url":"https:\/\/pcmastersbogota.com.co\/es_es\/producto\/tecladomouse-thermaltake-challenger-prime-rgb\/","og_site_name":"PC MASTERS BOGOTA","article_modified_time":"2023-08-11T17:51:21+00:00","og_image":[{"width":1000,"height":1000,"url":"https:\/\/pcmastersbogota.com.co\/wp-content\/uploads\/2021\/08\/21016.2.png","type":"image\/png"}],"twitter_card":"summary_large_image","twitter_misc":{"Tiempo de lectura":"1 minuto"},"schema":{"@context":"https:\/\/schema.org","@graph":[{"@type":"WebPage","@id":"https:\/\/pcmastersbogota.com.co\/producto\/tecladomouse-thermaltake-challenger-prime-rgb\/","url":"https:\/\/pcmastersbogota.com.co\/producto\/tecladomouse-thermaltake-challenger-prime-rgb\/","name":"TECLADO+MOUSE THERMALTAKE CHALLENGER PRIME RGB - PC MASTERS BOGOTA","isPartOf":{"@id":"https:\/\/pcmastersbogota.com.co\/es_es\/#website"},"primaryImageOfPage":{"@id":"https:\/\/pcmastersbogota.com.co\/producto\/tecladomouse-thermaltake-challenger-prime-rgb\/#primaryimage"},"image":{"@id":"https:\/\/pcmastersbogota.com.co\/producto\/tecladomouse-thermaltake-challenger-prime-rgb\/#primaryimage"},"thumbnailUrl":"https:\/\/pcmastersbogota.com.co\/wp-content\/uploads\/2021\/08\/21016.2.png","datePublished":"2021-08-05T18:24:19+00:00","dateModified":"2023-08-11T17:51:21+00:00","breadcrumb":{"@id":"https:\/\/pcmastersbogota.com.co\/producto\/tecladomouse-thermaltake-challenger-prime-rgb\/#breadcrumb"},"inLanguage":"es","potentialAction":[{"@type":"ReadAction","target":["https:\/\/pcmastersbogota.com.co\/producto\/tecladomouse-thermaltake-challenger-prime-rgb\/"]}]},{"@type":"ImageObject","inLanguage":"es","@id":"https:\/\/pcmastersbogota.com.co\/producto\/tecladomouse-thermaltake-challenger-prime-rgb\/#primaryimage","url":"https:\/\/pcmastersbogota.com.co\/wp-content\/uploads\/2021\/08\/21016.2.png","contentUrl":"https:\/\/pcmastersbogota.com.co\/wp-content\/uploads\/2021\/08\/21016.2.png","width":1000,"height":1000},{"@type":"BreadcrumbList","@id":"https:\/\/pcmastersbogota.com.co\/producto\/tecladomouse-thermaltake-challenger-prime-rgb\/#breadcrumb","itemListElement":[{"@type":"ListItem","position":1,"name":"Home","item":"https:\/\/pcmastersbogota.com.co\/"},{"@type":"ListItem","position":2,"name":"Tienda","item":"https:\/\/pcmastersbogota.com.co\/es_es\/tienda\/"},{"@type":"ListItem","position":3,"name":"TECLADO+MOUSE THERMALTAKE CHALLENGER PRIME RGB"}]},{"@type":"WebSite","@id":"https:\/\/pcmastersbogota.com.co\/es_es\/#website","url":"https:\/\/pcmastersbogota.com.co\/es_es\/","name":"PC MASTERS BOGOTA","description":"","potentialAction":[{"@type":"SearchAction","target":{"@type":"EntryPoint","urlTemplate":"https:\/\/pcmastersbogota.com.co\/es_es\/?s={search_term_string}"},"query-input":{"@type":"PropertyValueSpecification","valueRequired":true,"valueName":"search_term_string"}}],"inLanguage":"es"}]}},"brands":[{"id":102,"name":"THERMALTAKE","slug":"thermaltake"}],"_links":{"self":[{"href":"https:\/\/pcmastersbogota.com.co\/es_es\/wp-json\/wp\/v2\/product\/12989","targetHints":{"allow":["GET"]}}],"collection":[{"href":"https:\/\/pcmastersbogota.com.co\/es_es\/wp-json\/wp\/v2\/product"}],"about":[{"href":"https:\/\/pcmastersbogota.com.co\/es_es\/wp-json\/wp\/v2\/types\/product"}],"replies":[{"embeddable":true,"href":"https:\/\/pcmastersbogota.com.co\/es_es\/wp-json\/wp\/v2\/comments?post=12989"}],"version-history":[{"count":3,"href":"https:\/\/pcmastersbogota.com.co\/es_es\/wp-json\/wp\/v2\/product\/12989\/revisions"}],"predecessor-version":[{"id":18102,"href":"https:\/\/pcmastersbogota.com.co\/es_es\/wp-json\/wp\/v2\/product\/12989\/revisions\/18102"}],"wp:featuredmedia":[{"embeddable":true,"href":"https:\/\/pcmastersbogota.com.co\/es_es\/wp-json\/wp\/v2\/media\/16631"}],"wp:attachment":[{"href":"https:\/\/pcmastersbogota.com.co\/es_es\/wp-json\/wp\/v2\/media?parent=12989"}],"wp:term":[{"taxonomy":"pwb-brand","embeddable":true,"href":"https:\/\/pcmastersbogota.com.co\/es_es\/wp-json\/wp\/v2\/pwb-brand?post=12989"},{"taxonomy":"product_brand","embeddable":true,"href":"https:\/\/pcmastersbogota.com.co\/es_es\/wp-json\/wp\/v2\/product_brand?post=12989"},{"taxonomy":"product_cat","embeddable":true,"href":"https:\/\/pcmastersbogota.com.co\/es_es\/wp-json\/wp\/v2\/product_cat?post=12989"},{"taxonomy":"product_tag","embeddable":true,"href":"https:\/\/pcmastersbogota.com.co\/es_es\/wp-json\/wp\/v2\/product_tag?post=12989"}],"curies":[{"name":"wp","href":"https:\/\/api.w.org\/{rel}","templated":true}]}}