{"id":12998,"date":"2021-08-05T13:24:20","date_gmt":"2021-08-05T18:24:20","guid":{"rendered":"https:\/\/pcmastersbogota.com.co\/?post_type=product&#038;p=12998"},"modified":"2021-10-26T14:18:19","modified_gmt":"2021-10-26T19:18:19","slug":"tecladomouse-logitech-mk470-inalambrico","status":"publish","type":"product","link":"https:\/\/pcmastersbogota.com.co\/es_es\/producto\/tecladomouse-logitech-mk470-inalambrico\/","title":{"rendered":"TECLADO+MOUSE LOGITECH MK470 INALAMBRICO"},"content":{"rendered":"<p>https:\/\/www.logitech.com\/es-roam\/products\/combos\/mk470-slim-wireless-keyboard-mouse.html<\/p>\n<p>Crea un espacio minimalista, moderno y silencioso con la compacta combinaci\u00f3n inal\u00e1mbrica MK470, compuesta de un teclado y un mouse de dise\u00f1o avanzado, perfectos para hacer las cosas con eficacia.<\/p>\n<p>\u2022 Minimalista. Moderno. Estilizado.: La compacta combinaci\u00f3n MK470 destaca por su simplicidad. El fino perfil y el dise\u00f1o minimalista del teclado y el rat\u00f3n contribuyen a una presentaci\u00f3n de escritorio despejada y elegante.<\/p>\n<p>\u2022 Productividad con ahorro de espacio: Un teclado num\u00e9rico y 12 teclas FN de acceso directo, que proporcionan todas las teclas necesarias. El rat\u00f3n se puede llevar f\u00e1cilmente en la bolsa del port\u00e1til o en un bolsillo, para permitir una productividad constante.<\/p>\n<p>\u2022 Escritura y uso del rat\u00f3n fluidos y c\u00f3modos: Las teclas con mecanismo de tijera y bajo perfil proporcionan una experiencia de escritura similar a la ofrecida por un port\u00e1til. La suave forma redondeada del rat\u00f3n ambidiestro es apta para ambas manos.<\/p>\n<p>\u2022 Tecnolog\u00eda inal\u00e1mbrica sencilla y fiable Un simple receptor USB Plug and Play ofrece una estable conexi\u00f3n inal\u00e1mbrica de 2.4 GHz con un radio de acci\u00f3n de 10 m2. Esto significa un escritorio despejado y sin cables, y la libertad de organizar los dispositivos como se quiera.<\/p>\n<p>Medidas en empaque: 15 cm x 45 cm x 3.5 cm<\/p>\n","protected":false},"excerpt":{"rendered":"<p>Combinaci\u00f3n inal\u00e1mbrica MK470, compuesta de un teclado y un rat\u00f3n de dise\u00f1o avanzado, perfectos para hacer las cosas con eficacia.<\/p>\n","protected":false},"featured_media":16615,"comment_status":"open","ping_status":"closed","template":"","meta":[],"pwb-brand":[127],"product_brand":[],"product_cat":[67],"product_tag":[122],"class_list":{"0":"post-12998","1":"product","2":"type-product","3":"status-publish","4":"has-post-thumbnail","6":"pwb-brand-logitech","7":"product_cat-combos","8":"product_tag-tecladomouse","10":"first","11":"instock","12":"taxable","13":"shipping-taxable","14":"purchasable","15":"product-type-simple"},"yoast_head":"<!-- This site is optimized with the Yoast SEO plugin v26.7 - https:\/\/yoast.com\/wordpress\/plugins\/seo\/ -->\n<title>TECLADO+MOUSE LOGITECH MK470 INALAMBRICO - PC MASTERS BOGOTA<\/title>\n<meta name=\"robots\" content=\"index, follow, max-snippet:-1, max-image-preview:large, max-video-preview:-1\" \/>\n<link rel=\"canonical\" href=\"https:\/\/pcmastersbogota.com.co\/es_es\/producto\/tecladomouse-logitech-mk470-inalambrico\/\" \/>\n<meta property=\"og:locale\" content=\"es_ES\" \/>\n<meta property=\"og:type\" content=\"article\" \/>\n<meta property=\"og:title\" content=\"TECLADO+MOUSE LOGITECH MK470 INALAMBRICO - PC MASTERS BOGOTA\" \/>\n<meta property=\"og:description\" content=\"Combinaci\u00f3n inal\u00e1mbrica MK470, compuesta de un teclado y un rat\u00f3n de dise\u00f1o avanzado, perfectos para hacer las cosas con eficacia.\" \/>\n<meta property=\"og:url\" content=\"https:\/\/pcmastersbogota.com.co\/es_es\/producto\/tecladomouse-logitech-mk470-inalambrico\/\" \/>\n<meta property=\"og:site_name\" content=\"PC MASTERS BOGOTA\" \/>\n<meta property=\"article:modified_time\" content=\"2021-10-26T19:18:19+00:00\" \/>\n<meta property=\"og:image\" content=\"https:\/\/pcmastersbogota.com.co\/wp-content\/uploads\/2021\/08\/21049-600x600-1.png\" \/>\n\t<meta property=\"og:image:width\" content=\"600\" \/>\n\t<meta property=\"og:image:height\" content=\"600\" \/>\n\t<meta property=\"og:image:type\" content=\"image\/png\" \/>\n<meta name=\"twitter:card\" content=\"summary_large_image\" \/>\n<meta name=\"twitter:label1\" content=\"Tiempo de lectura\" \/>\n\t<meta name=\"twitter:data1\" content=\"1 minuto\" \/>\n<script type=\"application\/ld+json\" class=\"yoast-schema-graph\">{\"@context\":\"https:\/\/schema.org\",\"@graph\":[{\"@type\":\"WebPage\",\"@id\":\"https:\/\/pcmastersbogota.com.co\/es_es\/producto\/tecladomouse-logitech-mk470-inalambrico\/\",\"url\":\"https:\/\/pcmastersbogota.com.co\/es_es\/producto\/tecladomouse-logitech-mk470-inalambrico\/\",\"name\":\"TECLADO+MOUSE LOGITECH MK470 INALAMBRICO - PC MASTERS BOGOTA\",\"isPartOf\":{\"@id\":\"https:\/\/pcmastersbogota.com.co\/es_es\/#website\"},\"primaryImageOfPage\":{\"@id\":\"https:\/\/pcmastersbogota.com.co\/es_es\/producto\/tecladomouse-logitech-mk470-inalambrico\/#primaryimage\"},\"image\":{\"@id\":\"https:\/\/pcmastersbogota.com.co\/es_es\/producto\/tecladomouse-logitech-mk470-inalambrico\/#primaryimage\"},\"thumbnailUrl\":\"https:\/\/pcmastersbogota.com.co\/wp-content\/uploads\/2021\/08\/21049-600x600-1.png\",\"datePublished\":\"2021-08-05T18:24:20+00:00\",\"dateModified\":\"2021-10-26T19:18:19+00:00\",\"breadcrumb\":{\"@id\":\"https:\/\/pcmastersbogota.com.co\/es_es\/producto\/tecladomouse-logitech-mk470-inalambrico\/#breadcrumb\"},\"inLanguage\":\"es\",\"potentialAction\":[{\"@type\":\"ReadAction\",\"target\":[\"https:\/\/pcmastersbogota.com.co\/es_es\/producto\/tecladomouse-logitech-mk470-inalambrico\/\"]}]},{\"@type\":\"ImageObject\",\"inLanguage\":\"es\",\"@id\":\"https:\/\/pcmastersbogota.com.co\/es_es\/producto\/tecladomouse-logitech-mk470-inalambrico\/#primaryimage\",\"url\":\"https:\/\/pcmastersbogota.com.co\/wp-content\/uploads\/2021\/08\/21049-600x600-1.png\",\"contentUrl\":\"https:\/\/pcmastersbogota.com.co\/wp-content\/uploads\/2021\/08\/21049-600x600-1.png\",\"width\":600,\"height\":600},{\"@type\":\"BreadcrumbList\",\"@id\":\"https:\/\/pcmastersbogota.com.co\/es_es\/producto\/tecladomouse-logitech-mk470-inalambrico\/#breadcrumb\",\"itemListElement\":[{\"@type\":\"ListItem\",\"position\":1,\"name\":\"Home\",\"item\":\"https:\/\/pcmastersbogota.com.co\/\"},{\"@type\":\"ListItem\",\"position\":2,\"name\":\"Tienda\",\"item\":\"https:\/\/pcmastersbogota.com.co\/es_es\/tienda\/\"},{\"@type\":\"ListItem\",\"position\":3,\"name\":\"TECLADO+MOUSE LOGITECH MK470 INALAMBRICO\"}]},{\"@type\":\"WebSite\",\"@id\":\"https:\/\/pcmastersbogota.com.co\/es_es\/#website\",\"url\":\"https:\/\/pcmastersbogota.com.co\/es_es\/\",\"name\":\"PC MASTERS BOGOTA\",\"description\":\"\",\"potentialAction\":[{\"@type\":\"SearchAction\",\"target\":{\"@type\":\"EntryPoint\",\"urlTemplate\":\"https:\/\/pcmastersbogota.com.co\/es_es\/?s={search_term_string}\"},\"query-input\":{\"@type\":\"PropertyValueSpecification\",\"valueRequired\":true,\"valueName\":\"search_term_string\"}}],\"inLanguage\":\"es\"}]}<\/script>\n<!-- \/ Yoast SEO plugin. -->","yoast_head_json":{"title":"TECLADO+MOUSE LOGITECH MK470 INALAMBRICO - PC MASTERS BOGOTA","robots":{"index":"index","follow":"follow","max-snippet":"max-snippet:-1","max-image-preview":"max-image-preview:large","max-video-preview":"max-video-preview:-1"},"canonical":"https:\/\/pcmastersbogota.com.co\/es_es\/producto\/tecladomouse-logitech-mk470-inalambrico\/","og_locale":"es_ES","og_type":"article","og_title":"TECLADO+MOUSE LOGITECH MK470 INALAMBRICO - PC MASTERS BOGOTA","og_description":"Combinaci\u00f3n inal\u00e1mbrica MK470, compuesta de un teclado y un rat\u00f3n de dise\u00f1o avanzado, perfectos para hacer las cosas con eficacia.","og_url":"https:\/\/pcmastersbogota.com.co\/es_es\/producto\/tecladomouse-logitech-mk470-inalambrico\/","og_site_name":"PC MASTERS BOGOTA","article_modified_time":"2021-10-26T19:18:19+00:00","og_image":[{"width":600,"height":600,"url":"https:\/\/pcmastersbogota.com.co\/wp-content\/uploads\/2021\/08\/21049-600x600-1.png","type":"image\/png"}],"twitter_card":"summary_large_image","twitter_misc":{"Tiempo de lectura":"1 minuto"},"schema":{"@context":"https:\/\/schema.org","@graph":[{"@type":"WebPage","@id":"https:\/\/pcmastersbogota.com.co\/es_es\/producto\/tecladomouse-logitech-mk470-inalambrico\/","url":"https:\/\/pcmastersbogota.com.co\/es_es\/producto\/tecladomouse-logitech-mk470-inalambrico\/","name":"TECLADO+MOUSE LOGITECH MK470 INALAMBRICO - PC MASTERS BOGOTA","isPartOf":{"@id":"https:\/\/pcmastersbogota.com.co\/es_es\/#website"},"primaryImageOfPage":{"@id":"https:\/\/pcmastersbogota.com.co\/es_es\/producto\/tecladomouse-logitech-mk470-inalambrico\/#primaryimage"},"image":{"@id":"https:\/\/pcmastersbogota.com.co\/es_es\/producto\/tecladomouse-logitech-mk470-inalambrico\/#primaryimage"},"thumbnailUrl":"https:\/\/pcmastersbogota.com.co\/wp-content\/uploads\/2021\/08\/21049-600x600-1.png","datePublished":"2021-08-05T18:24:20+00:00","dateModified":"2021-10-26T19:18:19+00:00","breadcrumb":{"@id":"https:\/\/pcmastersbogota.com.co\/es_es\/producto\/tecladomouse-logitech-mk470-inalambrico\/#breadcrumb"},"inLanguage":"es","potentialAction":[{"@type":"ReadAction","target":["https:\/\/pcmastersbogota.com.co\/es_es\/producto\/tecladomouse-logitech-mk470-inalambrico\/"]}]},{"@type":"ImageObject","inLanguage":"es","@id":"https:\/\/pcmastersbogota.com.co\/es_es\/producto\/tecladomouse-logitech-mk470-inalambrico\/#primaryimage","url":"https:\/\/pcmastersbogota.com.co\/wp-content\/uploads\/2021\/08\/21049-600x600-1.png","contentUrl":"https:\/\/pcmastersbogota.com.co\/wp-content\/uploads\/2021\/08\/21049-600x600-1.png","width":600,"height":600},{"@type":"BreadcrumbList","@id":"https:\/\/pcmastersbogota.com.co\/es_es\/producto\/tecladomouse-logitech-mk470-inalambrico\/#breadcrumb","itemListElement":[{"@type":"ListItem","position":1,"name":"Home","item":"https:\/\/pcmastersbogota.com.co\/"},{"@type":"ListItem","position":2,"name":"Tienda","item":"https:\/\/pcmastersbogota.com.co\/es_es\/tienda\/"},{"@type":"ListItem","position":3,"name":"TECLADO+MOUSE LOGITECH MK470 INALAMBRICO"}]},{"@type":"WebSite","@id":"https:\/\/pcmastersbogota.com.co\/es_es\/#website","url":"https:\/\/pcmastersbogota.com.co\/es_es\/","name":"PC MASTERS BOGOTA","description":"","potentialAction":[{"@type":"SearchAction","target":{"@type":"EntryPoint","urlTemplate":"https:\/\/pcmastersbogota.com.co\/es_es\/?s={search_term_string}"},"query-input":{"@type":"PropertyValueSpecification","valueRequired":true,"valueName":"search_term_string"}}],"inLanguage":"es"}]}},"brands":[{"id":127,"name":"LOGITECH","slug":"logitech"}],"_links":{"self":[{"href":"https:\/\/pcmastersbogota.com.co\/es_es\/wp-json\/wp\/v2\/product\/12998","targetHints":{"allow":["GET"]}}],"collection":[{"href":"https:\/\/pcmastersbogota.com.co\/es_es\/wp-json\/wp\/v2\/product"}],"about":[{"href":"https:\/\/pcmastersbogota.com.co\/es_es\/wp-json\/wp\/v2\/types\/product"}],"replies":[{"embeddable":true,"href":"https:\/\/pcmastersbogota.com.co\/es_es\/wp-json\/wp\/v2\/comments?post=12998"}],"version-history":[{"count":4,"href":"https:\/\/pcmastersbogota.com.co\/es_es\/wp-json\/wp\/v2\/product\/12998\/revisions"}],"predecessor-version":[{"id":18097,"href":"https:\/\/pcmastersbogota.com.co\/es_es\/wp-json\/wp\/v2\/product\/12998\/revisions\/18097"}],"wp:featuredmedia":[{"embeddable":true,"href":"https:\/\/pcmastersbogota.com.co\/es_es\/wp-json\/wp\/v2\/media\/16615"}],"wp:attachment":[{"href":"https:\/\/pcmastersbogota.com.co\/es_es\/wp-json\/wp\/v2\/media?parent=12998"}],"wp:term":[{"taxonomy":"pwb-brand","embeddable":true,"href":"https:\/\/pcmastersbogota.com.co\/es_es\/wp-json\/wp\/v2\/pwb-brand?post=12998"},{"taxonomy":"product_brand","embeddable":true,"href":"https:\/\/pcmastersbogota.com.co\/es_es\/wp-json\/wp\/v2\/product_brand?post=12998"},{"taxonomy":"product_cat","embeddable":true,"href":"https:\/\/pcmastersbogota.com.co\/es_es\/wp-json\/wp\/v2\/product_cat?post=12998"},{"taxonomy":"product_tag","embeddable":true,"href":"https:\/\/pcmastersbogota.com.co\/es_es\/wp-json\/wp\/v2\/product_tag?post=12998"}],"curies":[{"name":"wp","href":"https:\/\/api.w.org\/{rel}","templated":true}]}}