{"id":13024,"date":"2021-08-05T17:07:15","date_gmt":"2021-08-05T22:07:15","guid":{"rendered":"https:\/\/pcmastersbogota.com.co\/?post_type=product&#038;p=13024"},"modified":"2021-10-26T14:18:19","modified_gmt":"2021-10-26T19:18:19","slug":"cougar-700k-evo-rgb-mecanico","status":"publish","type":"product","link":"https:\/\/pcmastersbogota.com.co\/es_es\/producto\/cougar-700k-evo-rgb-mecanico\/","title":{"rendered":"COUGAR 700K EVO RGB (MECANICO)"},"content":{"rendered":"<p>https:\/\/cougargaming.com\/products\/keyboards\/700k-evo\/<\/p>\n<p>Descripci\u00f3n<br \/>\nEl marco de aluminio cepillado expuesto muestra deslumbrantes efectos de iluminaci\u00f3n RGB. Adem\u00e1s, 700K EVO te proporciona una grabaci\u00f3n de macros sobre la marcha y un cambio de modo m\u00e1s pr\u00e1cticos y r\u00e1pidos sin salir del juego. Este teclado est\u00e1 dise\u00f1ado para satisfacer todas las necesidades de los jugadores de MOBA y MMO.<\/p>\n<p>Tanto para lograr un mejor dise\u00f1o est\u00e9tico como para mejorar la durabilidad del producto, los m\u00f3dulos de llaves mec\u00e1nicas se montan sobre una estructura de aluminio doblado a la vista. Adem\u00e1s de ser parte de un dise\u00f1o galardonado (premios COMPUTEX d &#038; i 2014, premio de dise\u00f1o de producto iF 2014), esta estructura hace que el teclado sea resistente y duradero y le brinda lo que todo teclado deber\u00eda brindarle: la verdadera sensaci\u00f3n de estar al mando.<\/p>\n<p>Con potentes efectos de iluminaci\u00f3n preestablecidos, disfrutar\u00e1 de la espectacular retroiluminaci\u00f3n de 700K EVO nada m\u00e1s enchufarlo. Controle y cambie f\u00e1cilmente los efectos de retroiluminaci\u00f3n sobre la marcha con las convenientes teclas de m\u00e9todo abreviado de este teclado.<\/p>\n<p>En caso de que esto no fuera suficiente, puede crear sus propios efectos de luz de fondo a trav\u00e9s del sistema COUGAR UIX para crear su propia atm\u00f3sfera de juego \u00fanica. \u00a1Da rienda suelta a tu creatividad!<\/p>\n<p>La placa frontal de aluminio de 700K EVO combina elegancia y durabilidad para crear una cara impresionante para esta poderosa arma de juego. No se detiene ah\u00ed: la luz de fondo RGB se refleja en el aluminio para crear un efecto visual glorioso que transformar\u00e1 tu experiencia de juego.<\/p>\n<p>El reposamu\u00f1ecas ergon\u00f3mico de 700K EVO est\u00e1 hecho de cuero sint\u00e9tico de felpa, que ofrece un dise\u00f1o sobresaliente para una comodidad duradera durante las sesiones de juego.<\/p>\n<p>Configure la funcionalidad de todas las teclas, almacene macros y cree sus propios efectos de luz de fondo, todo con una interfaz muy conveniente e intuitiva. La memoria interna del 700K EVO le permitir\u00e1 traer hasta tres perfiles de configuraci\u00f3n completa donde quiera que vaya.<\/p>\n<p>Nombre del producto: Teclado para juegos COUGAR 700K EVO.Interruptores: Cereza RGB mec\u00e1nica.Procesador: 32 bits.Cambio de tecla N: S\u00ed (compatible con modo USB).Luz de fondo de tecla completa: si.Tipo de juego: FPS \/ MMORPG \/ MOBA \/ RTS.Tasa de sondeo : 1000 Hz \/ 1 ms.Ajuste de la tasa de sondeo: 1X \/ 2X \/ 4X \/ 8X.Memoria incorporada: si.Material: Aluminio \/ Pl\u00e1stico.Software: Sistema COUGAR UIX \u2122.Teclas G programables adicionales: 5.Reposamu\u00f1ecas: si.Tomas de audio: si.Paso USB: si.Interfaz:  Enchufe USB dorado.Longitud del cable: 1.8m trenzado.Dimensi\u00f3n: 250 (L) X 487 (W) X 40 (H) mm 9.84 (L) X19.17 (W) X 1.57 (H) pulgadas.Peso: 1,3 kg (2,86 libras).<\/p>\n","protected":false},"excerpt":{"rendered":"<p>COUGAR 700K es un teclado mec\u00e1nico iF Design Award. Hemos llevado sus componentes a otro nivel, que es la actualizaci\u00f3n 700K EVO. Mantiene las teclas mec\u00e1nicas Cherry MX de excelente calidad con una tecla G adicional.<\/p>\n","protected":false},"featured_media":16566,"comment_status":"open","ping_status":"closed","template":"","meta":[],"pwb-brand":[124],"product_brand":[],"product_cat":[42],"product_tag":[134],"class_list":{"0":"post-13024","1":"product","2":"type-product","3":"status-publish","4":"has-post-thumbnail","6":"pwb-brand-cougar","7":"product_cat-teclados","8":"product_tag-700k","10":"first","11":"instock","12":"taxable","13":"shipping-taxable","14":"purchasable","15":"product-type-simple"},"yoast_head":"<!-- This site is optimized with the Yoast SEO plugin v26.7 - https:\/\/yoast.com\/wordpress\/plugins\/seo\/ -->\n<title>COUGAR 700K EVO RGB (MECANICO) - PC MASTERS BOGOTA<\/title>\n<meta name=\"robots\" content=\"index, follow, max-snippet:-1, max-image-preview:large, max-video-preview:-1\" \/>\n<link rel=\"canonical\" href=\"https:\/\/pcmastersbogota.com.co\/es_es\/producto\/cougar-700k-evo-rgb-mecanico\/\" \/>\n<meta property=\"og:locale\" content=\"es_ES\" \/>\n<meta property=\"og:type\" content=\"article\" \/>\n<meta property=\"og:title\" content=\"COUGAR 700K EVO RGB (MECANICO) - PC MASTERS BOGOTA\" \/>\n<meta property=\"og:description\" content=\"COUGAR 700K es un teclado mec\u00e1nico iF Design Award. Hemos llevado sus componentes a otro nivel, que es la actualizaci\u00f3n 700K EVO. Mantiene las teclas mec\u00e1nicas Cherry MX de excelente calidad con una tecla G adicional.\" \/>\n<meta property=\"og:url\" content=\"https:\/\/pcmastersbogota.com.co\/es_es\/producto\/cougar-700k-evo-rgb-mecanico\/\" \/>\n<meta property=\"og:site_name\" content=\"PC MASTERS BOGOTA\" \/>\n<meta property=\"article:modified_time\" content=\"2021-10-26T19:18:19+00:00\" \/>\n<meta property=\"og:image\" content=\"https:\/\/pcmastersbogota.com.co\/wp-content\/uploads\/2021\/08\/20096.png\" \/>\n\t<meta property=\"og:image:width\" content=\"1000\" \/>\n\t<meta property=\"og:image:height\" content=\"1000\" \/>\n\t<meta property=\"og:image:type\" content=\"image\/png\" \/>\n<meta name=\"twitter:card\" content=\"summary_large_image\" \/>\n<meta name=\"twitter:label1\" content=\"Tiempo de lectura\" \/>\n\t<meta name=\"twitter:data1\" content=\"2 minutos\" \/>\n<script type=\"application\/ld+json\" class=\"yoast-schema-graph\">{\"@context\":\"https:\/\/schema.org\",\"@graph\":[{\"@type\":\"WebPage\",\"@id\":\"https:\/\/pcmastersbogota.com.co\/es_es\/producto\/cougar-700k-evo-rgb-mecanico\/\",\"url\":\"https:\/\/pcmastersbogota.com.co\/es_es\/producto\/cougar-700k-evo-rgb-mecanico\/\",\"name\":\"COUGAR 700K EVO RGB (MECANICO) - PC MASTERS BOGOTA\",\"isPartOf\":{\"@id\":\"https:\/\/pcmastersbogota.com.co\/es_es\/#website\"},\"primaryImageOfPage\":{\"@id\":\"https:\/\/pcmastersbogota.com.co\/es_es\/producto\/cougar-700k-evo-rgb-mecanico\/#primaryimage\"},\"image\":{\"@id\":\"https:\/\/pcmastersbogota.com.co\/es_es\/producto\/cougar-700k-evo-rgb-mecanico\/#primaryimage\"},\"thumbnailUrl\":\"https:\/\/pcmastersbogota.com.co\/wp-content\/uploads\/2021\/08\/20096.png\",\"datePublished\":\"2021-08-05T22:07:15+00:00\",\"dateModified\":\"2021-10-26T19:18:19+00:00\",\"breadcrumb\":{\"@id\":\"https:\/\/pcmastersbogota.com.co\/es_es\/producto\/cougar-700k-evo-rgb-mecanico\/#breadcrumb\"},\"inLanguage\":\"es\",\"potentialAction\":[{\"@type\":\"ReadAction\",\"target\":[\"https:\/\/pcmastersbogota.com.co\/es_es\/producto\/cougar-700k-evo-rgb-mecanico\/\"]}]},{\"@type\":\"ImageObject\",\"inLanguage\":\"es\",\"@id\":\"https:\/\/pcmastersbogota.com.co\/es_es\/producto\/cougar-700k-evo-rgb-mecanico\/#primaryimage\",\"url\":\"https:\/\/pcmastersbogota.com.co\/wp-content\/uploads\/2021\/08\/20096.png\",\"contentUrl\":\"https:\/\/pcmastersbogota.com.co\/wp-content\/uploads\/2021\/08\/20096.png\",\"width\":1000,\"height\":1000},{\"@type\":\"BreadcrumbList\",\"@id\":\"https:\/\/pcmastersbogota.com.co\/es_es\/producto\/cougar-700k-evo-rgb-mecanico\/#breadcrumb\",\"itemListElement\":[{\"@type\":\"ListItem\",\"position\":1,\"name\":\"Home\",\"item\":\"https:\/\/pcmastersbogota.com.co\/\"},{\"@type\":\"ListItem\",\"position\":2,\"name\":\"Tienda\",\"item\":\"https:\/\/pcmastersbogota.com.co\/es_es\/tienda\/\"},{\"@type\":\"ListItem\",\"position\":3,\"name\":\"COUGAR 700K EVO RGB (MECANICO)\"}]},{\"@type\":\"WebSite\",\"@id\":\"https:\/\/pcmastersbogota.com.co\/es_es\/#website\",\"url\":\"https:\/\/pcmastersbogota.com.co\/es_es\/\",\"name\":\"PC MASTERS BOGOTA\",\"description\":\"\",\"potentialAction\":[{\"@type\":\"SearchAction\",\"target\":{\"@type\":\"EntryPoint\",\"urlTemplate\":\"https:\/\/pcmastersbogota.com.co\/es_es\/?s={search_term_string}\"},\"query-input\":{\"@type\":\"PropertyValueSpecification\",\"valueRequired\":true,\"valueName\":\"search_term_string\"}}],\"inLanguage\":\"es\"}]}<\/script>\n<!-- \/ Yoast SEO plugin. -->","yoast_head_json":{"title":"COUGAR 700K EVO RGB (MECANICO) - PC MASTERS BOGOTA","robots":{"index":"index","follow":"follow","max-snippet":"max-snippet:-1","max-image-preview":"max-image-preview:large","max-video-preview":"max-video-preview:-1"},"canonical":"https:\/\/pcmastersbogota.com.co\/es_es\/producto\/cougar-700k-evo-rgb-mecanico\/","og_locale":"es_ES","og_type":"article","og_title":"COUGAR 700K EVO RGB (MECANICO) - PC MASTERS BOGOTA","og_description":"COUGAR 700K es un teclado mec\u00e1nico iF Design Award. Hemos llevado sus componentes a otro nivel, que es la actualizaci\u00f3n 700K EVO. Mantiene las teclas mec\u00e1nicas Cherry MX de excelente calidad con una tecla G adicional.","og_url":"https:\/\/pcmastersbogota.com.co\/es_es\/producto\/cougar-700k-evo-rgb-mecanico\/","og_site_name":"PC MASTERS BOGOTA","article_modified_time":"2021-10-26T19:18:19+00:00","og_image":[{"width":1000,"height":1000,"url":"https:\/\/pcmastersbogota.com.co\/wp-content\/uploads\/2021\/08\/20096.png","type":"image\/png"}],"twitter_card":"summary_large_image","twitter_misc":{"Tiempo de lectura":"2 minutos"},"schema":{"@context":"https:\/\/schema.org","@graph":[{"@type":"WebPage","@id":"https:\/\/pcmastersbogota.com.co\/es_es\/producto\/cougar-700k-evo-rgb-mecanico\/","url":"https:\/\/pcmastersbogota.com.co\/es_es\/producto\/cougar-700k-evo-rgb-mecanico\/","name":"COUGAR 700K EVO RGB (MECANICO) - PC MASTERS BOGOTA","isPartOf":{"@id":"https:\/\/pcmastersbogota.com.co\/es_es\/#website"},"primaryImageOfPage":{"@id":"https:\/\/pcmastersbogota.com.co\/es_es\/producto\/cougar-700k-evo-rgb-mecanico\/#primaryimage"},"image":{"@id":"https:\/\/pcmastersbogota.com.co\/es_es\/producto\/cougar-700k-evo-rgb-mecanico\/#primaryimage"},"thumbnailUrl":"https:\/\/pcmastersbogota.com.co\/wp-content\/uploads\/2021\/08\/20096.png","datePublished":"2021-08-05T22:07:15+00:00","dateModified":"2021-10-26T19:18:19+00:00","breadcrumb":{"@id":"https:\/\/pcmastersbogota.com.co\/es_es\/producto\/cougar-700k-evo-rgb-mecanico\/#breadcrumb"},"inLanguage":"es","potentialAction":[{"@type":"ReadAction","target":["https:\/\/pcmastersbogota.com.co\/es_es\/producto\/cougar-700k-evo-rgb-mecanico\/"]}]},{"@type":"ImageObject","inLanguage":"es","@id":"https:\/\/pcmastersbogota.com.co\/es_es\/producto\/cougar-700k-evo-rgb-mecanico\/#primaryimage","url":"https:\/\/pcmastersbogota.com.co\/wp-content\/uploads\/2021\/08\/20096.png","contentUrl":"https:\/\/pcmastersbogota.com.co\/wp-content\/uploads\/2021\/08\/20096.png","width":1000,"height":1000},{"@type":"BreadcrumbList","@id":"https:\/\/pcmastersbogota.com.co\/es_es\/producto\/cougar-700k-evo-rgb-mecanico\/#breadcrumb","itemListElement":[{"@type":"ListItem","position":1,"name":"Home","item":"https:\/\/pcmastersbogota.com.co\/"},{"@type":"ListItem","position":2,"name":"Tienda","item":"https:\/\/pcmastersbogota.com.co\/es_es\/tienda\/"},{"@type":"ListItem","position":3,"name":"COUGAR 700K EVO RGB (MECANICO)"}]},{"@type":"WebSite","@id":"https:\/\/pcmastersbogota.com.co\/es_es\/#website","url":"https:\/\/pcmastersbogota.com.co\/es_es\/","name":"PC MASTERS BOGOTA","description":"","potentialAction":[{"@type":"SearchAction","target":{"@type":"EntryPoint","urlTemplate":"https:\/\/pcmastersbogota.com.co\/es_es\/?s={search_term_string}"},"query-input":{"@type":"PropertyValueSpecification","valueRequired":true,"valueName":"search_term_string"}}],"inLanguage":"es"}]}},"brands":[{"id":124,"name":"COUGAR","slug":"cougar"}],"_links":{"self":[{"href":"https:\/\/pcmastersbogota.com.co\/es_es\/wp-json\/wp\/v2\/product\/13024","targetHints":{"allow":["GET"]}}],"collection":[{"href":"https:\/\/pcmastersbogota.com.co\/es_es\/wp-json\/wp\/v2\/product"}],"about":[{"href":"https:\/\/pcmastersbogota.com.co\/es_es\/wp-json\/wp\/v2\/types\/product"}],"replies":[{"embeddable":true,"href":"https:\/\/pcmastersbogota.com.co\/es_es\/wp-json\/wp\/v2\/comments?post=13024"}],"version-history":[{"count":4,"href":"https:\/\/pcmastersbogota.com.co\/es_es\/wp-json\/wp\/v2\/product\/13024\/revisions"}],"predecessor-version":[{"id":18086,"href":"https:\/\/pcmastersbogota.com.co\/es_es\/wp-json\/wp\/v2\/product\/13024\/revisions\/18086"}],"wp:featuredmedia":[{"embeddable":true,"href":"https:\/\/pcmastersbogota.com.co\/es_es\/wp-json\/wp\/v2\/media\/16566"}],"wp:attachment":[{"href":"https:\/\/pcmastersbogota.com.co\/es_es\/wp-json\/wp\/v2\/media?parent=13024"}],"wp:term":[{"taxonomy":"pwb-brand","embeddable":true,"href":"https:\/\/pcmastersbogota.com.co\/es_es\/wp-json\/wp\/v2\/pwb-brand?post=13024"},{"taxonomy":"product_brand","embeddable":true,"href":"https:\/\/pcmastersbogota.com.co\/es_es\/wp-json\/wp\/v2\/product_brand?post=13024"},{"taxonomy":"product_cat","embeddable":true,"href":"https:\/\/pcmastersbogota.com.co\/es_es\/wp-json\/wp\/v2\/product_cat?post=13024"},{"taxonomy":"product_tag","embeddable":true,"href":"https:\/\/pcmastersbogota.com.co\/es_es\/wp-json\/wp\/v2\/product_tag?post=13024"}],"curies":[{"name":"wp","href":"https:\/\/api.w.org\/{rel}","templated":true}]}}