{"id":13026,"date":"2021-08-05T17:07:15","date_gmt":"2021-08-05T22:07:15","guid":{"rendered":"https:\/\/pcmastersbogota.com.co\/?post_type=product&#038;p=13026"},"modified":"2021-10-26T14:18:19","modified_gmt":"2021-10-26T19:18:19","slug":"logitech-touch-k400-plus-inalambrico","status":"publish","type":"product","link":"https:\/\/pcmastersbogota.com.co\/es_es\/producto\/logitech-touch-k400-plus-inalambrico\/","title":{"rendered":"LOGITECH TOUCH K400 PLUS INALAMBRICO"},"content":{"rendered":"<p>https:\/\/www.logitech.com\/es-roam\/products\/keyboards\/k400-plus-touchpad-keyboard.html<\/p>\n<p>Caracter\u00edsticas de Logitech K400 Plus<\/p>\n<p>Idioma: Espa\u00f1ol<\/p>\n<p>Con Bluetooth: No<br \/>\nCaracter\u00edsticas generales<br \/>\nMarca<br \/>\nLogitech<br \/>\nModelo<br \/>\nK400 Plus<br \/>\nColor del teclado<br \/>\nNegro<br \/>\nLayout<br \/>\nQWERTY<br \/>\nIdioma<br \/>\nEspa\u00f1ol<br \/>\nModelo detallado<br \/>\n920-007137<br \/>\nPeso y dimensiones<br \/>\nAltura del teclado<br \/>\n139.9 mm<br \/>\nAncho del teclado<br \/>\n354.3 mm<br \/>\nProfundidad del teclado<br \/>\n23.5 mm<br \/>\nPeso del teclado<br \/>\n390 g<br \/>\nTeclas<br \/>\nForma de las teclas<br \/>\nPlana<br \/>\nCon teclas de acceso r\u00e1pido<br \/>\nS\u00ed<br \/>\nEspecificaciones<br \/>\nCon retroiluminaci\u00f3n<br \/>\nNo<br \/>\nCon pantalla<br \/>\nNo<br \/>\nIncluye pilas<br \/>\nS\u00ed<br \/>\nEs para una mano<br \/>\nNo<br \/>\nConectividad<br \/>\nTipo de conector<br \/>\nUSB<br \/>\nCon recepci\u00f3n inal\u00e1mbrica<br \/>\nS\u00ed<br \/>\nCon interfaz USB<br \/>\nS\u00ed<br \/>\nCon Bluetooth<br \/>\nNo<br \/>\nAlcance inal\u00e1mbrico<br \/>\n10 m<br \/>\nOtros<br \/>\nEs resistente a salpicaduras<br \/>\nS\u00ed<br \/>\nCon reposa mu\u00f1eca<br \/>\nNo<br \/>\nCon touchpad<br \/>\nS\u00ed<br \/>\nCon pad num\u00e9rico<br \/>\nNo<br \/>\nCon trackball<br \/>\nNo<\/p>\n","protected":false},"excerpt":{"rendered":"<p>https:\/\/www.logitech.com\/es-roam\/products\/keyboards\/k400-plus-touchpad-keyboard.html Caracter\u00edsticas de Logitech K400 Plus Idioma: Espa\u00f1ol Con Bluetooth: No Caracter\u00edsticas generales Marca Logitech Modelo K400 Plus Color del<\/p>\n","protected":false},"featured_media":16575,"comment_status":"open","ping_status":"closed","template":"","meta":[],"pwb-brand":[127],"product_brand":[],"product_cat":[42],"product_tag":[136],"class_list":{"0":"post-13026","1":"product","2":"type-product","3":"status-publish","4":"has-post-thumbnail","6":"pwb-brand-logitech","7":"product_cat-teclados","8":"product_tag-touch-k400","10":"first","11":"instock","12":"taxable","13":"shipping-taxable","14":"purchasable","15":"product-type-simple"},"yoast_head":"<!-- This site is optimized with the Yoast SEO plugin v26.7 - https:\/\/yoast.com\/wordpress\/plugins\/seo\/ -->\n<title>LOGITECH TOUCH K400 PLUS INALAMBRICO - PC MASTERS BOGOTA<\/title>\n<meta name=\"robots\" content=\"index, follow, max-snippet:-1, max-image-preview:large, max-video-preview:-1\" \/>\n<link rel=\"canonical\" href=\"https:\/\/pcmastersbogota.com.co\/es_es\/en\/product\/logitech-touch-k400-plus-inalambrico\/\" \/>\n<meta property=\"og:locale\" content=\"es_ES\" \/>\n<meta property=\"og:type\" content=\"article\" \/>\n<meta property=\"og:title\" content=\"LOGITECH TOUCH K400 PLUS INALAMBRICO - PC MASTERS BOGOTA\" \/>\n<meta property=\"og:description\" content=\"https:\/\/www.logitech.com\/es-roam\/products\/keyboards\/k400-plus-touchpad-keyboard.html Caracter\u00edsticas de Logitech K400 Plus Idioma: Espa\u00f1ol Con Bluetooth: No Caracter\u00edsticas generales Marca Logitech Modelo K400 Plus Color del\" \/>\n<meta property=\"og:url\" content=\"https:\/\/pcmastersbogota.com.co\/es_es\/en\/product\/logitech-touch-k400-plus-inalambrico\/\" \/>\n<meta property=\"og:site_name\" content=\"PC MASTERS BOGOTA\" \/>\n<meta property=\"article:modified_time\" content=\"2021-10-26T19:18:19+00:00\" \/>\n<meta property=\"og:image\" content=\"https:\/\/pcmastersbogota.com.co\/wp-content\/uploads\/2021\/08\/20046.png\" \/>\n\t<meta property=\"og:image:width\" content=\"1000\" \/>\n\t<meta property=\"og:image:height\" content=\"1000\" \/>\n\t<meta property=\"og:image:type\" content=\"image\/png\" \/>\n<meta name=\"twitter:card\" content=\"summary_large_image\" \/>\n<meta name=\"twitter:label1\" content=\"Tiempo de lectura\" \/>\n\t<meta name=\"twitter:data1\" content=\"1 minuto\" \/>\n<script type=\"application\/ld+json\" class=\"yoast-schema-graph\">{\"@context\":\"https:\/\/schema.org\",\"@graph\":[{\"@type\":\"WebPage\",\"@id\":\"https:\/\/pcmastersbogota.com.co\/en\/product\/logitech-touch-k400-plus-inalambrico\/\",\"url\":\"https:\/\/pcmastersbogota.com.co\/en\/product\/logitech-touch-k400-plus-inalambrico\/\",\"name\":\"LOGITECH TOUCH K400 PLUS INALAMBRICO - PC MASTERS BOGOTA\",\"isPartOf\":{\"@id\":\"https:\/\/pcmastersbogota.com.co\/es_es\/#website\"},\"primaryImageOfPage\":{\"@id\":\"https:\/\/pcmastersbogota.com.co\/en\/product\/logitech-touch-k400-plus-inalambrico\/#primaryimage\"},\"image\":{\"@id\":\"https:\/\/pcmastersbogota.com.co\/en\/product\/logitech-touch-k400-plus-inalambrico\/#primaryimage\"},\"thumbnailUrl\":\"https:\/\/pcmastersbogota.com.co\/wp-content\/uploads\/2021\/08\/20046.png\",\"datePublished\":\"2021-08-05T22:07:15+00:00\",\"dateModified\":\"2021-10-26T19:18:19+00:00\",\"breadcrumb\":{\"@id\":\"https:\/\/pcmastersbogota.com.co\/en\/product\/logitech-touch-k400-plus-inalambrico\/#breadcrumb\"},\"inLanguage\":\"es\",\"potentialAction\":[{\"@type\":\"ReadAction\",\"target\":[\"https:\/\/pcmastersbogota.com.co\/en\/product\/logitech-touch-k400-plus-inalambrico\/\"]}]},{\"@type\":\"ImageObject\",\"inLanguage\":\"es\",\"@id\":\"https:\/\/pcmastersbogota.com.co\/en\/product\/logitech-touch-k400-plus-inalambrico\/#primaryimage\",\"url\":\"https:\/\/pcmastersbogota.com.co\/wp-content\/uploads\/2021\/08\/20046.png\",\"contentUrl\":\"https:\/\/pcmastersbogota.com.co\/wp-content\/uploads\/2021\/08\/20046.png\",\"width\":1000,\"height\":1000},{\"@type\":\"BreadcrumbList\",\"@id\":\"https:\/\/pcmastersbogota.com.co\/en\/product\/logitech-touch-k400-plus-inalambrico\/#breadcrumb\",\"itemListElement\":[{\"@type\":\"ListItem\",\"position\":1,\"name\":\"Home\",\"item\":\"https:\/\/pcmastersbogota.com.co\/\"},{\"@type\":\"ListItem\",\"position\":2,\"name\":\"Tienda\",\"item\":\"https:\/\/pcmastersbogota.com.co\/es_es\/tienda\/\"},{\"@type\":\"ListItem\",\"position\":3,\"name\":\"LOGITECH TOUCH K400 PLUS INALAMBRICO\"}]},{\"@type\":\"WebSite\",\"@id\":\"https:\/\/pcmastersbogota.com.co\/es_es\/#website\",\"url\":\"https:\/\/pcmastersbogota.com.co\/es_es\/\",\"name\":\"PC MASTERS BOGOTA\",\"description\":\"\",\"potentialAction\":[{\"@type\":\"SearchAction\",\"target\":{\"@type\":\"EntryPoint\",\"urlTemplate\":\"https:\/\/pcmastersbogota.com.co\/es_es\/?s={search_term_string}\"},\"query-input\":{\"@type\":\"PropertyValueSpecification\",\"valueRequired\":true,\"valueName\":\"search_term_string\"}}],\"inLanguage\":\"es\"}]}<\/script>\n<!-- \/ Yoast SEO plugin. -->","yoast_head_json":{"title":"LOGITECH TOUCH K400 PLUS INALAMBRICO - PC MASTERS BOGOTA","robots":{"index":"index","follow":"follow","max-snippet":"max-snippet:-1","max-image-preview":"max-image-preview:large","max-video-preview":"max-video-preview:-1"},"canonical":"https:\/\/pcmastersbogota.com.co\/es_es\/en\/product\/logitech-touch-k400-plus-inalambrico\/","og_locale":"es_ES","og_type":"article","og_title":"LOGITECH TOUCH K400 PLUS INALAMBRICO - PC MASTERS BOGOTA","og_description":"https:\/\/www.logitech.com\/es-roam\/products\/keyboards\/k400-plus-touchpad-keyboard.html Caracter\u00edsticas de Logitech K400 Plus Idioma: Espa\u00f1ol Con Bluetooth: No Caracter\u00edsticas generales Marca Logitech Modelo K400 Plus Color del","og_url":"https:\/\/pcmastersbogota.com.co\/es_es\/en\/product\/logitech-touch-k400-plus-inalambrico\/","og_site_name":"PC MASTERS BOGOTA","article_modified_time":"2021-10-26T19:18:19+00:00","og_image":[{"width":1000,"height":1000,"url":"https:\/\/pcmastersbogota.com.co\/wp-content\/uploads\/2021\/08\/20046.png","type":"image\/png"}],"twitter_card":"summary_large_image","twitter_misc":{"Tiempo de lectura":"1 minuto"},"schema":{"@context":"https:\/\/schema.org","@graph":[{"@type":"WebPage","@id":"https:\/\/pcmastersbogota.com.co\/en\/product\/logitech-touch-k400-plus-inalambrico\/","url":"https:\/\/pcmastersbogota.com.co\/en\/product\/logitech-touch-k400-plus-inalambrico\/","name":"LOGITECH TOUCH K400 PLUS INALAMBRICO - PC MASTERS BOGOTA","isPartOf":{"@id":"https:\/\/pcmastersbogota.com.co\/es_es\/#website"},"primaryImageOfPage":{"@id":"https:\/\/pcmastersbogota.com.co\/en\/product\/logitech-touch-k400-plus-inalambrico\/#primaryimage"},"image":{"@id":"https:\/\/pcmastersbogota.com.co\/en\/product\/logitech-touch-k400-plus-inalambrico\/#primaryimage"},"thumbnailUrl":"https:\/\/pcmastersbogota.com.co\/wp-content\/uploads\/2021\/08\/20046.png","datePublished":"2021-08-05T22:07:15+00:00","dateModified":"2021-10-26T19:18:19+00:00","breadcrumb":{"@id":"https:\/\/pcmastersbogota.com.co\/en\/product\/logitech-touch-k400-plus-inalambrico\/#breadcrumb"},"inLanguage":"es","potentialAction":[{"@type":"ReadAction","target":["https:\/\/pcmastersbogota.com.co\/en\/product\/logitech-touch-k400-plus-inalambrico\/"]}]},{"@type":"ImageObject","inLanguage":"es","@id":"https:\/\/pcmastersbogota.com.co\/en\/product\/logitech-touch-k400-plus-inalambrico\/#primaryimage","url":"https:\/\/pcmastersbogota.com.co\/wp-content\/uploads\/2021\/08\/20046.png","contentUrl":"https:\/\/pcmastersbogota.com.co\/wp-content\/uploads\/2021\/08\/20046.png","width":1000,"height":1000},{"@type":"BreadcrumbList","@id":"https:\/\/pcmastersbogota.com.co\/en\/product\/logitech-touch-k400-plus-inalambrico\/#breadcrumb","itemListElement":[{"@type":"ListItem","position":1,"name":"Home","item":"https:\/\/pcmastersbogota.com.co\/"},{"@type":"ListItem","position":2,"name":"Tienda","item":"https:\/\/pcmastersbogota.com.co\/es_es\/tienda\/"},{"@type":"ListItem","position":3,"name":"LOGITECH TOUCH K400 PLUS INALAMBRICO"}]},{"@type":"WebSite","@id":"https:\/\/pcmastersbogota.com.co\/es_es\/#website","url":"https:\/\/pcmastersbogota.com.co\/es_es\/","name":"PC MASTERS BOGOTA","description":"","potentialAction":[{"@type":"SearchAction","target":{"@type":"EntryPoint","urlTemplate":"https:\/\/pcmastersbogota.com.co\/es_es\/?s={search_term_string}"},"query-input":{"@type":"PropertyValueSpecification","valueRequired":true,"valueName":"search_term_string"}}],"inLanguage":"es"}]}},"brands":[{"id":127,"name":"LOGITECH","slug":"logitech"}],"_links":{"self":[{"href":"https:\/\/pcmastersbogota.com.co\/es_es\/wp-json\/wp\/v2\/product\/13026","targetHints":{"allow":["GET"]}}],"collection":[{"href":"https:\/\/pcmastersbogota.com.co\/es_es\/wp-json\/wp\/v2\/product"}],"about":[{"href":"https:\/\/pcmastersbogota.com.co\/es_es\/wp-json\/wp\/v2\/types\/product"}],"replies":[{"embeddable":true,"href":"https:\/\/pcmastersbogota.com.co\/es_es\/wp-json\/wp\/v2\/comments?post=13026"}],"version-history":[{"count":4,"href":"https:\/\/pcmastersbogota.com.co\/es_es\/wp-json\/wp\/v2\/product\/13026\/revisions"}],"predecessor-version":[{"id":18088,"href":"https:\/\/pcmastersbogota.com.co\/es_es\/wp-json\/wp\/v2\/product\/13026\/revisions\/18088"}],"wp:featuredmedia":[{"embeddable":true,"href":"https:\/\/pcmastersbogota.com.co\/es_es\/wp-json\/wp\/v2\/media\/16575"}],"wp:attachment":[{"href":"https:\/\/pcmastersbogota.com.co\/es_es\/wp-json\/wp\/v2\/media?parent=13026"}],"wp:term":[{"taxonomy":"pwb-brand","embeddable":true,"href":"https:\/\/pcmastersbogota.com.co\/es_es\/wp-json\/wp\/v2\/pwb-brand?post=13026"},{"taxonomy":"product_brand","embeddable":true,"href":"https:\/\/pcmastersbogota.com.co\/es_es\/wp-json\/wp\/v2\/product_brand?post=13026"},{"taxonomy":"product_cat","embeddable":true,"href":"https:\/\/pcmastersbogota.com.co\/es_es\/wp-json\/wp\/v2\/product_cat?post=13026"},{"taxonomy":"product_tag","embeddable":true,"href":"https:\/\/pcmastersbogota.com.co\/es_es\/wp-json\/wp\/v2\/product_tag?post=13026"}],"curies":[{"name":"wp","href":"https:\/\/api.w.org\/{rel}","templated":true}]}}