{"id":13030,"date":"2021-08-05T17:07:16","date_gmt":"2021-08-05T22:07:16","guid":{"rendered":"https:\/\/pcmastersbogota.com.co\/?post_type=product&#038;p=13030"},"modified":"2021-10-26T14:18:19","modified_gmt":"2021-10-26T19:18:19","slug":"logitech-g513-mecanico-rgb","status":"publish","type":"product","link":"https:\/\/pcmastersbogota.com.co\/es_es\/producto\/logitech-g513-mecanico-rgb\/","title":{"rendered":"LOGITECH G513 (MECANICO) RGB"},"content":{"rendered":"<p>https:\/\/www.logitechg.com\/es-roam\/products\/gaming-keyboards\/g513-backlit-mechanical-gaming-keyboard.html<\/p>\n<p>Caracter\u00edsticas de Logitech Serie G G513<\/p>\n<p>Es gamer: S\u00ed<\/p>\n<p>Idioma: Ingl\u00e9s US Internacional<\/p>\n<p>Color de la retroiluminaci\u00f3n: RGB<\/p>\n<p>Tipo de switch: GX Brown Tactile<\/p>\n<p>Con Bluetooth: No<br \/>\nCaracter\u00edsticas generales<br \/>\nMarca<br \/>\nLogitech<br \/>\nL\u00ednea<br \/>\nSerie G<br \/>\nModelo<br \/>\nG513<br \/>\nColor del teclado<br \/>\nCarb\u00f3n<br \/>\nColor de la retroiluminaci\u00f3n<br \/>\nRGB<br \/>\nLayout<br \/>\nQWERTY<br \/>\nIdioma<br \/>\nIngl\u00e9s US Internacional<br \/>\nTipo de switch<br \/>\nGX Brown Tactile<br \/>\nPeso y dimensiones<br \/>\nAltura del teclado<br \/>\n132 mm<br \/>\nAncho del teclado<br \/>\n445 mm<br \/>\nProfundidad del teclado<br \/>\n35.5 mm<br \/>\nPeso del teclado<br \/>\n962 g<br \/>\nTeclas<br \/>\nForma de las teclas<br \/>\nCil\u00edndrica<br \/>\nCon teclas de acceso r\u00e1pido<br \/>\nS\u00ed<br \/>\nCon teclas anti-ghost<br \/>\nS\u00ed<br \/>\nEspecificaciones<br \/>\nArquitectura<br \/>\nMec\u00e1nico<br \/>\nEs gamer<br \/>\nS\u00ed<br \/>\nCon retroiluminaci\u00f3n<br \/>\nS\u00ed<br \/>\nIncluye pilas<br \/>\nNo<br \/>\nEs para una mano<br \/>\nNo<br \/>\nConectividad<br \/>\nTipo de conector<br \/>\nUSB 2.0<br \/>\nCon recepci\u00f3n inal\u00e1mbrica<br \/>\nNo<br \/>\nCon interfaz USB<br \/>\nNo<br \/>\nCon Bluetooth<br \/>\nNo<br \/>\nOtros<br \/>\nEs ergon\u00f3mica<br \/>\nS\u00ed<br \/>\nCon cable removible<br \/>\nNo<br \/>\nCon reposa mu\u00f1eca<br \/>\nS\u00ed<br \/>\nCon touchpad<br \/>\nNo<br \/>\nCon pad num\u00e9rico<br \/>\nS\u00ed<br \/>\nCon trackball<br \/>\nNo<br \/>\nLargo del cable<br \/>\n1.8 m<\/p>\n","protected":false},"excerpt":{"rendered":"<p>G513 es un teclado para juegos de alto desempe\u00f1o con interruptores mec\u00e1nicos avanzados GX Brown Tactile. El reposamanos extra\u00edble de espuma viscoel\u00e1stica y la construcci\u00f3n de aleaci\u00f3n de aluminio premium complementan las caracter\u00edsticas de G513.<\/p>\n","protected":false},"featured_media":16541,"comment_status":"open","ping_status":"closed","template":"","meta":[],"pwb-brand":[127],"product_brand":[],"product_cat":[42],"product_tag":[140],"class_list":{"0":"post-13030","1":"product","2":"type-product","3":"status-publish","4":"has-post-thumbnail","6":"pwb-brand-logitech","7":"product_cat-teclados","8":"product_tag-g513","10":"first","11":"instock","12":"taxable","13":"shipping-taxable","14":"purchasable","15":"product-type-simple"},"yoast_head":"<!-- This site is optimized with the Yoast SEO plugin v26.7 - https:\/\/yoast.com\/wordpress\/plugins\/seo\/ -->\n<title>LOGITECH G513 (MECANICO) RGB - PC MASTERS BOGOTA<\/title>\n<meta name=\"robots\" content=\"index, follow, max-snippet:-1, max-image-preview:large, max-video-preview:-1\" \/>\n<link rel=\"canonical\" href=\"https:\/\/pcmastersbogota.com.co\/es_es\/en\/product\/logitech-g513-mecanico-rgb\/\" \/>\n<meta property=\"og:locale\" content=\"es_ES\" \/>\n<meta property=\"og:type\" content=\"article\" \/>\n<meta property=\"og:title\" content=\"LOGITECH G513 (MECANICO) RGB - PC MASTERS BOGOTA\" \/>\n<meta property=\"og:description\" content=\"G513 es un teclado para juegos de alto desempe\u00f1o con interruptores mec\u00e1nicos avanzados GX Brown Tactile. El reposamanos extra\u00edble de espuma viscoel\u00e1stica y la construcci\u00f3n de aleaci\u00f3n de aluminio premium complementan las caracter\u00edsticas de G513.\" \/>\n<meta property=\"og:url\" content=\"https:\/\/pcmastersbogota.com.co\/es_es\/en\/product\/logitech-g513-mecanico-rgb\/\" \/>\n<meta property=\"og:site_name\" content=\"PC MASTERS BOGOTA\" \/>\n<meta property=\"article:modified_time\" content=\"2021-10-26T19:18:19+00:00\" \/>\n<meta property=\"og:image\" content=\"https:\/\/pcmastersbogota.com.co\/wp-content\/uploads\/2021\/08\/14117.png\" \/>\n\t<meta property=\"og:image:width\" content=\"1000\" \/>\n\t<meta property=\"og:image:height\" content=\"1000\" \/>\n\t<meta property=\"og:image:type\" content=\"image\/png\" \/>\n<meta name=\"twitter:card\" content=\"summary_large_image\" \/>\n<meta name=\"twitter:label1\" content=\"Tiempo de lectura\" \/>\n\t<meta name=\"twitter:data1\" content=\"1 minuto\" \/>\n<script type=\"application\/ld+json\" class=\"yoast-schema-graph\">{\"@context\":\"https:\/\/schema.org\",\"@graph\":[{\"@type\":\"WebPage\",\"@id\":\"https:\/\/pcmastersbogota.com.co\/en\/product\/logitech-g513-mecanico-rgb\/\",\"url\":\"https:\/\/pcmastersbogota.com.co\/en\/product\/logitech-g513-mecanico-rgb\/\",\"name\":\"LOGITECH G513 (MECANICO) RGB - PC MASTERS BOGOTA\",\"isPartOf\":{\"@id\":\"https:\/\/pcmastersbogota.com.co\/es_es\/#website\"},\"primaryImageOfPage\":{\"@id\":\"https:\/\/pcmastersbogota.com.co\/en\/product\/logitech-g513-mecanico-rgb\/#primaryimage\"},\"image\":{\"@id\":\"https:\/\/pcmastersbogota.com.co\/en\/product\/logitech-g513-mecanico-rgb\/#primaryimage\"},\"thumbnailUrl\":\"https:\/\/pcmastersbogota.com.co\/wp-content\/uploads\/2021\/08\/14117.png\",\"datePublished\":\"2021-08-05T22:07:16+00:00\",\"dateModified\":\"2021-10-26T19:18:19+00:00\",\"breadcrumb\":{\"@id\":\"https:\/\/pcmastersbogota.com.co\/en\/product\/logitech-g513-mecanico-rgb\/#breadcrumb\"},\"inLanguage\":\"es\",\"potentialAction\":[{\"@type\":\"ReadAction\",\"target\":[\"https:\/\/pcmastersbogota.com.co\/en\/product\/logitech-g513-mecanico-rgb\/\"]}]},{\"@type\":\"ImageObject\",\"inLanguage\":\"es\",\"@id\":\"https:\/\/pcmastersbogota.com.co\/en\/product\/logitech-g513-mecanico-rgb\/#primaryimage\",\"url\":\"https:\/\/pcmastersbogota.com.co\/wp-content\/uploads\/2021\/08\/14117.png\",\"contentUrl\":\"https:\/\/pcmastersbogota.com.co\/wp-content\/uploads\/2021\/08\/14117.png\",\"width\":1000,\"height\":1000},{\"@type\":\"BreadcrumbList\",\"@id\":\"https:\/\/pcmastersbogota.com.co\/en\/product\/logitech-g513-mecanico-rgb\/#breadcrumb\",\"itemListElement\":[{\"@type\":\"ListItem\",\"position\":1,\"name\":\"Home\",\"item\":\"https:\/\/pcmastersbogota.com.co\/\"},{\"@type\":\"ListItem\",\"position\":2,\"name\":\"Tienda\",\"item\":\"https:\/\/pcmastersbogota.com.co\/es_es\/tienda\/\"},{\"@type\":\"ListItem\",\"position\":3,\"name\":\"LOGITECH G513 (MECANICO) RGB\"}]},{\"@type\":\"WebSite\",\"@id\":\"https:\/\/pcmastersbogota.com.co\/es_es\/#website\",\"url\":\"https:\/\/pcmastersbogota.com.co\/es_es\/\",\"name\":\"PC MASTERS BOGOTA\",\"description\":\"\",\"potentialAction\":[{\"@type\":\"SearchAction\",\"target\":{\"@type\":\"EntryPoint\",\"urlTemplate\":\"https:\/\/pcmastersbogota.com.co\/es_es\/?s={search_term_string}\"},\"query-input\":{\"@type\":\"PropertyValueSpecification\",\"valueRequired\":true,\"valueName\":\"search_term_string\"}}],\"inLanguage\":\"es\"}]}<\/script>\n<!-- \/ Yoast SEO plugin. -->","yoast_head_json":{"title":"LOGITECH G513 (MECANICO) RGB - PC MASTERS BOGOTA","robots":{"index":"index","follow":"follow","max-snippet":"max-snippet:-1","max-image-preview":"max-image-preview:large","max-video-preview":"max-video-preview:-1"},"canonical":"https:\/\/pcmastersbogota.com.co\/es_es\/en\/product\/logitech-g513-mecanico-rgb\/","og_locale":"es_ES","og_type":"article","og_title":"LOGITECH G513 (MECANICO) RGB - PC MASTERS BOGOTA","og_description":"G513 es un teclado para juegos de alto desempe\u00f1o con interruptores mec\u00e1nicos avanzados GX Brown Tactile. El reposamanos extra\u00edble de espuma viscoel\u00e1stica y la construcci\u00f3n de aleaci\u00f3n de aluminio premium complementan las caracter\u00edsticas de G513.","og_url":"https:\/\/pcmastersbogota.com.co\/es_es\/en\/product\/logitech-g513-mecanico-rgb\/","og_site_name":"PC MASTERS BOGOTA","article_modified_time":"2021-10-26T19:18:19+00:00","og_image":[{"width":1000,"height":1000,"url":"https:\/\/pcmastersbogota.com.co\/wp-content\/uploads\/2021\/08\/14117.png","type":"image\/png"}],"twitter_card":"summary_large_image","twitter_misc":{"Tiempo de lectura":"1 minuto"},"schema":{"@context":"https:\/\/schema.org","@graph":[{"@type":"WebPage","@id":"https:\/\/pcmastersbogota.com.co\/en\/product\/logitech-g513-mecanico-rgb\/","url":"https:\/\/pcmastersbogota.com.co\/en\/product\/logitech-g513-mecanico-rgb\/","name":"LOGITECH G513 (MECANICO) RGB - PC MASTERS BOGOTA","isPartOf":{"@id":"https:\/\/pcmastersbogota.com.co\/es_es\/#website"},"primaryImageOfPage":{"@id":"https:\/\/pcmastersbogota.com.co\/en\/product\/logitech-g513-mecanico-rgb\/#primaryimage"},"image":{"@id":"https:\/\/pcmastersbogota.com.co\/en\/product\/logitech-g513-mecanico-rgb\/#primaryimage"},"thumbnailUrl":"https:\/\/pcmastersbogota.com.co\/wp-content\/uploads\/2021\/08\/14117.png","datePublished":"2021-08-05T22:07:16+00:00","dateModified":"2021-10-26T19:18:19+00:00","breadcrumb":{"@id":"https:\/\/pcmastersbogota.com.co\/en\/product\/logitech-g513-mecanico-rgb\/#breadcrumb"},"inLanguage":"es","potentialAction":[{"@type":"ReadAction","target":["https:\/\/pcmastersbogota.com.co\/en\/product\/logitech-g513-mecanico-rgb\/"]}]},{"@type":"ImageObject","inLanguage":"es","@id":"https:\/\/pcmastersbogota.com.co\/en\/product\/logitech-g513-mecanico-rgb\/#primaryimage","url":"https:\/\/pcmastersbogota.com.co\/wp-content\/uploads\/2021\/08\/14117.png","contentUrl":"https:\/\/pcmastersbogota.com.co\/wp-content\/uploads\/2021\/08\/14117.png","width":1000,"height":1000},{"@type":"BreadcrumbList","@id":"https:\/\/pcmastersbogota.com.co\/en\/product\/logitech-g513-mecanico-rgb\/#breadcrumb","itemListElement":[{"@type":"ListItem","position":1,"name":"Home","item":"https:\/\/pcmastersbogota.com.co\/"},{"@type":"ListItem","position":2,"name":"Tienda","item":"https:\/\/pcmastersbogota.com.co\/es_es\/tienda\/"},{"@type":"ListItem","position":3,"name":"LOGITECH G513 (MECANICO) RGB"}]},{"@type":"WebSite","@id":"https:\/\/pcmastersbogota.com.co\/es_es\/#website","url":"https:\/\/pcmastersbogota.com.co\/es_es\/","name":"PC MASTERS BOGOTA","description":"","potentialAction":[{"@type":"SearchAction","target":{"@type":"EntryPoint","urlTemplate":"https:\/\/pcmastersbogota.com.co\/es_es\/?s={search_term_string}"},"query-input":{"@type":"PropertyValueSpecification","valueRequired":true,"valueName":"search_term_string"}}],"inLanguage":"es"}]}},"brands":[{"id":127,"name":"LOGITECH","slug":"logitech"}],"_links":{"self":[{"href":"https:\/\/pcmastersbogota.com.co\/es_es\/wp-json\/wp\/v2\/product\/13030","targetHints":{"allow":["GET"]}}],"collection":[{"href":"https:\/\/pcmastersbogota.com.co\/es_es\/wp-json\/wp\/v2\/product"}],"about":[{"href":"https:\/\/pcmastersbogota.com.co\/es_es\/wp-json\/wp\/v2\/types\/product"}],"replies":[{"embeddable":true,"href":"https:\/\/pcmastersbogota.com.co\/es_es\/wp-json\/wp\/v2\/comments?post=13030"}],"version-history":[{"count":4,"href":"https:\/\/pcmastersbogota.com.co\/es_es\/wp-json\/wp\/v2\/product\/13030\/revisions"}],"predecessor-version":[{"id":18081,"href":"https:\/\/pcmastersbogota.com.co\/es_es\/wp-json\/wp\/v2\/product\/13030\/revisions\/18081"}],"wp:featuredmedia":[{"embeddable":true,"href":"https:\/\/pcmastersbogota.com.co\/es_es\/wp-json\/wp\/v2\/media\/16541"}],"wp:attachment":[{"href":"https:\/\/pcmastersbogota.com.co\/es_es\/wp-json\/wp\/v2\/media?parent=13030"}],"wp:term":[{"taxonomy":"pwb-brand","embeddable":true,"href":"https:\/\/pcmastersbogota.com.co\/es_es\/wp-json\/wp\/v2\/pwb-brand?post=13030"},{"taxonomy":"product_brand","embeddable":true,"href":"https:\/\/pcmastersbogota.com.co\/es_es\/wp-json\/wp\/v2\/product_brand?post=13030"},{"taxonomy":"product_cat","embeddable":true,"href":"https:\/\/pcmastersbogota.com.co\/es_es\/wp-json\/wp\/v2\/product_cat?post=13030"},{"taxonomy":"product_tag","embeddable":true,"href":"https:\/\/pcmastersbogota.com.co\/es_es\/wp-json\/wp\/v2\/product_tag?post=13030"}],"curies":[{"name":"wp","href":"https:\/\/api.w.org\/{rel}","templated":true}]}}