{"id":13041,"date":"2021-08-05T17:07:18","date_gmt":"2021-08-05T22:07:18","guid":{"rendered":"https:\/\/pcmastersbogota.com.co\/?post_type=product&#038;p=13041"},"modified":"2021-10-26T14:18:15","modified_gmt":"2021-10-26T19:18:15","slug":"trust-ziva-rainbow-led","status":"publish","type":"product","link":"https:\/\/pcmastersbogota.com.co\/es_es\/producto\/trust-ziva-rainbow-led\/","title":{"rendered":"TRUST ZIVA RAINBOW LED"},"content":{"rendered":"<p>https:\/\/www.trust.com\/es\/product\/23697-ziva-gaming-rainbow-led-keyboard<\/p>\n<p>Es gamer: S\u00ed<\/p>\n<p>Idioma: Espa\u00f1ol Latinoam\u00e9rica<\/p>\n<p>Tipo de switch: Outemu Purple<\/p>\n<p>Color de la retroiluminaci\u00f3n: RGB<\/p>\n<p>Tipo de switch<br \/>\nOutemu Purple<br \/>\nOtros<br \/>\nEs resistente a salpicaduras<br \/>\nS\u00ed<br \/>\nCon reposa mu\u00f1eca<br \/>\nS\u00ed<br \/>\nCon touchpad<br \/>\nNo<br \/>\nCon pad num\u00e9rico<br \/>\nS\u00ed<br \/>\nCon trackball<br \/>\nNo<br \/>\nLargo del cable<br \/>\n1.8 m<br \/>\nEspecificaciones<br \/>\nArquitectura<br \/>\nMec\u00e1nico<br \/>\nEs gamer<br \/>\nS\u00ed<br \/>\nCon retroiluminaci\u00f3n<br \/>\nS\u00ed<br \/>\nCon pantalla<br \/>\nNo<br \/>\nEs para una mano<br \/>\nNo<br \/>\nConectividad<br \/>\nTipo de conector<br \/>\nUSB<br \/>\nPeso y dimensiones<br \/>\nAltura del teclado<br \/>\n22.4 cm<br \/>\nAncho del teclado<br \/>\n45.5 cm<br \/>\nProfundidad del teclado<br \/>\n2.6 cm<br \/>\nPeso del teclado<br \/>\n1.5 kg<br \/>\nTeclas<br \/>\nForma de las teclas<br \/>\nCil\u00edndrica<br \/>\nCantidad de teclas<br \/>\n132<br \/>\nCantidad de teclas programables<br \/>\n12<br \/>\nCon teclas de acceso r\u00e1pido<br \/>\nS\u00ed<br \/>\nCon teclas anti-ghost<br \/>\nS\u00ed<\/p>\n","protected":false},"excerpt":{"rendered":"<p>Caracter\u00edsticas generales<br \/>\nMarca<br \/>\nRedragon<br \/>\nL\u00ednea<br \/>\nYama<br \/>\nModelo<br \/>\nK550<br \/>\nColor del teclado<br \/>\nNegro<br \/>\nColor de la retroiluminaci\u00f3n<br \/>\nRGB<br \/>\nLayout<br \/>\nQWERTY<br \/>\nIdioma<br \/>\nEspa\u00f1ol Latinoam\u00e9rica<\/p>\n","protected":false},"featured_media":16481,"comment_status":"open","ping_status":"closed","template":"","meta":[],"pwb-brand":[125],"product_brand":[],"product_cat":[42],"product_tag":[149],"class_list":{"0":"post-13041","1":"product","2":"type-product","3":"status-publish","4":"has-post-thumbnail","6":"pwb-brand-trust","7":"product_cat-teclados","8":"product_tag-premium","10":"first","11":"instock","12":"taxable","13":"shipping-taxable","14":"purchasable","15":"product-type-simple"},"yoast_head":"<!-- This site is optimized with the Yoast SEO plugin v26.7 - https:\/\/yoast.com\/wordpress\/plugins\/seo\/ -->\n<title>TRUST ZIVA RAINBOW LED - PC MASTERS BOGOTA<\/title>\n<meta name=\"robots\" content=\"index, follow, max-snippet:-1, max-image-preview:large, max-video-preview:-1\" \/>\n<link rel=\"canonical\" href=\"https:\/\/pcmastersbogota.com.co\/es_es\/en\/product\/trust-ziva-rainbow-led\/\" \/>\n<meta property=\"og:locale\" content=\"es_ES\" \/>\n<meta property=\"og:type\" content=\"article\" \/>\n<meta property=\"og:title\" content=\"TRUST ZIVA RAINBOW LED - PC MASTERS BOGOTA\" \/>\n<meta property=\"og:description\" content=\"Caracter\u00edsticas generales Marca Redragon L\u00ednea Yama Modelo K550 Color del teclado Negro Color de la retroiluminaci\u00f3n RGB Layout QWERTY Idioma Espa\u00f1ol Latinoam\u00e9rica\" \/>\n<meta property=\"og:url\" content=\"https:\/\/pcmastersbogota.com.co\/es_es\/en\/product\/trust-ziva-rainbow-led\/\" \/>\n<meta property=\"og:site_name\" content=\"PC MASTERS BOGOTA\" \/>\n<meta property=\"article:modified_time\" content=\"2021-10-26T19:18:15+00:00\" \/>\n<meta property=\"og:image\" content=\"https:\/\/pcmastersbogota.com.co\/wp-content\/uploads\/2021\/08\/20100.2.png\" \/>\n\t<meta property=\"og:image:width\" content=\"1000\" \/>\n\t<meta property=\"og:image:height\" content=\"1000\" \/>\n\t<meta property=\"og:image:type\" content=\"image\/png\" \/>\n<meta name=\"twitter:card\" content=\"summary_large_image\" \/>\n<meta name=\"twitter:label1\" content=\"Tiempo de lectura\" \/>\n\t<meta name=\"twitter:data1\" content=\"1 minuto\" \/>\n<script type=\"application\/ld+json\" class=\"yoast-schema-graph\">{\"@context\":\"https:\/\/schema.org\",\"@graph\":[{\"@type\":\"WebPage\",\"@id\":\"https:\/\/pcmastersbogota.com.co\/en\/product\/trust-ziva-rainbow-led\/\",\"url\":\"https:\/\/pcmastersbogota.com.co\/en\/product\/trust-ziva-rainbow-led\/\",\"name\":\"TRUST ZIVA RAINBOW LED - PC MASTERS BOGOTA\",\"isPartOf\":{\"@id\":\"https:\/\/pcmastersbogota.com.co\/es_es\/#website\"},\"primaryImageOfPage\":{\"@id\":\"https:\/\/pcmastersbogota.com.co\/en\/product\/trust-ziva-rainbow-led\/#primaryimage\"},\"image\":{\"@id\":\"https:\/\/pcmastersbogota.com.co\/en\/product\/trust-ziva-rainbow-led\/#primaryimage\"},\"thumbnailUrl\":\"https:\/\/pcmastersbogota.com.co\/wp-content\/uploads\/2021\/08\/20100.2.png\",\"datePublished\":\"2021-08-05T22:07:18+00:00\",\"dateModified\":\"2021-10-26T19:18:15+00:00\",\"breadcrumb\":{\"@id\":\"https:\/\/pcmastersbogota.com.co\/en\/product\/trust-ziva-rainbow-led\/#breadcrumb\"},\"inLanguage\":\"es\",\"potentialAction\":[{\"@type\":\"ReadAction\",\"target\":[\"https:\/\/pcmastersbogota.com.co\/en\/product\/trust-ziva-rainbow-led\/\"]}]},{\"@type\":\"ImageObject\",\"inLanguage\":\"es\",\"@id\":\"https:\/\/pcmastersbogota.com.co\/en\/product\/trust-ziva-rainbow-led\/#primaryimage\",\"url\":\"https:\/\/pcmastersbogota.com.co\/wp-content\/uploads\/2021\/08\/20100.2.png\",\"contentUrl\":\"https:\/\/pcmastersbogota.com.co\/wp-content\/uploads\/2021\/08\/20100.2.png\",\"width\":1000,\"height\":1000},{\"@type\":\"BreadcrumbList\",\"@id\":\"https:\/\/pcmastersbogota.com.co\/en\/product\/trust-ziva-rainbow-led\/#breadcrumb\",\"itemListElement\":[{\"@type\":\"ListItem\",\"position\":1,\"name\":\"Home\",\"item\":\"https:\/\/pcmastersbogota.com.co\/\"},{\"@type\":\"ListItem\",\"position\":2,\"name\":\"Tienda\",\"item\":\"https:\/\/pcmastersbogota.com.co\/es_es\/tienda\/\"},{\"@type\":\"ListItem\",\"position\":3,\"name\":\"TRUST ZIVA RAINBOW LED\"}]},{\"@type\":\"WebSite\",\"@id\":\"https:\/\/pcmastersbogota.com.co\/es_es\/#website\",\"url\":\"https:\/\/pcmastersbogota.com.co\/es_es\/\",\"name\":\"PC MASTERS BOGOTA\",\"description\":\"\",\"potentialAction\":[{\"@type\":\"SearchAction\",\"target\":{\"@type\":\"EntryPoint\",\"urlTemplate\":\"https:\/\/pcmastersbogota.com.co\/es_es\/?s={search_term_string}\"},\"query-input\":{\"@type\":\"PropertyValueSpecification\",\"valueRequired\":true,\"valueName\":\"search_term_string\"}}],\"inLanguage\":\"es\"}]}<\/script>\n<!-- \/ Yoast SEO plugin. -->","yoast_head_json":{"title":"TRUST ZIVA RAINBOW LED - PC MASTERS BOGOTA","robots":{"index":"index","follow":"follow","max-snippet":"max-snippet:-1","max-image-preview":"max-image-preview:large","max-video-preview":"max-video-preview:-1"},"canonical":"https:\/\/pcmastersbogota.com.co\/es_es\/en\/product\/trust-ziva-rainbow-led\/","og_locale":"es_ES","og_type":"article","og_title":"TRUST ZIVA RAINBOW LED - PC MASTERS BOGOTA","og_description":"Caracter\u00edsticas generales Marca Redragon L\u00ednea Yama Modelo K550 Color del teclado Negro Color de la retroiluminaci\u00f3n RGB Layout QWERTY Idioma Espa\u00f1ol Latinoam\u00e9rica","og_url":"https:\/\/pcmastersbogota.com.co\/es_es\/en\/product\/trust-ziva-rainbow-led\/","og_site_name":"PC MASTERS BOGOTA","article_modified_time":"2021-10-26T19:18:15+00:00","og_image":[{"width":1000,"height":1000,"url":"https:\/\/pcmastersbogota.com.co\/wp-content\/uploads\/2021\/08\/20100.2.png","type":"image\/png"}],"twitter_card":"summary_large_image","twitter_misc":{"Tiempo de lectura":"1 minuto"},"schema":{"@context":"https:\/\/schema.org","@graph":[{"@type":"WebPage","@id":"https:\/\/pcmastersbogota.com.co\/en\/product\/trust-ziva-rainbow-led\/","url":"https:\/\/pcmastersbogota.com.co\/en\/product\/trust-ziva-rainbow-led\/","name":"TRUST ZIVA RAINBOW LED - PC MASTERS BOGOTA","isPartOf":{"@id":"https:\/\/pcmastersbogota.com.co\/es_es\/#website"},"primaryImageOfPage":{"@id":"https:\/\/pcmastersbogota.com.co\/en\/product\/trust-ziva-rainbow-led\/#primaryimage"},"image":{"@id":"https:\/\/pcmastersbogota.com.co\/en\/product\/trust-ziva-rainbow-led\/#primaryimage"},"thumbnailUrl":"https:\/\/pcmastersbogota.com.co\/wp-content\/uploads\/2021\/08\/20100.2.png","datePublished":"2021-08-05T22:07:18+00:00","dateModified":"2021-10-26T19:18:15+00:00","breadcrumb":{"@id":"https:\/\/pcmastersbogota.com.co\/en\/product\/trust-ziva-rainbow-led\/#breadcrumb"},"inLanguage":"es","potentialAction":[{"@type":"ReadAction","target":["https:\/\/pcmastersbogota.com.co\/en\/product\/trust-ziva-rainbow-led\/"]}]},{"@type":"ImageObject","inLanguage":"es","@id":"https:\/\/pcmastersbogota.com.co\/en\/product\/trust-ziva-rainbow-led\/#primaryimage","url":"https:\/\/pcmastersbogota.com.co\/wp-content\/uploads\/2021\/08\/20100.2.png","contentUrl":"https:\/\/pcmastersbogota.com.co\/wp-content\/uploads\/2021\/08\/20100.2.png","width":1000,"height":1000},{"@type":"BreadcrumbList","@id":"https:\/\/pcmastersbogota.com.co\/en\/product\/trust-ziva-rainbow-led\/#breadcrumb","itemListElement":[{"@type":"ListItem","position":1,"name":"Home","item":"https:\/\/pcmastersbogota.com.co\/"},{"@type":"ListItem","position":2,"name":"Tienda","item":"https:\/\/pcmastersbogota.com.co\/es_es\/tienda\/"},{"@type":"ListItem","position":3,"name":"TRUST ZIVA RAINBOW LED"}]},{"@type":"WebSite","@id":"https:\/\/pcmastersbogota.com.co\/es_es\/#website","url":"https:\/\/pcmastersbogota.com.co\/es_es\/","name":"PC MASTERS BOGOTA","description":"","potentialAction":[{"@type":"SearchAction","target":{"@type":"EntryPoint","urlTemplate":"https:\/\/pcmastersbogota.com.co\/es_es\/?s={search_term_string}"},"query-input":{"@type":"PropertyValueSpecification","valueRequired":true,"valueName":"search_term_string"}}],"inLanguage":"es"}]}},"brands":[{"id":125,"name":"TRUST","slug":"trust"}],"_links":{"self":[{"href":"https:\/\/pcmastersbogota.com.co\/es_es\/wp-json\/wp\/v2\/product\/13041","targetHints":{"allow":["GET"]}}],"collection":[{"href":"https:\/\/pcmastersbogota.com.co\/es_es\/wp-json\/wp\/v2\/product"}],"about":[{"href":"https:\/\/pcmastersbogota.com.co\/es_es\/wp-json\/wp\/v2\/types\/product"}],"replies":[{"embeddable":true,"href":"https:\/\/pcmastersbogota.com.co\/es_es\/wp-json\/wp\/v2\/comments?post=13041"}],"version-history":[{"count":4,"href":"https:\/\/pcmastersbogota.com.co\/es_es\/wp-json\/wp\/v2\/product\/13041\/revisions"}],"predecessor-version":[{"id":18069,"href":"https:\/\/pcmastersbogota.com.co\/es_es\/wp-json\/wp\/v2\/product\/13041\/revisions\/18069"}],"wp:featuredmedia":[{"embeddable":true,"href":"https:\/\/pcmastersbogota.com.co\/es_es\/wp-json\/wp\/v2\/media\/16481"}],"wp:attachment":[{"href":"https:\/\/pcmastersbogota.com.co\/es_es\/wp-json\/wp\/v2\/media?parent=13041"}],"wp:term":[{"taxonomy":"pwb-brand","embeddable":true,"href":"https:\/\/pcmastersbogota.com.co\/es_es\/wp-json\/wp\/v2\/pwb-brand?post=13041"},{"taxonomy":"product_brand","embeddable":true,"href":"https:\/\/pcmastersbogota.com.co\/es_es\/wp-json\/wp\/v2\/product_brand?post=13041"},{"taxonomy":"product_cat","embeddable":true,"href":"https:\/\/pcmastersbogota.com.co\/es_es\/wp-json\/wp\/v2\/product_cat?post=13041"},{"taxonomy":"product_tag","embeddable":true,"href":"https:\/\/pcmastersbogota.com.co\/es_es\/wp-json\/wp\/v2\/product_tag?post=13041"}],"curies":[{"name":"wp","href":"https:\/\/api.w.org\/{rel}","templated":true}]}}