{"id":13045,"date":"2021-08-05T17:07:19","date_gmt":"2021-08-05T22:07:19","guid":{"rendered":"https:\/\/pcmastersbogota.com.co\/?post_type=product&#038;p=13045"},"modified":"2021-10-26T14:18:14","modified_gmt":"2021-10-26T19:18:14","slug":"xpg-summoner-rgb-mec-red-blue-sver","status":"publish","type":"product","link":"https:\/\/pcmastersbogota.com.co\/es_es\/producto\/xpg-summoner-rgb-mec-red-blue-sver\/","title":{"rendered":"XPG SUMMONER RGB (MEC) RED\/BLUE\/SVER"},"content":{"rendered":"<p>https:\/\/www.xpg.com\/es\/xpg\/627<\/p>\n<p>Descripci\u00f3n<br \/>\nSomos una empresa con catorce a\u00f1os de experiencia en el mercado, en \u00e9ste tiempo hemos llegado a ser uno de los distribuidores m\u00e1s completos y comprometidos con nuestros aliados en todo lo relacionado con tecnolog\u00eda.<\/p>\n<p>Comprando con nosotros puedes tener toda la tranquilidad y seguridad que estas comprando un producto nuevo y legalmente importado, en SYM Computer tu entrega se realizara con factura de compra de parte de nosotros<\/p>\n<p>Informaci\u00f3n del producto<\/p>\n<p>Especificaciones del teclado<\/p>\n<p>Color Gris met\u00e1lico tipo pistola<br \/>\nPeso 951 g<br \/>\nDimensiones (LAxANxAL) 449 x 135 x 44 mm<\/p>\n<p>Especificaciones del reposamu\u00f1ecas<\/p>\n<p>Color Negro<br \/>\nPeso 191 g<br \/>\nDimensiones (LAxANxAL) 445 x 88 x 19 mm<\/p>\n<p>Informaci\u00f3n t\u00e9cnica<\/p>\n<p>Reconocimiento de varias pulsaciones simult\u00e1neas de teclas 100%<br \/>\nConmutaci\u00f3n de teclas CHERRY MX Speed Silver\/Rojo\/Azul<\/p>\n<p>Efecto de iluminaci\u00f3n 7 modos de iluminaci\u00f3n RGB (Est\u00e1tico\/Respiraci\u00f3n\/Disparador\/Explosi\u00f3n\/Ciclo de color\/Onda de color\/WASD)<br \/>\nN\u00famero de teclas 104\/105\/109 (dependiendo de la localizaci\u00f3n)<br \/>\nTeclas de macro 5<\/p>\n<p>Informaci\u00f3n general<br \/>\nInterfaz 2x USB 2.0 Tipo A, 1 puerto de paso a trav\u00e9s<br \/>\nVoltaje de funcionamiento +5 VCC<br \/>\n\u00cdndice de sondeo 1000 Hz<br \/>\nN\u00famero de pulsaciones M\u00e1s de 50 millones de pulsaciones<\/p>\n","protected":false},"excerpt":{"rendered":"<p>El teclado para juegos XPG SUMMONER con interruptores CHERRY MX y retroiluminaci\u00f3n RGB por tecla es justo lo que necesitas.<\/p>\n","protected":false},"featured_media":16458,"comment_status":"open","ping_status":"closed","template":"","meta":[],"pwb-brand":[104],"product_brand":[],"product_cat":[42],"product_tag":[153],"class_list":{"0":"post-13045","1":"product","2":"type-product","3":"status-publish","4":"has-post-thumbnail","6":"pwb-brand-xpg","7":"product_cat-teclados","8":"product_tag-summoner","10":"first","11":"instock","12":"taxable","13":"shipping-taxable","14":"purchasable","15":"product-type-simple"},"yoast_head":"<!-- This site is optimized with the Yoast SEO plugin v26.7 - https:\/\/yoast.com\/wordpress\/plugins\/seo\/ -->\n<title>XPG SUMMONER RGB (MEC) RED\/BLUE\/SVER - PC MASTERS BOGOTA<\/title>\n<meta name=\"robots\" content=\"index, follow, max-snippet:-1, max-image-preview:large, max-video-preview:-1\" \/>\n<link rel=\"canonical\" href=\"https:\/\/pcmastersbogota.com.co\/es_es\/en\/product\/xpg-summoner-rgb-mec-red-blue-sver\/\" \/>\n<meta property=\"og:locale\" content=\"es_ES\" \/>\n<meta property=\"og:type\" content=\"article\" \/>\n<meta property=\"og:title\" content=\"XPG SUMMONER RGB (MEC) RED\/BLUE\/SVER - PC MASTERS BOGOTA\" \/>\n<meta property=\"og:description\" content=\"El teclado para juegos XPG SUMMONER con interruptores CHERRY MX y retroiluminaci\u00f3n RGB por tecla es justo lo que necesitas.\" \/>\n<meta property=\"og:url\" content=\"https:\/\/pcmastersbogota.com.co\/es_es\/en\/product\/xpg-summoner-rgb-mec-red-blue-sver\/\" \/>\n<meta property=\"og:site_name\" content=\"PC MASTERS BOGOTA\" \/>\n<meta property=\"article:modified_time\" content=\"2021-10-26T19:18:14+00:00\" \/>\n<meta property=\"og:image\" content=\"https:\/\/pcmastersbogota.com.co\/wp-content\/uploads\/2021\/08\/20079.png\" \/>\n\t<meta property=\"og:image:width\" content=\"1000\" \/>\n\t<meta property=\"og:image:height\" content=\"1000\" \/>\n\t<meta property=\"og:image:type\" content=\"image\/png\" \/>\n<meta name=\"twitter:card\" content=\"summary_large_image\" \/>\n<meta name=\"twitter:label1\" content=\"Tiempo de lectura\" \/>\n\t<meta name=\"twitter:data1\" content=\"1 minuto\" \/>\n<script type=\"application\/ld+json\" class=\"yoast-schema-graph\">{\"@context\":\"https:\/\/schema.org\",\"@graph\":[{\"@type\":\"WebPage\",\"@id\":\"https:\/\/pcmastersbogota.com.co\/en\/product\/xpg-summoner-rgb-mec-red-blue-sver\/\",\"url\":\"https:\/\/pcmastersbogota.com.co\/en\/product\/xpg-summoner-rgb-mec-red-blue-sver\/\",\"name\":\"XPG SUMMONER RGB (MEC) RED\/BLUE\/SVER - PC MASTERS BOGOTA\",\"isPartOf\":{\"@id\":\"https:\/\/pcmastersbogota.com.co\/es_es\/#website\"},\"primaryImageOfPage\":{\"@id\":\"https:\/\/pcmastersbogota.com.co\/en\/product\/xpg-summoner-rgb-mec-red-blue-sver\/#primaryimage\"},\"image\":{\"@id\":\"https:\/\/pcmastersbogota.com.co\/en\/product\/xpg-summoner-rgb-mec-red-blue-sver\/#primaryimage\"},\"thumbnailUrl\":\"https:\/\/pcmastersbogota.com.co\/wp-content\/uploads\/2021\/08\/20079.png\",\"datePublished\":\"2021-08-05T22:07:19+00:00\",\"dateModified\":\"2021-10-26T19:18:14+00:00\",\"breadcrumb\":{\"@id\":\"https:\/\/pcmastersbogota.com.co\/en\/product\/xpg-summoner-rgb-mec-red-blue-sver\/#breadcrumb\"},\"inLanguage\":\"es\",\"potentialAction\":[{\"@type\":\"ReadAction\",\"target\":[\"https:\/\/pcmastersbogota.com.co\/en\/product\/xpg-summoner-rgb-mec-red-blue-sver\/\"]}]},{\"@type\":\"ImageObject\",\"inLanguage\":\"es\",\"@id\":\"https:\/\/pcmastersbogota.com.co\/en\/product\/xpg-summoner-rgb-mec-red-blue-sver\/#primaryimage\",\"url\":\"https:\/\/pcmastersbogota.com.co\/wp-content\/uploads\/2021\/08\/20079.png\",\"contentUrl\":\"https:\/\/pcmastersbogota.com.co\/wp-content\/uploads\/2021\/08\/20079.png\",\"width\":1000,\"height\":1000},{\"@type\":\"BreadcrumbList\",\"@id\":\"https:\/\/pcmastersbogota.com.co\/en\/product\/xpg-summoner-rgb-mec-red-blue-sver\/#breadcrumb\",\"itemListElement\":[{\"@type\":\"ListItem\",\"position\":1,\"name\":\"Home\",\"item\":\"https:\/\/pcmastersbogota.com.co\/\"},{\"@type\":\"ListItem\",\"position\":2,\"name\":\"Tienda\",\"item\":\"https:\/\/pcmastersbogota.com.co\/es_es\/tienda\/\"},{\"@type\":\"ListItem\",\"position\":3,\"name\":\"XPG SUMMONER RGB (MEC) RED\/BLUE\/SVER\"}]},{\"@type\":\"WebSite\",\"@id\":\"https:\/\/pcmastersbogota.com.co\/es_es\/#website\",\"url\":\"https:\/\/pcmastersbogota.com.co\/es_es\/\",\"name\":\"PC MASTERS BOGOTA\",\"description\":\"\",\"potentialAction\":[{\"@type\":\"SearchAction\",\"target\":{\"@type\":\"EntryPoint\",\"urlTemplate\":\"https:\/\/pcmastersbogota.com.co\/es_es\/?s={search_term_string}\"},\"query-input\":{\"@type\":\"PropertyValueSpecification\",\"valueRequired\":true,\"valueName\":\"search_term_string\"}}],\"inLanguage\":\"es\"}]}<\/script>\n<!-- \/ Yoast SEO plugin. -->","yoast_head_json":{"title":"XPG SUMMONER RGB (MEC) RED\/BLUE\/SVER - PC MASTERS BOGOTA","robots":{"index":"index","follow":"follow","max-snippet":"max-snippet:-1","max-image-preview":"max-image-preview:large","max-video-preview":"max-video-preview:-1"},"canonical":"https:\/\/pcmastersbogota.com.co\/es_es\/en\/product\/xpg-summoner-rgb-mec-red-blue-sver\/","og_locale":"es_ES","og_type":"article","og_title":"XPG SUMMONER RGB (MEC) RED\/BLUE\/SVER - PC MASTERS BOGOTA","og_description":"El teclado para juegos XPG SUMMONER con interruptores CHERRY MX y retroiluminaci\u00f3n RGB por tecla es justo lo que necesitas.","og_url":"https:\/\/pcmastersbogota.com.co\/es_es\/en\/product\/xpg-summoner-rgb-mec-red-blue-sver\/","og_site_name":"PC MASTERS BOGOTA","article_modified_time":"2021-10-26T19:18:14+00:00","og_image":[{"width":1000,"height":1000,"url":"https:\/\/pcmastersbogota.com.co\/wp-content\/uploads\/2021\/08\/20079.png","type":"image\/png"}],"twitter_card":"summary_large_image","twitter_misc":{"Tiempo de lectura":"1 minuto"},"schema":{"@context":"https:\/\/schema.org","@graph":[{"@type":"WebPage","@id":"https:\/\/pcmastersbogota.com.co\/en\/product\/xpg-summoner-rgb-mec-red-blue-sver\/","url":"https:\/\/pcmastersbogota.com.co\/en\/product\/xpg-summoner-rgb-mec-red-blue-sver\/","name":"XPG SUMMONER RGB (MEC) RED\/BLUE\/SVER - PC MASTERS BOGOTA","isPartOf":{"@id":"https:\/\/pcmastersbogota.com.co\/es_es\/#website"},"primaryImageOfPage":{"@id":"https:\/\/pcmastersbogota.com.co\/en\/product\/xpg-summoner-rgb-mec-red-blue-sver\/#primaryimage"},"image":{"@id":"https:\/\/pcmastersbogota.com.co\/en\/product\/xpg-summoner-rgb-mec-red-blue-sver\/#primaryimage"},"thumbnailUrl":"https:\/\/pcmastersbogota.com.co\/wp-content\/uploads\/2021\/08\/20079.png","datePublished":"2021-08-05T22:07:19+00:00","dateModified":"2021-10-26T19:18:14+00:00","breadcrumb":{"@id":"https:\/\/pcmastersbogota.com.co\/en\/product\/xpg-summoner-rgb-mec-red-blue-sver\/#breadcrumb"},"inLanguage":"es","potentialAction":[{"@type":"ReadAction","target":["https:\/\/pcmastersbogota.com.co\/en\/product\/xpg-summoner-rgb-mec-red-blue-sver\/"]}]},{"@type":"ImageObject","inLanguage":"es","@id":"https:\/\/pcmastersbogota.com.co\/en\/product\/xpg-summoner-rgb-mec-red-blue-sver\/#primaryimage","url":"https:\/\/pcmastersbogota.com.co\/wp-content\/uploads\/2021\/08\/20079.png","contentUrl":"https:\/\/pcmastersbogota.com.co\/wp-content\/uploads\/2021\/08\/20079.png","width":1000,"height":1000},{"@type":"BreadcrumbList","@id":"https:\/\/pcmastersbogota.com.co\/en\/product\/xpg-summoner-rgb-mec-red-blue-sver\/#breadcrumb","itemListElement":[{"@type":"ListItem","position":1,"name":"Home","item":"https:\/\/pcmastersbogota.com.co\/"},{"@type":"ListItem","position":2,"name":"Tienda","item":"https:\/\/pcmastersbogota.com.co\/es_es\/tienda\/"},{"@type":"ListItem","position":3,"name":"XPG SUMMONER RGB (MEC) RED\/BLUE\/SVER"}]},{"@type":"WebSite","@id":"https:\/\/pcmastersbogota.com.co\/es_es\/#website","url":"https:\/\/pcmastersbogota.com.co\/es_es\/","name":"PC MASTERS BOGOTA","description":"","potentialAction":[{"@type":"SearchAction","target":{"@type":"EntryPoint","urlTemplate":"https:\/\/pcmastersbogota.com.co\/es_es\/?s={search_term_string}"},"query-input":{"@type":"PropertyValueSpecification","valueRequired":true,"valueName":"search_term_string"}}],"inLanguage":"es"}]}},"brands":[{"id":104,"name":"XPG","slug":"xpg"}],"_links":{"self":[{"href":"https:\/\/pcmastersbogota.com.co\/es_es\/wp-json\/wp\/v2\/product\/13045","targetHints":{"allow":["GET"]}}],"collection":[{"href":"https:\/\/pcmastersbogota.com.co\/es_es\/wp-json\/wp\/v2\/product"}],"about":[{"href":"https:\/\/pcmastersbogota.com.co\/es_es\/wp-json\/wp\/v2\/types\/product"}],"replies":[{"embeddable":true,"href":"https:\/\/pcmastersbogota.com.co\/es_es\/wp-json\/wp\/v2\/comments?post=13045"}],"version-history":[{"count":4,"href":"https:\/\/pcmastersbogota.com.co\/es_es\/wp-json\/wp\/v2\/product\/13045\/revisions"}],"predecessor-version":[{"id":18065,"href":"https:\/\/pcmastersbogota.com.co\/es_es\/wp-json\/wp\/v2\/product\/13045\/revisions\/18065"}],"wp:featuredmedia":[{"embeddable":true,"href":"https:\/\/pcmastersbogota.com.co\/es_es\/wp-json\/wp\/v2\/media\/16458"}],"wp:attachment":[{"href":"https:\/\/pcmastersbogota.com.co\/es_es\/wp-json\/wp\/v2\/media?parent=13045"}],"wp:term":[{"taxonomy":"pwb-brand","embeddable":true,"href":"https:\/\/pcmastersbogota.com.co\/es_es\/wp-json\/wp\/v2\/pwb-brand?post=13045"},{"taxonomy":"product_brand","embeddable":true,"href":"https:\/\/pcmastersbogota.com.co\/es_es\/wp-json\/wp\/v2\/product_brand?post=13045"},{"taxonomy":"product_cat","embeddable":true,"href":"https:\/\/pcmastersbogota.com.co\/es_es\/wp-json\/wp\/v2\/product_cat?post=13045"},{"taxonomy":"product_tag","embeddable":true,"href":"https:\/\/pcmastersbogota.com.co\/es_es\/wp-json\/wp\/v2\/product_tag?post=13045"}],"curies":[{"name":"wp","href":"https:\/\/api.w.org\/{rel}","templated":true}]}}