{"id":13078,"date":"2021-08-05T18:23:25","date_gmt":"2021-08-05T23:23:25","guid":{"rendered":"https:\/\/pcmastersbogota.com.co\/?post_type=product&#038;p=13078"},"modified":"2021-10-26T14:18:14","modified_gmt":"2021-10-26T19:18:14","slug":"corsair-harpoon-rgb-inalambrico","status":"publish","type":"product","link":"https:\/\/pcmastersbogota.com.co\/es_es\/producto\/corsair-harpoon-rgb-inalambrico\/","title":{"rendered":"CORSAIR HARPOON RGB INALAMBRICO"},"content":{"rendered":"<p>https:\/\/www.corsair.com\/es\/es\/Categor%C3%ADas\/Productos\/Ratones-para-juegos\/HARPOON-RGB-WIRELESS-Gaming-Mouse\/p\/CH-9311011-EU<\/p>\n<p>Sobre este art\u00edculo<\/p>\n<p>Juega en el carril r\u00e1pido: juega con la tecnolog\u00eda inal\u00e1mbrica Corsair Hyperfast, sub 1ms Slipstream o conecta con Bluetooth de baja latencia o cable USB<\/p>\n<p>Pesa solo 3.49 oz: construcci\u00f3n ligera, por lo que puedes jugar durante m\u00e1s tiempo sin fatiga<br \/>\nLa configuraci\u00f3n simple te permite jugar m\u00e1s r\u00e1pido: simplemente conecta el adaptador inal\u00e1mbrico a un puerto USB y enciende el rat\u00f3n<\/p>\n<p>Forma contorneada y agarres laterales de goma: para una comodidad a largo plazo y un agarre seguro<br \/>\nHasta 60 horas de duraci\u00f3n de la bater\u00eda: reproduce ininterrumpido con la duraci\u00f3n de la bater\u00eda que dura d\u00edas, o enchufa para modo con cable para seguir jugando mientras se carga<\/p>\n<p>6 botones totalmente programables: llama a las fotos con potentes macros y remaps para una ventaja en el juego<br \/>\nInterruptores Omron ultra duraderos: clasificados para m\u00e1s de 50 millones de clics; sensor \u00f3ptico de 10.000 DPI: para un seguimiento de alta precisi\u00f3n incluso con el m\u00e1s m\u00ednimo movimiento<br \/>\nCompatible con Xbox One para jugar juegos habilitados para rat\u00f3n<\/p>\n","protected":false},"excerpt":{"rendered":"<p>Tecnolog\u00eda de conectividad USB<br \/>\nMarca Corsair<br \/>\nTecnolog\u00eda de detecci\u00f3n de movimiento Optical<br \/>\nCantidad de botones 6<br \/>\nEstilo Inal\u00e1mbrico<\/p>\n","protected":false},"featured_media":14639,"comment_status":"open","ping_status":"closed","template":"","meta":[],"pwb-brand":[100],"product_brand":[],"product_cat":[38],"product_tag":[157],"class_list":{"0":"post-13078","1":"product","2":"type-product","3":"status-publish","4":"has-post-thumbnail","6":"pwb-brand-corsair","7":"product_cat-mouse","8":"product_tag-harpoon","10":"first","11":"instock","12":"taxable","13":"shipping-taxable","14":"purchasable","15":"product-type-simple"},"yoast_head":"<!-- This site is optimized with the Yoast SEO plugin v26.7 - https:\/\/yoast.com\/wordpress\/plugins\/seo\/ -->\n<title>CORSAIR HARPOON RGB INALAMBRICO - PC MASTERS BOGOTA<\/title>\n<meta name=\"robots\" content=\"index, follow, max-snippet:-1, max-image-preview:large, max-video-preview:-1\" \/>\n<link rel=\"canonical\" href=\"https:\/\/pcmastersbogota.com.co\/es_es\/producto\/corsair-harpoon-rgb-inalambrico\/\" \/>\n<meta property=\"og:locale\" content=\"es_ES\" \/>\n<meta property=\"og:type\" content=\"article\" \/>\n<meta property=\"og:title\" content=\"CORSAIR HARPOON RGB INALAMBRICO - PC MASTERS BOGOTA\" \/>\n<meta property=\"og:description\" content=\"Tecnolog\u00eda de conectividad USB Marca Corsair Tecnolog\u00eda de detecci\u00f3n de movimiento Optical Cantidad de botones 6 Estilo Inal\u00e1mbrico\" \/>\n<meta property=\"og:url\" content=\"https:\/\/pcmastersbogota.com.co\/es_es\/producto\/corsair-harpoon-rgb-inalambrico\/\" \/>\n<meta property=\"og:site_name\" content=\"PC MASTERS BOGOTA\" \/>\n<meta property=\"article:modified_time\" content=\"2021-10-26T19:18:14+00:00\" \/>\n<meta property=\"og:image\" content=\"https:\/\/pcmastersbogota.com.co\/wp-content\/uploads\/2021\/08\/CH-9311011-EU-Gallery-Harpoon-RGB-Wireless-13.webp\" \/>\n\t<meta property=\"og:image:width\" content=\"1200\" \/>\n\t<meta property=\"og:image:height\" content=\"1200\" \/>\n\t<meta property=\"og:image:type\" content=\"image\/webp\" \/>\n<meta name=\"twitter:card\" content=\"summary_large_image\" \/>\n<meta name=\"twitter:label1\" content=\"Tiempo de lectura\" \/>\n\t<meta name=\"twitter:data1\" content=\"1 minuto\" \/>\n<script type=\"application\/ld+json\" class=\"yoast-schema-graph\">{\"@context\":\"https:\/\/schema.org\",\"@graph\":[{\"@type\":\"WebPage\",\"@id\":\"https:\/\/pcmastersbogota.com.co\/es_es\/producto\/corsair-harpoon-rgb-inalambrico\/\",\"url\":\"https:\/\/pcmastersbogota.com.co\/es_es\/producto\/corsair-harpoon-rgb-inalambrico\/\",\"name\":\"CORSAIR HARPOON RGB INALAMBRICO - PC MASTERS BOGOTA\",\"isPartOf\":{\"@id\":\"https:\/\/pcmastersbogota.com.co\/es_es\/#website\"},\"primaryImageOfPage\":{\"@id\":\"https:\/\/pcmastersbogota.com.co\/es_es\/producto\/corsair-harpoon-rgb-inalambrico\/#primaryimage\"},\"image\":{\"@id\":\"https:\/\/pcmastersbogota.com.co\/es_es\/producto\/corsair-harpoon-rgb-inalambrico\/#primaryimage\"},\"thumbnailUrl\":\"https:\/\/pcmastersbogota.com.co\/wp-content\/uploads\/2021\/08\/CH-9311011-EU-Gallery-Harpoon-RGB-Wireless-13.webp\",\"datePublished\":\"2021-08-05T23:23:25+00:00\",\"dateModified\":\"2021-10-26T19:18:14+00:00\",\"breadcrumb\":{\"@id\":\"https:\/\/pcmastersbogota.com.co\/es_es\/producto\/corsair-harpoon-rgb-inalambrico\/#breadcrumb\"},\"inLanguage\":\"es\",\"potentialAction\":[{\"@type\":\"ReadAction\",\"target\":[\"https:\/\/pcmastersbogota.com.co\/es_es\/producto\/corsair-harpoon-rgb-inalambrico\/\"]}]},{\"@type\":\"ImageObject\",\"inLanguage\":\"es\",\"@id\":\"https:\/\/pcmastersbogota.com.co\/es_es\/producto\/corsair-harpoon-rgb-inalambrico\/#primaryimage\",\"url\":\"https:\/\/pcmastersbogota.com.co\/wp-content\/uploads\/2021\/08\/CH-9311011-EU-Gallery-Harpoon-RGB-Wireless-13.webp\",\"contentUrl\":\"https:\/\/pcmastersbogota.com.co\/wp-content\/uploads\/2021\/08\/CH-9311011-EU-Gallery-Harpoon-RGB-Wireless-13.webp\",\"width\":1200,\"height\":1200},{\"@type\":\"BreadcrumbList\",\"@id\":\"https:\/\/pcmastersbogota.com.co\/es_es\/producto\/corsair-harpoon-rgb-inalambrico\/#breadcrumb\",\"itemListElement\":[{\"@type\":\"ListItem\",\"position\":1,\"name\":\"Home\",\"item\":\"https:\/\/pcmastersbogota.com.co\/\"},{\"@type\":\"ListItem\",\"position\":2,\"name\":\"Tienda\",\"item\":\"https:\/\/pcmastersbogota.com.co\/es_es\/tienda\/\"},{\"@type\":\"ListItem\",\"position\":3,\"name\":\"CORSAIR HARPOON RGB INALAMBRICO\"}]},{\"@type\":\"WebSite\",\"@id\":\"https:\/\/pcmastersbogota.com.co\/es_es\/#website\",\"url\":\"https:\/\/pcmastersbogota.com.co\/es_es\/\",\"name\":\"PC MASTERS BOGOTA\",\"description\":\"\",\"potentialAction\":[{\"@type\":\"SearchAction\",\"target\":{\"@type\":\"EntryPoint\",\"urlTemplate\":\"https:\/\/pcmastersbogota.com.co\/es_es\/?s={search_term_string}\"},\"query-input\":{\"@type\":\"PropertyValueSpecification\",\"valueRequired\":true,\"valueName\":\"search_term_string\"}}],\"inLanguage\":\"es\"}]}<\/script>\n<!-- \/ Yoast SEO plugin. -->","yoast_head_json":{"title":"CORSAIR HARPOON RGB INALAMBRICO - PC MASTERS BOGOTA","robots":{"index":"index","follow":"follow","max-snippet":"max-snippet:-1","max-image-preview":"max-image-preview:large","max-video-preview":"max-video-preview:-1"},"canonical":"https:\/\/pcmastersbogota.com.co\/es_es\/producto\/corsair-harpoon-rgb-inalambrico\/","og_locale":"es_ES","og_type":"article","og_title":"CORSAIR HARPOON RGB INALAMBRICO - PC MASTERS BOGOTA","og_description":"Tecnolog\u00eda de conectividad USB Marca Corsair Tecnolog\u00eda de detecci\u00f3n de movimiento Optical Cantidad de botones 6 Estilo Inal\u00e1mbrico","og_url":"https:\/\/pcmastersbogota.com.co\/es_es\/producto\/corsair-harpoon-rgb-inalambrico\/","og_site_name":"PC MASTERS BOGOTA","article_modified_time":"2021-10-26T19:18:14+00:00","og_image":[{"width":1200,"height":1200,"url":"https:\/\/pcmastersbogota.com.co\/wp-content\/uploads\/2021\/08\/CH-9311011-EU-Gallery-Harpoon-RGB-Wireless-13.webp","type":"image\/webp"}],"twitter_card":"summary_large_image","twitter_misc":{"Tiempo de lectura":"1 minuto"},"schema":{"@context":"https:\/\/schema.org","@graph":[{"@type":"WebPage","@id":"https:\/\/pcmastersbogota.com.co\/es_es\/producto\/corsair-harpoon-rgb-inalambrico\/","url":"https:\/\/pcmastersbogota.com.co\/es_es\/producto\/corsair-harpoon-rgb-inalambrico\/","name":"CORSAIR HARPOON RGB INALAMBRICO - PC MASTERS BOGOTA","isPartOf":{"@id":"https:\/\/pcmastersbogota.com.co\/es_es\/#website"},"primaryImageOfPage":{"@id":"https:\/\/pcmastersbogota.com.co\/es_es\/producto\/corsair-harpoon-rgb-inalambrico\/#primaryimage"},"image":{"@id":"https:\/\/pcmastersbogota.com.co\/es_es\/producto\/corsair-harpoon-rgb-inalambrico\/#primaryimage"},"thumbnailUrl":"https:\/\/pcmastersbogota.com.co\/wp-content\/uploads\/2021\/08\/CH-9311011-EU-Gallery-Harpoon-RGB-Wireless-13.webp","datePublished":"2021-08-05T23:23:25+00:00","dateModified":"2021-10-26T19:18:14+00:00","breadcrumb":{"@id":"https:\/\/pcmastersbogota.com.co\/es_es\/producto\/corsair-harpoon-rgb-inalambrico\/#breadcrumb"},"inLanguage":"es","potentialAction":[{"@type":"ReadAction","target":["https:\/\/pcmastersbogota.com.co\/es_es\/producto\/corsair-harpoon-rgb-inalambrico\/"]}]},{"@type":"ImageObject","inLanguage":"es","@id":"https:\/\/pcmastersbogota.com.co\/es_es\/producto\/corsair-harpoon-rgb-inalambrico\/#primaryimage","url":"https:\/\/pcmastersbogota.com.co\/wp-content\/uploads\/2021\/08\/CH-9311011-EU-Gallery-Harpoon-RGB-Wireless-13.webp","contentUrl":"https:\/\/pcmastersbogota.com.co\/wp-content\/uploads\/2021\/08\/CH-9311011-EU-Gallery-Harpoon-RGB-Wireless-13.webp","width":1200,"height":1200},{"@type":"BreadcrumbList","@id":"https:\/\/pcmastersbogota.com.co\/es_es\/producto\/corsair-harpoon-rgb-inalambrico\/#breadcrumb","itemListElement":[{"@type":"ListItem","position":1,"name":"Home","item":"https:\/\/pcmastersbogota.com.co\/"},{"@type":"ListItem","position":2,"name":"Tienda","item":"https:\/\/pcmastersbogota.com.co\/es_es\/tienda\/"},{"@type":"ListItem","position":3,"name":"CORSAIR HARPOON RGB INALAMBRICO"}]},{"@type":"WebSite","@id":"https:\/\/pcmastersbogota.com.co\/es_es\/#website","url":"https:\/\/pcmastersbogota.com.co\/es_es\/","name":"PC MASTERS BOGOTA","description":"","potentialAction":[{"@type":"SearchAction","target":{"@type":"EntryPoint","urlTemplate":"https:\/\/pcmastersbogota.com.co\/es_es\/?s={search_term_string}"},"query-input":{"@type":"PropertyValueSpecification","valueRequired":true,"valueName":"search_term_string"}}],"inLanguage":"es"}]}},"brands":[{"id":100,"name":"CORSAIR","slug":"corsair"}],"_links":{"self":[{"href":"https:\/\/pcmastersbogota.com.co\/es_es\/wp-json\/wp\/v2\/product\/13078","targetHints":{"allow":["GET"]}}],"collection":[{"href":"https:\/\/pcmastersbogota.com.co\/es_es\/wp-json\/wp\/v2\/product"}],"about":[{"href":"https:\/\/pcmastersbogota.com.co\/es_es\/wp-json\/wp\/v2\/types\/product"}],"replies":[{"embeddable":true,"href":"https:\/\/pcmastersbogota.com.co\/es_es\/wp-json\/wp\/v2\/comments?post=13078"}],"version-history":[{"count":4,"href":"https:\/\/pcmastersbogota.com.co\/es_es\/wp-json\/wp\/v2\/product\/13078\/revisions"}],"predecessor-version":[{"id":18060,"href":"https:\/\/pcmastersbogota.com.co\/es_es\/wp-json\/wp\/v2\/product\/13078\/revisions\/18060"}],"wp:featuredmedia":[{"embeddable":true,"href":"https:\/\/pcmastersbogota.com.co\/es_es\/wp-json\/wp\/v2\/media\/14639"}],"wp:attachment":[{"href":"https:\/\/pcmastersbogota.com.co\/es_es\/wp-json\/wp\/v2\/media?parent=13078"}],"wp:term":[{"taxonomy":"pwb-brand","embeddable":true,"href":"https:\/\/pcmastersbogota.com.co\/es_es\/wp-json\/wp\/v2\/pwb-brand?post=13078"},{"taxonomy":"product_brand","embeddable":true,"href":"https:\/\/pcmastersbogota.com.co\/es_es\/wp-json\/wp\/v2\/product_brand?post=13078"},{"taxonomy":"product_cat","embeddable":true,"href":"https:\/\/pcmastersbogota.com.co\/es_es\/wp-json\/wp\/v2\/product_cat?post=13078"},{"taxonomy":"product_tag","embeddable":true,"href":"https:\/\/pcmastersbogota.com.co\/es_es\/wp-json\/wp\/v2\/product_tag?post=13078"}],"curies":[{"name":"wp","href":"https:\/\/api.w.org\/{rel}","templated":true}]}}