{"id":13082,"date":"2021-08-05T18:23:26","date_gmt":"2021-08-05T23:23:26","guid":{"rendered":"https:\/\/pcmastersbogota.com.co\/?post_type=product&#038;p=13082"},"modified":"2021-10-26T14:18:14","modified_gmt":"2021-10-26T19:18:14","slug":"corsair-scimitar-pro-rgb-yellow","status":"publish","type":"product","link":"https:\/\/pcmastersbogota.com.co\/es_es\/producto\/corsair-scimitar-pro-rgb-yellow\/","title":{"rendered":"CORSAIR SCIMITAR PRO RGB YELLOW"},"content":{"rendered":"<p>https:\/\/www.corsair.com\/us\/en\/Categories\/Products\/Gaming-Mice\/MMO-Role-Play-Mice\/scimitar-pro-config\/p\/CH-9304011-NA<\/p>\n<p>Es inal\u00e1mbrico USB: No<br \/>\nCaracter\u00edsticas generales<br \/>\nMarca<br \/>\nCorsair<br \/>\nL\u00ednea<br \/>\nGaming<br \/>\nModelo<br \/>\nScimitar PRO<br \/>\nSensor<br \/>\nTipo de sensor<br \/>\n\u00d3ptico<br \/>\nTecnolog\u00eda del sensor<br \/>\nPMW3367<br \/>\nResoluci\u00f3n del sensor<br \/>\n16000 dpi<br \/>\nTecnolog\u00eda<br \/>\nCon Bluetooth<br \/>\nNo<br \/>\nEspecificaciones<br \/>\nTipo de mouse<br \/>\nDe juego<br \/>\nEs inal\u00e1mbrico USB<br \/>\nNo<br \/>\nCantidad de botones<br \/>\n17<br \/>\nInterfaces<br \/>\nUSB<br \/>\nAlcance m\u00e1ximo<br \/>\n1.8 m<br \/>\nEs recargable<br \/>\nNo<br \/>\nOtros<br \/>\nCon cable<br \/>\nS\u00ed<br \/>\nCon rueda de desplazamiento<br \/>\nS\u00ed<br \/>\nCon luces<br \/>\nS\u00ed<\/p>\n","protected":false},"excerpt":{"rendered":"<p>Caracter\u00edsticas del producto<\/p>\n<p>Tipo de mouse: De juego<\/p>\n<p>Resoluci\u00f3n del sensor: 16000 dpi<\/p>\n<p>Con bluetooth: No<\/p>\n<p>Tipo de sensor: \u00d3ptico<\/p>\n<p>&nbsp;<\/p>\n","protected":false},"featured_media":14573,"comment_status":"open","ping_status":"closed","template":"","meta":[],"pwb-brand":[100],"product_brand":[],"product_cat":[38],"product_tag":[162],"class_list":{"0":"post-13082","1":"product","2":"type-product","3":"status-publish","4":"has-post-thumbnail","6":"pwb-brand-corsair","7":"product_cat-mouse","8":"product_tag-scimitar","10":"first","11":"instock","12":"taxable","13":"shipping-taxable","14":"purchasable","15":"product-type-simple"},"yoast_head":"<!-- This site is optimized with the Yoast SEO plugin v26.7 - https:\/\/yoast.com\/wordpress\/plugins\/seo\/ -->\n<title>CORSAIR SCIMITAR PRO RGB YELLOW - PC MASTERS BOGOTA<\/title>\n<meta name=\"robots\" content=\"index, follow, max-snippet:-1, max-image-preview:large, max-video-preview:-1\" \/>\n<link rel=\"canonical\" href=\"https:\/\/pcmastersbogota.com.co\/es_es\/producto\/corsair-scimitar-pro-rgb-yellow\/\" \/>\n<meta property=\"og:locale\" content=\"es_ES\" \/>\n<meta property=\"og:type\" content=\"article\" \/>\n<meta property=\"og:title\" content=\"CORSAIR SCIMITAR PRO RGB YELLOW - PC MASTERS BOGOTA\" \/>\n<meta property=\"og:description\" content=\"Caracter\u00edsticas del producto  Tipo de mouse: De juego  Resoluci\u00f3n del sensor: 16000 dpi  Con bluetooth: No  Tipo de sensor: \u00d3ptico  &nbsp;\" \/>\n<meta property=\"og:url\" content=\"https:\/\/pcmastersbogota.com.co\/es_es\/producto\/corsair-scimitar-pro-rgb-yellow\/\" \/>\n<meta property=\"og:site_name\" content=\"PC MASTERS BOGOTA\" \/>\n<meta property=\"article:modified_time\" content=\"2021-10-26T19:18:14+00:00\" \/>\n<meta property=\"og:image\" content=\"https:\/\/pcmastersbogota.com.co\/wp-content\/uploads\/2021\/08\/CH-9304011-NA-Gallery-Scimitar-PRO-02.webp\" \/>\n\t<meta property=\"og:image:width\" content=\"1200\" \/>\n\t<meta property=\"og:image:height\" content=\"1200\" \/>\n\t<meta property=\"og:image:type\" content=\"image\/webp\" \/>\n<meta name=\"twitter:card\" content=\"summary_large_image\" \/>\n<script type=\"application\/ld+json\" class=\"yoast-schema-graph\">{\"@context\":\"https:\/\/schema.org\",\"@graph\":[{\"@type\":\"WebPage\",\"@id\":\"https:\/\/pcmastersbogota.com.co\/es_es\/producto\/corsair-scimitar-pro-rgb-yellow\/\",\"url\":\"https:\/\/pcmastersbogota.com.co\/es_es\/producto\/corsair-scimitar-pro-rgb-yellow\/\",\"name\":\"CORSAIR SCIMITAR PRO RGB YELLOW - PC MASTERS BOGOTA\",\"isPartOf\":{\"@id\":\"https:\/\/pcmastersbogota.com.co\/es_es\/#website\"},\"primaryImageOfPage\":{\"@id\":\"https:\/\/pcmastersbogota.com.co\/es_es\/producto\/corsair-scimitar-pro-rgb-yellow\/#primaryimage\"},\"image\":{\"@id\":\"https:\/\/pcmastersbogota.com.co\/es_es\/producto\/corsair-scimitar-pro-rgb-yellow\/#primaryimage\"},\"thumbnailUrl\":\"https:\/\/pcmastersbogota.com.co\/wp-content\/uploads\/2021\/08\/CH-9304011-NA-Gallery-Scimitar-PRO-02.webp\",\"datePublished\":\"2021-08-05T23:23:26+00:00\",\"dateModified\":\"2021-10-26T19:18:14+00:00\",\"breadcrumb\":{\"@id\":\"https:\/\/pcmastersbogota.com.co\/es_es\/producto\/corsair-scimitar-pro-rgb-yellow\/#breadcrumb\"},\"inLanguage\":\"es\",\"potentialAction\":[{\"@type\":\"ReadAction\",\"target\":[\"https:\/\/pcmastersbogota.com.co\/es_es\/producto\/corsair-scimitar-pro-rgb-yellow\/\"]}]},{\"@type\":\"ImageObject\",\"inLanguage\":\"es\",\"@id\":\"https:\/\/pcmastersbogota.com.co\/es_es\/producto\/corsair-scimitar-pro-rgb-yellow\/#primaryimage\",\"url\":\"https:\/\/pcmastersbogota.com.co\/wp-content\/uploads\/2021\/08\/CH-9304011-NA-Gallery-Scimitar-PRO-02.webp\",\"contentUrl\":\"https:\/\/pcmastersbogota.com.co\/wp-content\/uploads\/2021\/08\/CH-9304011-NA-Gallery-Scimitar-PRO-02.webp\",\"width\":1200,\"height\":1200},{\"@type\":\"BreadcrumbList\",\"@id\":\"https:\/\/pcmastersbogota.com.co\/es_es\/producto\/corsair-scimitar-pro-rgb-yellow\/#breadcrumb\",\"itemListElement\":[{\"@type\":\"ListItem\",\"position\":1,\"name\":\"Home\",\"item\":\"https:\/\/pcmastersbogota.com.co\/\"},{\"@type\":\"ListItem\",\"position\":2,\"name\":\"Tienda\",\"item\":\"https:\/\/pcmastersbogota.com.co\/es_es\/tienda\/\"},{\"@type\":\"ListItem\",\"position\":3,\"name\":\"CORSAIR SCIMITAR PRO RGB YELLOW\"}]},{\"@type\":\"WebSite\",\"@id\":\"https:\/\/pcmastersbogota.com.co\/es_es\/#website\",\"url\":\"https:\/\/pcmastersbogota.com.co\/es_es\/\",\"name\":\"PC MASTERS BOGOTA\",\"description\":\"\",\"potentialAction\":[{\"@type\":\"SearchAction\",\"target\":{\"@type\":\"EntryPoint\",\"urlTemplate\":\"https:\/\/pcmastersbogota.com.co\/es_es\/?s={search_term_string}\"},\"query-input\":{\"@type\":\"PropertyValueSpecification\",\"valueRequired\":true,\"valueName\":\"search_term_string\"}}],\"inLanguage\":\"es\"}]}<\/script>\n<!-- \/ Yoast SEO plugin. -->","yoast_head_json":{"title":"CORSAIR SCIMITAR PRO RGB YELLOW - PC MASTERS BOGOTA","robots":{"index":"index","follow":"follow","max-snippet":"max-snippet:-1","max-image-preview":"max-image-preview:large","max-video-preview":"max-video-preview:-1"},"canonical":"https:\/\/pcmastersbogota.com.co\/es_es\/producto\/corsair-scimitar-pro-rgb-yellow\/","og_locale":"es_ES","og_type":"article","og_title":"CORSAIR SCIMITAR PRO RGB YELLOW - PC MASTERS BOGOTA","og_description":"Caracter\u00edsticas del producto  Tipo de mouse: De juego  Resoluci\u00f3n del sensor: 16000 dpi  Con bluetooth: No  Tipo de sensor: \u00d3ptico  &nbsp;","og_url":"https:\/\/pcmastersbogota.com.co\/es_es\/producto\/corsair-scimitar-pro-rgb-yellow\/","og_site_name":"PC MASTERS BOGOTA","article_modified_time":"2021-10-26T19:18:14+00:00","og_image":[{"width":1200,"height":1200,"url":"https:\/\/pcmastersbogota.com.co\/wp-content\/uploads\/2021\/08\/CH-9304011-NA-Gallery-Scimitar-PRO-02.webp","type":"image\/webp"}],"twitter_card":"summary_large_image","schema":{"@context":"https:\/\/schema.org","@graph":[{"@type":"WebPage","@id":"https:\/\/pcmastersbogota.com.co\/es_es\/producto\/corsair-scimitar-pro-rgb-yellow\/","url":"https:\/\/pcmastersbogota.com.co\/es_es\/producto\/corsair-scimitar-pro-rgb-yellow\/","name":"CORSAIR SCIMITAR PRO RGB YELLOW - PC MASTERS BOGOTA","isPartOf":{"@id":"https:\/\/pcmastersbogota.com.co\/es_es\/#website"},"primaryImageOfPage":{"@id":"https:\/\/pcmastersbogota.com.co\/es_es\/producto\/corsair-scimitar-pro-rgb-yellow\/#primaryimage"},"image":{"@id":"https:\/\/pcmastersbogota.com.co\/es_es\/producto\/corsair-scimitar-pro-rgb-yellow\/#primaryimage"},"thumbnailUrl":"https:\/\/pcmastersbogota.com.co\/wp-content\/uploads\/2021\/08\/CH-9304011-NA-Gallery-Scimitar-PRO-02.webp","datePublished":"2021-08-05T23:23:26+00:00","dateModified":"2021-10-26T19:18:14+00:00","breadcrumb":{"@id":"https:\/\/pcmastersbogota.com.co\/es_es\/producto\/corsair-scimitar-pro-rgb-yellow\/#breadcrumb"},"inLanguage":"es","potentialAction":[{"@type":"ReadAction","target":["https:\/\/pcmastersbogota.com.co\/es_es\/producto\/corsair-scimitar-pro-rgb-yellow\/"]}]},{"@type":"ImageObject","inLanguage":"es","@id":"https:\/\/pcmastersbogota.com.co\/es_es\/producto\/corsair-scimitar-pro-rgb-yellow\/#primaryimage","url":"https:\/\/pcmastersbogota.com.co\/wp-content\/uploads\/2021\/08\/CH-9304011-NA-Gallery-Scimitar-PRO-02.webp","contentUrl":"https:\/\/pcmastersbogota.com.co\/wp-content\/uploads\/2021\/08\/CH-9304011-NA-Gallery-Scimitar-PRO-02.webp","width":1200,"height":1200},{"@type":"BreadcrumbList","@id":"https:\/\/pcmastersbogota.com.co\/es_es\/producto\/corsair-scimitar-pro-rgb-yellow\/#breadcrumb","itemListElement":[{"@type":"ListItem","position":1,"name":"Home","item":"https:\/\/pcmastersbogota.com.co\/"},{"@type":"ListItem","position":2,"name":"Tienda","item":"https:\/\/pcmastersbogota.com.co\/es_es\/tienda\/"},{"@type":"ListItem","position":3,"name":"CORSAIR SCIMITAR PRO RGB YELLOW"}]},{"@type":"WebSite","@id":"https:\/\/pcmastersbogota.com.co\/es_es\/#website","url":"https:\/\/pcmastersbogota.com.co\/es_es\/","name":"PC MASTERS BOGOTA","description":"","potentialAction":[{"@type":"SearchAction","target":{"@type":"EntryPoint","urlTemplate":"https:\/\/pcmastersbogota.com.co\/es_es\/?s={search_term_string}"},"query-input":{"@type":"PropertyValueSpecification","valueRequired":true,"valueName":"search_term_string"}}],"inLanguage":"es"}]}},"brands":[{"id":100,"name":"CORSAIR","slug":"corsair"}],"_links":{"self":[{"href":"https:\/\/pcmastersbogota.com.co\/es_es\/wp-json\/wp\/v2\/product\/13082","targetHints":{"allow":["GET"]}}],"collection":[{"href":"https:\/\/pcmastersbogota.com.co\/es_es\/wp-json\/wp\/v2\/product"}],"about":[{"href":"https:\/\/pcmastersbogota.com.co\/es_es\/wp-json\/wp\/v2\/types\/product"}],"replies":[{"embeddable":true,"href":"https:\/\/pcmastersbogota.com.co\/es_es\/wp-json\/wp\/v2\/comments?post=13082"}],"version-history":[{"count":4,"href":"https:\/\/pcmastersbogota.com.co\/es_es\/wp-json\/wp\/v2\/product\/13082\/revisions"}],"predecessor-version":[{"id":18049,"href":"https:\/\/pcmastersbogota.com.co\/es_es\/wp-json\/wp\/v2\/product\/13082\/revisions\/18049"}],"wp:featuredmedia":[{"embeddable":true,"href":"https:\/\/pcmastersbogota.com.co\/es_es\/wp-json\/wp\/v2\/media\/14573"}],"wp:attachment":[{"href":"https:\/\/pcmastersbogota.com.co\/es_es\/wp-json\/wp\/v2\/media?parent=13082"}],"wp:term":[{"taxonomy":"pwb-brand","embeddable":true,"href":"https:\/\/pcmastersbogota.com.co\/es_es\/wp-json\/wp\/v2\/pwb-brand?post=13082"},{"taxonomy":"product_brand","embeddable":true,"href":"https:\/\/pcmastersbogota.com.co\/es_es\/wp-json\/wp\/v2\/product_brand?post=13082"},{"taxonomy":"product_cat","embeddable":true,"href":"https:\/\/pcmastersbogota.com.co\/es_es\/wp-json\/wp\/v2\/product_cat?post=13082"},{"taxonomy":"product_tag","embeddable":true,"href":"https:\/\/pcmastersbogota.com.co\/es_es\/wp-json\/wp\/v2\/product_tag?post=13082"}],"curies":[{"name":"wp","href":"https:\/\/api.w.org\/{rel}","templated":true}]}}