{"id":13083,"date":"2021-08-05T18:23:26","date_gmt":"2021-08-05T23:23:26","guid":{"rendered":"https:\/\/pcmastersbogota.com.co\/?post_type=product&#038;p=13083"},"modified":"2021-10-26T14:18:14","modified_gmt":"2021-10-26T19:18:14","slug":"corsair-scimitar-elite-rgb","status":"publish","type":"product","link":"https:\/\/pcmastersbogota.com.co\/es_es\/producto\/corsair-scimitar-elite-rgb\/","title":{"rendered":"CORSAIR SCIMITAR ELITE RGB"},"content":{"rendered":"<p>https:\/\/www.corsair.com\/lm\/es\/Categor%C3%ADas\/Productos\/Ratones-para-juegos\/Ratones-para-juegos-de-rol-MMO\/SCIMITAR-RGB-ELITE-Optical-MOBA-MMO-Gaming-Mouse\/p\/CH-9304211-NA<\/p>\n<p>Sobre este art\u00edculo<br \/>\nCargado con 17 botones totalmente programables, ideal para realizar acciones frecuentes y ejecutar macros complejos en MMOs y MOBA.<\/p>\n<p>El sistema de control deslizante patentado te permite reposicionar los 12 botones laterales para adaptarse c\u00f3modamente a tu agarre. Reproducci\u00f3n de macro de hardware: tres perfiles predefinidos incluyen acciones comunes para juegos MMO, as\u00ed como atajos de teclado de uso general. Sensor \u00f3ptico de 16000 DPI: motor de seguimiento ultra preciso y de alta velocidad. Ajuste de calibraci\u00f3n de superficie: optimiza la precisi\u00f3n del sensor y la capacidad de respuesta para tu superficie de juego.<\/p>\n<p>Equipado con un sensor \u00f3ptico PixArt PMW3391 nativo de 18.000 DPI, ajustable en pasos de resoluci\u00f3n de 1 DPI, para un seguimiento altamente preciso y personalizable.<\/p>\n<p>Los 50 millones de interruptores Omron de SCIMITAR RGB ELITE con clasificaci\u00f3n de clic, la rueda de desplazamiento duradera y el cable trenzado garantizan que soporta el desgaste de los juegos extendidos.<\/p>\n<p>Esculpido para adaptarse c\u00f3modamente a los contornos de tu palma, independientemente del tama\u00f1o de la mano o del estilo de agarre, con un reposapi\u00e9s derecho para mayor apoyo.<br \/>\nDispositivos compatibles: un PC con un puerto USB<\/p>\n","protected":false},"excerpt":{"rendered":"<p>Tecnolog\u00eda de conectividad USB<br \/>\nMarca Corsair<br \/>\nDispositivos compatibles A PC with a USB port<br \/>\nTecnolog\u00eda de detecci\u00f3n de movimiento Optical<br \/>\nColor Negro<\/p>\n","protected":false},"featured_media":14580,"comment_status":"open","ping_status":"closed","template":"","meta":[],"pwb-brand":[100],"product_brand":[],"product_cat":[38],"product_tag":[162],"class_list":{"0":"post-13083","1":"product","2":"type-product","3":"status-publish","4":"has-post-thumbnail","6":"pwb-brand-corsair","7":"product_cat-mouse","8":"product_tag-scimitar","10":"first","11":"instock","12":"taxable","13":"shipping-taxable","14":"purchasable","15":"product-type-simple"},"yoast_head":"<!-- This site is optimized with the Yoast SEO plugin v26.7 - https:\/\/yoast.com\/wordpress\/plugins\/seo\/ -->\n<title>CORSAIR SCIMITAR ELITE RGB - PC MASTERS BOGOTA<\/title>\n<meta name=\"robots\" content=\"index, follow, max-snippet:-1, max-image-preview:large, max-video-preview:-1\" \/>\n<link rel=\"canonical\" href=\"https:\/\/pcmastersbogota.com.co\/es_es\/producto\/corsair-scimitar-elite-rgb\/\" \/>\n<meta property=\"og:locale\" content=\"es_ES\" \/>\n<meta property=\"og:type\" content=\"article\" \/>\n<meta property=\"og:title\" content=\"CORSAIR SCIMITAR ELITE RGB - PC MASTERS BOGOTA\" \/>\n<meta property=\"og:description\" content=\"Tecnolog\u00eda de conectividad USB Marca Corsair Dispositivos compatibles A PC with a USB port Tecnolog\u00eda de detecci\u00f3n de movimiento Optical Color Negro\" \/>\n<meta property=\"og:url\" content=\"https:\/\/pcmastersbogota.com.co\/es_es\/producto\/corsair-scimitar-elite-rgb\/\" \/>\n<meta property=\"og:site_name\" content=\"PC MASTERS BOGOTA\" \/>\n<meta property=\"article:modified_time\" content=\"2021-10-26T19:18:14+00:00\" \/>\n<meta property=\"og:image\" content=\"https:\/\/pcmastersbogota.com.co\/wp-content\/uploads\/2021\/08\/CH-9304211-NA-Gallery-Scimitar-ELITE-BLK-02.webp\" \/>\n\t<meta property=\"og:image:width\" content=\"1200\" \/>\n\t<meta property=\"og:image:height\" content=\"1200\" \/>\n\t<meta property=\"og:image:type\" content=\"image\/webp\" \/>\n<meta name=\"twitter:card\" content=\"summary_large_image\" \/>\n<meta name=\"twitter:label1\" content=\"Tiempo de lectura\" \/>\n\t<meta name=\"twitter:data1\" content=\"1 minuto\" \/>\n<script type=\"application\/ld+json\" class=\"yoast-schema-graph\">{\"@context\":\"https:\/\/schema.org\",\"@graph\":[{\"@type\":\"WebPage\",\"@id\":\"https:\/\/pcmastersbogota.com.co\/es_es\/producto\/corsair-scimitar-elite-rgb\/\",\"url\":\"https:\/\/pcmastersbogota.com.co\/es_es\/producto\/corsair-scimitar-elite-rgb\/\",\"name\":\"CORSAIR SCIMITAR ELITE RGB - PC MASTERS BOGOTA\",\"isPartOf\":{\"@id\":\"https:\/\/pcmastersbogota.com.co\/es_es\/#website\"},\"primaryImageOfPage\":{\"@id\":\"https:\/\/pcmastersbogota.com.co\/es_es\/producto\/corsair-scimitar-elite-rgb\/#primaryimage\"},\"image\":{\"@id\":\"https:\/\/pcmastersbogota.com.co\/es_es\/producto\/corsair-scimitar-elite-rgb\/#primaryimage\"},\"thumbnailUrl\":\"https:\/\/pcmastersbogota.com.co\/wp-content\/uploads\/2021\/08\/CH-9304211-NA-Gallery-Scimitar-ELITE-BLK-02.webp\",\"datePublished\":\"2021-08-05T23:23:26+00:00\",\"dateModified\":\"2021-10-26T19:18:14+00:00\",\"breadcrumb\":{\"@id\":\"https:\/\/pcmastersbogota.com.co\/es_es\/producto\/corsair-scimitar-elite-rgb\/#breadcrumb\"},\"inLanguage\":\"es\",\"potentialAction\":[{\"@type\":\"ReadAction\",\"target\":[\"https:\/\/pcmastersbogota.com.co\/es_es\/producto\/corsair-scimitar-elite-rgb\/\"]}]},{\"@type\":\"ImageObject\",\"inLanguage\":\"es\",\"@id\":\"https:\/\/pcmastersbogota.com.co\/es_es\/producto\/corsair-scimitar-elite-rgb\/#primaryimage\",\"url\":\"https:\/\/pcmastersbogota.com.co\/wp-content\/uploads\/2021\/08\/CH-9304211-NA-Gallery-Scimitar-ELITE-BLK-02.webp\",\"contentUrl\":\"https:\/\/pcmastersbogota.com.co\/wp-content\/uploads\/2021\/08\/CH-9304211-NA-Gallery-Scimitar-ELITE-BLK-02.webp\",\"width\":1200,\"height\":1200},{\"@type\":\"BreadcrumbList\",\"@id\":\"https:\/\/pcmastersbogota.com.co\/es_es\/producto\/corsair-scimitar-elite-rgb\/#breadcrumb\",\"itemListElement\":[{\"@type\":\"ListItem\",\"position\":1,\"name\":\"Home\",\"item\":\"https:\/\/pcmastersbogota.com.co\/\"},{\"@type\":\"ListItem\",\"position\":2,\"name\":\"Tienda\",\"item\":\"https:\/\/pcmastersbogota.com.co\/es_es\/tienda\/\"},{\"@type\":\"ListItem\",\"position\":3,\"name\":\"CORSAIR SCIMITAR ELITE RGB\"}]},{\"@type\":\"WebSite\",\"@id\":\"https:\/\/pcmastersbogota.com.co\/es_es\/#website\",\"url\":\"https:\/\/pcmastersbogota.com.co\/es_es\/\",\"name\":\"PC MASTERS BOGOTA\",\"description\":\"\",\"potentialAction\":[{\"@type\":\"SearchAction\",\"target\":{\"@type\":\"EntryPoint\",\"urlTemplate\":\"https:\/\/pcmastersbogota.com.co\/es_es\/?s={search_term_string}\"},\"query-input\":{\"@type\":\"PropertyValueSpecification\",\"valueRequired\":true,\"valueName\":\"search_term_string\"}}],\"inLanguage\":\"es\"}]}<\/script>\n<!-- \/ Yoast SEO plugin. -->","yoast_head_json":{"title":"CORSAIR SCIMITAR ELITE RGB - PC MASTERS BOGOTA","robots":{"index":"index","follow":"follow","max-snippet":"max-snippet:-1","max-image-preview":"max-image-preview:large","max-video-preview":"max-video-preview:-1"},"canonical":"https:\/\/pcmastersbogota.com.co\/es_es\/producto\/corsair-scimitar-elite-rgb\/","og_locale":"es_ES","og_type":"article","og_title":"CORSAIR SCIMITAR ELITE RGB - PC MASTERS BOGOTA","og_description":"Tecnolog\u00eda de conectividad USB Marca Corsair Dispositivos compatibles A PC with a USB port Tecnolog\u00eda de detecci\u00f3n de movimiento Optical Color Negro","og_url":"https:\/\/pcmastersbogota.com.co\/es_es\/producto\/corsair-scimitar-elite-rgb\/","og_site_name":"PC MASTERS BOGOTA","article_modified_time":"2021-10-26T19:18:14+00:00","og_image":[{"width":1200,"height":1200,"url":"https:\/\/pcmastersbogota.com.co\/wp-content\/uploads\/2021\/08\/CH-9304211-NA-Gallery-Scimitar-ELITE-BLK-02.webp","type":"image\/webp"}],"twitter_card":"summary_large_image","twitter_misc":{"Tiempo de lectura":"1 minuto"},"schema":{"@context":"https:\/\/schema.org","@graph":[{"@type":"WebPage","@id":"https:\/\/pcmastersbogota.com.co\/es_es\/producto\/corsair-scimitar-elite-rgb\/","url":"https:\/\/pcmastersbogota.com.co\/es_es\/producto\/corsair-scimitar-elite-rgb\/","name":"CORSAIR SCIMITAR ELITE RGB - PC MASTERS BOGOTA","isPartOf":{"@id":"https:\/\/pcmastersbogota.com.co\/es_es\/#website"},"primaryImageOfPage":{"@id":"https:\/\/pcmastersbogota.com.co\/es_es\/producto\/corsair-scimitar-elite-rgb\/#primaryimage"},"image":{"@id":"https:\/\/pcmastersbogota.com.co\/es_es\/producto\/corsair-scimitar-elite-rgb\/#primaryimage"},"thumbnailUrl":"https:\/\/pcmastersbogota.com.co\/wp-content\/uploads\/2021\/08\/CH-9304211-NA-Gallery-Scimitar-ELITE-BLK-02.webp","datePublished":"2021-08-05T23:23:26+00:00","dateModified":"2021-10-26T19:18:14+00:00","breadcrumb":{"@id":"https:\/\/pcmastersbogota.com.co\/es_es\/producto\/corsair-scimitar-elite-rgb\/#breadcrumb"},"inLanguage":"es","potentialAction":[{"@type":"ReadAction","target":["https:\/\/pcmastersbogota.com.co\/es_es\/producto\/corsair-scimitar-elite-rgb\/"]}]},{"@type":"ImageObject","inLanguage":"es","@id":"https:\/\/pcmastersbogota.com.co\/es_es\/producto\/corsair-scimitar-elite-rgb\/#primaryimage","url":"https:\/\/pcmastersbogota.com.co\/wp-content\/uploads\/2021\/08\/CH-9304211-NA-Gallery-Scimitar-ELITE-BLK-02.webp","contentUrl":"https:\/\/pcmastersbogota.com.co\/wp-content\/uploads\/2021\/08\/CH-9304211-NA-Gallery-Scimitar-ELITE-BLK-02.webp","width":1200,"height":1200},{"@type":"BreadcrumbList","@id":"https:\/\/pcmastersbogota.com.co\/es_es\/producto\/corsair-scimitar-elite-rgb\/#breadcrumb","itemListElement":[{"@type":"ListItem","position":1,"name":"Home","item":"https:\/\/pcmastersbogota.com.co\/"},{"@type":"ListItem","position":2,"name":"Tienda","item":"https:\/\/pcmastersbogota.com.co\/es_es\/tienda\/"},{"@type":"ListItem","position":3,"name":"CORSAIR SCIMITAR ELITE RGB"}]},{"@type":"WebSite","@id":"https:\/\/pcmastersbogota.com.co\/es_es\/#website","url":"https:\/\/pcmastersbogota.com.co\/es_es\/","name":"PC MASTERS BOGOTA","description":"","potentialAction":[{"@type":"SearchAction","target":{"@type":"EntryPoint","urlTemplate":"https:\/\/pcmastersbogota.com.co\/es_es\/?s={search_term_string}"},"query-input":{"@type":"PropertyValueSpecification","valueRequired":true,"valueName":"search_term_string"}}],"inLanguage":"es"}]}},"brands":[{"id":100,"name":"CORSAIR","slug":"corsair"}],"_links":{"self":[{"href":"https:\/\/pcmastersbogota.com.co\/es_es\/wp-json\/wp\/v2\/product\/13083","targetHints":{"allow":["GET"]}}],"collection":[{"href":"https:\/\/pcmastersbogota.com.co\/es_es\/wp-json\/wp\/v2\/product"}],"about":[{"href":"https:\/\/pcmastersbogota.com.co\/es_es\/wp-json\/wp\/v2\/types\/product"}],"replies":[{"embeddable":true,"href":"https:\/\/pcmastersbogota.com.co\/es_es\/wp-json\/wp\/v2\/comments?post=13083"}],"version-history":[{"count":3,"href":"https:\/\/pcmastersbogota.com.co\/es_es\/wp-json\/wp\/v2\/product\/13083\/revisions"}],"predecessor-version":[{"id":18050,"href":"https:\/\/pcmastersbogota.com.co\/es_es\/wp-json\/wp\/v2\/product\/13083\/revisions\/18050"}],"wp:featuredmedia":[{"embeddable":true,"href":"https:\/\/pcmastersbogota.com.co\/es_es\/wp-json\/wp\/v2\/media\/14580"}],"wp:attachment":[{"href":"https:\/\/pcmastersbogota.com.co\/es_es\/wp-json\/wp\/v2\/media?parent=13083"}],"wp:term":[{"taxonomy":"pwb-brand","embeddable":true,"href":"https:\/\/pcmastersbogota.com.co\/es_es\/wp-json\/wp\/v2\/pwb-brand?post=13083"},{"taxonomy":"product_brand","embeddable":true,"href":"https:\/\/pcmastersbogota.com.co\/es_es\/wp-json\/wp\/v2\/product_brand?post=13083"},{"taxonomy":"product_cat","embeddable":true,"href":"https:\/\/pcmastersbogota.com.co\/es_es\/wp-json\/wp\/v2\/product_cat?post=13083"},{"taxonomy":"product_tag","embeddable":true,"href":"https:\/\/pcmastersbogota.com.co\/es_es\/wp-json\/wp\/v2\/product_tag?post=13083"}],"curies":[{"name":"wp","href":"https:\/\/api.w.org\/{rel}","templated":true}]}}