{"id":13089,"date":"2021-08-05T18:23:26","date_gmt":"2021-08-05T23:23:26","guid":{"rendered":"https:\/\/pcmastersbogota.com.co\/?post_type=product&#038;p=13089"},"modified":"2021-10-26T14:18:14","modified_gmt":"2021-10-26T19:18:14","slug":"cougar-surpassion-rx-rgb-inalambr","status":"publish","type":"product","link":"https:\/\/pcmastersbogota.com.co\/es_es\/producto\/cougar-surpassion-rx-rgb-inalambr\/","title":{"rendered":"COUGAR SURPASSION RX RGB INALAMBRICO"},"content":{"rendered":"<p>https:\/\/cougargaming.com\/products\/mice\/surpassion-rx\/<\/p>\n<p>Sobre este art\u00edculo<br \/>\nBater\u00eda de larga duraci\u00f3n: con hasta 20 horas de rendimiento sin parar de primera clase, este rat\u00f3n inal\u00e1mbrico para juegos puede mantener el juego durante el tiempo que puedas<\/p>\n<p>Sistema de afinaci\u00f3n LCD integrado: este revolucionario rat\u00f3n viene equipado con un pr\u00e1ctico (y ligero). Pantalla LCD con botones dedicados que te permiten ajustar DPI (de 50 a 7200, en pasos de 50 DPI), distancia de elevaci\u00f3n, \u00e1ngulo de disparo y tasa de sondeo<\/p>\n<p>Pantalla de nivel de bater\u00eda: la bater\u00eda Surpassion RX dura mucho tiempo, pero para darte tranquilidad siempre es mejor saber exactamente cu\u00e1nto te queda. La pantalla LCD funciona como un pr\u00e1ctico indicador de bater\u00eda para que sepas cu\u00e1ndo conectar el rat\u00f3n<\/p>\n<p>Un Glorioso rat\u00f3n inal\u00e1mbrico para videojuegos que se puede cablear: si por alguna raz\u00f3n te acercas a agotar la enorme duraci\u00f3n de la bater\u00eda del rat\u00f3n, simplemente con\u00e9ctalo y sigue jugando mientras recarga la bater\u00eda<br \/>\n13 potentes modos de retroiluminaci\u00f3n. Un ajuste perfecto para tu mano: para optimizar tu experiencia de juego FPS, Surpassion RX ha sido dise\u00f1ado para ser c\u00f3modo y eficaz. Una forma que funciona muy bien tanto para estilos de agarre de palma como de garra, zonas de presi\u00f3n independiente en los dos botones principales, y ranuras de dedos trabajan juntos para que est\u00e9s mejor en juegos FPS.<\/p>\n","protected":false},"excerpt":{"rendered":"<p>Marca COUGAR<br \/>\nCaracter\u00edsticas especiales Wireless<br \/>\nTecnolog\u00eda de detecci\u00f3n de movimiento Optical<br \/>\nDimensiones del producto 5.31 x 2.05 x 7.48 pulgadas; 5.29 Onzas<br \/>\nOrientaci\u00f3n de la mano Right, Ambidextrous<\/p>\n","protected":false},"featured_media":14615,"comment_status":"open","ping_status":"closed","template":"","meta":[],"pwb-brand":[124],"product_brand":[],"product_cat":[38],"product_tag":[168],"class_list":{"0":"post-13089","1":"product","2":"type-product","3":"status-publish","4":"has-post-thumbnail","6":"pwb-brand-cougar","7":"product_cat-mouse","8":"product_tag-surpassion","10":"first","11":"instock","12":"taxable","13":"shipping-taxable","14":"purchasable","15":"product-type-simple"},"yoast_head":"<!-- This site is optimized with the Yoast SEO plugin v26.7 - https:\/\/yoast.com\/wordpress\/plugins\/seo\/ -->\n<title>COUGAR SURPASSION RX RGB INALAMBRICO - PC MASTERS BOGOTA<\/title>\n<meta name=\"robots\" content=\"index, follow, max-snippet:-1, max-image-preview:large, max-video-preview:-1\" \/>\n<link rel=\"canonical\" href=\"https:\/\/pcmastersbogota.com.co\/es_es\/producto\/cougar-surpassion-rx-rgb-inalambr\/\" \/>\n<meta property=\"og:locale\" content=\"es_ES\" \/>\n<meta property=\"og:type\" content=\"article\" \/>\n<meta property=\"og:title\" content=\"COUGAR SURPASSION RX RGB INALAMBRICO - PC MASTERS BOGOTA\" \/>\n<meta property=\"og:description\" content=\"Marca COUGAR Caracter\u00edsticas especiales Wireless Tecnolog\u00eda de detecci\u00f3n de movimiento Optical Dimensiones del producto 5.31 x 2.05 x 7.48 pulgadas; 5.29 Onzas Orientaci\u00f3n de la mano Right, Ambidextrous\" \/>\n<meta property=\"og:url\" content=\"https:\/\/pcmastersbogota.com.co\/es_es\/producto\/cougar-surpassion-rx-rgb-inalambr\/\" \/>\n<meta property=\"og:site_name\" content=\"PC MASTERS BOGOTA\" \/>\n<meta property=\"article:modified_time\" content=\"2021-10-26T19:18:14+00:00\" \/>\n<meta property=\"og:image\" content=\"https:\/\/pcmastersbogota.com.co\/wp-content\/uploads\/2021\/08\/11-12.png\" \/>\n\t<meta property=\"og:image:width\" content=\"1200\" \/>\n\t<meta property=\"og:image:height\" content=\"960\" \/>\n\t<meta property=\"og:image:type\" content=\"image\/png\" \/>\n<meta name=\"twitter:card\" content=\"summary_large_image\" \/>\n<meta name=\"twitter:label1\" content=\"Tiempo de lectura\" \/>\n\t<meta name=\"twitter:data1\" content=\"1 minuto\" \/>\n<script type=\"application\/ld+json\" class=\"yoast-schema-graph\">{\"@context\":\"https:\/\/schema.org\",\"@graph\":[{\"@type\":\"WebPage\",\"@id\":\"https:\/\/pcmastersbogota.com.co\/es_es\/producto\/cougar-surpassion-rx-rgb-inalambr\/\",\"url\":\"https:\/\/pcmastersbogota.com.co\/es_es\/producto\/cougar-surpassion-rx-rgb-inalambr\/\",\"name\":\"COUGAR SURPASSION RX RGB INALAMBRICO - PC MASTERS BOGOTA\",\"isPartOf\":{\"@id\":\"https:\/\/pcmastersbogota.com.co\/es_es\/#website\"},\"primaryImageOfPage\":{\"@id\":\"https:\/\/pcmastersbogota.com.co\/es_es\/producto\/cougar-surpassion-rx-rgb-inalambr\/#primaryimage\"},\"image\":{\"@id\":\"https:\/\/pcmastersbogota.com.co\/es_es\/producto\/cougar-surpassion-rx-rgb-inalambr\/#primaryimage\"},\"thumbnailUrl\":\"https:\/\/pcmastersbogota.com.co\/wp-content\/uploads\/2021\/08\/11-12.png\",\"datePublished\":\"2021-08-05T23:23:26+00:00\",\"dateModified\":\"2021-10-26T19:18:14+00:00\",\"breadcrumb\":{\"@id\":\"https:\/\/pcmastersbogota.com.co\/es_es\/producto\/cougar-surpassion-rx-rgb-inalambr\/#breadcrumb\"},\"inLanguage\":\"es\",\"potentialAction\":[{\"@type\":\"ReadAction\",\"target\":[\"https:\/\/pcmastersbogota.com.co\/es_es\/producto\/cougar-surpassion-rx-rgb-inalambr\/\"]}]},{\"@type\":\"ImageObject\",\"inLanguage\":\"es\",\"@id\":\"https:\/\/pcmastersbogota.com.co\/es_es\/producto\/cougar-surpassion-rx-rgb-inalambr\/#primaryimage\",\"url\":\"https:\/\/pcmastersbogota.com.co\/wp-content\/uploads\/2021\/08\/11-12.png\",\"contentUrl\":\"https:\/\/pcmastersbogota.com.co\/wp-content\/uploads\/2021\/08\/11-12.png\",\"width\":1200,\"height\":960},{\"@type\":\"BreadcrumbList\",\"@id\":\"https:\/\/pcmastersbogota.com.co\/es_es\/producto\/cougar-surpassion-rx-rgb-inalambr\/#breadcrumb\",\"itemListElement\":[{\"@type\":\"ListItem\",\"position\":1,\"name\":\"Home\",\"item\":\"https:\/\/pcmastersbogota.com.co\/\"},{\"@type\":\"ListItem\",\"position\":2,\"name\":\"Tienda\",\"item\":\"https:\/\/pcmastersbogota.com.co\/es_es\/tienda\/\"},{\"@type\":\"ListItem\",\"position\":3,\"name\":\"COUGAR SURPASSION RX RGB INALAMBRICO\"}]},{\"@type\":\"WebSite\",\"@id\":\"https:\/\/pcmastersbogota.com.co\/es_es\/#website\",\"url\":\"https:\/\/pcmastersbogota.com.co\/es_es\/\",\"name\":\"PC MASTERS BOGOTA\",\"description\":\"\",\"potentialAction\":[{\"@type\":\"SearchAction\",\"target\":{\"@type\":\"EntryPoint\",\"urlTemplate\":\"https:\/\/pcmastersbogota.com.co\/es_es\/?s={search_term_string}\"},\"query-input\":{\"@type\":\"PropertyValueSpecification\",\"valueRequired\":true,\"valueName\":\"search_term_string\"}}],\"inLanguage\":\"es\"}]}<\/script>\n<!-- \/ Yoast SEO plugin. -->","yoast_head_json":{"title":"COUGAR SURPASSION RX RGB INALAMBRICO - PC MASTERS BOGOTA","robots":{"index":"index","follow":"follow","max-snippet":"max-snippet:-1","max-image-preview":"max-image-preview:large","max-video-preview":"max-video-preview:-1"},"canonical":"https:\/\/pcmastersbogota.com.co\/es_es\/producto\/cougar-surpassion-rx-rgb-inalambr\/","og_locale":"es_ES","og_type":"article","og_title":"COUGAR SURPASSION RX RGB INALAMBRICO - PC MASTERS BOGOTA","og_description":"Marca COUGAR Caracter\u00edsticas especiales Wireless Tecnolog\u00eda de detecci\u00f3n de movimiento Optical Dimensiones del producto 5.31 x 2.05 x 7.48 pulgadas; 5.29 Onzas Orientaci\u00f3n de la mano Right, Ambidextrous","og_url":"https:\/\/pcmastersbogota.com.co\/es_es\/producto\/cougar-surpassion-rx-rgb-inalambr\/","og_site_name":"PC MASTERS BOGOTA","article_modified_time":"2021-10-26T19:18:14+00:00","og_image":[{"width":1200,"height":960,"url":"https:\/\/pcmastersbogota.com.co\/wp-content\/uploads\/2021\/08\/11-12.png","type":"image\/png"}],"twitter_card":"summary_large_image","twitter_misc":{"Tiempo de lectura":"1 minuto"},"schema":{"@context":"https:\/\/schema.org","@graph":[{"@type":"WebPage","@id":"https:\/\/pcmastersbogota.com.co\/es_es\/producto\/cougar-surpassion-rx-rgb-inalambr\/","url":"https:\/\/pcmastersbogota.com.co\/es_es\/producto\/cougar-surpassion-rx-rgb-inalambr\/","name":"COUGAR SURPASSION RX RGB INALAMBRICO - PC MASTERS BOGOTA","isPartOf":{"@id":"https:\/\/pcmastersbogota.com.co\/es_es\/#website"},"primaryImageOfPage":{"@id":"https:\/\/pcmastersbogota.com.co\/es_es\/producto\/cougar-surpassion-rx-rgb-inalambr\/#primaryimage"},"image":{"@id":"https:\/\/pcmastersbogota.com.co\/es_es\/producto\/cougar-surpassion-rx-rgb-inalambr\/#primaryimage"},"thumbnailUrl":"https:\/\/pcmastersbogota.com.co\/wp-content\/uploads\/2021\/08\/11-12.png","datePublished":"2021-08-05T23:23:26+00:00","dateModified":"2021-10-26T19:18:14+00:00","breadcrumb":{"@id":"https:\/\/pcmastersbogota.com.co\/es_es\/producto\/cougar-surpassion-rx-rgb-inalambr\/#breadcrumb"},"inLanguage":"es","potentialAction":[{"@type":"ReadAction","target":["https:\/\/pcmastersbogota.com.co\/es_es\/producto\/cougar-surpassion-rx-rgb-inalambr\/"]}]},{"@type":"ImageObject","inLanguage":"es","@id":"https:\/\/pcmastersbogota.com.co\/es_es\/producto\/cougar-surpassion-rx-rgb-inalambr\/#primaryimage","url":"https:\/\/pcmastersbogota.com.co\/wp-content\/uploads\/2021\/08\/11-12.png","contentUrl":"https:\/\/pcmastersbogota.com.co\/wp-content\/uploads\/2021\/08\/11-12.png","width":1200,"height":960},{"@type":"BreadcrumbList","@id":"https:\/\/pcmastersbogota.com.co\/es_es\/producto\/cougar-surpassion-rx-rgb-inalambr\/#breadcrumb","itemListElement":[{"@type":"ListItem","position":1,"name":"Home","item":"https:\/\/pcmastersbogota.com.co\/"},{"@type":"ListItem","position":2,"name":"Tienda","item":"https:\/\/pcmastersbogota.com.co\/es_es\/tienda\/"},{"@type":"ListItem","position":3,"name":"COUGAR SURPASSION RX RGB INALAMBRICO"}]},{"@type":"WebSite","@id":"https:\/\/pcmastersbogota.com.co\/es_es\/#website","url":"https:\/\/pcmastersbogota.com.co\/es_es\/","name":"PC MASTERS BOGOTA","description":"","potentialAction":[{"@type":"SearchAction","target":{"@type":"EntryPoint","urlTemplate":"https:\/\/pcmastersbogota.com.co\/es_es\/?s={search_term_string}"},"query-input":{"@type":"PropertyValueSpecification","valueRequired":true,"valueName":"search_term_string"}}],"inLanguage":"es"}]}},"brands":[{"id":124,"name":"COUGAR","slug":"cougar"}],"_links":{"self":[{"href":"https:\/\/pcmastersbogota.com.co\/es_es\/wp-json\/wp\/v2\/product\/13089","targetHints":{"allow":["GET"]}}],"collection":[{"href":"https:\/\/pcmastersbogota.com.co\/es_es\/wp-json\/wp\/v2\/product"}],"about":[{"href":"https:\/\/pcmastersbogota.com.co\/es_es\/wp-json\/wp\/v2\/types\/product"}],"replies":[{"embeddable":true,"href":"https:\/\/pcmastersbogota.com.co\/es_es\/wp-json\/wp\/v2\/comments?post=13089"}],"version-history":[{"count":4,"href":"https:\/\/pcmastersbogota.com.co\/es_es\/wp-json\/wp\/v2\/product\/13089\/revisions"}],"predecessor-version":[{"id":18056,"href":"https:\/\/pcmastersbogota.com.co\/es_es\/wp-json\/wp\/v2\/product\/13089\/revisions\/18056"}],"wp:featuredmedia":[{"embeddable":true,"href":"https:\/\/pcmastersbogota.com.co\/es_es\/wp-json\/wp\/v2\/media\/14615"}],"wp:attachment":[{"href":"https:\/\/pcmastersbogota.com.co\/es_es\/wp-json\/wp\/v2\/media?parent=13089"}],"wp:term":[{"taxonomy":"pwb-brand","embeddable":true,"href":"https:\/\/pcmastersbogota.com.co\/es_es\/wp-json\/wp\/v2\/pwb-brand?post=13089"},{"taxonomy":"product_brand","embeddable":true,"href":"https:\/\/pcmastersbogota.com.co\/es_es\/wp-json\/wp\/v2\/product_brand?post=13089"},{"taxonomy":"product_cat","embeddable":true,"href":"https:\/\/pcmastersbogota.com.co\/es_es\/wp-json\/wp\/v2\/product_cat?post=13089"},{"taxonomy":"product_tag","embeddable":true,"href":"https:\/\/pcmastersbogota.com.co\/es_es\/wp-json\/wp\/v2\/product_tag?post=13089"}],"curies":[{"name":"wp","href":"https:\/\/api.w.org\/{rel}","templated":true}]}}