{"id":13099,"date":"2021-08-05T18:23:28","date_gmt":"2021-08-05T23:23:28","guid":{"rendered":"https:\/\/pcmastersbogota.com.co\/?post_type=product&#038;p=13099"},"modified":"2024-10-28T19:32:16","modified_gmt":"2024-10-29T00:32:16","slug":"logitech-g604-lightspeed-inalambrico","status":"publish","type":"product","link":"https:\/\/pcmastersbogota.com.co\/es_es\/producto\/logitech-g604-lightspeed-inalambrico\/","title":{"rendered":"LOGITECH G604 LIGHTSPEED INALAMBRICO"},"content":{"rendered":"<p>https:\/\/www.logitechg.com\/es-es\/products\/gaming-mice\/g604-lightspeed-wireless-gaming-mouse.html<\/p>\n<p>Es inal\u00e1mbrico USB: S\u00ed<br \/>\nCaracter\u00edsticas generales<br \/>\nMarca<br \/>\nLogitech<br \/>\nL\u00ednea<br \/>\nG Series<br \/>\nModelo<br \/>\nLightspeed<br \/>\nModelo alfanum\u00e9rico<br \/>\nG604<br \/>\nColor<br \/>\nNegro<br \/>\nTecnolog\u00eda<br \/>\nCon Bluetooth<br \/>\nS\u00ed<br \/>\nOtros<br \/>\nCon rueda de desplazamiento<br \/>\nS\u00ed<br \/>\nPeso y dimensiones<br \/>\nLargo<br \/>\n130 mm<br \/>\nAncho<br \/>\n80 mm<br \/>\nAltura<br \/>\n45 mm<br \/>\nEspecificaciones<br \/>\nTipo de mouse<br \/>\nDe juego<br \/>\nEs inal\u00e1mbrico USB<br \/>\nS\u00ed<br \/>\nCantidad de botones<br \/>\n15<br \/>\nInterfaces<br \/>\nUSB<br \/>\nSensor<br \/>\nTipo de sensor<br \/>\n\u00d3ptico<br \/>\nTecnolog\u00eda del sensor<br \/>\nHero<br \/>\nResoluci\u00f3n del sensor<br \/>\n25600 dpi<\/p>\n","protected":false},"excerpt":{"rendered":"<p>Caracter\u00edsticas de Logitech G Series Lightspeed G604<\/p>\n<p>Tipo de mouse: De juego<\/p>\n<p>Resoluci\u00f3n del sensor: 25600 dpi<\/p>\n<p>Con bluetooth: S\u00ed<\/p>\n<p>Tipo de sensor: \u00d3ptico<\/p>\n<p>&nbsp;<\/p>\n","protected":false},"featured_media":14415,"comment_status":"open","ping_status":"closed","template":"","meta":[],"pwb-brand":[127],"product_brand":[],"product_cat":[38],"product_tag":[176],"class_list":{"0":"post-13099","1":"product","2":"type-product","3":"status-publish","4":"has-post-thumbnail","6":"pwb-brand-logitech","7":"product_cat-mouse","8":"product_tag-g604","10":"first","11":"outofstock","12":"taxable","13":"shipping-taxable","14":"purchasable","15":"product-type-simple"},"yoast_head":"<!-- This site is optimized with the Yoast SEO plugin v26.7 - https:\/\/yoast.com\/wordpress\/plugins\/seo\/ -->\n<title>LOGITECH G604 LIGHTSPEED INALAMBRICO - PC MASTERS BOGOTA<\/title>\n<meta name=\"robots\" content=\"index, follow, max-snippet:-1, max-image-preview:large, max-video-preview:-1\" \/>\n<link rel=\"canonical\" href=\"https:\/\/pcmastersbogota.com.co\/es_es\/producto\/logitech-g604-lightspeed-inalambrico\/\" \/>\n<meta property=\"og:locale\" content=\"es_ES\" \/>\n<meta property=\"og:type\" content=\"article\" \/>\n<meta property=\"og:title\" content=\"LOGITECH G604 LIGHTSPEED INALAMBRICO - PC MASTERS BOGOTA\" \/>\n<meta property=\"og:description\" content=\"Caracter\u00edsticas de Logitech G Series Lightspeed G604  Tipo de mouse: De juego  Resoluci\u00f3n del sensor: 25600 dpi  Con bluetooth: S\u00ed  Tipo de sensor: \u00d3ptico  &nbsp;\" \/>\n<meta property=\"og:url\" content=\"https:\/\/pcmastersbogota.com.co\/es_es\/producto\/logitech-g604-lightspeed-inalambrico\/\" \/>\n<meta property=\"og:site_name\" content=\"PC MASTERS BOGOTA\" \/>\n<meta property=\"article:modified_time\" content=\"2024-10-29T00:32:16+00:00\" \/>\n<meta property=\"og:image\" content=\"https:\/\/pcmastersbogota.com.co\/wp-content\/uploads\/2021\/08\/g604-gallery-1.webp\" \/>\n\t<meta property=\"og:image:width\" content=\"692\" \/>\n\t<meta property=\"og:image:height\" content=\"519\" \/>\n\t<meta property=\"og:image:type\" content=\"image\/webp\" \/>\n<meta name=\"twitter:card\" content=\"summary_large_image\" \/>\n<script type=\"application\/ld+json\" class=\"yoast-schema-graph\">{\"@context\":\"https:\/\/schema.org\",\"@graph\":[{\"@type\":\"WebPage\",\"@id\":\"https:\/\/pcmastersbogota.com.co\/producto\/logitech-g604-lightspeed-inalambrico\/\",\"url\":\"https:\/\/pcmastersbogota.com.co\/producto\/logitech-g604-lightspeed-inalambrico\/\",\"name\":\"LOGITECH G604 LIGHTSPEED INALAMBRICO - PC MASTERS BOGOTA\",\"isPartOf\":{\"@id\":\"https:\/\/pcmastersbogota.com.co\/es_es\/#website\"},\"primaryImageOfPage\":{\"@id\":\"https:\/\/pcmastersbogota.com.co\/producto\/logitech-g604-lightspeed-inalambrico\/#primaryimage\"},\"image\":{\"@id\":\"https:\/\/pcmastersbogota.com.co\/producto\/logitech-g604-lightspeed-inalambrico\/#primaryimage\"},\"thumbnailUrl\":\"https:\/\/pcmastersbogota.com.co\/wp-content\/uploads\/2021\/08\/g604-gallery-1.webp\",\"datePublished\":\"2021-08-05T23:23:28+00:00\",\"dateModified\":\"2024-10-29T00:32:16+00:00\",\"breadcrumb\":{\"@id\":\"https:\/\/pcmastersbogota.com.co\/producto\/logitech-g604-lightspeed-inalambrico\/#breadcrumb\"},\"inLanguage\":\"es\",\"potentialAction\":[{\"@type\":\"ReadAction\",\"target\":[\"https:\/\/pcmastersbogota.com.co\/producto\/logitech-g604-lightspeed-inalambrico\/\"]}]},{\"@type\":\"ImageObject\",\"inLanguage\":\"es\",\"@id\":\"https:\/\/pcmastersbogota.com.co\/producto\/logitech-g604-lightspeed-inalambrico\/#primaryimage\",\"url\":\"https:\/\/pcmastersbogota.com.co\/wp-content\/uploads\/2021\/08\/g604-gallery-1.webp\",\"contentUrl\":\"https:\/\/pcmastersbogota.com.co\/wp-content\/uploads\/2021\/08\/g604-gallery-1.webp\",\"width\":692,\"height\":519},{\"@type\":\"BreadcrumbList\",\"@id\":\"https:\/\/pcmastersbogota.com.co\/producto\/logitech-g604-lightspeed-inalambrico\/#breadcrumb\",\"itemListElement\":[{\"@type\":\"ListItem\",\"position\":1,\"name\":\"Home\",\"item\":\"https:\/\/pcmastersbogota.com.co\/\"},{\"@type\":\"ListItem\",\"position\":2,\"name\":\"Tienda\",\"item\":\"https:\/\/pcmastersbogota.com.co\/es_es\/tienda\/\"},{\"@type\":\"ListItem\",\"position\":3,\"name\":\"LOGITECH G604 LIGHTSPEED INALAMBRICO\"}]},{\"@type\":\"WebSite\",\"@id\":\"https:\/\/pcmastersbogota.com.co\/es_es\/#website\",\"url\":\"https:\/\/pcmastersbogota.com.co\/es_es\/\",\"name\":\"PC MASTERS BOGOTA\",\"description\":\"\",\"potentialAction\":[{\"@type\":\"SearchAction\",\"target\":{\"@type\":\"EntryPoint\",\"urlTemplate\":\"https:\/\/pcmastersbogota.com.co\/es_es\/?s={search_term_string}\"},\"query-input\":{\"@type\":\"PropertyValueSpecification\",\"valueRequired\":true,\"valueName\":\"search_term_string\"}}],\"inLanguage\":\"es\"}]}<\/script>\n<!-- \/ Yoast SEO plugin. -->","yoast_head_json":{"title":"LOGITECH G604 LIGHTSPEED INALAMBRICO - PC MASTERS BOGOTA","robots":{"index":"index","follow":"follow","max-snippet":"max-snippet:-1","max-image-preview":"max-image-preview:large","max-video-preview":"max-video-preview:-1"},"canonical":"https:\/\/pcmastersbogota.com.co\/es_es\/producto\/logitech-g604-lightspeed-inalambrico\/","og_locale":"es_ES","og_type":"article","og_title":"LOGITECH G604 LIGHTSPEED INALAMBRICO - PC MASTERS BOGOTA","og_description":"Caracter\u00edsticas de Logitech G Series Lightspeed G604  Tipo de mouse: De juego  Resoluci\u00f3n del sensor: 25600 dpi  Con bluetooth: S\u00ed  Tipo de sensor: \u00d3ptico  &nbsp;","og_url":"https:\/\/pcmastersbogota.com.co\/es_es\/producto\/logitech-g604-lightspeed-inalambrico\/","og_site_name":"PC MASTERS BOGOTA","article_modified_time":"2024-10-29T00:32:16+00:00","og_image":[{"width":692,"height":519,"url":"https:\/\/pcmastersbogota.com.co\/wp-content\/uploads\/2021\/08\/g604-gallery-1.webp","type":"image\/webp"}],"twitter_card":"summary_large_image","schema":{"@context":"https:\/\/schema.org","@graph":[{"@type":"WebPage","@id":"https:\/\/pcmastersbogota.com.co\/producto\/logitech-g604-lightspeed-inalambrico\/","url":"https:\/\/pcmastersbogota.com.co\/producto\/logitech-g604-lightspeed-inalambrico\/","name":"LOGITECH G604 LIGHTSPEED INALAMBRICO - PC MASTERS BOGOTA","isPartOf":{"@id":"https:\/\/pcmastersbogota.com.co\/es_es\/#website"},"primaryImageOfPage":{"@id":"https:\/\/pcmastersbogota.com.co\/producto\/logitech-g604-lightspeed-inalambrico\/#primaryimage"},"image":{"@id":"https:\/\/pcmastersbogota.com.co\/producto\/logitech-g604-lightspeed-inalambrico\/#primaryimage"},"thumbnailUrl":"https:\/\/pcmastersbogota.com.co\/wp-content\/uploads\/2021\/08\/g604-gallery-1.webp","datePublished":"2021-08-05T23:23:28+00:00","dateModified":"2024-10-29T00:32:16+00:00","breadcrumb":{"@id":"https:\/\/pcmastersbogota.com.co\/producto\/logitech-g604-lightspeed-inalambrico\/#breadcrumb"},"inLanguage":"es","potentialAction":[{"@type":"ReadAction","target":["https:\/\/pcmastersbogota.com.co\/producto\/logitech-g604-lightspeed-inalambrico\/"]}]},{"@type":"ImageObject","inLanguage":"es","@id":"https:\/\/pcmastersbogota.com.co\/producto\/logitech-g604-lightspeed-inalambrico\/#primaryimage","url":"https:\/\/pcmastersbogota.com.co\/wp-content\/uploads\/2021\/08\/g604-gallery-1.webp","contentUrl":"https:\/\/pcmastersbogota.com.co\/wp-content\/uploads\/2021\/08\/g604-gallery-1.webp","width":692,"height":519},{"@type":"BreadcrumbList","@id":"https:\/\/pcmastersbogota.com.co\/producto\/logitech-g604-lightspeed-inalambrico\/#breadcrumb","itemListElement":[{"@type":"ListItem","position":1,"name":"Home","item":"https:\/\/pcmastersbogota.com.co\/"},{"@type":"ListItem","position":2,"name":"Tienda","item":"https:\/\/pcmastersbogota.com.co\/es_es\/tienda\/"},{"@type":"ListItem","position":3,"name":"LOGITECH G604 LIGHTSPEED INALAMBRICO"}]},{"@type":"WebSite","@id":"https:\/\/pcmastersbogota.com.co\/es_es\/#website","url":"https:\/\/pcmastersbogota.com.co\/es_es\/","name":"PC MASTERS BOGOTA","description":"","potentialAction":[{"@type":"SearchAction","target":{"@type":"EntryPoint","urlTemplate":"https:\/\/pcmastersbogota.com.co\/es_es\/?s={search_term_string}"},"query-input":{"@type":"PropertyValueSpecification","valueRequired":true,"valueName":"search_term_string"}}],"inLanguage":"es"}]}},"brands":[{"id":127,"name":"LOGITECH","slug":"logitech"}],"_links":{"self":[{"href":"https:\/\/pcmastersbogota.com.co\/es_es\/wp-json\/wp\/v2\/product\/13099","targetHints":{"allow":["GET"]}}],"collection":[{"href":"https:\/\/pcmastersbogota.com.co\/es_es\/wp-json\/wp\/v2\/product"}],"about":[{"href":"https:\/\/pcmastersbogota.com.co\/es_es\/wp-json\/wp\/v2\/types\/product"}],"replies":[{"embeddable":true,"href":"https:\/\/pcmastersbogota.com.co\/es_es\/wp-json\/wp\/v2\/comments?post=13099"}],"version-history":[{"count":4,"href":"https:\/\/pcmastersbogota.com.co\/es_es\/wp-json\/wp\/v2\/product\/13099\/revisions"}],"predecessor-version":[{"id":18036,"href":"https:\/\/pcmastersbogota.com.co\/es_es\/wp-json\/wp\/v2\/product\/13099\/revisions\/18036"}],"wp:featuredmedia":[{"embeddable":true,"href":"https:\/\/pcmastersbogota.com.co\/es_es\/wp-json\/wp\/v2\/media\/14415"}],"wp:attachment":[{"href":"https:\/\/pcmastersbogota.com.co\/es_es\/wp-json\/wp\/v2\/media?parent=13099"}],"wp:term":[{"taxonomy":"pwb-brand","embeddable":true,"href":"https:\/\/pcmastersbogota.com.co\/es_es\/wp-json\/wp\/v2\/pwb-brand?post=13099"},{"taxonomy":"product_brand","embeddable":true,"href":"https:\/\/pcmastersbogota.com.co\/es_es\/wp-json\/wp\/v2\/product_brand?post=13099"},{"taxonomy":"product_cat","embeddable":true,"href":"https:\/\/pcmastersbogota.com.co\/es_es\/wp-json\/wp\/v2\/product_cat?post=13099"},{"taxonomy":"product_tag","embeddable":true,"href":"https:\/\/pcmastersbogota.com.co\/es_es\/wp-json\/wp\/v2\/product_tag?post=13099"}],"curies":[{"name":"wp","href":"https:\/\/api.w.org\/{rel}","templated":true}]}}