{"id":13103,"date":"2021-08-05T18:23:28","date_gmt":"2021-08-05T23:23:28","guid":{"rendered":"https:\/\/pcmastersbogota.com.co\/?post_type=product&#038;p=13103"},"modified":"2021-10-26T14:18:13","modified_gmt":"2021-10-26T19:18:13","slug":"redragon-m610-gainer","status":"publish","type":"product","link":"https:\/\/pcmastersbogota.com.co\/es_es\/producto\/redragon-m610-gainer\/","title":{"rendered":"REDRAGON M610 GAINER"},"content":{"rendered":"<p>https:\/\/www.redragonzone.com\/products\/redragon-gainer-m610-gaming-mouse<\/p>\n<p>Es inal\u00e1mbrico USB: No<br \/>\nCaracter\u00edsticas generales<br \/>\nMarca<br \/>\nRedragon<br \/>\nModelo<br \/>\nGainer<br \/>\nModelo alfanum\u00e9rico<br \/>\nM610<br \/>\nSensor<br \/>\nTipo de sensor<br \/>\n\u00d3ptico<br \/>\nTecnolog\u00eda del sensor<br \/>\nPixart 3168<br \/>\nResoluci\u00f3n del sensor<br \/>\n3200 dpi<br \/>\nTecnolog\u00eda<br \/>\nCon Bluetooth<br \/>\nNo<br \/>\nPeso y dimensiones<br \/>\nLargo<br \/>\n12.8 cm<br \/>\nAncho<br \/>\n7.4 cm<br \/>\nAltura<br \/>\n4.1 cm<br \/>\nPeso<br \/>\n138.4 g<br \/>\nEspecificaciones<br \/>\nTipo de mouse<br \/>\nDe juego<br \/>\nEs inal\u00e1mbrico USB<br \/>\nNo<br \/>\nCantidad de botones<br \/>\n6<br \/>\nInterfaces<br \/>\nUSB<br \/>\nAlcance m\u00e1ximo<br \/>\n1.8 m<br \/>\nEs recargable<br \/>\nNo<br \/>\nOtros<br \/>\nCon cable<br \/>\nS\u00ed<br \/>\nCon cable retr\u00e1ctil<br \/>\nNo<br \/>\nCon rueda de desplazamiento<br \/>\nS\u00ed<br \/>\nCon luces<br \/>\nS\u00ed<br \/>\nIncluye mousepad<br \/>\nNo<\/p>\n","protected":false},"excerpt":{"rendered":"<p>Caracter\u00edsticas del producto<\/p>\n<p>Tipo de mouse: De juego<\/p>\n<p>Resoluci\u00f3n del sensor: 3200 dpi<\/p>\n<p>Con bluetooth: No<\/p>\n<p>Tipo de sensor: \u00d3ptico<\/p>\n","protected":false},"featured_media":14437,"comment_status":"open","ping_status":"closed","template":"","meta":[],"pwb-brand":[156],"product_brand":[],"product_cat":[38],"product_tag":[179],"class_list":{"0":"post-13103","1":"product","2":"type-product","3":"status-publish","4":"has-post-thumbnail","6":"pwb-brand-redragon","7":"product_cat-mouse","8":"product_tag-m610","10":"first","11":"instock","12":"taxable","13":"shipping-taxable","14":"purchasable","15":"product-type-simple"},"yoast_head":"<!-- This site is optimized with the Yoast SEO plugin v26.7 - https:\/\/yoast.com\/wordpress\/plugins\/seo\/ -->\n<title>REDRAGON M610 GAINER - PC MASTERS BOGOTA<\/title>\n<meta name=\"robots\" content=\"index, follow, max-snippet:-1, max-image-preview:large, max-video-preview:-1\" \/>\n<link rel=\"canonical\" href=\"https:\/\/pcmastersbogota.com.co\/es_es\/en\/product\/redragon-m610-gainer\/\" \/>\n<meta property=\"og:locale\" content=\"es_ES\" \/>\n<meta property=\"og:type\" content=\"article\" \/>\n<meta property=\"og:title\" content=\"REDRAGON M610 GAINER - PC MASTERS BOGOTA\" \/>\n<meta property=\"og:description\" content=\"Caracter\u00edsticas del producto  Tipo de mouse: De juego  Resoluci\u00f3n del sensor: 3200 dpi  Con bluetooth: No  Tipo de sensor: \u00d3ptico\" \/>\n<meta property=\"og:url\" content=\"https:\/\/pcmastersbogota.com.co\/es_es\/en\/product\/redragon-m610-gainer\/\" \/>\n<meta property=\"og:site_name\" content=\"PC MASTERS BOGOTA\" \/>\n<meta property=\"article:modified_time\" content=\"2021-10-26T19:18:13+00:00\" \/>\n<meta property=\"og:image\" content=\"https:\/\/pcmastersbogota.com.co\/wp-content\/uploads\/2021\/08\/19120.2-600x600-1.png\" \/>\n\t<meta property=\"og:image:width\" content=\"600\" \/>\n\t<meta property=\"og:image:height\" content=\"600\" \/>\n\t<meta property=\"og:image:type\" content=\"image\/png\" \/>\n<meta name=\"twitter:card\" content=\"summary_large_image\" \/>\n<script type=\"application\/ld+json\" class=\"yoast-schema-graph\">{\"@context\":\"https:\/\/schema.org\",\"@graph\":[{\"@type\":\"WebPage\",\"@id\":\"https:\/\/pcmastersbogota.com.co\/en\/product\/redragon-m610-gainer\/\",\"url\":\"https:\/\/pcmastersbogota.com.co\/en\/product\/redragon-m610-gainer\/\",\"name\":\"REDRAGON M610 GAINER - PC MASTERS BOGOTA\",\"isPartOf\":{\"@id\":\"https:\/\/pcmastersbogota.com.co\/es_es\/#website\"},\"primaryImageOfPage\":{\"@id\":\"https:\/\/pcmastersbogota.com.co\/en\/product\/redragon-m610-gainer\/#primaryimage\"},\"image\":{\"@id\":\"https:\/\/pcmastersbogota.com.co\/en\/product\/redragon-m610-gainer\/#primaryimage\"},\"thumbnailUrl\":\"https:\/\/pcmastersbogota.com.co\/wp-content\/uploads\/2021\/08\/19120.2-600x600-1.png\",\"datePublished\":\"2021-08-05T23:23:28+00:00\",\"dateModified\":\"2021-10-26T19:18:13+00:00\",\"breadcrumb\":{\"@id\":\"https:\/\/pcmastersbogota.com.co\/en\/product\/redragon-m610-gainer\/#breadcrumb\"},\"inLanguage\":\"es\",\"potentialAction\":[{\"@type\":\"ReadAction\",\"target\":[\"https:\/\/pcmastersbogota.com.co\/en\/product\/redragon-m610-gainer\/\"]}]},{\"@type\":\"ImageObject\",\"inLanguage\":\"es\",\"@id\":\"https:\/\/pcmastersbogota.com.co\/en\/product\/redragon-m610-gainer\/#primaryimage\",\"url\":\"https:\/\/pcmastersbogota.com.co\/wp-content\/uploads\/2021\/08\/19120.2-600x600-1.png\",\"contentUrl\":\"https:\/\/pcmastersbogota.com.co\/wp-content\/uploads\/2021\/08\/19120.2-600x600-1.png\",\"width\":600,\"height\":600},{\"@type\":\"BreadcrumbList\",\"@id\":\"https:\/\/pcmastersbogota.com.co\/en\/product\/redragon-m610-gainer\/#breadcrumb\",\"itemListElement\":[{\"@type\":\"ListItem\",\"position\":1,\"name\":\"Home\",\"item\":\"https:\/\/pcmastersbogota.com.co\/\"},{\"@type\":\"ListItem\",\"position\":2,\"name\":\"Tienda\",\"item\":\"https:\/\/pcmastersbogota.com.co\/es_es\/tienda\/\"},{\"@type\":\"ListItem\",\"position\":3,\"name\":\"REDRAGON M610 GAINER\"}]},{\"@type\":\"WebSite\",\"@id\":\"https:\/\/pcmastersbogota.com.co\/es_es\/#website\",\"url\":\"https:\/\/pcmastersbogota.com.co\/es_es\/\",\"name\":\"PC MASTERS BOGOTA\",\"description\":\"\",\"potentialAction\":[{\"@type\":\"SearchAction\",\"target\":{\"@type\":\"EntryPoint\",\"urlTemplate\":\"https:\/\/pcmastersbogota.com.co\/es_es\/?s={search_term_string}\"},\"query-input\":{\"@type\":\"PropertyValueSpecification\",\"valueRequired\":true,\"valueName\":\"search_term_string\"}}],\"inLanguage\":\"es\"}]}<\/script>\n<!-- \/ Yoast SEO plugin. -->","yoast_head_json":{"title":"REDRAGON M610 GAINER - PC MASTERS BOGOTA","robots":{"index":"index","follow":"follow","max-snippet":"max-snippet:-1","max-image-preview":"max-image-preview:large","max-video-preview":"max-video-preview:-1"},"canonical":"https:\/\/pcmastersbogota.com.co\/es_es\/en\/product\/redragon-m610-gainer\/","og_locale":"es_ES","og_type":"article","og_title":"REDRAGON M610 GAINER - PC MASTERS BOGOTA","og_description":"Caracter\u00edsticas del producto  Tipo de mouse: De juego  Resoluci\u00f3n del sensor: 3200 dpi  Con bluetooth: No  Tipo de sensor: \u00d3ptico","og_url":"https:\/\/pcmastersbogota.com.co\/es_es\/en\/product\/redragon-m610-gainer\/","og_site_name":"PC MASTERS BOGOTA","article_modified_time":"2021-10-26T19:18:13+00:00","og_image":[{"width":600,"height":600,"url":"https:\/\/pcmastersbogota.com.co\/wp-content\/uploads\/2021\/08\/19120.2-600x600-1.png","type":"image\/png"}],"twitter_card":"summary_large_image","schema":{"@context":"https:\/\/schema.org","@graph":[{"@type":"WebPage","@id":"https:\/\/pcmastersbogota.com.co\/en\/product\/redragon-m610-gainer\/","url":"https:\/\/pcmastersbogota.com.co\/en\/product\/redragon-m610-gainer\/","name":"REDRAGON M610 GAINER - PC MASTERS BOGOTA","isPartOf":{"@id":"https:\/\/pcmastersbogota.com.co\/es_es\/#website"},"primaryImageOfPage":{"@id":"https:\/\/pcmastersbogota.com.co\/en\/product\/redragon-m610-gainer\/#primaryimage"},"image":{"@id":"https:\/\/pcmastersbogota.com.co\/en\/product\/redragon-m610-gainer\/#primaryimage"},"thumbnailUrl":"https:\/\/pcmastersbogota.com.co\/wp-content\/uploads\/2021\/08\/19120.2-600x600-1.png","datePublished":"2021-08-05T23:23:28+00:00","dateModified":"2021-10-26T19:18:13+00:00","breadcrumb":{"@id":"https:\/\/pcmastersbogota.com.co\/en\/product\/redragon-m610-gainer\/#breadcrumb"},"inLanguage":"es","potentialAction":[{"@type":"ReadAction","target":["https:\/\/pcmastersbogota.com.co\/en\/product\/redragon-m610-gainer\/"]}]},{"@type":"ImageObject","inLanguage":"es","@id":"https:\/\/pcmastersbogota.com.co\/en\/product\/redragon-m610-gainer\/#primaryimage","url":"https:\/\/pcmastersbogota.com.co\/wp-content\/uploads\/2021\/08\/19120.2-600x600-1.png","contentUrl":"https:\/\/pcmastersbogota.com.co\/wp-content\/uploads\/2021\/08\/19120.2-600x600-1.png","width":600,"height":600},{"@type":"BreadcrumbList","@id":"https:\/\/pcmastersbogota.com.co\/en\/product\/redragon-m610-gainer\/#breadcrumb","itemListElement":[{"@type":"ListItem","position":1,"name":"Home","item":"https:\/\/pcmastersbogota.com.co\/"},{"@type":"ListItem","position":2,"name":"Tienda","item":"https:\/\/pcmastersbogota.com.co\/es_es\/tienda\/"},{"@type":"ListItem","position":3,"name":"REDRAGON M610 GAINER"}]},{"@type":"WebSite","@id":"https:\/\/pcmastersbogota.com.co\/es_es\/#website","url":"https:\/\/pcmastersbogota.com.co\/es_es\/","name":"PC MASTERS BOGOTA","description":"","potentialAction":[{"@type":"SearchAction","target":{"@type":"EntryPoint","urlTemplate":"https:\/\/pcmastersbogota.com.co\/es_es\/?s={search_term_string}"},"query-input":{"@type":"PropertyValueSpecification","valueRequired":true,"valueName":"search_term_string"}}],"inLanguage":"es"}]}},"brands":[{"id":156,"name":"REDRAGON","slug":"redragon"}],"_links":{"self":[{"href":"https:\/\/pcmastersbogota.com.co\/es_es\/wp-json\/wp\/v2\/product\/13103","targetHints":{"allow":["GET"]}}],"collection":[{"href":"https:\/\/pcmastersbogota.com.co\/es_es\/wp-json\/wp\/v2\/product"}],"about":[{"href":"https:\/\/pcmastersbogota.com.co\/es_es\/wp-json\/wp\/v2\/types\/product"}],"replies":[{"embeddable":true,"href":"https:\/\/pcmastersbogota.com.co\/es_es\/wp-json\/wp\/v2\/comments?post=13103"}],"version-history":[{"count":4,"href":"https:\/\/pcmastersbogota.com.co\/es_es\/wp-json\/wp\/v2\/product\/13103\/revisions"}],"predecessor-version":[{"id":18041,"href":"https:\/\/pcmastersbogota.com.co\/es_es\/wp-json\/wp\/v2\/product\/13103\/revisions\/18041"}],"wp:featuredmedia":[{"embeddable":true,"href":"https:\/\/pcmastersbogota.com.co\/es_es\/wp-json\/wp\/v2\/media\/14437"}],"wp:attachment":[{"href":"https:\/\/pcmastersbogota.com.co\/es_es\/wp-json\/wp\/v2\/media?parent=13103"}],"wp:term":[{"taxonomy":"pwb-brand","embeddable":true,"href":"https:\/\/pcmastersbogota.com.co\/es_es\/wp-json\/wp\/v2\/pwb-brand?post=13103"},{"taxonomy":"product_brand","embeddable":true,"href":"https:\/\/pcmastersbogota.com.co\/es_es\/wp-json\/wp\/v2\/product_brand?post=13103"},{"taxonomy":"product_cat","embeddable":true,"href":"https:\/\/pcmastersbogota.com.co\/es_es\/wp-json\/wp\/v2\/product_cat?post=13103"},{"taxonomy":"product_tag","embeddable":true,"href":"https:\/\/pcmastersbogota.com.co\/es_es\/wp-json\/wp\/v2\/product_tag?post=13103"}],"curies":[{"name":"wp","href":"https:\/\/api.w.org\/{rel}","templated":true}]}}