{"id":13135,"date":"2021-08-05T19:26:40","date_gmt":"2021-08-06T00:26:40","guid":{"rendered":"https:\/\/pcmastersbogota.com.co\/?post_type=product&#038;p=13135"},"modified":"2024-03-13T12:46:33","modified_gmt":"2024-03-13T17:46:33","slug":"asus-prime-a320m-k","status":"publish","type":"product","link":"https:\/\/pcmastersbogota.com.co\/es_es\/producto\/asus-prime-a320m-k\/","title":{"rendered":"ASUS PRIME A320M-K"},"content":{"rendered":"<p>https:\/\/www.asus.com\/latin\/Motherboards-Components\/Motherboards\/PRIME\/PRIME-A320M-K\/<\/p>\n<p>Capacidad m\u00e1xima soportada de la memoria RAM: 32 GB<br \/>\nChipset: AMD A320<br \/>\nSocket: Socket AM4<br \/>\nRanuras de expansi\u00f3n: 1 x PCI Express 3.0 x16 (x16 mode),1 x PCI Express 3.0 x16 (x8 mode),1 x PCI Express 3.0 x16 (x4 mode),2 x PCI Express 2.0 x1<br \/>\nCon procesador: No<br \/>\nCPU: AMD<br \/>\nAplicaciones: PC<br \/>\nTipo de memoria RAM: DDR4<br \/>\nDescripci\u00f3n<br \/>\nTarjeta madre AMD AM4 uATX con iluminaci\u00f3n LED, DDR4 3200MHz, 32Gb\/s M.2, HDMI, SATA 6Gb\/s, USB 3.0<br \/>\n5X Protection II \u2013 Avanzadas salvaguardas de hardware para protecci\u00f3n general<br \/>\nIluminaci\u00f3n LED: Efectos de iluminaci\u00f3n en la l\u00ednea de canal de audio<br \/>\nM.2 nativo: Velocidades de almacenamiento ultra r\u00e1pidas<br \/>\nControles one-stop: Aclamado UEFI BIOS con EZ Flash 3<\/p>\n<p>CPU<\/p>\n<p>AMD AM4 Socket AMD Ryzen 2nd Generation\/Ryzen with Radeon Vega Graphics\/Ryzen 1st Generation\/7th Generation A-series\/Athlon X4 Processors<br \/>\nSupports CPU up to 8 cores<\/p>\n<p>Chipset<\/p>\n<p>AMD A320<\/p>\n<p>Memoria<\/p>\n<p>AMD Ryzen 2nd Generation\/ Ryzen with Radeon Vega Graphics\/ Ryzen 1st Generation Processors<br \/>\n2 x DIMM, Max. 32GB, DDR4 3200(O.C.)\/3000(O.C.)\/2933(O.C.)\/2800(O.C.)\/2666\/2400\/2133 MHz Un-buffered Memory<br \/>\nAMD 7th Generation A-Series\/Athlon X4 Processors<br \/>\n2 x DIMM, Max. 32GB, DDR4 2400\/2133 MHz Un-buffered Memory<br \/>\nDual Channel Memory Architecture<br \/>\nECC Memory (ECC model) support varies by CPU.<br \/>\n* Hyper DIMM support is subject to the physical characteristics of individual CPUs.<br \/>\n* Refer to Asus for the Memory QVL (Qualified Vendors Lists).<\/p>\n<p>Gr\u00e1ficos<\/p>\n<p>Integrated Graphics in the AMD Ryzen with Radeon Vega Graphics\/ 7th Generation A-Series APU<br \/>\nMulti-VGA output support : HDMI\/RGB ports<br \/>\n&#8211; Supports HDMI 1.4b with max. resolution 4096 x 2160 a 24 Hz \/ 2560 x 1600 a 60 Hz<br \/>\n&#8211; Supports RGB with max. resolution 1920 x 1200 a 60 Hz<br \/>\nMaximum shared memory of 2048 MB (for iGPU exclusively)<\/p>\n<p>Slots de Expansi\u00f3n<\/p>\n<p>AMD Ryzen 2nd Generation\/ Ryzen 1st Generation Processors<br \/>\n1 x PCIe 3.0\/2.0 x16 (x16 or dual x8)<br \/>\nAMD Ryzen with Radeon Vega Graphics \/7th Generation A-Series\/Athlon X4 Processors<br \/>\n1 x PCIe 3.0\/2.0 x16 (x8 mode)<br \/>\nAMD A320 chipset<br \/>\n2 x PCIe 2.0 x1<\/p>\n<p>Almacenamiento<\/p>\n<p>AMD A320 chipset :<br \/>\n4 x SATA 6Gb\/s port(s), gray, Support Raid 0, 1, 10<br \/>\nAMD Ryzen\u2122 2nd Generation\/ Ryzen\u2122 with Radeon\u2122 Vega Graphics\/ Ryzen\u2122 1st Generation Processors :<br \/>\n1 x M.2 Socket 3, with M key, type 2242\/2260\/2280 storage devices support (SATA &amp; PCIE 3.0 x 4 mode)<br \/>\nAMD 7th Generation A-series\/Athlon Processors :<br \/>\n1 x M.2 Socket 3, with M key, type 2242\/2260\/2280 storage devices support (SATA mode)<\/p>\n<p>LAN<\/p>\n<p>Realtek RTL8111H, 1 x Gigabit LAN Controller(s)<\/p>\n<p>Audio<\/p>\n<p>Realtek ALC887 8-Channel High Definition Audio CODEC<\/p>\n<p>Puertos USB<\/p>\n<p>AMD Ryzen 2nd Generation\/ Ryzen with Radeon Vega Graphics\/ Ryzen 1st Generation\/7th Generation A-Series\/Athlon X4 Processors :<br \/>\n4 x USB 3.1 Gen 1 port(s) (4 at back panel, blue)<br \/>\nAMD A320 chipset :<br \/>\n2 x USB 3.0 port(s) (2 at mid-board)<br \/>\nAMD A320 chipset :<br \/>\n6 x USB 2.0 port(s) (2 at back panel, , 4 at mid-board)<\/p>\n<p>Caracteristicas Especiales<\/p>\n<p>ASUS 5X Protection III :<br \/>\n&#8211; ASUS SafeSlot Core: Fortified PCIe Slot prevents damage<br \/>\n&#8211; ASUS LANGuard: Protects against LAN surges, lightning strikes and static-electricity discharges!<br \/>\n&#8211; ASUS Overvoltage Protection: World-class circuit-protecting power design<br \/>\n&#8211; ASUS Stainless-Steel Back I\/O: 3X corrosion-resistance for greater durability!<br \/>\n&#8211; ASUS DIGI+ VRM: 6 Phase digital power design<br \/>\nASUS Exclusive Features :<br \/>\n&#8211; AI Suite 3<br \/>\n&#8211; Ai Charger<br \/>\nASUS Quiet Thermal Solution :<br \/>\n&#8211; Stylish Fanless Design Heat-sink solution<br \/>\n&#8211; ASUS Fan Xpert<br \/>\nASUS EZ DIY :<br \/>\n&#8211; ASUS CrashFree BIOS 3<br \/>\n&#8211; ASUS EZ Flash 3<br \/>\n&#8211; ASUS UEFI BIOS EZ Mode<br \/>\n&#8211; Multi-language BIOS<br \/>\nASUS Q-Design :<br \/>\n&#8211; ASUS Q-Slot<br \/>\n&#8211; ASUS Q-DIMM<\/p>\n<p>Operating System Support<\/p>\n<p>Windows 10<\/p>\n<p>Puertos I\/O Traseros<\/p>\n<p>1 x PS\/2 keyboard (purple)<br \/>\n1 x PS\/2 mouse (green)<br \/>\n1 x D-Sub<br \/>\n1 x HDMI<br \/>\n1 x LAN (RJ45) port(s)<br \/>\n4 x USB 3.1 Gen 1 (blue) ,<br \/>\n2 x USB 2.0<br \/>\n3 x Audio jack(s)<\/p>\n<p>Internal I\/O<\/p>\n<p>1 x USB 3.1 Gen 1(up to 5Gbps) connector(s) support(s) additional 2 USB 3.1 Gen 1 port(s) (19-pin)<br \/>\n2 x USB 2.0 connector(s) support(s) additional 4 USB 2.0 port(s)<br \/>\n1 x M.2 Socket 3 with M key, type 2242\/2260\/2280 storage devices support (SATA &amp; PCIE 3.0 x 4 mode)<br \/>\n1 x COM port(s) connector(s)<br \/>\n4 x SATA 6Gb\/s connector(s)<br \/>\n1 x CPU Fan connector(s) (1 x 4 -pin)<br \/>\n1 x Chassis Fan connector(s) (1 x 4 -pin)<br \/>\n1 x S\/PDIF out header(s)<br \/>\n1 x 24-pin EATX Power connector(s)<br \/>\n1 x 4-pin ATX 12V Power connector(s)<br \/>\n1 x Front panel audio connector(s) (AAFP)<br \/>\n1 x System panel(s)<br \/>\n1 x Clear CMOS jumper(s)<br \/>\n1 x Speaker connector<\/p>\n<p>Accessorios<\/p>\n<p>User&#8217;s manual<br \/>\nI\/O Shield<br \/>\n2 x SATA 6Gb\/s cable(s)<br \/>\n1 x M.2 Screw Package<br \/>\n1 x Supporting DVD<\/p>\n<p>BIOS<\/p>\n<p>128 Mb Flash ROM, UEFI AMI BIOS, PnP,WfM2.0, SM BIOS 3.0, ACPI 6.1, Multi-language BIOS, ASUS EZ Flash 3, ASUS CrashFree BIOS 3, My Favorites, Last Modified log, F12 PrintScreen, ASUS DRAM SPD (Serial Presence Detect) memory information, F6 Qfan Control<\/p>\n<p>Sistema Operativo<\/p>\n<p>Windows 10 64-bit<\/p>\n<p>Factor de forma<\/p>\n<p>mATX Form Factor<br \/>\n8.9 inch x 8.7 inch ( 22.6 cm x 22.1 cm )<\/p>\n<p>Nota<br \/>\n*1 Windows 7 64-bit is only supported when using AMD Ryzen 2nd Generation\/ Ryzen 1st Generation \/ 7th Generation A-series\/ Athlon X4 Processors.<\/p>\n<p>Garant\u00eda: 12 meses con el fabricante previo registro y basado en el serial de la board. La garant\u00eda se pierde sino se tiene la etiqueta del serial.<\/p>\n<p>Aqu\u00ed encuentra el mejor precio para esta board!<\/p>\n<p>Por favor lea cuidadosamente las especificaciones y si tiene dudas preg\u00fantenos. Estamos para servirle.<\/p>\n","protected":false},"excerpt":{"rendered":"<p>Caracter\u00edsticas principales<br \/>\nMarca Asus<br \/>\nL\u00ednea Prime<br \/>\nModelo A320M-K<br \/>\nVersi\u00f3n N\/A<br \/>\nOtras caracter\u00edsticas<br \/>\nPlataforma: AMD<\/p>\n","protected":false},"featured_media":14335,"comment_status":"open","ping_status":"closed","template":"","meta":[],"pwb-brand":[212],"product_brand":[],"product_cat":[68],"product_tag":[474,182],"class_list":{"0":"post-13135","1":"product","2":"type-product","3":"status-publish","4":"has-post-thumbnail","6":"pwb-brand-asus","7":"product_cat-board","8":"product_tag-board-amd","9":"product_tag-ryzen-am4","11":"first","12":"instock","13":"taxable","14":"shipping-taxable","15":"purchasable","16":"product-type-simple"},"yoast_head":"<!-- This site is optimized with the Yoast SEO plugin v26.7 - https:\/\/yoast.com\/wordpress\/plugins\/seo\/ -->\n<title>ASUS PRIME A320M-K - PC MASTERS BOGOTA<\/title>\n<meta name=\"robots\" content=\"index, follow, max-snippet:-1, max-image-preview:large, max-video-preview:-1\" \/>\n<link rel=\"canonical\" href=\"https:\/\/pcmastersbogota.com.co\/es_es\/producto\/asus-prime-a320m-k\/\" \/>\n<meta property=\"og:locale\" content=\"es_ES\" \/>\n<meta property=\"og:type\" content=\"article\" \/>\n<meta property=\"og:title\" content=\"ASUS PRIME A320M-K - PC MASTERS BOGOTA\" \/>\n<meta property=\"og:description\" content=\"Caracter\u00edsticas principales Marca Asus L\u00ednea Prime Modelo A320M-K Versi\u00f3n N\/A Otras caracter\u00edsticas Plataforma: AMD\" \/>\n<meta property=\"og:url\" content=\"https:\/\/pcmastersbogota.com.co\/es_es\/producto\/asus-prime-a320m-k\/\" \/>\n<meta property=\"og:site_name\" content=\"PC MASTERS BOGOTA\" \/>\n<meta property=\"article:modified_time\" content=\"2024-03-13T17:46:33+00:00\" \/>\n<meta property=\"og:image\" content=\"https:\/\/pcmastersbogota.com.co\/wp-content\/uploads\/2021\/08\/JmTBKbQG6QXxhffu_setting_xxx_0_90_end_800.png\" \/>\n\t<meta property=\"og:image:width\" content=\"800\" \/>\n\t<meta property=\"og:image:height\" content=\"800\" \/>\n\t<meta property=\"og:image:type\" content=\"image\/png\" \/>\n<meta name=\"twitter:card\" content=\"summary_large_image\" \/>\n<meta name=\"twitter:label1\" content=\"Tiempo de lectura\" \/>\n\t<meta name=\"twitter:data1\" content=\"4 minutos\" \/>\n<script type=\"application\/ld+json\" class=\"yoast-schema-graph\">{\"@context\":\"https:\/\/schema.org\",\"@graph\":[{\"@type\":\"WebPage\",\"@id\":\"https:\/\/pcmastersbogota.com.co\/producto\/asus-prime-a320m-k\/\",\"url\":\"https:\/\/pcmastersbogota.com.co\/producto\/asus-prime-a320m-k\/\",\"name\":\"ASUS PRIME A320M-K - PC MASTERS BOGOTA\",\"isPartOf\":{\"@id\":\"https:\/\/pcmastersbogota.com.co\/es_es\/#website\"},\"primaryImageOfPage\":{\"@id\":\"https:\/\/pcmastersbogota.com.co\/producto\/asus-prime-a320m-k\/#primaryimage\"},\"image\":{\"@id\":\"https:\/\/pcmastersbogota.com.co\/producto\/asus-prime-a320m-k\/#primaryimage\"},\"thumbnailUrl\":\"https:\/\/pcmastersbogota.com.co\/wp-content\/uploads\/2021\/08\/JmTBKbQG6QXxhffu_setting_xxx_0_90_end_800.png\",\"datePublished\":\"2021-08-06T00:26:40+00:00\",\"dateModified\":\"2024-03-13T17:46:33+00:00\",\"breadcrumb\":{\"@id\":\"https:\/\/pcmastersbogota.com.co\/producto\/asus-prime-a320m-k\/#breadcrumb\"},\"inLanguage\":\"es\",\"potentialAction\":[{\"@type\":\"ReadAction\",\"target\":[\"https:\/\/pcmastersbogota.com.co\/producto\/asus-prime-a320m-k\/\"]}]},{\"@type\":\"ImageObject\",\"inLanguage\":\"es\",\"@id\":\"https:\/\/pcmastersbogota.com.co\/producto\/asus-prime-a320m-k\/#primaryimage\",\"url\":\"https:\/\/pcmastersbogota.com.co\/wp-content\/uploads\/2021\/08\/JmTBKbQG6QXxhffu_setting_xxx_0_90_end_800.png\",\"contentUrl\":\"https:\/\/pcmastersbogota.com.co\/wp-content\/uploads\/2021\/08\/JmTBKbQG6QXxhffu_setting_xxx_0_90_end_800.png\",\"width\":800,\"height\":800},{\"@type\":\"BreadcrumbList\",\"@id\":\"https:\/\/pcmastersbogota.com.co\/producto\/asus-prime-a320m-k\/#breadcrumb\",\"itemListElement\":[{\"@type\":\"ListItem\",\"position\":1,\"name\":\"Home\",\"item\":\"https:\/\/pcmastersbogota.com.co\/\"},{\"@type\":\"ListItem\",\"position\":2,\"name\":\"Tienda\",\"item\":\"https:\/\/pcmastersbogota.com.co\/es_es\/tienda\/\"},{\"@type\":\"ListItem\",\"position\":3,\"name\":\"ASUS PRIME A320M-K\"}]},{\"@type\":\"WebSite\",\"@id\":\"https:\/\/pcmastersbogota.com.co\/es_es\/#website\",\"url\":\"https:\/\/pcmastersbogota.com.co\/es_es\/\",\"name\":\"PC MASTERS BOGOTA\",\"description\":\"\",\"potentialAction\":[{\"@type\":\"SearchAction\",\"target\":{\"@type\":\"EntryPoint\",\"urlTemplate\":\"https:\/\/pcmastersbogota.com.co\/es_es\/?s={search_term_string}\"},\"query-input\":{\"@type\":\"PropertyValueSpecification\",\"valueRequired\":true,\"valueName\":\"search_term_string\"}}],\"inLanguage\":\"es\"}]}<\/script>\n<!-- \/ Yoast SEO plugin. -->","yoast_head_json":{"title":"ASUS PRIME A320M-K - PC MASTERS BOGOTA","robots":{"index":"index","follow":"follow","max-snippet":"max-snippet:-1","max-image-preview":"max-image-preview:large","max-video-preview":"max-video-preview:-1"},"canonical":"https:\/\/pcmastersbogota.com.co\/es_es\/producto\/asus-prime-a320m-k\/","og_locale":"es_ES","og_type":"article","og_title":"ASUS PRIME A320M-K - PC MASTERS BOGOTA","og_description":"Caracter\u00edsticas principales Marca Asus L\u00ednea Prime Modelo A320M-K Versi\u00f3n N\/A Otras caracter\u00edsticas Plataforma: AMD","og_url":"https:\/\/pcmastersbogota.com.co\/es_es\/producto\/asus-prime-a320m-k\/","og_site_name":"PC MASTERS BOGOTA","article_modified_time":"2024-03-13T17:46:33+00:00","og_image":[{"width":800,"height":800,"url":"https:\/\/pcmastersbogota.com.co\/wp-content\/uploads\/2021\/08\/JmTBKbQG6QXxhffu_setting_xxx_0_90_end_800.png","type":"image\/png"}],"twitter_card":"summary_large_image","twitter_misc":{"Tiempo de lectura":"4 minutos"},"schema":{"@context":"https:\/\/schema.org","@graph":[{"@type":"WebPage","@id":"https:\/\/pcmastersbogota.com.co\/producto\/asus-prime-a320m-k\/","url":"https:\/\/pcmastersbogota.com.co\/producto\/asus-prime-a320m-k\/","name":"ASUS PRIME A320M-K - PC MASTERS BOGOTA","isPartOf":{"@id":"https:\/\/pcmastersbogota.com.co\/es_es\/#website"},"primaryImageOfPage":{"@id":"https:\/\/pcmastersbogota.com.co\/producto\/asus-prime-a320m-k\/#primaryimage"},"image":{"@id":"https:\/\/pcmastersbogota.com.co\/producto\/asus-prime-a320m-k\/#primaryimage"},"thumbnailUrl":"https:\/\/pcmastersbogota.com.co\/wp-content\/uploads\/2021\/08\/JmTBKbQG6QXxhffu_setting_xxx_0_90_end_800.png","datePublished":"2021-08-06T00:26:40+00:00","dateModified":"2024-03-13T17:46:33+00:00","breadcrumb":{"@id":"https:\/\/pcmastersbogota.com.co\/producto\/asus-prime-a320m-k\/#breadcrumb"},"inLanguage":"es","potentialAction":[{"@type":"ReadAction","target":["https:\/\/pcmastersbogota.com.co\/producto\/asus-prime-a320m-k\/"]}]},{"@type":"ImageObject","inLanguage":"es","@id":"https:\/\/pcmastersbogota.com.co\/producto\/asus-prime-a320m-k\/#primaryimage","url":"https:\/\/pcmastersbogota.com.co\/wp-content\/uploads\/2021\/08\/JmTBKbQG6QXxhffu_setting_xxx_0_90_end_800.png","contentUrl":"https:\/\/pcmastersbogota.com.co\/wp-content\/uploads\/2021\/08\/JmTBKbQG6QXxhffu_setting_xxx_0_90_end_800.png","width":800,"height":800},{"@type":"BreadcrumbList","@id":"https:\/\/pcmastersbogota.com.co\/producto\/asus-prime-a320m-k\/#breadcrumb","itemListElement":[{"@type":"ListItem","position":1,"name":"Home","item":"https:\/\/pcmastersbogota.com.co\/"},{"@type":"ListItem","position":2,"name":"Tienda","item":"https:\/\/pcmastersbogota.com.co\/es_es\/tienda\/"},{"@type":"ListItem","position":3,"name":"ASUS PRIME A320M-K"}]},{"@type":"WebSite","@id":"https:\/\/pcmastersbogota.com.co\/es_es\/#website","url":"https:\/\/pcmastersbogota.com.co\/es_es\/","name":"PC MASTERS BOGOTA","description":"","potentialAction":[{"@type":"SearchAction","target":{"@type":"EntryPoint","urlTemplate":"https:\/\/pcmastersbogota.com.co\/es_es\/?s={search_term_string}"},"query-input":{"@type":"PropertyValueSpecification","valueRequired":true,"valueName":"search_term_string"}}],"inLanguage":"es"}]}},"brands":[{"id":212,"name":"ASUS","slug":"asus"}],"_links":{"self":[{"href":"https:\/\/pcmastersbogota.com.co\/es_es\/wp-json\/wp\/v2\/product\/13135","targetHints":{"allow":["GET"]}}],"collection":[{"href":"https:\/\/pcmastersbogota.com.co\/es_es\/wp-json\/wp\/v2\/product"}],"about":[{"href":"https:\/\/pcmastersbogota.com.co\/es_es\/wp-json\/wp\/v2\/types\/product"}],"replies":[{"embeddable":true,"href":"https:\/\/pcmastersbogota.com.co\/es_es\/wp-json\/wp\/v2\/comments?post=13135"}],"version-history":[{"count":4,"href":"https:\/\/pcmastersbogota.com.co\/es_es\/wp-json\/wp\/v2\/product\/13135\/revisions"}],"predecessor-version":[{"id":18032,"href":"https:\/\/pcmastersbogota.com.co\/es_es\/wp-json\/wp\/v2\/product\/13135\/revisions\/18032"}],"wp:featuredmedia":[{"embeddable":true,"href":"https:\/\/pcmastersbogota.com.co\/es_es\/wp-json\/wp\/v2\/media\/14335"}],"wp:attachment":[{"href":"https:\/\/pcmastersbogota.com.co\/es_es\/wp-json\/wp\/v2\/media?parent=13135"}],"wp:term":[{"taxonomy":"pwb-brand","embeddable":true,"href":"https:\/\/pcmastersbogota.com.co\/es_es\/wp-json\/wp\/v2\/pwb-brand?post=13135"},{"taxonomy":"product_brand","embeddable":true,"href":"https:\/\/pcmastersbogota.com.co\/es_es\/wp-json\/wp\/v2\/product_brand?post=13135"},{"taxonomy":"product_cat","embeddable":true,"href":"https:\/\/pcmastersbogota.com.co\/es_es\/wp-json\/wp\/v2\/product_cat?post=13135"},{"taxonomy":"product_tag","embeddable":true,"href":"https:\/\/pcmastersbogota.com.co\/es_es\/wp-json\/wp\/v2\/product_tag?post=13135"}],"curies":[{"name":"wp","href":"https:\/\/api.w.org\/{rel}","templated":true}]}}