{"id":13139,"date":"2021-08-05T19:26:41","date_gmt":"2021-08-06T00:26:41","guid":{"rendered":"https:\/\/pcmastersbogota.com.co\/?post_type=product&#038;p=13139"},"modified":"2023-06-23T13:47:29","modified_gmt":"2023-06-23T18:47:29","slug":"asrock-b450m-hdv","status":"publish","type":"product","link":"https:\/\/pcmastersbogota.com.co\/es_es\/producto\/asrock-b450m-hdv\/","title":{"rendered":"ASROCK B450M HDV"},"content":{"rendered":"<p>https:\/\/www.asrock.com\/mb\/AMD\/B450M-HDV\/index.asp<\/p>\n<p>Descripci\u00f3n<br \/>\nAMD Promontory B450<br \/>\n2 x ranuras DIMM DDR4<br \/>\nDDR4 3200\/2933\/2667\/2400\/2133 ECC y no ECC, memoria sin b\u00fafer<br \/>\nLAN 10\/100\/1000 Mb \/ s<br \/>\n&#8211; 1 x ranura PCI Express 2.0 x1<br \/>\n&#8211; 1 x puerto de mouse \/ teclado PS \/ 2<br \/>\n&#8211; 1 x puerto D-Sub<br \/>\n&#8211; 1 x puerto DVI-D<br \/>\n&#8211; 1 x puerto HDMI<br \/>\n&#8211; 2 x puertos USB 2.0 (admite protecci\u00f3n ESD)<br \/>\n&#8211; 4 x puertos USB 3.1 Gen1 (admite ESD Protecci\u00f3n)<br \/>\n&#8211; 1 x puerto LAN RJ-45 con LED (LED ACT \/ LINK y LED SPEED)<\/p>\n","protected":false},"excerpt":{"rendered":"<p>Caracter\u00edsticas principales<br \/>\nMarca ASRock<br \/>\nModelo b450 m<br \/>\nVersi\u00f3n amd<br \/>\nOtras caracter\u00edsticas<br \/>\nCapacidad m\u00e1xima soportada de la memoria RAM: 32 GB<br \/>\nChipset: am4<br \/>\nSocket: AM4<br \/>\nRanuras de expansi\u00f3n: 2<br \/>\nCon procesador: No<br \/>\nAplicaciones: PC<br \/>\nTipo de memoria RAM: DDR4<\/p>\n","protected":false},"featured_media":14308,"comment_status":"open","ping_status":"closed","template":"","meta":[],"pwb-brand":[213],"product_brand":[],"product_cat":[68],"product_tag":[182],"class_list":{"0":"post-13139","1":"product","2":"type-product","3":"status-publish","4":"has-post-thumbnail","6":"pwb-brand-asrock","7":"product_cat-board","8":"product_tag-ryzen-am4","10":"first","11":"outofstock","12":"taxable","13":"shipping-taxable","14":"purchasable","15":"product-type-simple"},"yoast_head":"<!-- This site is optimized with the Yoast SEO plugin v26.7 - https:\/\/yoast.com\/wordpress\/plugins\/seo\/ -->\n<title>ASROCK B450M HDV - PC MASTERS BOGOTA<\/title>\n<meta name=\"robots\" content=\"index, follow, max-snippet:-1, max-image-preview:large, max-video-preview:-1\" \/>\n<link rel=\"canonical\" href=\"https:\/\/pcmastersbogota.com.co\/es_es\/producto\/asrock-b450m-hdv\/\" \/>\n<meta property=\"og:locale\" content=\"es_ES\" \/>\n<meta property=\"og:type\" content=\"article\" \/>\n<meta property=\"og:title\" content=\"ASROCK B450M HDV - PC MASTERS BOGOTA\" \/>\n<meta property=\"og:description\" content=\"Caracter\u00edsticas principales Marca ASRock Modelo b450 m Versi\u00f3n amd Otras caracter\u00edsticas Capacidad m\u00e1xima soportada de la memoria RAM: 32 GB Chipset: am4 Socket: AM4 Ranuras de expansi\u00f3n: 2 Con procesador: No Aplicaciones: PC Tipo de memoria RAM: DDR4\" \/>\n<meta property=\"og:url\" content=\"https:\/\/pcmastersbogota.com.co\/es_es\/producto\/asrock-b450m-hdv\/\" \/>\n<meta property=\"og:site_name\" content=\"PC MASTERS BOGOTA\" \/>\n<meta property=\"article:modified_time\" content=\"2023-06-23T18:47:29+00:00\" \/>\n<meta property=\"og:image\" content=\"https:\/\/pcmastersbogota.com.co\/wp-content\/uploads\/2021\/08\/B450M-HDVL1.png\" \/>\n\t<meta property=\"og:image:width\" content=\"1200\" \/>\n\t<meta property=\"og:image:height\" content=\"1000\" \/>\n\t<meta property=\"og:image:type\" content=\"image\/png\" \/>\n<meta name=\"twitter:card\" content=\"summary_large_image\" \/>\n<script type=\"application\/ld+json\" class=\"yoast-schema-graph\">{\"@context\":\"https:\/\/schema.org\",\"@graph\":[{\"@type\":\"WebPage\",\"@id\":\"https:\/\/pcmastersbogota.com.co\/producto\/asrock-b450m-hdv\/\",\"url\":\"https:\/\/pcmastersbogota.com.co\/producto\/asrock-b450m-hdv\/\",\"name\":\"ASROCK B450M HDV - PC MASTERS BOGOTA\",\"isPartOf\":{\"@id\":\"https:\/\/pcmastersbogota.com.co\/es_es\/#website\"},\"primaryImageOfPage\":{\"@id\":\"https:\/\/pcmastersbogota.com.co\/producto\/asrock-b450m-hdv\/#primaryimage\"},\"image\":{\"@id\":\"https:\/\/pcmastersbogota.com.co\/producto\/asrock-b450m-hdv\/#primaryimage\"},\"thumbnailUrl\":\"https:\/\/pcmastersbogota.com.co\/wp-content\/uploads\/2021\/08\/B450M-HDVL1.png\",\"datePublished\":\"2021-08-06T00:26:41+00:00\",\"dateModified\":\"2023-06-23T18:47:29+00:00\",\"breadcrumb\":{\"@id\":\"https:\/\/pcmastersbogota.com.co\/producto\/asrock-b450m-hdv\/#breadcrumb\"},\"inLanguage\":\"es\",\"potentialAction\":[{\"@type\":\"ReadAction\",\"target\":[\"https:\/\/pcmastersbogota.com.co\/producto\/asrock-b450m-hdv\/\"]}]},{\"@type\":\"ImageObject\",\"inLanguage\":\"es\",\"@id\":\"https:\/\/pcmastersbogota.com.co\/producto\/asrock-b450m-hdv\/#primaryimage\",\"url\":\"https:\/\/pcmastersbogota.com.co\/wp-content\/uploads\/2021\/08\/B450M-HDVL1.png\",\"contentUrl\":\"https:\/\/pcmastersbogota.com.co\/wp-content\/uploads\/2021\/08\/B450M-HDVL1.png\",\"width\":1200,\"height\":1000},{\"@type\":\"BreadcrumbList\",\"@id\":\"https:\/\/pcmastersbogota.com.co\/producto\/asrock-b450m-hdv\/#breadcrumb\",\"itemListElement\":[{\"@type\":\"ListItem\",\"position\":1,\"name\":\"Home\",\"item\":\"https:\/\/pcmastersbogota.com.co\/\"},{\"@type\":\"ListItem\",\"position\":2,\"name\":\"Tienda\",\"item\":\"https:\/\/pcmastersbogota.com.co\/es_es\/tienda\/\"},{\"@type\":\"ListItem\",\"position\":3,\"name\":\"ASROCK B450M HDV\"}]},{\"@type\":\"WebSite\",\"@id\":\"https:\/\/pcmastersbogota.com.co\/es_es\/#website\",\"url\":\"https:\/\/pcmastersbogota.com.co\/es_es\/\",\"name\":\"PC MASTERS BOGOTA\",\"description\":\"\",\"potentialAction\":[{\"@type\":\"SearchAction\",\"target\":{\"@type\":\"EntryPoint\",\"urlTemplate\":\"https:\/\/pcmastersbogota.com.co\/es_es\/?s={search_term_string}\"},\"query-input\":{\"@type\":\"PropertyValueSpecification\",\"valueRequired\":true,\"valueName\":\"search_term_string\"}}],\"inLanguage\":\"es\"}]}<\/script>\n<!-- \/ Yoast SEO plugin. -->","yoast_head_json":{"title":"ASROCK B450M HDV - PC MASTERS BOGOTA","robots":{"index":"index","follow":"follow","max-snippet":"max-snippet:-1","max-image-preview":"max-image-preview:large","max-video-preview":"max-video-preview:-1"},"canonical":"https:\/\/pcmastersbogota.com.co\/es_es\/producto\/asrock-b450m-hdv\/","og_locale":"es_ES","og_type":"article","og_title":"ASROCK B450M HDV - PC MASTERS BOGOTA","og_description":"Caracter\u00edsticas principales Marca ASRock Modelo b450 m Versi\u00f3n amd Otras caracter\u00edsticas Capacidad m\u00e1xima soportada de la memoria RAM: 32 GB Chipset: am4 Socket: AM4 Ranuras de expansi\u00f3n: 2 Con procesador: No Aplicaciones: PC Tipo de memoria RAM: DDR4","og_url":"https:\/\/pcmastersbogota.com.co\/es_es\/producto\/asrock-b450m-hdv\/","og_site_name":"PC MASTERS BOGOTA","article_modified_time":"2023-06-23T18:47:29+00:00","og_image":[{"width":1200,"height":1000,"url":"https:\/\/pcmastersbogota.com.co\/wp-content\/uploads\/2021\/08\/B450M-HDVL1.png","type":"image\/png"}],"twitter_card":"summary_large_image","schema":{"@context":"https:\/\/schema.org","@graph":[{"@type":"WebPage","@id":"https:\/\/pcmastersbogota.com.co\/producto\/asrock-b450m-hdv\/","url":"https:\/\/pcmastersbogota.com.co\/producto\/asrock-b450m-hdv\/","name":"ASROCK B450M HDV - PC MASTERS BOGOTA","isPartOf":{"@id":"https:\/\/pcmastersbogota.com.co\/es_es\/#website"},"primaryImageOfPage":{"@id":"https:\/\/pcmastersbogota.com.co\/producto\/asrock-b450m-hdv\/#primaryimage"},"image":{"@id":"https:\/\/pcmastersbogota.com.co\/producto\/asrock-b450m-hdv\/#primaryimage"},"thumbnailUrl":"https:\/\/pcmastersbogota.com.co\/wp-content\/uploads\/2021\/08\/B450M-HDVL1.png","datePublished":"2021-08-06T00:26:41+00:00","dateModified":"2023-06-23T18:47:29+00:00","breadcrumb":{"@id":"https:\/\/pcmastersbogota.com.co\/producto\/asrock-b450m-hdv\/#breadcrumb"},"inLanguage":"es","potentialAction":[{"@type":"ReadAction","target":["https:\/\/pcmastersbogota.com.co\/producto\/asrock-b450m-hdv\/"]}]},{"@type":"ImageObject","inLanguage":"es","@id":"https:\/\/pcmastersbogota.com.co\/producto\/asrock-b450m-hdv\/#primaryimage","url":"https:\/\/pcmastersbogota.com.co\/wp-content\/uploads\/2021\/08\/B450M-HDVL1.png","contentUrl":"https:\/\/pcmastersbogota.com.co\/wp-content\/uploads\/2021\/08\/B450M-HDVL1.png","width":1200,"height":1000},{"@type":"BreadcrumbList","@id":"https:\/\/pcmastersbogota.com.co\/producto\/asrock-b450m-hdv\/#breadcrumb","itemListElement":[{"@type":"ListItem","position":1,"name":"Home","item":"https:\/\/pcmastersbogota.com.co\/"},{"@type":"ListItem","position":2,"name":"Tienda","item":"https:\/\/pcmastersbogota.com.co\/es_es\/tienda\/"},{"@type":"ListItem","position":3,"name":"ASROCK B450M HDV"}]},{"@type":"WebSite","@id":"https:\/\/pcmastersbogota.com.co\/es_es\/#website","url":"https:\/\/pcmastersbogota.com.co\/es_es\/","name":"PC MASTERS BOGOTA","description":"","potentialAction":[{"@type":"SearchAction","target":{"@type":"EntryPoint","urlTemplate":"https:\/\/pcmastersbogota.com.co\/es_es\/?s={search_term_string}"},"query-input":{"@type":"PropertyValueSpecification","valueRequired":true,"valueName":"search_term_string"}}],"inLanguage":"es"}]}},"brands":[{"id":213,"name":"ASROCK","slug":"asrock"}],"_links":{"self":[{"href":"https:\/\/pcmastersbogota.com.co\/es_es\/wp-json\/wp\/v2\/product\/13139","targetHints":{"allow":["GET"]}}],"collection":[{"href":"https:\/\/pcmastersbogota.com.co\/es_es\/wp-json\/wp\/v2\/product"}],"about":[{"href":"https:\/\/pcmastersbogota.com.co\/es_es\/wp-json\/wp\/v2\/types\/product"}],"replies":[{"embeddable":true,"href":"https:\/\/pcmastersbogota.com.co\/es_es\/wp-json\/wp\/v2\/comments?post=13139"}],"version-history":[{"count":4,"href":"https:\/\/pcmastersbogota.com.co\/es_es\/wp-json\/wp\/v2\/product\/13139\/revisions"}],"predecessor-version":[{"id":18027,"href":"https:\/\/pcmastersbogota.com.co\/es_es\/wp-json\/wp\/v2\/product\/13139\/revisions\/18027"}],"wp:featuredmedia":[{"embeddable":true,"href":"https:\/\/pcmastersbogota.com.co\/es_es\/wp-json\/wp\/v2\/media\/14308"}],"wp:attachment":[{"href":"https:\/\/pcmastersbogota.com.co\/es_es\/wp-json\/wp\/v2\/media?parent=13139"}],"wp:term":[{"taxonomy":"pwb-brand","embeddable":true,"href":"https:\/\/pcmastersbogota.com.co\/es_es\/wp-json\/wp\/v2\/pwb-brand?post=13139"},{"taxonomy":"product_brand","embeddable":true,"href":"https:\/\/pcmastersbogota.com.co\/es_es\/wp-json\/wp\/v2\/product_brand?post=13139"},{"taxonomy":"product_cat","embeddable":true,"href":"https:\/\/pcmastersbogota.com.co\/es_es\/wp-json\/wp\/v2\/product_cat?post=13139"},{"taxonomy":"product_tag","embeddable":true,"href":"https:\/\/pcmastersbogota.com.co\/es_es\/wp-json\/wp\/v2\/product_tag?post=13139"}],"curies":[{"name":"wp","href":"https:\/\/api.w.org\/{rel}","templated":true}]}}