{"id":13140,"date":"2021-08-05T19:26:41","date_gmt":"2021-08-06T00:26:41","guid":{"rendered":"https:\/\/pcmastersbogota.com.co\/?post_type=product&#038;p=13140"},"modified":"2024-03-13T12:45:47","modified_gmt":"2024-03-13T17:45:47","slug":"asrock-b450m-pro-4-argb","status":"publish","type":"product","link":"https:\/\/pcmastersbogota.com.co\/es_es\/producto\/asrock-b450m-pro-4-argb\/","title":{"rendered":"ASROCK B450M PRO 4 ARGB"},"content":{"rendered":"<p>https:\/\/www.asrock.com\/mb\/AMD\/B450m%20Pro4\/<\/p>\n<p>Caracter\u00edsticas principales<br \/>\nMarca ASRock<br \/>\nL\u00ednea PRO<br \/>\nModelo B450M Pro4<br \/>\nVersi\u00f3n 1.0<br \/>\nOtras caracter\u00edsticas<br \/>\nPlataforma: AMD<br \/>\nCapacidad m\u00e1xima soportada de la memoria RAM: 128 GB<br \/>\nChipset: B450<br \/>\nSocket: AM4<br \/>\nRanuras de expansi\u00f3n: 4<br \/>\nCon procesador: No<\/p>\n<p>Supports AMD AM4 Socket Ryzen\u2122 2000, 3000 and 5000 Series Desktop Processors<br \/>\nSupports DDR4 3200+ (OC)<br \/>\n1 PCIe 3.0 x16, 1 PCIe 2.0 x16, 1 PCIe 2.0 x1<br \/>\nAMD Quad CrossFireX\u2122<br \/>\nGraphics Output: HDMI, DVI-D, D-Sub<br \/>\n7.1 CH HD Audio (Realtek ALC892 Audio Codec), ELNA Audio Caps<br \/>\n4 SATA3, 1 Ultra M.2 (PCIe Gen3 x4), 1 M.2 (SATA3)<br \/>\n2 USB 3.1 Gen2 (Rear Type-A+C)<br \/>\n6 USB 3.1 Gen1 (2 Front, 4 Rear)<br \/>\nRealtek Gigabit LAN<\/p>\n","protected":false},"excerpt":{"rendered":"<p>Marca ASRock<br \/>\nL\u00ednea PRO<br \/>\nModelo B450M Pro4<br \/>\nVersi\u00f3n 1.0<br \/>\nOtras caracter\u00edsticas<br \/>\nPlataforma: AMD<br \/>\nCapacidad m\u00e1xima soportada de la memoria RAM: 64 GB<\/p>\n","protected":false},"featured_media":14314,"comment_status":"open","ping_status":"closed","template":"","meta":[],"pwb-brand":[213],"product_brand":[],"product_cat":[68],"product_tag":[474,182],"class_list":{"0":"post-13140","1":"product","2":"type-product","3":"status-publish","4":"has-post-thumbnail","6":"pwb-brand-asrock","7":"product_cat-board","8":"product_tag-board-amd","9":"product_tag-ryzen-am4","11":"first","12":"instock","13":"taxable","14":"shipping-taxable","15":"purchasable","16":"product-type-simple"},"yoast_head":"<!-- This site is optimized with the Yoast SEO plugin v26.7 - https:\/\/yoast.com\/wordpress\/plugins\/seo\/ -->\n<title>ASROCK B450M PRO 4 ARGB - PC MASTERS BOGOTA<\/title>\n<meta name=\"robots\" content=\"index, follow, max-snippet:-1, max-image-preview:large, max-video-preview:-1\" \/>\n<link rel=\"canonical\" href=\"https:\/\/pcmastersbogota.com.co\/es_es\/producto\/asrock-b450m-pro-4-argb\/\" \/>\n<meta property=\"og:locale\" content=\"es_ES\" \/>\n<meta property=\"og:type\" content=\"article\" \/>\n<meta property=\"og:title\" content=\"ASROCK B450M PRO 4 ARGB - PC MASTERS BOGOTA\" \/>\n<meta property=\"og:description\" content=\"Marca ASRock L\u00ednea PRO Modelo B450M Pro4 Versi\u00f3n 1.0 Otras caracter\u00edsticas Plataforma: AMD Capacidad m\u00e1xima soportada de la memoria RAM: 64 GB\" \/>\n<meta property=\"og:url\" content=\"https:\/\/pcmastersbogota.com.co\/es_es\/producto\/asrock-b450m-pro-4-argb\/\" \/>\n<meta property=\"og:site_name\" content=\"PC MASTERS BOGOTA\" \/>\n<meta property=\"article:modified_time\" content=\"2024-03-13T17:45:47+00:00\" \/>\n<meta property=\"og:image\" content=\"https:\/\/pcmastersbogota.com.co\/wp-content\/uploads\/2021\/08\/B450M-Pro4L1.png\" \/>\n\t<meta property=\"og:image:width\" content=\"1200\" \/>\n\t<meta property=\"og:image:height\" content=\"1000\" \/>\n\t<meta property=\"og:image:type\" content=\"image\/png\" \/>\n<meta name=\"twitter:card\" content=\"summary_large_image\" \/>\n<meta name=\"twitter:label1\" content=\"Tiempo de lectura\" \/>\n\t<meta name=\"twitter:data1\" content=\"1 minuto\" \/>\n<script type=\"application\/ld+json\" class=\"yoast-schema-graph\">{\"@context\":\"https:\/\/schema.org\",\"@graph\":[{\"@type\":\"WebPage\",\"@id\":\"https:\/\/pcmastersbogota.com.co\/producto\/asrock-b450m-pro-4-argb\/\",\"url\":\"https:\/\/pcmastersbogota.com.co\/producto\/asrock-b450m-pro-4-argb\/\",\"name\":\"ASROCK B450M PRO 4 ARGB - PC MASTERS BOGOTA\",\"isPartOf\":{\"@id\":\"https:\/\/pcmastersbogota.com.co\/es_es\/#website\"},\"primaryImageOfPage\":{\"@id\":\"https:\/\/pcmastersbogota.com.co\/producto\/asrock-b450m-pro-4-argb\/#primaryimage\"},\"image\":{\"@id\":\"https:\/\/pcmastersbogota.com.co\/producto\/asrock-b450m-pro-4-argb\/#primaryimage\"},\"thumbnailUrl\":\"https:\/\/pcmastersbogota.com.co\/wp-content\/uploads\/2021\/08\/B450M-Pro4L1.png\",\"datePublished\":\"2021-08-06T00:26:41+00:00\",\"dateModified\":\"2024-03-13T17:45:47+00:00\",\"breadcrumb\":{\"@id\":\"https:\/\/pcmastersbogota.com.co\/producto\/asrock-b450m-pro-4-argb\/#breadcrumb\"},\"inLanguage\":\"es\",\"potentialAction\":[{\"@type\":\"ReadAction\",\"target\":[\"https:\/\/pcmastersbogota.com.co\/producto\/asrock-b450m-pro-4-argb\/\"]}]},{\"@type\":\"ImageObject\",\"inLanguage\":\"es\",\"@id\":\"https:\/\/pcmastersbogota.com.co\/producto\/asrock-b450m-pro-4-argb\/#primaryimage\",\"url\":\"https:\/\/pcmastersbogota.com.co\/wp-content\/uploads\/2021\/08\/B450M-Pro4L1.png\",\"contentUrl\":\"https:\/\/pcmastersbogota.com.co\/wp-content\/uploads\/2021\/08\/B450M-Pro4L1.png\",\"width\":1200,\"height\":1000},{\"@type\":\"BreadcrumbList\",\"@id\":\"https:\/\/pcmastersbogota.com.co\/producto\/asrock-b450m-pro-4-argb\/#breadcrumb\",\"itemListElement\":[{\"@type\":\"ListItem\",\"position\":1,\"name\":\"Home\",\"item\":\"https:\/\/pcmastersbogota.com.co\/\"},{\"@type\":\"ListItem\",\"position\":2,\"name\":\"Tienda\",\"item\":\"https:\/\/pcmastersbogota.com.co\/es_es\/tienda\/\"},{\"@type\":\"ListItem\",\"position\":3,\"name\":\"ASROCK B450M PRO 4 ARGB\"}]},{\"@type\":\"WebSite\",\"@id\":\"https:\/\/pcmastersbogota.com.co\/es_es\/#website\",\"url\":\"https:\/\/pcmastersbogota.com.co\/es_es\/\",\"name\":\"PC MASTERS BOGOTA\",\"description\":\"\",\"potentialAction\":[{\"@type\":\"SearchAction\",\"target\":{\"@type\":\"EntryPoint\",\"urlTemplate\":\"https:\/\/pcmastersbogota.com.co\/es_es\/?s={search_term_string}\"},\"query-input\":{\"@type\":\"PropertyValueSpecification\",\"valueRequired\":true,\"valueName\":\"search_term_string\"}}],\"inLanguage\":\"es\"}]}<\/script>\n<!-- \/ Yoast SEO plugin. -->","yoast_head_json":{"title":"ASROCK B450M PRO 4 ARGB - PC MASTERS BOGOTA","robots":{"index":"index","follow":"follow","max-snippet":"max-snippet:-1","max-image-preview":"max-image-preview:large","max-video-preview":"max-video-preview:-1"},"canonical":"https:\/\/pcmastersbogota.com.co\/es_es\/producto\/asrock-b450m-pro-4-argb\/","og_locale":"es_ES","og_type":"article","og_title":"ASROCK B450M PRO 4 ARGB - PC MASTERS BOGOTA","og_description":"Marca ASRock L\u00ednea PRO Modelo B450M Pro4 Versi\u00f3n 1.0 Otras caracter\u00edsticas Plataforma: AMD Capacidad m\u00e1xima soportada de la memoria RAM: 64 GB","og_url":"https:\/\/pcmastersbogota.com.co\/es_es\/producto\/asrock-b450m-pro-4-argb\/","og_site_name":"PC MASTERS BOGOTA","article_modified_time":"2024-03-13T17:45:47+00:00","og_image":[{"width":1200,"height":1000,"url":"https:\/\/pcmastersbogota.com.co\/wp-content\/uploads\/2021\/08\/B450M-Pro4L1.png","type":"image\/png"}],"twitter_card":"summary_large_image","twitter_misc":{"Tiempo de lectura":"1 minuto"},"schema":{"@context":"https:\/\/schema.org","@graph":[{"@type":"WebPage","@id":"https:\/\/pcmastersbogota.com.co\/producto\/asrock-b450m-pro-4-argb\/","url":"https:\/\/pcmastersbogota.com.co\/producto\/asrock-b450m-pro-4-argb\/","name":"ASROCK B450M PRO 4 ARGB - PC MASTERS BOGOTA","isPartOf":{"@id":"https:\/\/pcmastersbogota.com.co\/es_es\/#website"},"primaryImageOfPage":{"@id":"https:\/\/pcmastersbogota.com.co\/producto\/asrock-b450m-pro-4-argb\/#primaryimage"},"image":{"@id":"https:\/\/pcmastersbogota.com.co\/producto\/asrock-b450m-pro-4-argb\/#primaryimage"},"thumbnailUrl":"https:\/\/pcmastersbogota.com.co\/wp-content\/uploads\/2021\/08\/B450M-Pro4L1.png","datePublished":"2021-08-06T00:26:41+00:00","dateModified":"2024-03-13T17:45:47+00:00","breadcrumb":{"@id":"https:\/\/pcmastersbogota.com.co\/producto\/asrock-b450m-pro-4-argb\/#breadcrumb"},"inLanguage":"es","potentialAction":[{"@type":"ReadAction","target":["https:\/\/pcmastersbogota.com.co\/producto\/asrock-b450m-pro-4-argb\/"]}]},{"@type":"ImageObject","inLanguage":"es","@id":"https:\/\/pcmastersbogota.com.co\/producto\/asrock-b450m-pro-4-argb\/#primaryimage","url":"https:\/\/pcmastersbogota.com.co\/wp-content\/uploads\/2021\/08\/B450M-Pro4L1.png","contentUrl":"https:\/\/pcmastersbogota.com.co\/wp-content\/uploads\/2021\/08\/B450M-Pro4L1.png","width":1200,"height":1000},{"@type":"BreadcrumbList","@id":"https:\/\/pcmastersbogota.com.co\/producto\/asrock-b450m-pro-4-argb\/#breadcrumb","itemListElement":[{"@type":"ListItem","position":1,"name":"Home","item":"https:\/\/pcmastersbogota.com.co\/"},{"@type":"ListItem","position":2,"name":"Tienda","item":"https:\/\/pcmastersbogota.com.co\/es_es\/tienda\/"},{"@type":"ListItem","position":3,"name":"ASROCK B450M PRO 4 ARGB"}]},{"@type":"WebSite","@id":"https:\/\/pcmastersbogota.com.co\/es_es\/#website","url":"https:\/\/pcmastersbogota.com.co\/es_es\/","name":"PC MASTERS BOGOTA","description":"","potentialAction":[{"@type":"SearchAction","target":{"@type":"EntryPoint","urlTemplate":"https:\/\/pcmastersbogota.com.co\/es_es\/?s={search_term_string}"},"query-input":{"@type":"PropertyValueSpecification","valueRequired":true,"valueName":"search_term_string"}}],"inLanguage":"es"}]}},"brands":[{"id":213,"name":"ASROCK","slug":"asrock"}],"_links":{"self":[{"href":"https:\/\/pcmastersbogota.com.co\/es_es\/wp-json\/wp\/v2\/product\/13140","targetHints":{"allow":["GET"]}}],"collection":[{"href":"https:\/\/pcmastersbogota.com.co\/es_es\/wp-json\/wp\/v2\/product"}],"about":[{"href":"https:\/\/pcmastersbogota.com.co\/es_es\/wp-json\/wp\/v2\/types\/product"}],"replies":[{"embeddable":true,"href":"https:\/\/pcmastersbogota.com.co\/es_es\/wp-json\/wp\/v2\/comments?post=13140"}],"version-history":[{"count":6,"href":"https:\/\/pcmastersbogota.com.co\/es_es\/wp-json\/wp\/v2\/product\/13140\/revisions"}],"predecessor-version":[{"id":19265,"href":"https:\/\/pcmastersbogota.com.co\/es_es\/wp-json\/wp\/v2\/product\/13140\/revisions\/19265"}],"wp:featuredmedia":[{"embeddable":true,"href":"https:\/\/pcmastersbogota.com.co\/es_es\/wp-json\/wp\/v2\/media\/14314"}],"wp:attachment":[{"href":"https:\/\/pcmastersbogota.com.co\/es_es\/wp-json\/wp\/v2\/media?parent=13140"}],"wp:term":[{"taxonomy":"pwb-brand","embeddable":true,"href":"https:\/\/pcmastersbogota.com.co\/es_es\/wp-json\/wp\/v2\/pwb-brand?post=13140"},{"taxonomy":"product_brand","embeddable":true,"href":"https:\/\/pcmastersbogota.com.co\/es_es\/wp-json\/wp\/v2\/product_brand?post=13140"},{"taxonomy":"product_cat","embeddable":true,"href":"https:\/\/pcmastersbogota.com.co\/es_es\/wp-json\/wp\/v2\/product_cat?post=13140"},{"taxonomy":"product_tag","embeddable":true,"href":"https:\/\/pcmastersbogota.com.co\/es_es\/wp-json\/wp\/v2\/product_tag?post=13140"}],"curies":[{"name":"wp","href":"https:\/\/api.w.org\/{rel}","templated":true}]}}