{"id":13153,"date":"2021-08-05T19:26:43","date_gmt":"2021-08-06T00:26:43","guid":{"rendered":"https:\/\/pcmastersbogota.com.co\/?post_type=product&#038;p=13153"},"modified":"2024-03-13T12:42:57","modified_gmt":"2024-03-13T17:42:57","slug":"asus-prime-b550m-a","status":"publish","type":"product","link":"https:\/\/pcmastersbogota.com.co\/es_es\/producto\/asus-prime-b550m-a\/","title":{"rendered":"ASUS PRIME B550M-A"},"content":{"rendered":"<p>https:\/\/www.asus.com\/Motherboards-Components\/Motherboards\/PRIME\/PRIME-B550M-A\/<\/p>\n<p>Capacidad m\u00e1xima soportada de la memoria RAM: 128 GB<br \/>\nChipset: AMD B550<br \/>\nSocket: Amd<br \/>\nRanuras de expansi\u00f3n: 4<br \/>\nCon procesador: No<br \/>\nCPU: Equipo de computo<br \/>\nTipo de memoria RAM: DDR4<br \/>\nDescripci\u00f3n<br \/>\nUPC<br \/>\nConstruir en AMD AM4 Socket Procesadores AMD Ryzen \u2122 de 3.a generaci\u00f3n *<br \/>\n* Consulte www.asus.com para obtener una lista de soporte de CPU<br \/>\nChipset<br \/>\nAMD B550<br \/>\nMemoria<br \/>\nProcesadores AMD Ryzen \u2122 de 3.a generaci\u00f3n<br \/>\n4 x DIMM, m\u00e1x. 128 GB, DDR4 4600 (OC) \/ 4400 (OC) \/ 4266 (OC) \/ 4133 (OC) \/ 4000 (OC) \/ 3866 (OC) \/ 3733 (OC) \/ 3600 (OC) \/ 3466 (OC) \/ 3333 ( OC) \/<br \/>\n3200\/3000\/2800\/2666\/2400\/2133 MHz Memoria sin b\u00fafer * Procesadores AMD Ryzen PRO de pr\u00f3xima generaci\u00f3n<br \/>\n4 x DIMM, m\u00e1x. 128 GB, DDR4 4800 (OC) \/ 4600 (OC) \/ 4466 (OC) \/ 4400 (OC) \/ 4266 (OC) \/ 4133 (OC) \/ 4000 (OC) \/ 3866 (OC) \/ 3733 (OC) \/ 3600 ( OC) \/ 3466 (OC) \/ 3333 (OC) \/ 3200\/3000\/2800\/2666\/2400\/2133 MHz Memoria sin b\u00fafer *<br \/>\nArquitectura de memoria de doble canal El<br \/>\nsoporte de memoria ECC (modo ECC) var\u00eda seg\u00fan la CPU.<br \/>\n* Consulte www.asus.com para la memoria QVL (Listas de proveedores calificados).<br \/>\nGr\u00e1fico<br \/>\n1 x D-Sub<br \/>\n1 x DVI-D<br \/>\n1 x HDMI 2.1 (4K @ 60HZ)<br \/>\nRanuras de expansi\u00f3n<br \/>\nProcesadores AMD Ryzen \u2122 de 3.a generaci\u00f3n<br \/>\n1 x PCIe 4.0 x16 (modo x16)<br \/>\nChipset AMD B550<br \/>\n2 x PCIe 3.0 x1<br \/>\nAlmacenamiento<br \/>\nTotal admite 2 x ranuras M.2 y 4 x puertos SATA de 6 Gb \/ s<br \/>\nProcesadores AMD Ryzen \u2122 de 3.a generaci\u00f3n:<br \/>\n1 x M.2 Socket 3, con clave M, tipo 2242\/2260\/2280\/22110 (modos PCIE 4.0 x4 y SATA ) los dispositivos de almacenamiento admiten el<br \/>\nchipset AMD B550:<br \/>\n1 x M.2 Socket 3, con clave M, tipo 2242\/2260\/2280 (modos PCIE 3.0 x4 y SATA), los dispositivos de almacenamiento admiten<br \/>\n4 x puertos SATA 6Gb \/ s,<br \/>\nSupport Raid 0, 1, 10<br \/>\nLAN<br \/>\nRealtek RTL8111H Ethernet de 1 Gb<br \/>\nAudio<br \/>\nRealtek ALC887 7.1 Sonido envolvente CODEC de audio de alta definici\u00f3n<br \/>\n&#8211; Admite: detecci\u00f3n de jack, transmisi\u00f3n m\u00faltiple, reenganche de jack del panel frontal, reproducci\u00f3n de hasta 24 bits \/ 192kHz<br \/>\nCaracter\u00edstica de audio:<br \/>\n&#8211; Dise\u00f1o iluminado por LED<br \/>\n&#8211; Blindaje de audio<br \/>\n&#8211; Capas de PCB de audio dedicadas<br \/>\n&#8211; Condensadores de audio japoneses premium<br \/>\n* Elija el chasis con m\u00f3dulo de audio HD en el panel frontal para admitir salida de audio de 8 canales.<br \/>\nPuertos USB<br \/>\nPuerto USB posterior (Total 6)<br \/>\n2 x Puerto (s) USB 3.2 Gen 2 (2 x Tipo-A)<br \/>\n4 x Puerto (s) USB 3.2 Gen 1 (4 x Tipo-A)<br \/>\nPuerto USB frontal (Total 6)<br \/>\n2 x Puerto (s) USB 3.2 Gen 1 (2 x Tipo-A)<br \/>\n4 x Puerto (s) USB 2.0 (4 x Tipo-A)<br \/>\nFunciones de software<br \/>\nASUS Exclusive Software<br \/>\nArmory Crate<br \/>\n&#8211; Aura Creator<br \/>\n&#8211; Aura Sync<br \/>\nAI Suite 3<br \/>\n&#8211; Utilidad de rendimiento y ahorro de energ\u00eda<br \/>\nTurboV EVO<br \/>\nEPU<br \/>\nDigi + VRM<br \/>\nFan Xpert 2+<br \/>\n&#8211; Actualizaci\u00f3n EZ<br \/>\nASUS CPU-Z<br \/>\nAI Charger<br \/>\nDAEMON Tools<br \/>\nSoftware Norton Anti-virus (Prueba gratuita para 60 d\u00edas)<br \/>\nWinRAR<br \/>\nUEFI BIOS<br \/>\nASUS EZ DIY<br \/>\n&#8211; ASUS CrashFree BIOS 3<br \/>\n&#8211; ASUS EZ Flash 3<br \/>\n&#8211; Modo ASUS UEFI BIOS EZ<br \/>\nCaracter\u00edsticas especiales de ASUS<br \/>\nASUS 5X PROTECTION III<br \/>\n&#8211; ASUS DIGI + VRM<br \/>\n&#8211; ASUS LANGuard<br \/>\n&#8211; ASUS Protecci\u00f3n contra sobretensiones<br \/>\n&#8211; ASUS SafeSlot Core<br \/>\n&#8211; ASUS Acero inoxidable E \/ S posterior<br \/>\nASUS Q-Design<br \/>\n&#8211; ASUS Q-DIMM<br \/>\n&#8211; ASUS Q-Slot<br \/>\nSoluci\u00f3n t\u00e9rmica ASUS<br \/>\n&#8211; Dise\u00f1o de disipador de calor de aluminio<br \/>\nAURA Sincronizaci\u00f3n<br \/>\n&#8211; Encabezados RGB est\u00e1ndar<br \/>\n&#8211; Encabezado RGB Gen 2 direccionable<br \/>\nControl de iluminaci\u00f3n ASUS<br \/>\nVolver puertos de E \/ S<br \/>\n1 x puerto (s) combinado de teclado \/ mouse PS \/ 2<br \/>\n1 x DVI-D<br \/>\n1 x D-Sub<br \/>\n1 x HDMI<br \/>\n1 x puerto (s) LAN (RJ45)<br \/>\n2 x USB 3.2 Gen 2 (azul azulado) (2 x Tipo -A)<br \/>\n4 x USB 3.2 Gen 1 (azul) Tipo-A<br \/>\n3 x Jack (s) de audio<br \/>\nPuertos internos de E \/ S<br \/>\n1 x Conector (es) de ventilador de CPU 1 x Conector (es)<br \/>\nde ventilador de CPU OPT<br \/>\n2 x Conector (es) de ventilador de chasis<br \/>\n2 x Encabezados de banda Aura RGB<br \/>\n1 x Encabezado (s) direccionable Gen 2<br \/>\n1 x USB 3.2 Gen 1 (hasta 5Gbps ) conector (es) compatible (s) adicional 2 USB 3.2 Gen 1 puerto (s)<br \/>\n2 x conector USB 2.0 compatible (s) adicional 4 puerto (s) USB 2.0<br \/>\n1 x M.2 Socket 3 con llave M, soporte de dispositivos de almacenamiento tipo 2242\/2260\/2280\/22110 (modo SATA y PCIe 4.0 x4)<br \/>\n1 x M.2 Socket 3 con tecla M, soporte de dispositivos de almacenamiento tipo 2242\/2260\/2280 (modo SATA y PCIE 3.0 x 4)<br \/>\n1 x Cabecera SPI TPM<br \/>\n4 x conector (es) SATA 6Gb \/ s<br \/>\n1 x cabecera (s) de salida S \/ PDIF<br \/>\n1 x conector (es) de alimentaci\u00f3n EATX de 24 pines<br \/>\n1 x conector de alimentaci\u00f3n EATX 12V de 8 pines<br \/>\n1 x conector (es) de audio del panel frontal (AAFP)<br \/>\n1 x puente (s) claro CMOS<br \/>\n1 x conector del panel del sistema<br \/>\n1 x encabezado del puerto COM<br \/>\n1 x conector de altavoz<br \/>\nAccesorios<br \/>\n1 x ACC Express Activation Key Card<br \/>\nI \/ O Shield<br \/>\n2 x SATA 6Gb \/ s cable (s)<br \/>\n1 x DVD de soporte<br \/>\nManual del usuario<br \/>\n1 x M.2 SSD paquete (s) de tornillos<br \/>\nBIOS<br \/>\n256 MB de ROM Flash, UEFI AMI BIOS<br \/>\nManejabilidad<br \/>\nWOL by PXE<br \/>\nSistema operativo<br \/>\nWindows\u00ae 10 de 64 bits<br \/>\nFactor de forma<br \/>\nFactor de forma mATX<br \/>\n9.6 pulgadas x 9.6 pulgadas (24.4 cm x 24.4 cm)<\/p>\n","protected":false},"excerpt":{"rendered":"<p>Caracter\u00edsticas principales<br \/>\nMarca Asus<br \/>\nL\u00ednea Prime<br \/>\nModelo B550M a \/ Csm<br \/>\nVersi\u00f3n amd<br \/>\nOtras caracter\u00edsticas<br \/>\nPlataforma: AMD<\/p>\n","protected":false},"featured_media":14149,"comment_status":"open","ping_status":"closed","template":"","meta":[],"pwb-brand":[212],"product_brand":[],"product_cat":[68],"product_tag":[474,182],"class_list":{"0":"post-13153","1":"product","2":"type-product","3":"status-publish","4":"has-post-thumbnail","6":"pwb-brand-asus","7":"product_cat-board","8":"product_tag-board-amd","9":"product_tag-ryzen-am4","11":"first","12":"instock","13":"taxable","14":"shipping-taxable","15":"purchasable","16":"product-type-simple"},"yoast_head":"<!-- This site is optimized with the Yoast SEO plugin v26.7 - https:\/\/yoast.com\/wordpress\/plugins\/seo\/ -->\n<title>ASUS PRIME B550M-A - PC MASTERS BOGOTA<\/title>\n<meta name=\"robots\" content=\"index, follow, max-snippet:-1, max-image-preview:large, max-video-preview:-1\" \/>\n<link rel=\"canonical\" href=\"https:\/\/pcmastersbogota.com.co\/es_es\/producto\/asus-prime-b550m-a\/\" \/>\n<meta property=\"og:locale\" content=\"es_ES\" \/>\n<meta property=\"og:type\" content=\"article\" \/>\n<meta property=\"og:title\" content=\"ASUS PRIME B550M-A - PC MASTERS BOGOTA\" \/>\n<meta property=\"og:description\" content=\"Caracter\u00edsticas principales Marca Asus L\u00ednea Prime Modelo B550M a \/ Csm Versi\u00f3n amd Otras caracter\u00edsticas Plataforma: AMD\" \/>\n<meta property=\"og:url\" content=\"https:\/\/pcmastersbogota.com.co\/es_es\/producto\/asus-prime-b550m-a\/\" \/>\n<meta property=\"og:site_name\" content=\"PC MASTERS BOGOTA\" \/>\n<meta property=\"article:modified_time\" content=\"2024-03-13T17:42:57+00:00\" \/>\n<meta property=\"og:image\" content=\"https:\/\/pcmastersbogota.com.co\/wp-content\/uploads\/2021\/08\/P_setting_xxx_0_90_end_800.png\" \/>\n\t<meta property=\"og:image:width\" content=\"800\" \/>\n\t<meta property=\"og:image:height\" content=\"800\" \/>\n\t<meta property=\"og:image:type\" content=\"image\/png\" \/>\n<meta name=\"twitter:card\" content=\"summary_large_image\" \/>\n<meta name=\"twitter:label1\" content=\"Tiempo de lectura\" \/>\n\t<meta name=\"twitter:data1\" content=\"4 minutos\" \/>\n<script type=\"application\/ld+json\" class=\"yoast-schema-graph\">{\"@context\":\"https:\/\/schema.org\",\"@graph\":[{\"@type\":\"WebPage\",\"@id\":\"https:\/\/pcmastersbogota.com.co\/producto\/asus-prime-b550m-a\/\",\"url\":\"https:\/\/pcmastersbogota.com.co\/producto\/asus-prime-b550m-a\/\",\"name\":\"ASUS PRIME B550M-A - PC MASTERS BOGOTA\",\"isPartOf\":{\"@id\":\"https:\/\/pcmastersbogota.com.co\/es_es\/#website\"},\"primaryImageOfPage\":{\"@id\":\"https:\/\/pcmastersbogota.com.co\/producto\/asus-prime-b550m-a\/#primaryimage\"},\"image\":{\"@id\":\"https:\/\/pcmastersbogota.com.co\/producto\/asus-prime-b550m-a\/#primaryimage\"},\"thumbnailUrl\":\"https:\/\/pcmastersbogota.com.co\/wp-content\/uploads\/2021\/08\/P_setting_xxx_0_90_end_800.png\",\"datePublished\":\"2021-08-06T00:26:43+00:00\",\"dateModified\":\"2024-03-13T17:42:57+00:00\",\"breadcrumb\":{\"@id\":\"https:\/\/pcmastersbogota.com.co\/producto\/asus-prime-b550m-a\/#breadcrumb\"},\"inLanguage\":\"es\",\"potentialAction\":[{\"@type\":\"ReadAction\",\"target\":[\"https:\/\/pcmastersbogota.com.co\/producto\/asus-prime-b550m-a\/\"]}]},{\"@type\":\"ImageObject\",\"inLanguage\":\"es\",\"@id\":\"https:\/\/pcmastersbogota.com.co\/producto\/asus-prime-b550m-a\/#primaryimage\",\"url\":\"https:\/\/pcmastersbogota.com.co\/wp-content\/uploads\/2021\/08\/P_setting_xxx_0_90_end_800.png\",\"contentUrl\":\"https:\/\/pcmastersbogota.com.co\/wp-content\/uploads\/2021\/08\/P_setting_xxx_0_90_end_800.png\",\"width\":800,\"height\":800},{\"@type\":\"BreadcrumbList\",\"@id\":\"https:\/\/pcmastersbogota.com.co\/producto\/asus-prime-b550m-a\/#breadcrumb\",\"itemListElement\":[{\"@type\":\"ListItem\",\"position\":1,\"name\":\"Home\",\"item\":\"https:\/\/pcmastersbogota.com.co\/\"},{\"@type\":\"ListItem\",\"position\":2,\"name\":\"Tienda\",\"item\":\"https:\/\/pcmastersbogota.com.co\/es_es\/tienda\/\"},{\"@type\":\"ListItem\",\"position\":3,\"name\":\"ASUS PRIME B550M-A\"}]},{\"@type\":\"WebSite\",\"@id\":\"https:\/\/pcmastersbogota.com.co\/es_es\/#website\",\"url\":\"https:\/\/pcmastersbogota.com.co\/es_es\/\",\"name\":\"PC MASTERS BOGOTA\",\"description\":\"\",\"potentialAction\":[{\"@type\":\"SearchAction\",\"target\":{\"@type\":\"EntryPoint\",\"urlTemplate\":\"https:\/\/pcmastersbogota.com.co\/es_es\/?s={search_term_string}\"},\"query-input\":{\"@type\":\"PropertyValueSpecification\",\"valueRequired\":true,\"valueName\":\"search_term_string\"}}],\"inLanguage\":\"es\"}]}<\/script>\n<!-- \/ Yoast SEO plugin. -->","yoast_head_json":{"title":"ASUS PRIME B550M-A - PC MASTERS BOGOTA","robots":{"index":"index","follow":"follow","max-snippet":"max-snippet:-1","max-image-preview":"max-image-preview:large","max-video-preview":"max-video-preview:-1"},"canonical":"https:\/\/pcmastersbogota.com.co\/es_es\/producto\/asus-prime-b550m-a\/","og_locale":"es_ES","og_type":"article","og_title":"ASUS PRIME B550M-A - PC MASTERS BOGOTA","og_description":"Caracter\u00edsticas principales Marca Asus L\u00ednea Prime Modelo B550M a \/ Csm Versi\u00f3n amd Otras caracter\u00edsticas Plataforma: AMD","og_url":"https:\/\/pcmastersbogota.com.co\/es_es\/producto\/asus-prime-b550m-a\/","og_site_name":"PC MASTERS BOGOTA","article_modified_time":"2024-03-13T17:42:57+00:00","og_image":[{"width":800,"height":800,"url":"https:\/\/pcmastersbogota.com.co\/wp-content\/uploads\/2021\/08\/P_setting_xxx_0_90_end_800.png","type":"image\/png"}],"twitter_card":"summary_large_image","twitter_misc":{"Tiempo de lectura":"4 minutos"},"schema":{"@context":"https:\/\/schema.org","@graph":[{"@type":"WebPage","@id":"https:\/\/pcmastersbogota.com.co\/producto\/asus-prime-b550m-a\/","url":"https:\/\/pcmastersbogota.com.co\/producto\/asus-prime-b550m-a\/","name":"ASUS PRIME B550M-A - PC MASTERS BOGOTA","isPartOf":{"@id":"https:\/\/pcmastersbogota.com.co\/es_es\/#website"},"primaryImageOfPage":{"@id":"https:\/\/pcmastersbogota.com.co\/producto\/asus-prime-b550m-a\/#primaryimage"},"image":{"@id":"https:\/\/pcmastersbogota.com.co\/producto\/asus-prime-b550m-a\/#primaryimage"},"thumbnailUrl":"https:\/\/pcmastersbogota.com.co\/wp-content\/uploads\/2021\/08\/P_setting_xxx_0_90_end_800.png","datePublished":"2021-08-06T00:26:43+00:00","dateModified":"2024-03-13T17:42:57+00:00","breadcrumb":{"@id":"https:\/\/pcmastersbogota.com.co\/producto\/asus-prime-b550m-a\/#breadcrumb"},"inLanguage":"es","potentialAction":[{"@type":"ReadAction","target":["https:\/\/pcmastersbogota.com.co\/producto\/asus-prime-b550m-a\/"]}]},{"@type":"ImageObject","inLanguage":"es","@id":"https:\/\/pcmastersbogota.com.co\/producto\/asus-prime-b550m-a\/#primaryimage","url":"https:\/\/pcmastersbogota.com.co\/wp-content\/uploads\/2021\/08\/P_setting_xxx_0_90_end_800.png","contentUrl":"https:\/\/pcmastersbogota.com.co\/wp-content\/uploads\/2021\/08\/P_setting_xxx_0_90_end_800.png","width":800,"height":800},{"@type":"BreadcrumbList","@id":"https:\/\/pcmastersbogota.com.co\/producto\/asus-prime-b550m-a\/#breadcrumb","itemListElement":[{"@type":"ListItem","position":1,"name":"Home","item":"https:\/\/pcmastersbogota.com.co\/"},{"@type":"ListItem","position":2,"name":"Tienda","item":"https:\/\/pcmastersbogota.com.co\/es_es\/tienda\/"},{"@type":"ListItem","position":3,"name":"ASUS PRIME B550M-A"}]},{"@type":"WebSite","@id":"https:\/\/pcmastersbogota.com.co\/es_es\/#website","url":"https:\/\/pcmastersbogota.com.co\/es_es\/","name":"PC MASTERS BOGOTA","description":"","potentialAction":[{"@type":"SearchAction","target":{"@type":"EntryPoint","urlTemplate":"https:\/\/pcmastersbogota.com.co\/es_es\/?s={search_term_string}"},"query-input":{"@type":"PropertyValueSpecification","valueRequired":true,"valueName":"search_term_string"}}],"inLanguage":"es"}]}},"brands":[{"id":212,"name":"ASUS","slug":"asus"}],"_links":{"self":[{"href":"https:\/\/pcmastersbogota.com.co\/es_es\/wp-json\/wp\/v2\/product\/13153","targetHints":{"allow":["GET"]}}],"collection":[{"href":"https:\/\/pcmastersbogota.com.co\/es_es\/wp-json\/wp\/v2\/product"}],"about":[{"href":"https:\/\/pcmastersbogota.com.co\/es_es\/wp-json\/wp\/v2\/types\/product"}],"replies":[{"embeddable":true,"href":"https:\/\/pcmastersbogota.com.co\/es_es\/wp-json\/wp\/v2\/comments?post=13153"}],"version-history":[{"count":3,"href":"https:\/\/pcmastersbogota.com.co\/es_es\/wp-json\/wp\/v2\/product\/13153\/revisions"}],"predecessor-version":[{"id":18015,"href":"https:\/\/pcmastersbogota.com.co\/es_es\/wp-json\/wp\/v2\/product\/13153\/revisions\/18015"}],"wp:featuredmedia":[{"embeddable":true,"href":"https:\/\/pcmastersbogota.com.co\/es_es\/wp-json\/wp\/v2\/media\/14149"}],"wp:attachment":[{"href":"https:\/\/pcmastersbogota.com.co\/es_es\/wp-json\/wp\/v2\/media?parent=13153"}],"wp:term":[{"taxonomy":"pwb-brand","embeddable":true,"href":"https:\/\/pcmastersbogota.com.co\/es_es\/wp-json\/wp\/v2\/pwb-brand?post=13153"},{"taxonomy":"product_brand","embeddable":true,"href":"https:\/\/pcmastersbogota.com.co\/es_es\/wp-json\/wp\/v2\/product_brand?post=13153"},{"taxonomy":"product_cat","embeddable":true,"href":"https:\/\/pcmastersbogota.com.co\/es_es\/wp-json\/wp\/v2\/product_cat?post=13153"},{"taxonomy":"product_tag","embeddable":true,"href":"https:\/\/pcmastersbogota.com.co\/es_es\/wp-json\/wp\/v2\/product_tag?post=13153"}],"curies":[{"name":"wp","href":"https:\/\/api.w.org\/{rel}","templated":true}]}}