{"id":13162,"date":"2021-08-05T19:26:44","date_gmt":"2021-08-06T00:26:44","guid":{"rendered":"https:\/\/pcmastersbogota.com.co\/?post_type=product&#038;p=13162"},"modified":"2025-07-03T20:11:23","modified_gmt":"2025-07-04T01:11:23","slug":"msi-mpg-b550-gaming-carbon-wifi","status":"publish","type":"product","link":"https:\/\/pcmastersbogota.com.co\/es_es\/producto\/msi-mpg-b550-gaming-carbon-wifi\/","title":{"rendered":"MSI MPG B550 GAMING CARBON WIFI"},"content":{"rendered":"<p>https:\/\/www.msi.com\/Motherboard\/MPG-B550-GAMING-CARBON-WIFI<\/p>\n<p>Series MPG B550 GAMING CARBON WIFI<br \/>\nCapacidad de almacenamiento de memoria 128 GB<br \/>\nMemoria RAM capacidad m\u00e1xima 128 GB<br \/>\nVer m\u00e1s<br \/>\nSobre este art\u00edculo<br \/>\nSoporte para procesadores AMD Ryzen de 3\u00aa generaci\u00f3n y futuros procesadores AMD Ryzen con actualizaci\u00f3n BIOS<br \/>\nSoporta memoria DDR4 de doble canal de hasta 128 GB (4866 MHz)<br \/>\nExperiencia de juego r\u00e1pida: PCIe 4.0, Lightning Gen 4 x4 M.2 con M.2 Shield Frozr, AMD Turbo USB 3.2 Gen 2<br \/>\nDise\u00f1o de potencia mejorado: potencia digital 12 + 2 + 1 con dise\u00f1o de doble capa, conectores de alimentaci\u00f3n de CPU de 8 + 4 pines, Core Boost, DDR4 Boost<br \/>\nLuz m\u00edstica: 16,8 millones de colores \/ 29 efectos controlados en un solo clic. La extensi\u00f3n de luz m\u00edstica es compatible con tiras LED RGB y arco iris<br \/>\nLAN de 2,5 G con LAN Manager y soluci\u00f3n Wi-Fi 6 AX<\/p>\n","protected":false},"excerpt":{"rendered":"<p>Marca MSI<br \/>\nZ\u00f3calo de CPU Socket AM4<br \/>\nRAM DDR4<br \/>\nProcesadores compatibles AMD 3rd Generation Ryzen<br \/>\nTipo de set de chips AMD B550<br \/>\nVelocidad de memoria 4866 MHz<br \/>\nPlataforma Windows 10<\/p>\n","protected":false},"featured_media":14131,"comment_status":"open","ping_status":"closed","template":"","meta":[],"pwb-brand":[214],"product_brand":[],"product_cat":[68],"product_tag":[474,182],"class_list":{"0":"post-13162","1":"product","2":"type-product","3":"status-publish","4":"has-post-thumbnail","6":"pwb-brand-msi","7":"product_cat-board","8":"product_tag-board-amd","9":"product_tag-ryzen-am4","11":"first","12":"outofstock","13":"taxable","14":"shipping-taxable","15":"purchasable","16":"product-type-simple"},"yoast_head":"<!-- This site is optimized with the Yoast SEO plugin v26.7 - https:\/\/yoast.com\/wordpress\/plugins\/seo\/ -->\n<title>MSI MPG B550 GAMING CARBON WIFI - PC MASTERS BOGOTA<\/title>\n<meta name=\"robots\" content=\"index, follow, max-snippet:-1, max-image-preview:large, max-video-preview:-1\" \/>\n<link rel=\"canonical\" href=\"https:\/\/pcmastersbogota.com.co\/es_es\/producto\/msi-mpg-b550-gaming-carbon-wifi\/\" \/>\n<meta property=\"og:locale\" content=\"es_ES\" \/>\n<meta property=\"og:type\" content=\"article\" \/>\n<meta property=\"og:title\" content=\"MSI MPG B550 GAMING CARBON WIFI - PC MASTERS BOGOTA\" \/>\n<meta property=\"og:description\" content=\"Marca MSI Z\u00f3calo de CPU Socket AM4 RAM DDR4 Procesadores compatibles AMD 3rd Generation Ryzen Tipo de set de chips AMD B550 Velocidad de memoria 4866 MHz Plataforma Windows 10\" \/>\n<meta property=\"og:url\" content=\"https:\/\/pcmastersbogota.com.co\/es_es\/producto\/msi-mpg-b550-gaming-carbon-wifi\/\" \/>\n<meta property=\"og:site_name\" content=\"PC MASTERS BOGOTA\" \/>\n<meta property=\"article:modified_time\" content=\"2025-07-04T01:11:23+00:00\" \/>\n<meta property=\"og:image\" content=\"https:\/\/pcmastersbogota.com.co\/wp-content\/uploads\/2021\/08\/product_1609385175dee13fa9ed1c2470b6f440809220273c.png\" \/>\n\t<meta property=\"og:image:width\" content=\"1024\" \/>\n\t<meta property=\"og:image:height\" content=\"820\" \/>\n\t<meta property=\"og:image:type\" content=\"image\/png\" \/>\n<meta name=\"twitter:card\" content=\"summary_large_image\" \/>\n<meta name=\"twitter:label1\" content=\"Tiempo de lectura\" \/>\n\t<meta name=\"twitter:data1\" content=\"1 minuto\" \/>\n<script type=\"application\/ld+json\" class=\"yoast-schema-graph\">{\"@context\":\"https:\/\/schema.org\",\"@graph\":[{\"@type\":\"WebPage\",\"@id\":\"https:\/\/pcmastersbogota.com.co\/producto\/msi-mpg-b550-gaming-carbon-wifi\/\",\"url\":\"https:\/\/pcmastersbogota.com.co\/producto\/msi-mpg-b550-gaming-carbon-wifi\/\",\"name\":\"MSI MPG B550 GAMING CARBON WIFI - PC MASTERS BOGOTA\",\"isPartOf\":{\"@id\":\"https:\/\/pcmastersbogota.com.co\/es_es\/#website\"},\"primaryImageOfPage\":{\"@id\":\"https:\/\/pcmastersbogota.com.co\/producto\/msi-mpg-b550-gaming-carbon-wifi\/#primaryimage\"},\"image\":{\"@id\":\"https:\/\/pcmastersbogota.com.co\/producto\/msi-mpg-b550-gaming-carbon-wifi\/#primaryimage\"},\"thumbnailUrl\":\"https:\/\/pcmastersbogota.com.co\/wp-content\/uploads\/2021\/08\/product_1609385175dee13fa9ed1c2470b6f440809220273c.png\",\"datePublished\":\"2021-08-06T00:26:44+00:00\",\"dateModified\":\"2025-07-04T01:11:23+00:00\",\"breadcrumb\":{\"@id\":\"https:\/\/pcmastersbogota.com.co\/producto\/msi-mpg-b550-gaming-carbon-wifi\/#breadcrumb\"},\"inLanguage\":\"es\",\"potentialAction\":[{\"@type\":\"ReadAction\",\"target\":[\"https:\/\/pcmastersbogota.com.co\/producto\/msi-mpg-b550-gaming-carbon-wifi\/\"]}]},{\"@type\":\"ImageObject\",\"inLanguage\":\"es\",\"@id\":\"https:\/\/pcmastersbogota.com.co\/producto\/msi-mpg-b550-gaming-carbon-wifi\/#primaryimage\",\"url\":\"https:\/\/pcmastersbogota.com.co\/wp-content\/uploads\/2021\/08\/product_1609385175dee13fa9ed1c2470b6f440809220273c.png\",\"contentUrl\":\"https:\/\/pcmastersbogota.com.co\/wp-content\/uploads\/2021\/08\/product_1609385175dee13fa9ed1c2470b6f440809220273c.png\",\"width\":1024,\"height\":820},{\"@type\":\"BreadcrumbList\",\"@id\":\"https:\/\/pcmastersbogota.com.co\/producto\/msi-mpg-b550-gaming-carbon-wifi\/#breadcrumb\",\"itemListElement\":[{\"@type\":\"ListItem\",\"position\":1,\"name\":\"Home\",\"item\":\"https:\/\/pcmastersbogota.com.co\/\"},{\"@type\":\"ListItem\",\"position\":2,\"name\":\"Tienda\",\"item\":\"https:\/\/pcmastersbogota.com.co\/es_es\/tienda\/\"},{\"@type\":\"ListItem\",\"position\":3,\"name\":\"MSI MPG B550 GAMING CARBON WIFI\"}]},{\"@type\":\"WebSite\",\"@id\":\"https:\/\/pcmastersbogota.com.co\/es_es\/#website\",\"url\":\"https:\/\/pcmastersbogota.com.co\/es_es\/\",\"name\":\"PC MASTERS BOGOTA\",\"description\":\"\",\"potentialAction\":[{\"@type\":\"SearchAction\",\"target\":{\"@type\":\"EntryPoint\",\"urlTemplate\":\"https:\/\/pcmastersbogota.com.co\/es_es\/?s={search_term_string}\"},\"query-input\":{\"@type\":\"PropertyValueSpecification\",\"valueRequired\":true,\"valueName\":\"search_term_string\"}}],\"inLanguage\":\"es\"}]}<\/script>\n<!-- \/ Yoast SEO plugin. -->","yoast_head_json":{"title":"MSI MPG B550 GAMING CARBON WIFI - PC MASTERS BOGOTA","robots":{"index":"index","follow":"follow","max-snippet":"max-snippet:-1","max-image-preview":"max-image-preview:large","max-video-preview":"max-video-preview:-1"},"canonical":"https:\/\/pcmastersbogota.com.co\/es_es\/producto\/msi-mpg-b550-gaming-carbon-wifi\/","og_locale":"es_ES","og_type":"article","og_title":"MSI MPG B550 GAMING CARBON WIFI - PC MASTERS BOGOTA","og_description":"Marca MSI Z\u00f3calo de CPU Socket AM4 RAM DDR4 Procesadores compatibles AMD 3rd Generation Ryzen Tipo de set de chips AMD B550 Velocidad de memoria 4866 MHz Plataforma Windows 10","og_url":"https:\/\/pcmastersbogota.com.co\/es_es\/producto\/msi-mpg-b550-gaming-carbon-wifi\/","og_site_name":"PC MASTERS BOGOTA","article_modified_time":"2025-07-04T01:11:23+00:00","og_image":[{"width":1024,"height":820,"url":"https:\/\/pcmastersbogota.com.co\/wp-content\/uploads\/2021\/08\/product_1609385175dee13fa9ed1c2470b6f440809220273c.png","type":"image\/png"}],"twitter_card":"summary_large_image","twitter_misc":{"Tiempo de lectura":"1 minuto"},"schema":{"@context":"https:\/\/schema.org","@graph":[{"@type":"WebPage","@id":"https:\/\/pcmastersbogota.com.co\/producto\/msi-mpg-b550-gaming-carbon-wifi\/","url":"https:\/\/pcmastersbogota.com.co\/producto\/msi-mpg-b550-gaming-carbon-wifi\/","name":"MSI MPG B550 GAMING CARBON WIFI - PC MASTERS BOGOTA","isPartOf":{"@id":"https:\/\/pcmastersbogota.com.co\/es_es\/#website"},"primaryImageOfPage":{"@id":"https:\/\/pcmastersbogota.com.co\/producto\/msi-mpg-b550-gaming-carbon-wifi\/#primaryimage"},"image":{"@id":"https:\/\/pcmastersbogota.com.co\/producto\/msi-mpg-b550-gaming-carbon-wifi\/#primaryimage"},"thumbnailUrl":"https:\/\/pcmastersbogota.com.co\/wp-content\/uploads\/2021\/08\/product_1609385175dee13fa9ed1c2470b6f440809220273c.png","datePublished":"2021-08-06T00:26:44+00:00","dateModified":"2025-07-04T01:11:23+00:00","breadcrumb":{"@id":"https:\/\/pcmastersbogota.com.co\/producto\/msi-mpg-b550-gaming-carbon-wifi\/#breadcrumb"},"inLanguage":"es","potentialAction":[{"@type":"ReadAction","target":["https:\/\/pcmastersbogota.com.co\/producto\/msi-mpg-b550-gaming-carbon-wifi\/"]}]},{"@type":"ImageObject","inLanguage":"es","@id":"https:\/\/pcmastersbogota.com.co\/producto\/msi-mpg-b550-gaming-carbon-wifi\/#primaryimage","url":"https:\/\/pcmastersbogota.com.co\/wp-content\/uploads\/2021\/08\/product_1609385175dee13fa9ed1c2470b6f440809220273c.png","contentUrl":"https:\/\/pcmastersbogota.com.co\/wp-content\/uploads\/2021\/08\/product_1609385175dee13fa9ed1c2470b6f440809220273c.png","width":1024,"height":820},{"@type":"BreadcrumbList","@id":"https:\/\/pcmastersbogota.com.co\/producto\/msi-mpg-b550-gaming-carbon-wifi\/#breadcrumb","itemListElement":[{"@type":"ListItem","position":1,"name":"Home","item":"https:\/\/pcmastersbogota.com.co\/"},{"@type":"ListItem","position":2,"name":"Tienda","item":"https:\/\/pcmastersbogota.com.co\/es_es\/tienda\/"},{"@type":"ListItem","position":3,"name":"MSI MPG B550 GAMING CARBON WIFI"}]},{"@type":"WebSite","@id":"https:\/\/pcmastersbogota.com.co\/es_es\/#website","url":"https:\/\/pcmastersbogota.com.co\/es_es\/","name":"PC MASTERS BOGOTA","description":"","potentialAction":[{"@type":"SearchAction","target":{"@type":"EntryPoint","urlTemplate":"https:\/\/pcmastersbogota.com.co\/es_es\/?s={search_term_string}"},"query-input":{"@type":"PropertyValueSpecification","valueRequired":true,"valueName":"search_term_string"}}],"inLanguage":"es"}]}},"brands":[{"id":214,"name":"MSI","slug":"msi"}],"_links":{"self":[{"href":"https:\/\/pcmastersbogota.com.co\/es_es\/wp-json\/wp\/v2\/product\/13162","targetHints":{"allow":["GET"]}}],"collection":[{"href":"https:\/\/pcmastersbogota.com.co\/es_es\/wp-json\/wp\/v2\/product"}],"about":[{"href":"https:\/\/pcmastersbogota.com.co\/es_es\/wp-json\/wp\/v2\/types\/product"}],"replies":[{"embeddable":true,"href":"https:\/\/pcmastersbogota.com.co\/es_es\/wp-json\/wp\/v2\/comments?post=13162"}],"version-history":[{"count":4,"href":"https:\/\/pcmastersbogota.com.co\/es_es\/wp-json\/wp\/v2\/product\/13162\/revisions"}],"predecessor-version":[{"id":18012,"href":"https:\/\/pcmastersbogota.com.co\/es_es\/wp-json\/wp\/v2\/product\/13162\/revisions\/18012"}],"wp:featuredmedia":[{"embeddable":true,"href":"https:\/\/pcmastersbogota.com.co\/es_es\/wp-json\/wp\/v2\/media\/14131"}],"wp:attachment":[{"href":"https:\/\/pcmastersbogota.com.co\/es_es\/wp-json\/wp\/v2\/media?parent=13162"}],"wp:term":[{"taxonomy":"pwb-brand","embeddable":true,"href":"https:\/\/pcmastersbogota.com.co\/es_es\/wp-json\/wp\/v2\/pwb-brand?post=13162"},{"taxonomy":"product_brand","embeddable":true,"href":"https:\/\/pcmastersbogota.com.co\/es_es\/wp-json\/wp\/v2\/product_brand?post=13162"},{"taxonomy":"product_cat","embeddable":true,"href":"https:\/\/pcmastersbogota.com.co\/es_es\/wp-json\/wp\/v2\/product_cat?post=13162"},{"taxonomy":"product_tag","embeddable":true,"href":"https:\/\/pcmastersbogota.com.co\/es_es\/wp-json\/wp\/v2\/product_tag?post=13162"}],"curies":[{"name":"wp","href":"https:\/\/api.w.org\/{rel}","templated":true}]}}