{"id":13195,"date":"2021-08-05T19:26:55","date_gmt":"2021-08-06T00:26:55","guid":{"rendered":"https:\/\/pcmastersbogota.com.co\/?post_type=product&#038;p=13195"},"modified":"2025-07-03T20:10:13","modified_gmt":"2025-07-04T01:10:13","slug":"asus-tuf-x570-plus-gaming-wifi","status":"publish","type":"product","link":"https:\/\/pcmastersbogota.com.co\/es_es\/producto\/asus-tuf-x570-plus-gaming-wifi\/","title":{"rendered":"ASUS TUF X570 PLUS GAMING WIFI"},"content":{"rendered":"<p>https:\/\/www.asus.com\/latin\/Motherboards-Components\/Motherboards\/TUF-Gaming\/TUF-GAMING-X570-PLUS-WI-FI\/<\/p>\n<p>Enfriamiento integral: Disipador t\u00e9rmico PCH activo, Disipador t\u00e9rmico VRM, Disipador t\u00e9rmico M.2, Cabezales de ventilador h\u00edbridas y Fan Xpert 4.<\/p>\n<p>Conectividad de pr\u00f3xima generaci\u00f3n: Dual PCIe 4.0 M.2 y USB 3.2 Gen 2 Type-A \/ Type-C.<br \/>\nRedes de juegos: El exclusivo Realtek\u00ae L8200A Gigabit Ethernet, Wi-Fi Intel 2&#215;2 802.11ac con soporte MU-MIMO, Bluetooth 5.0, TUF LANGuard y tecnolog\u00eda TurboLAN.<\/p>\n<p>Codec Realtek S1200A: Presenta una relaci\u00f3n se\u00f1al\/ruido de 108dB sin precedentes para la salida de l\u00ednea est\u00e9reo y una SNR de 103dB para la entrada de l\u00ednea, que brinda una calidad de audio impecable.<\/p>\n<p>Aura Sync RGB: Sincronice la iluminaci\u00f3n LED con una amplia gama de equipos para PC compatibles, que incluyen tiras RGB direccionables.<\/p>\n<p>TUF Gaming Alliance: El ecosistema de hardware de ASUS garantiza la mejor compatibilidad y la est\u00e9tica complementaria de los componentes al gabinete<\/p>\n","protected":false},"excerpt":{"rendered":"<p>Socket AMD AM4: Listo para los procesadores AMD RyzenTM de 2da y 3ra generaci\u00f3n.<br \/>\nSoluci\u00f3n de energ\u00eda mejorada: Componentes TUF de grado militar, socket ProCool y Digi+ VRM para una m\u00e1xima durabilidad.<\/p>\n","protected":false},"featured_media":13946,"comment_status":"open","ping_status":"closed","template":"","meta":[],"pwb-brand":[212],"product_brand":[],"product_cat":[68],"product_tag":[474,182],"class_list":{"0":"post-13195","1":"product","2":"type-product","3":"status-publish","4":"has-post-thumbnail","6":"pwb-brand-asus","7":"product_cat-board","8":"product_tag-board-amd","9":"product_tag-ryzen-am4","11":"first","12":"outofstock","13":"taxable","14":"shipping-taxable","15":"purchasable","16":"product-type-simple"},"yoast_head":"<!-- This site is optimized with the Yoast SEO plugin v26.7 - https:\/\/yoast.com\/wordpress\/plugins\/seo\/ -->\n<title>ASUS TUF X570 PLUS GAMING WIFI - PC MASTERS BOGOTA<\/title>\n<meta name=\"robots\" content=\"index, follow, max-snippet:-1, max-image-preview:large, max-video-preview:-1\" \/>\n<link rel=\"canonical\" href=\"https:\/\/pcmastersbogota.com.co\/es_es\/producto\/asus-tuf-x570-plus-gaming-wifi\/\" \/>\n<meta property=\"og:locale\" content=\"es_ES\" \/>\n<meta property=\"og:type\" content=\"article\" \/>\n<meta property=\"og:title\" content=\"ASUS TUF X570 PLUS GAMING WIFI - PC MASTERS BOGOTA\" \/>\n<meta property=\"og:description\" content=\"Socket AMD AM4: Listo para los procesadores AMD RyzenTM de 2da y 3ra generaci\u00f3n. Soluci\u00f3n de energ\u00eda mejorada: Componentes TUF de grado militar, socket ProCool y Digi+ VRM para una m\u00e1xima durabilidad.\" \/>\n<meta property=\"og:url\" content=\"https:\/\/pcmastersbogota.com.co\/es_es\/producto\/asus-tuf-x570-plus-gaming-wifi\/\" \/>\n<meta property=\"og:site_name\" content=\"PC MASTERS BOGOTA\" \/>\n<meta property=\"article:modified_time\" content=\"2025-07-04T01:10:13+00:00\" \/>\n<meta property=\"og:image\" content=\"https:\/\/pcmastersbogota.com.co\/wp-content\/uploads\/2021\/08\/hdzeekwvf2gqfmxw_setting_xxx_0_90_end_1000.png\" \/>\n\t<meta property=\"og:image:width\" content=\"1000\" \/>\n\t<meta property=\"og:image:height\" content=\"1000\" \/>\n\t<meta property=\"og:image:type\" content=\"image\/png\" \/>\n<meta name=\"twitter:card\" content=\"summary_large_image\" \/>\n<meta name=\"twitter:label1\" content=\"Tiempo de lectura\" \/>\n\t<meta name=\"twitter:data1\" content=\"1 minuto\" \/>\n<script type=\"application\/ld+json\" class=\"yoast-schema-graph\">{\"@context\":\"https:\/\/schema.org\",\"@graph\":[{\"@type\":\"WebPage\",\"@id\":\"https:\/\/pcmastersbogota.com.co\/producto\/asus-tuf-x570-plus-gaming-wifi\/\",\"url\":\"https:\/\/pcmastersbogota.com.co\/producto\/asus-tuf-x570-plus-gaming-wifi\/\",\"name\":\"ASUS TUF X570 PLUS GAMING WIFI - PC MASTERS BOGOTA\",\"isPartOf\":{\"@id\":\"https:\/\/pcmastersbogota.com.co\/es_es\/#website\"},\"primaryImageOfPage\":{\"@id\":\"https:\/\/pcmastersbogota.com.co\/producto\/asus-tuf-x570-plus-gaming-wifi\/#primaryimage\"},\"image\":{\"@id\":\"https:\/\/pcmastersbogota.com.co\/producto\/asus-tuf-x570-plus-gaming-wifi\/#primaryimage\"},\"thumbnailUrl\":\"https:\/\/pcmastersbogota.com.co\/wp-content\/uploads\/2021\/08\/hdzeekwvf2gqfmxw_setting_xxx_0_90_end_1000.png\",\"datePublished\":\"2021-08-06T00:26:55+00:00\",\"dateModified\":\"2025-07-04T01:10:13+00:00\",\"breadcrumb\":{\"@id\":\"https:\/\/pcmastersbogota.com.co\/producto\/asus-tuf-x570-plus-gaming-wifi\/#breadcrumb\"},\"inLanguage\":\"es\",\"potentialAction\":[{\"@type\":\"ReadAction\",\"target\":[\"https:\/\/pcmastersbogota.com.co\/producto\/asus-tuf-x570-plus-gaming-wifi\/\"]}]},{\"@type\":\"ImageObject\",\"inLanguage\":\"es\",\"@id\":\"https:\/\/pcmastersbogota.com.co\/producto\/asus-tuf-x570-plus-gaming-wifi\/#primaryimage\",\"url\":\"https:\/\/pcmastersbogota.com.co\/wp-content\/uploads\/2021\/08\/hdzeekwvf2gqfmxw_setting_xxx_0_90_end_1000.png\",\"contentUrl\":\"https:\/\/pcmastersbogota.com.co\/wp-content\/uploads\/2021\/08\/hdzeekwvf2gqfmxw_setting_xxx_0_90_end_1000.png\",\"width\":1000,\"height\":1000},{\"@type\":\"BreadcrumbList\",\"@id\":\"https:\/\/pcmastersbogota.com.co\/producto\/asus-tuf-x570-plus-gaming-wifi\/#breadcrumb\",\"itemListElement\":[{\"@type\":\"ListItem\",\"position\":1,\"name\":\"Home\",\"item\":\"https:\/\/pcmastersbogota.com.co\/\"},{\"@type\":\"ListItem\",\"position\":2,\"name\":\"Tienda\",\"item\":\"https:\/\/pcmastersbogota.com.co\/es_es\/tienda\/\"},{\"@type\":\"ListItem\",\"position\":3,\"name\":\"ASUS TUF X570 PLUS GAMING WIFI\"}]},{\"@type\":\"WebSite\",\"@id\":\"https:\/\/pcmastersbogota.com.co\/es_es\/#website\",\"url\":\"https:\/\/pcmastersbogota.com.co\/es_es\/\",\"name\":\"PC MASTERS BOGOTA\",\"description\":\"\",\"potentialAction\":[{\"@type\":\"SearchAction\",\"target\":{\"@type\":\"EntryPoint\",\"urlTemplate\":\"https:\/\/pcmastersbogota.com.co\/es_es\/?s={search_term_string}\"},\"query-input\":{\"@type\":\"PropertyValueSpecification\",\"valueRequired\":true,\"valueName\":\"search_term_string\"}}],\"inLanguage\":\"es\"}]}<\/script>\n<!-- \/ Yoast SEO plugin. -->","yoast_head_json":{"title":"ASUS TUF X570 PLUS GAMING WIFI - PC MASTERS BOGOTA","robots":{"index":"index","follow":"follow","max-snippet":"max-snippet:-1","max-image-preview":"max-image-preview:large","max-video-preview":"max-video-preview:-1"},"canonical":"https:\/\/pcmastersbogota.com.co\/es_es\/producto\/asus-tuf-x570-plus-gaming-wifi\/","og_locale":"es_ES","og_type":"article","og_title":"ASUS TUF X570 PLUS GAMING WIFI - PC MASTERS BOGOTA","og_description":"Socket AMD AM4: Listo para los procesadores AMD RyzenTM de 2da y 3ra generaci\u00f3n. Soluci\u00f3n de energ\u00eda mejorada: Componentes TUF de grado militar, socket ProCool y Digi+ VRM para una m\u00e1xima durabilidad.","og_url":"https:\/\/pcmastersbogota.com.co\/es_es\/producto\/asus-tuf-x570-plus-gaming-wifi\/","og_site_name":"PC MASTERS BOGOTA","article_modified_time":"2025-07-04T01:10:13+00:00","og_image":[{"width":1000,"height":1000,"url":"https:\/\/pcmastersbogota.com.co\/wp-content\/uploads\/2021\/08\/hdzeekwvf2gqfmxw_setting_xxx_0_90_end_1000.png","type":"image\/png"}],"twitter_card":"summary_large_image","twitter_misc":{"Tiempo de lectura":"1 minuto"},"schema":{"@context":"https:\/\/schema.org","@graph":[{"@type":"WebPage","@id":"https:\/\/pcmastersbogota.com.co\/producto\/asus-tuf-x570-plus-gaming-wifi\/","url":"https:\/\/pcmastersbogota.com.co\/producto\/asus-tuf-x570-plus-gaming-wifi\/","name":"ASUS TUF X570 PLUS GAMING WIFI - PC MASTERS BOGOTA","isPartOf":{"@id":"https:\/\/pcmastersbogota.com.co\/es_es\/#website"},"primaryImageOfPage":{"@id":"https:\/\/pcmastersbogota.com.co\/producto\/asus-tuf-x570-plus-gaming-wifi\/#primaryimage"},"image":{"@id":"https:\/\/pcmastersbogota.com.co\/producto\/asus-tuf-x570-plus-gaming-wifi\/#primaryimage"},"thumbnailUrl":"https:\/\/pcmastersbogota.com.co\/wp-content\/uploads\/2021\/08\/hdzeekwvf2gqfmxw_setting_xxx_0_90_end_1000.png","datePublished":"2021-08-06T00:26:55+00:00","dateModified":"2025-07-04T01:10:13+00:00","breadcrumb":{"@id":"https:\/\/pcmastersbogota.com.co\/producto\/asus-tuf-x570-plus-gaming-wifi\/#breadcrumb"},"inLanguage":"es","potentialAction":[{"@type":"ReadAction","target":["https:\/\/pcmastersbogota.com.co\/producto\/asus-tuf-x570-plus-gaming-wifi\/"]}]},{"@type":"ImageObject","inLanguage":"es","@id":"https:\/\/pcmastersbogota.com.co\/producto\/asus-tuf-x570-plus-gaming-wifi\/#primaryimage","url":"https:\/\/pcmastersbogota.com.co\/wp-content\/uploads\/2021\/08\/hdzeekwvf2gqfmxw_setting_xxx_0_90_end_1000.png","contentUrl":"https:\/\/pcmastersbogota.com.co\/wp-content\/uploads\/2021\/08\/hdzeekwvf2gqfmxw_setting_xxx_0_90_end_1000.png","width":1000,"height":1000},{"@type":"BreadcrumbList","@id":"https:\/\/pcmastersbogota.com.co\/producto\/asus-tuf-x570-plus-gaming-wifi\/#breadcrumb","itemListElement":[{"@type":"ListItem","position":1,"name":"Home","item":"https:\/\/pcmastersbogota.com.co\/"},{"@type":"ListItem","position":2,"name":"Tienda","item":"https:\/\/pcmastersbogota.com.co\/es_es\/tienda\/"},{"@type":"ListItem","position":3,"name":"ASUS TUF X570 PLUS GAMING WIFI"}]},{"@type":"WebSite","@id":"https:\/\/pcmastersbogota.com.co\/es_es\/#website","url":"https:\/\/pcmastersbogota.com.co\/es_es\/","name":"PC MASTERS BOGOTA","description":"","potentialAction":[{"@type":"SearchAction","target":{"@type":"EntryPoint","urlTemplate":"https:\/\/pcmastersbogota.com.co\/es_es\/?s={search_term_string}"},"query-input":{"@type":"PropertyValueSpecification","valueRequired":true,"valueName":"search_term_string"}}],"inLanguage":"es"}]}},"brands":[{"id":212,"name":"ASUS","slug":"asus"}],"_links":{"self":[{"href":"https:\/\/pcmastersbogota.com.co\/es_es\/wp-json\/wp\/v2\/product\/13195","targetHints":{"allow":["GET"]}}],"collection":[{"href":"https:\/\/pcmastersbogota.com.co\/es_es\/wp-json\/wp\/v2\/product"}],"about":[{"href":"https:\/\/pcmastersbogota.com.co\/es_es\/wp-json\/wp\/v2\/types\/product"}],"replies":[{"embeddable":true,"href":"https:\/\/pcmastersbogota.com.co\/es_es\/wp-json\/wp\/v2\/comments?post=13195"}],"version-history":[{"count":4,"href":"https:\/\/pcmastersbogota.com.co\/es_es\/wp-json\/wp\/v2\/product\/13195\/revisions"}],"predecessor-version":[{"id":17998,"href":"https:\/\/pcmastersbogota.com.co\/es_es\/wp-json\/wp\/v2\/product\/13195\/revisions\/17998"}],"wp:featuredmedia":[{"embeddable":true,"href":"https:\/\/pcmastersbogota.com.co\/es_es\/wp-json\/wp\/v2\/media\/13946"}],"wp:attachment":[{"href":"https:\/\/pcmastersbogota.com.co\/es_es\/wp-json\/wp\/v2\/media?parent=13195"}],"wp:term":[{"taxonomy":"pwb-brand","embeddable":true,"href":"https:\/\/pcmastersbogota.com.co\/es_es\/wp-json\/wp\/v2\/pwb-brand?post=13195"},{"taxonomy":"product_brand","embeddable":true,"href":"https:\/\/pcmastersbogota.com.co\/es_es\/wp-json\/wp\/v2\/product_brand?post=13195"},{"taxonomy":"product_cat","embeddable":true,"href":"https:\/\/pcmastersbogota.com.co\/es_es\/wp-json\/wp\/v2\/product_cat?post=13195"},{"taxonomy":"product_tag","embeddable":true,"href":"https:\/\/pcmastersbogota.com.co\/es_es\/wp-json\/wp\/v2\/product_tag?post=13195"}],"curies":[{"name":"wp","href":"https:\/\/api.w.org\/{rel}","templated":true}]}}