{"id":13198,"date":"2021-08-05T19:26:55","date_gmt":"2021-08-06T00:26:55","guid":{"rendered":"https:\/\/pcmastersbogota.com.co\/?post_type=product&#038;p=13198"},"modified":"2025-06-10T12:39:20","modified_gmt":"2025-06-10T17:39:20","slug":"gigabyte-x570-aorus-pro-wifi","status":"publish","type":"product","link":"https:\/\/pcmastersbogota.com.co\/es_es\/producto\/gigabyte-x570-aorus-pro-wifi\/","title":{"rendered":"GIGABYTE X570 AORUS PRO WIFI"},"content":{"rendered":"<p>https:\/\/www.gigabyte.com\/co\/Motherboard\/X570-AORUS-PRO-WIFI-rev-10<\/p>\n<p>Dise\u00f1o t\u00e9rmico avanzado con arreglo de l\u00e1minas de disipaci\u00f3n y tubo de contacto directo<br \/>\nDual M.2 NVMe PCIe 4.0\/3.0 x4 Ultra-r\u00e1pido con dual Thermal Guard<br \/>\nIntel\u00ae WiFi 6 802.11ax 2T2R &amp; BT 5<br \/>\nALC1220-VB Mejora de 114dB (posterior) \/ 110dB (frontal) SNR en micr\u00f3fono con capacitores de audio WIMA<br \/>\nIntel\u00ae Gigabit LAN con cFosSpeed Internet Accelerator<br \/>\nRGB FUSION 2.0 con dise\u00f1o Multi-Zone Addressable LED Light Show, admite tiras LED Direccionables y LED RGB<br \/>\nSmart Fan 5 cuenta con m\u00faltiples sensores de temperatura, cabezales de ventilador h\u00edbridos con FAN STOP<br \/>\nCabezales USB 3.2 Gen. 2 Tipo-C \u2122 frontales y traseros y soporte a HDMI 2.0<br \/>\nPlaca I\/O trasera integrada<br \/>\nQ-Flash Plus actualiza el BIOS sin instalar CPU, memoria y tarjeta gr\u00e1fica<\/p>\n","protected":false},"excerpt":{"rendered":"<p>Soporta AMD 3\u00b0. y 2\u00b0. Gen. Ryzen\u2122 CPU \/ AMD 2\u00b0 y 1\u00b0 Gen. Ryzen\u2122 con Radeon\u2122 Vega Graphics APU<br \/>\nDoble Canal ECC\/ No-ECC Unbuffered DDR4, 4 DIMMs<br \/>\nSoluci\u00f3n con 12 + 2 Fases VRM digital IR con PowIRstage<\/p>\n","protected":false},"featured_media":13966,"comment_status":"open","ping_status":"closed","template":"","meta":[],"pwb-brand":[109],"product_brand":[],"product_cat":[68],"product_tag":[474,182],"class_list":{"0":"post-13198","1":"product","2":"type-product","3":"status-publish","4":"has-post-thumbnail","6":"pwb-brand-gigabyte","7":"product_cat-board","8":"product_tag-board-amd","9":"product_tag-ryzen-am4","11":"first","12":"outofstock","13":"taxable","14":"shipping-taxable","15":"purchasable","16":"product-type-simple"},"yoast_head":"<!-- This site is optimized with the Yoast SEO plugin v26.7 - https:\/\/yoast.com\/wordpress\/plugins\/seo\/ -->\n<title>GIGABYTE X570 AORUS PRO WIFI - PC MASTERS BOGOTA<\/title>\n<meta name=\"robots\" content=\"index, follow, max-snippet:-1, max-image-preview:large, max-video-preview:-1\" \/>\n<link rel=\"canonical\" href=\"https:\/\/pcmastersbogota.com.co\/es_es\/producto\/gigabyte-x570-aorus-pro-wifi\/\" \/>\n<meta property=\"og:locale\" content=\"es_ES\" \/>\n<meta property=\"og:type\" content=\"article\" \/>\n<meta property=\"og:title\" content=\"GIGABYTE X570 AORUS PRO WIFI - PC MASTERS BOGOTA\" \/>\n<meta property=\"og:description\" content=\"Soporta AMD 3\u00b0. y 2\u00b0. Gen. Ryzen\u2122 CPU \/ AMD 2\u00b0 y 1\u00b0 Gen. Ryzen\u2122 con Radeon\u2122 Vega Graphics APU Doble Canal ECC\/ No-ECC Unbuffered DDR4, 4 DIMMs Soluci\u00f3n con 12 + 2 Fases VRM digital IR con PowIRstage\" \/>\n<meta property=\"og:url\" content=\"https:\/\/pcmastersbogota.com.co\/es_es\/producto\/gigabyte-x570-aorus-pro-wifi\/\" \/>\n<meta property=\"og:site_name\" content=\"PC MASTERS BOGOTA\" \/>\n<meta property=\"article:modified_time\" content=\"2025-06-10T17:39:20+00:00\" \/>\n<meta property=\"og:image\" content=\"https:\/\/pcmastersbogota.com.co\/wp-content\/uploads\/2021\/08\/81l2MT0wuYL._AC_SL1500_.jpg\" \/>\n\t<meta property=\"og:image:width\" content=\"1500\" \/>\n\t<meta property=\"og:image:height\" content=\"1147\" \/>\n\t<meta property=\"og:image:type\" content=\"image\/jpeg\" \/>\n<meta name=\"twitter:card\" content=\"summary_large_image\" \/>\n<meta name=\"twitter:label1\" content=\"Tiempo de lectura\" \/>\n\t<meta name=\"twitter:data1\" content=\"1 minuto\" \/>\n<script type=\"application\/ld+json\" class=\"yoast-schema-graph\">{\"@context\":\"https:\/\/schema.org\",\"@graph\":[{\"@type\":\"WebPage\",\"@id\":\"https:\/\/pcmastersbogota.com.co\/producto\/gigabyte-x570-aorus-pro-wifi\/\",\"url\":\"https:\/\/pcmastersbogota.com.co\/producto\/gigabyte-x570-aorus-pro-wifi\/\",\"name\":\"GIGABYTE X570 AORUS PRO WIFI - PC MASTERS BOGOTA\",\"isPartOf\":{\"@id\":\"https:\/\/pcmastersbogota.com.co\/es_es\/#website\"},\"primaryImageOfPage\":{\"@id\":\"https:\/\/pcmastersbogota.com.co\/producto\/gigabyte-x570-aorus-pro-wifi\/#primaryimage\"},\"image\":{\"@id\":\"https:\/\/pcmastersbogota.com.co\/producto\/gigabyte-x570-aorus-pro-wifi\/#primaryimage\"},\"thumbnailUrl\":\"https:\/\/pcmastersbogota.com.co\/wp-content\/uploads\/2021\/08\/81l2MT0wuYL._AC_SL1500_.jpg\",\"datePublished\":\"2021-08-06T00:26:55+00:00\",\"dateModified\":\"2025-06-10T17:39:20+00:00\",\"breadcrumb\":{\"@id\":\"https:\/\/pcmastersbogota.com.co\/producto\/gigabyte-x570-aorus-pro-wifi\/#breadcrumb\"},\"inLanguage\":\"es\",\"potentialAction\":[{\"@type\":\"ReadAction\",\"target\":[\"https:\/\/pcmastersbogota.com.co\/producto\/gigabyte-x570-aorus-pro-wifi\/\"]}]},{\"@type\":\"ImageObject\",\"inLanguage\":\"es\",\"@id\":\"https:\/\/pcmastersbogota.com.co\/producto\/gigabyte-x570-aorus-pro-wifi\/#primaryimage\",\"url\":\"https:\/\/pcmastersbogota.com.co\/wp-content\/uploads\/2021\/08\/81l2MT0wuYL._AC_SL1500_.jpg\",\"contentUrl\":\"https:\/\/pcmastersbogota.com.co\/wp-content\/uploads\/2021\/08\/81l2MT0wuYL._AC_SL1500_.jpg\",\"width\":1500,\"height\":1147},{\"@type\":\"BreadcrumbList\",\"@id\":\"https:\/\/pcmastersbogota.com.co\/producto\/gigabyte-x570-aorus-pro-wifi\/#breadcrumb\",\"itemListElement\":[{\"@type\":\"ListItem\",\"position\":1,\"name\":\"Home\",\"item\":\"https:\/\/pcmastersbogota.com.co\/\"},{\"@type\":\"ListItem\",\"position\":2,\"name\":\"Tienda\",\"item\":\"https:\/\/pcmastersbogota.com.co\/es_es\/tienda\/\"},{\"@type\":\"ListItem\",\"position\":3,\"name\":\"GIGABYTE X570 AORUS PRO WIFI\"}]},{\"@type\":\"WebSite\",\"@id\":\"https:\/\/pcmastersbogota.com.co\/es_es\/#website\",\"url\":\"https:\/\/pcmastersbogota.com.co\/es_es\/\",\"name\":\"PC MASTERS BOGOTA\",\"description\":\"\",\"potentialAction\":[{\"@type\":\"SearchAction\",\"target\":{\"@type\":\"EntryPoint\",\"urlTemplate\":\"https:\/\/pcmastersbogota.com.co\/es_es\/?s={search_term_string}\"},\"query-input\":{\"@type\":\"PropertyValueSpecification\",\"valueRequired\":true,\"valueName\":\"search_term_string\"}}],\"inLanguage\":\"es\"}]}<\/script>\n<!-- \/ Yoast SEO plugin. -->","yoast_head_json":{"title":"GIGABYTE X570 AORUS PRO WIFI - PC MASTERS BOGOTA","robots":{"index":"index","follow":"follow","max-snippet":"max-snippet:-1","max-image-preview":"max-image-preview:large","max-video-preview":"max-video-preview:-1"},"canonical":"https:\/\/pcmastersbogota.com.co\/es_es\/producto\/gigabyte-x570-aorus-pro-wifi\/","og_locale":"es_ES","og_type":"article","og_title":"GIGABYTE X570 AORUS PRO WIFI - PC MASTERS BOGOTA","og_description":"Soporta AMD 3\u00b0. y 2\u00b0. Gen. Ryzen\u2122 CPU \/ AMD 2\u00b0 y 1\u00b0 Gen. Ryzen\u2122 con Radeon\u2122 Vega Graphics APU Doble Canal ECC\/ No-ECC Unbuffered DDR4, 4 DIMMs Soluci\u00f3n con 12 + 2 Fases VRM digital IR con PowIRstage","og_url":"https:\/\/pcmastersbogota.com.co\/es_es\/producto\/gigabyte-x570-aorus-pro-wifi\/","og_site_name":"PC MASTERS BOGOTA","article_modified_time":"2025-06-10T17:39:20+00:00","og_image":[{"width":1500,"height":1147,"url":"https:\/\/pcmastersbogota.com.co\/wp-content\/uploads\/2021\/08\/81l2MT0wuYL._AC_SL1500_.jpg","type":"image\/jpeg"}],"twitter_card":"summary_large_image","twitter_misc":{"Tiempo de lectura":"1 minuto"},"schema":{"@context":"https:\/\/schema.org","@graph":[{"@type":"WebPage","@id":"https:\/\/pcmastersbogota.com.co\/producto\/gigabyte-x570-aorus-pro-wifi\/","url":"https:\/\/pcmastersbogota.com.co\/producto\/gigabyte-x570-aorus-pro-wifi\/","name":"GIGABYTE X570 AORUS PRO WIFI - PC MASTERS BOGOTA","isPartOf":{"@id":"https:\/\/pcmastersbogota.com.co\/es_es\/#website"},"primaryImageOfPage":{"@id":"https:\/\/pcmastersbogota.com.co\/producto\/gigabyte-x570-aorus-pro-wifi\/#primaryimage"},"image":{"@id":"https:\/\/pcmastersbogota.com.co\/producto\/gigabyte-x570-aorus-pro-wifi\/#primaryimage"},"thumbnailUrl":"https:\/\/pcmastersbogota.com.co\/wp-content\/uploads\/2021\/08\/81l2MT0wuYL._AC_SL1500_.jpg","datePublished":"2021-08-06T00:26:55+00:00","dateModified":"2025-06-10T17:39:20+00:00","breadcrumb":{"@id":"https:\/\/pcmastersbogota.com.co\/producto\/gigabyte-x570-aorus-pro-wifi\/#breadcrumb"},"inLanguage":"es","potentialAction":[{"@type":"ReadAction","target":["https:\/\/pcmastersbogota.com.co\/producto\/gigabyte-x570-aorus-pro-wifi\/"]}]},{"@type":"ImageObject","inLanguage":"es","@id":"https:\/\/pcmastersbogota.com.co\/producto\/gigabyte-x570-aorus-pro-wifi\/#primaryimage","url":"https:\/\/pcmastersbogota.com.co\/wp-content\/uploads\/2021\/08\/81l2MT0wuYL._AC_SL1500_.jpg","contentUrl":"https:\/\/pcmastersbogota.com.co\/wp-content\/uploads\/2021\/08\/81l2MT0wuYL._AC_SL1500_.jpg","width":1500,"height":1147},{"@type":"BreadcrumbList","@id":"https:\/\/pcmastersbogota.com.co\/producto\/gigabyte-x570-aorus-pro-wifi\/#breadcrumb","itemListElement":[{"@type":"ListItem","position":1,"name":"Home","item":"https:\/\/pcmastersbogota.com.co\/"},{"@type":"ListItem","position":2,"name":"Tienda","item":"https:\/\/pcmastersbogota.com.co\/es_es\/tienda\/"},{"@type":"ListItem","position":3,"name":"GIGABYTE X570 AORUS PRO WIFI"}]},{"@type":"WebSite","@id":"https:\/\/pcmastersbogota.com.co\/es_es\/#website","url":"https:\/\/pcmastersbogota.com.co\/es_es\/","name":"PC MASTERS BOGOTA","description":"","potentialAction":[{"@type":"SearchAction","target":{"@type":"EntryPoint","urlTemplate":"https:\/\/pcmastersbogota.com.co\/es_es\/?s={search_term_string}"},"query-input":{"@type":"PropertyValueSpecification","valueRequired":true,"valueName":"search_term_string"}}],"inLanguage":"es"}]}},"brands":[{"id":109,"name":"GIGABYTE","slug":"gigabyte"}],"_links":{"self":[{"href":"https:\/\/pcmastersbogota.com.co\/es_es\/wp-json\/wp\/v2\/product\/13198","targetHints":{"allow":["GET"]}}],"collection":[{"href":"https:\/\/pcmastersbogota.com.co\/es_es\/wp-json\/wp\/v2\/product"}],"about":[{"href":"https:\/\/pcmastersbogota.com.co\/es_es\/wp-json\/wp\/v2\/types\/product"}],"replies":[{"embeddable":true,"href":"https:\/\/pcmastersbogota.com.co\/es_es\/wp-json\/wp\/v2\/comments?post=13198"}],"version-history":[{"count":4,"href":"https:\/\/pcmastersbogota.com.co\/es_es\/wp-json\/wp\/v2\/product\/13198\/revisions"}],"predecessor-version":[{"id":18001,"href":"https:\/\/pcmastersbogota.com.co\/es_es\/wp-json\/wp\/v2\/product\/13198\/revisions\/18001"}],"wp:featuredmedia":[{"embeddable":true,"href":"https:\/\/pcmastersbogota.com.co\/es_es\/wp-json\/wp\/v2\/media\/13966"}],"wp:attachment":[{"href":"https:\/\/pcmastersbogota.com.co\/es_es\/wp-json\/wp\/v2\/media?parent=13198"}],"wp:term":[{"taxonomy":"pwb-brand","embeddable":true,"href":"https:\/\/pcmastersbogota.com.co\/es_es\/wp-json\/wp\/v2\/pwb-brand?post=13198"},{"taxonomy":"product_brand","embeddable":true,"href":"https:\/\/pcmastersbogota.com.co\/es_es\/wp-json\/wp\/v2\/product_brand?post=13198"},{"taxonomy":"product_cat","embeddable":true,"href":"https:\/\/pcmastersbogota.com.co\/es_es\/wp-json\/wp\/v2\/product_cat?post=13198"},{"taxonomy":"product_tag","embeddable":true,"href":"https:\/\/pcmastersbogota.com.co\/es_es\/wp-json\/wp\/v2\/product_tag?post=13198"}],"curies":[{"name":"wp","href":"https:\/\/api.w.org\/{rel}","templated":true}]}}