{"id":13218,"date":"2021-08-05T19:46:30","date_gmt":"2021-08-06T00:46:30","guid":{"rendered":"https:\/\/pcmastersbogota.com.co\/?post_type=product&#038;p=13218"},"modified":"2023-06-23T13:44:01","modified_gmt":"2023-06-23T18:44:01","slug":"msi-b365m-pro-vh","status":"publish","type":"product","link":"https:\/\/pcmastersbogota.com.co\/es_es\/producto\/msi-b365m-pro-vh\/","title":{"rendered":"MSI B365M PRO VH"},"content":{"rendered":"<p>https:\/\/www.msi.com\/Motherboard\/B365M-PRO-VH\/<\/p>\n<p>Turbo M.2: Con velocidad PCI-E Gen3 x4 maximiza el desempe\u00f1o para SSDs basados en NVMe.<br \/>\nCore Boost: Con distribuci\u00f3n premium y dise\u00f1o energ\u00e9tico totalmente digital, soporta m\u00e1s n\u00facleos y ofrece mejor desempe\u00f1o.<\/p>\n<p>Audio Boost: Gratifica tus o\u00eddos con el sonido con calidad de estudio.<\/p>\n<p>EZ Debug LED: La manera m\u00e1s f\u00e1cil de resolver problemas.<\/p>\n<p>X-Boost: Software que detecta autom\u00e1ticamente y permite impulsar el desempe\u00f1o de cualquier dispositivo de almacenamiento o USB.<\/p>\n","protected":false},"excerpt":{"rendered":"<p>Placa madre Intel LGA-1151 Micro-ATX con DDR4 2666MHz, Core Boost, DDR4 Boost, Audio Boost y EZ Debug LED<br \/>\nSoporta procesadores 9a \/ 8a Gen Intel\u00ae Core\u2122 \/ Pentium\u00ae Gold \/ Celeron\u00ae para socket LGA 1151<br \/>\nSoporta memoria DDR4 hasta 2666 MHz<\/p>\n","protected":false},"featured_media":13901,"comment_status":"open","ping_status":"closed","template":"","meta":[],"pwb-brand":[214],"product_brand":[],"product_cat":[68],"product_tag":[228],"class_list":{"0":"post-13218","1":"product","2":"type-product","3":"status-publish","4":"has-post-thumbnail","6":"pwb-brand-msi","7":"product_cat-board","8":"product_tag-pro-vh","10":"first","11":"outofstock","12":"taxable","13":"shipping-taxable","14":"purchasable","15":"product-type-simple"},"yoast_head":"<!-- This site is optimized with the Yoast SEO plugin v26.7 - https:\/\/yoast.com\/wordpress\/plugins\/seo\/ -->\n<title>MSI B365M PRO VH - PC MASTERS BOGOTA<\/title>\n<meta name=\"robots\" content=\"index, follow, max-snippet:-1, max-image-preview:large, max-video-preview:-1\" \/>\n<link rel=\"canonical\" href=\"https:\/\/pcmastersbogota.com.co\/es_es\/producto\/msi-b365m-pro-vh\/\" \/>\n<meta property=\"og:locale\" content=\"es_ES\" \/>\n<meta property=\"og:type\" content=\"article\" \/>\n<meta property=\"og:title\" content=\"MSI B365M PRO VH - PC MASTERS BOGOTA\" \/>\n<meta property=\"og:description\" content=\"Placa madre Intel LGA-1151 Micro-ATX con DDR4 2666MHz, Core Boost, DDR4 Boost, Audio Boost y EZ Debug LED Soporta procesadores 9a \/ 8a Gen Intel\u00ae Core\u2122 \/ Pentium\u00ae Gold \/ Celeron\u00ae para socket LGA 1151 Soporta memoria DDR4 hasta 2666 MHz\" \/>\n<meta property=\"og:url\" content=\"https:\/\/pcmastersbogota.com.co\/es_es\/producto\/msi-b365m-pro-vh\/\" \/>\n<meta property=\"og:site_name\" content=\"PC MASTERS BOGOTA\" \/>\n<meta property=\"article:modified_time\" content=\"2023-06-23T18:44:01+00:00\" \/>\n<meta property=\"og:image\" content=\"https:\/\/pcmastersbogota.com.co\/wp-content\/uploads\/2021\/08\/product_5_20190104112107_5c2ed1236315b.png\" \/>\n\t<meta property=\"og:image:width\" content=\"1024\" \/>\n\t<meta property=\"og:image:height\" content=\"820\" \/>\n\t<meta property=\"og:image:type\" content=\"image\/png\" \/>\n<meta name=\"twitter:card\" content=\"summary_large_image\" \/>\n<script type=\"application\/ld+json\" class=\"yoast-schema-graph\">{\"@context\":\"https:\/\/schema.org\",\"@graph\":[{\"@type\":\"WebPage\",\"@id\":\"https:\/\/pcmastersbogota.com.co\/producto\/msi-b365m-pro-vh\/\",\"url\":\"https:\/\/pcmastersbogota.com.co\/producto\/msi-b365m-pro-vh\/\",\"name\":\"MSI B365M PRO VH - PC MASTERS BOGOTA\",\"isPartOf\":{\"@id\":\"https:\/\/pcmastersbogota.com.co\/es_es\/#website\"},\"primaryImageOfPage\":{\"@id\":\"https:\/\/pcmastersbogota.com.co\/producto\/msi-b365m-pro-vh\/#primaryimage\"},\"image\":{\"@id\":\"https:\/\/pcmastersbogota.com.co\/producto\/msi-b365m-pro-vh\/#primaryimage\"},\"thumbnailUrl\":\"https:\/\/pcmastersbogota.com.co\/wp-content\/uploads\/2021\/08\/product_5_20190104112107_5c2ed1236315b.png\",\"datePublished\":\"2021-08-06T00:46:30+00:00\",\"dateModified\":\"2023-06-23T18:44:01+00:00\",\"breadcrumb\":{\"@id\":\"https:\/\/pcmastersbogota.com.co\/producto\/msi-b365m-pro-vh\/#breadcrumb\"},\"inLanguage\":\"es\",\"potentialAction\":[{\"@type\":\"ReadAction\",\"target\":[\"https:\/\/pcmastersbogota.com.co\/producto\/msi-b365m-pro-vh\/\"]}]},{\"@type\":\"ImageObject\",\"inLanguage\":\"es\",\"@id\":\"https:\/\/pcmastersbogota.com.co\/producto\/msi-b365m-pro-vh\/#primaryimage\",\"url\":\"https:\/\/pcmastersbogota.com.co\/wp-content\/uploads\/2021\/08\/product_5_20190104112107_5c2ed1236315b.png\",\"contentUrl\":\"https:\/\/pcmastersbogota.com.co\/wp-content\/uploads\/2021\/08\/product_5_20190104112107_5c2ed1236315b.png\",\"width\":1024,\"height\":820},{\"@type\":\"BreadcrumbList\",\"@id\":\"https:\/\/pcmastersbogota.com.co\/producto\/msi-b365m-pro-vh\/#breadcrumb\",\"itemListElement\":[{\"@type\":\"ListItem\",\"position\":1,\"name\":\"Home\",\"item\":\"https:\/\/pcmastersbogota.com.co\/\"},{\"@type\":\"ListItem\",\"position\":2,\"name\":\"Tienda\",\"item\":\"https:\/\/pcmastersbogota.com.co\/es_es\/tienda\/\"},{\"@type\":\"ListItem\",\"position\":3,\"name\":\"MSI B365M PRO VH\"}]},{\"@type\":\"WebSite\",\"@id\":\"https:\/\/pcmastersbogota.com.co\/es_es\/#website\",\"url\":\"https:\/\/pcmastersbogota.com.co\/es_es\/\",\"name\":\"PC MASTERS BOGOTA\",\"description\":\"\",\"potentialAction\":[{\"@type\":\"SearchAction\",\"target\":{\"@type\":\"EntryPoint\",\"urlTemplate\":\"https:\/\/pcmastersbogota.com.co\/es_es\/?s={search_term_string}\"},\"query-input\":{\"@type\":\"PropertyValueSpecification\",\"valueRequired\":true,\"valueName\":\"search_term_string\"}}],\"inLanguage\":\"es\"}]}<\/script>\n<!-- \/ Yoast SEO plugin. -->","yoast_head_json":{"title":"MSI B365M PRO VH - PC MASTERS BOGOTA","robots":{"index":"index","follow":"follow","max-snippet":"max-snippet:-1","max-image-preview":"max-image-preview:large","max-video-preview":"max-video-preview:-1"},"canonical":"https:\/\/pcmastersbogota.com.co\/es_es\/producto\/msi-b365m-pro-vh\/","og_locale":"es_ES","og_type":"article","og_title":"MSI B365M PRO VH - PC MASTERS BOGOTA","og_description":"Placa madre Intel LGA-1151 Micro-ATX con DDR4 2666MHz, Core Boost, DDR4 Boost, Audio Boost y EZ Debug LED Soporta procesadores 9a \/ 8a Gen Intel\u00ae Core\u2122 \/ Pentium\u00ae Gold \/ Celeron\u00ae para socket LGA 1151 Soporta memoria DDR4 hasta 2666 MHz","og_url":"https:\/\/pcmastersbogota.com.co\/es_es\/producto\/msi-b365m-pro-vh\/","og_site_name":"PC MASTERS BOGOTA","article_modified_time":"2023-06-23T18:44:01+00:00","og_image":[{"width":1024,"height":820,"url":"https:\/\/pcmastersbogota.com.co\/wp-content\/uploads\/2021\/08\/product_5_20190104112107_5c2ed1236315b.png","type":"image\/png"}],"twitter_card":"summary_large_image","schema":{"@context":"https:\/\/schema.org","@graph":[{"@type":"WebPage","@id":"https:\/\/pcmastersbogota.com.co\/producto\/msi-b365m-pro-vh\/","url":"https:\/\/pcmastersbogota.com.co\/producto\/msi-b365m-pro-vh\/","name":"MSI B365M PRO VH - PC MASTERS BOGOTA","isPartOf":{"@id":"https:\/\/pcmastersbogota.com.co\/es_es\/#website"},"primaryImageOfPage":{"@id":"https:\/\/pcmastersbogota.com.co\/producto\/msi-b365m-pro-vh\/#primaryimage"},"image":{"@id":"https:\/\/pcmastersbogota.com.co\/producto\/msi-b365m-pro-vh\/#primaryimage"},"thumbnailUrl":"https:\/\/pcmastersbogota.com.co\/wp-content\/uploads\/2021\/08\/product_5_20190104112107_5c2ed1236315b.png","datePublished":"2021-08-06T00:46:30+00:00","dateModified":"2023-06-23T18:44:01+00:00","breadcrumb":{"@id":"https:\/\/pcmastersbogota.com.co\/producto\/msi-b365m-pro-vh\/#breadcrumb"},"inLanguage":"es","potentialAction":[{"@type":"ReadAction","target":["https:\/\/pcmastersbogota.com.co\/producto\/msi-b365m-pro-vh\/"]}]},{"@type":"ImageObject","inLanguage":"es","@id":"https:\/\/pcmastersbogota.com.co\/producto\/msi-b365m-pro-vh\/#primaryimage","url":"https:\/\/pcmastersbogota.com.co\/wp-content\/uploads\/2021\/08\/product_5_20190104112107_5c2ed1236315b.png","contentUrl":"https:\/\/pcmastersbogota.com.co\/wp-content\/uploads\/2021\/08\/product_5_20190104112107_5c2ed1236315b.png","width":1024,"height":820},{"@type":"BreadcrumbList","@id":"https:\/\/pcmastersbogota.com.co\/producto\/msi-b365m-pro-vh\/#breadcrumb","itemListElement":[{"@type":"ListItem","position":1,"name":"Home","item":"https:\/\/pcmastersbogota.com.co\/"},{"@type":"ListItem","position":2,"name":"Tienda","item":"https:\/\/pcmastersbogota.com.co\/es_es\/tienda\/"},{"@type":"ListItem","position":3,"name":"MSI B365M PRO VH"}]},{"@type":"WebSite","@id":"https:\/\/pcmastersbogota.com.co\/es_es\/#website","url":"https:\/\/pcmastersbogota.com.co\/es_es\/","name":"PC MASTERS BOGOTA","description":"","potentialAction":[{"@type":"SearchAction","target":{"@type":"EntryPoint","urlTemplate":"https:\/\/pcmastersbogota.com.co\/es_es\/?s={search_term_string}"},"query-input":{"@type":"PropertyValueSpecification","valueRequired":true,"valueName":"search_term_string"}}],"inLanguage":"es"}]}},"brands":[{"id":214,"name":"MSI","slug":"msi"}],"_links":{"self":[{"href":"https:\/\/pcmastersbogota.com.co\/es_es\/wp-json\/wp\/v2\/product\/13218","targetHints":{"allow":["GET"]}}],"collection":[{"href":"https:\/\/pcmastersbogota.com.co\/es_es\/wp-json\/wp\/v2\/product"}],"about":[{"href":"https:\/\/pcmastersbogota.com.co\/es_es\/wp-json\/wp\/v2\/types\/product"}],"replies":[{"embeddable":true,"href":"https:\/\/pcmastersbogota.com.co\/es_es\/wp-json\/wp\/v2\/comments?post=13218"}],"version-history":[{"count":4,"href":"https:\/\/pcmastersbogota.com.co\/es_es\/wp-json\/wp\/v2\/product\/13218\/revisions"}],"predecessor-version":[{"id":17991,"href":"https:\/\/pcmastersbogota.com.co\/es_es\/wp-json\/wp\/v2\/product\/13218\/revisions\/17991"}],"wp:featuredmedia":[{"embeddable":true,"href":"https:\/\/pcmastersbogota.com.co\/es_es\/wp-json\/wp\/v2\/media\/13901"}],"wp:attachment":[{"href":"https:\/\/pcmastersbogota.com.co\/es_es\/wp-json\/wp\/v2\/media?parent=13218"}],"wp:term":[{"taxonomy":"pwb-brand","embeddable":true,"href":"https:\/\/pcmastersbogota.com.co\/es_es\/wp-json\/wp\/v2\/pwb-brand?post=13218"},{"taxonomy":"product_brand","embeddable":true,"href":"https:\/\/pcmastersbogota.com.co\/es_es\/wp-json\/wp\/v2\/product_brand?post=13218"},{"taxonomy":"product_cat","embeddable":true,"href":"https:\/\/pcmastersbogota.com.co\/es_es\/wp-json\/wp\/v2\/product_cat?post=13218"},{"taxonomy":"product_tag","embeddable":true,"href":"https:\/\/pcmastersbogota.com.co\/es_es\/wp-json\/wp\/v2\/product_tag?post=13218"}],"curies":[{"name":"wp","href":"https:\/\/api.w.org\/{rel}","templated":true}]}}