{"id":13243,"date":"2021-08-05T20:24:44","date_gmt":"2021-08-06T01:24:44","guid":{"rendered":"https:\/\/pcmastersbogota.com.co\/?post_type=product&#038;p=13243"},"modified":"2025-04-09T10:57:03","modified_gmt":"2025-04-09T15:57:03","slug":"msi-mpg-z490-gaming-plus","status":"publish","type":"product","link":"https:\/\/pcmastersbogota.com.co\/es_es\/producto\/msi-mpg-z490-gaming-plus\/","title":{"rendered":"MSI MPG Z490 GAMING PLUS"},"content":{"rendered":"<p>https:\/\/www.msi.com\/Motherboard\/MPG-Z490-GAMING-PLUS<\/p>\n<p>Capacidad de almacenamiento de memoria 128 GB<br \/>\nMemoria RAM capacidad m\u00e1xima 128 GB<br \/>\nRanuras de memoria disponibles 4<br \/>\nTipo de conexi\u00f3n inal\u00e1mbrica 802.11ax<br \/>\nSobre este art\u00edculo<br \/>\nSoporta procesadores Intel Core de 10\u00aa generaci\u00f3n \/ Pentium Gold \/ Celeron para LGA 1200 Socket<br \/>\nSoporta memoria DDR4 de doble canal de hasta 128 GB (4800 MHz).<br \/>\nTwin Turbo M.2 con M.2 Shield Frozr ofrece velocidades de transferencia de hasta 32 GB\/s para SSD ultrarr\u00e1pidos.<br \/>\nLa tecnolog\u00eda Core Boost combina dise\u00f1os de circuito de potencia optimizados, conectores de alimentaci\u00f3n de doble CPU y un dise\u00f1o de alimentaci\u00f3n digital que permite una entrega de corriente precisa y constante a la CPU.<br \/>\nLAN de 2.5 G m\u00e1s Gigabit LAN con Wi-Fi 6 (802.11ax).<br \/>\nBlindaje I\/O preinstalado para mayor comodidad y protecci\u00f3n contra descarga electrost\u00e1tica.<\/p>\n","protected":false},"excerpt":{"rendered":"<p>Marca MSI<br \/>\nZ\u00f3calo de CPU LGA 1200<br \/>\nRAM DDR4<br \/>\nProcesadores compatibles Intel Celeron, Intel Pentium Gold<br \/>\nVelocidad de memoria 4800 MHz<br \/>\nPlataforma Windows 10<\/p>\n","protected":false},"featured_media":13756,"comment_status":"open","ping_status":"closed","template":"","meta":[],"pwb-brand":[214],"product_brand":[],"product_cat":[68],"product_tag":[475,244],"class_list":{"0":"post-13243","1":"product","2":"type-product","3":"status-publish","4":"has-post-thumbnail","6":"pwb-brand-msi","7":"product_cat-board","8":"product_tag-board-intel","9":"product_tag-z490-gaming-plus","11":"first","12":"outofstock","13":"taxable","14":"shipping-taxable","15":"purchasable","16":"product-type-simple"},"yoast_head":"<!-- This site is optimized with the Yoast SEO plugin v26.7 - https:\/\/yoast.com\/wordpress\/plugins\/seo\/ -->\n<title>MSI MPG Z490 GAMING PLUS - PC MASTERS BOGOTA<\/title>\n<meta name=\"robots\" content=\"index, follow, max-snippet:-1, max-image-preview:large, max-video-preview:-1\" \/>\n<link rel=\"canonical\" href=\"https:\/\/pcmastersbogota.com.co\/es_es\/producto\/msi-mpg-z490-gaming-plus\/\" \/>\n<meta property=\"og:locale\" content=\"es_ES\" \/>\n<meta property=\"og:type\" content=\"article\" \/>\n<meta property=\"og:title\" content=\"MSI MPG Z490 GAMING PLUS - PC MASTERS BOGOTA\" \/>\n<meta property=\"og:description\" content=\"Marca MSI Z\u00f3calo de CPU LGA 1200 RAM DDR4 Procesadores compatibles Intel Celeron, Intel Pentium Gold Velocidad de memoria 4800 MHz Plataforma Windows 10\" \/>\n<meta property=\"og:url\" content=\"https:\/\/pcmastersbogota.com.co\/es_es\/producto\/msi-mpg-z490-gaming-plus\/\" \/>\n<meta property=\"og:site_name\" content=\"PC MASTERS BOGOTA\" \/>\n<meta property=\"article:modified_time\" content=\"2025-04-09T15:57:03+00:00\" \/>\n<meta property=\"og:image\" content=\"https:\/\/pcmastersbogota.com.co\/wp-content\/uploads\/2021\/08\/product_1609386561ace6411443a569bfd7ad181cfc52795d.png\" \/>\n\t<meta property=\"og:image:width\" content=\"1024\" \/>\n\t<meta property=\"og:image:height\" content=\"800\" \/>\n\t<meta property=\"og:image:type\" content=\"image\/png\" \/>\n<meta name=\"twitter:card\" content=\"summary_large_image\" \/>\n<meta name=\"twitter:label1\" content=\"Tiempo de lectura\" \/>\n\t<meta name=\"twitter:data1\" content=\"1 minuto\" \/>\n<script type=\"application\/ld+json\" class=\"yoast-schema-graph\">{\"@context\":\"https:\/\/schema.org\",\"@graph\":[{\"@type\":\"WebPage\",\"@id\":\"https:\/\/pcmastersbogota.com.co\/producto\/msi-mpg-z490-gaming-plus\/\",\"url\":\"https:\/\/pcmastersbogota.com.co\/producto\/msi-mpg-z490-gaming-plus\/\",\"name\":\"MSI MPG Z490 GAMING PLUS - PC MASTERS BOGOTA\",\"isPartOf\":{\"@id\":\"https:\/\/pcmastersbogota.com.co\/es_es\/#website\"},\"primaryImageOfPage\":{\"@id\":\"https:\/\/pcmastersbogota.com.co\/producto\/msi-mpg-z490-gaming-plus\/#primaryimage\"},\"image\":{\"@id\":\"https:\/\/pcmastersbogota.com.co\/producto\/msi-mpg-z490-gaming-plus\/#primaryimage\"},\"thumbnailUrl\":\"https:\/\/pcmastersbogota.com.co\/wp-content\/uploads\/2021\/08\/product_1609386561ace6411443a569bfd7ad181cfc52795d.png\",\"datePublished\":\"2021-08-06T01:24:44+00:00\",\"dateModified\":\"2025-04-09T15:57:03+00:00\",\"breadcrumb\":{\"@id\":\"https:\/\/pcmastersbogota.com.co\/producto\/msi-mpg-z490-gaming-plus\/#breadcrumb\"},\"inLanguage\":\"es\",\"potentialAction\":[{\"@type\":\"ReadAction\",\"target\":[\"https:\/\/pcmastersbogota.com.co\/producto\/msi-mpg-z490-gaming-plus\/\"]}]},{\"@type\":\"ImageObject\",\"inLanguage\":\"es\",\"@id\":\"https:\/\/pcmastersbogota.com.co\/producto\/msi-mpg-z490-gaming-plus\/#primaryimage\",\"url\":\"https:\/\/pcmastersbogota.com.co\/wp-content\/uploads\/2021\/08\/product_1609386561ace6411443a569bfd7ad181cfc52795d.png\",\"contentUrl\":\"https:\/\/pcmastersbogota.com.co\/wp-content\/uploads\/2021\/08\/product_1609386561ace6411443a569bfd7ad181cfc52795d.png\",\"width\":1024,\"height\":800},{\"@type\":\"BreadcrumbList\",\"@id\":\"https:\/\/pcmastersbogota.com.co\/producto\/msi-mpg-z490-gaming-plus\/#breadcrumb\",\"itemListElement\":[{\"@type\":\"ListItem\",\"position\":1,\"name\":\"Home\",\"item\":\"https:\/\/pcmastersbogota.com.co\/\"},{\"@type\":\"ListItem\",\"position\":2,\"name\":\"Tienda\",\"item\":\"https:\/\/pcmastersbogota.com.co\/es_es\/tienda\/\"},{\"@type\":\"ListItem\",\"position\":3,\"name\":\"MSI MPG Z490 GAMING PLUS\"}]},{\"@type\":\"WebSite\",\"@id\":\"https:\/\/pcmastersbogota.com.co\/es_es\/#website\",\"url\":\"https:\/\/pcmastersbogota.com.co\/es_es\/\",\"name\":\"PC MASTERS BOGOTA\",\"description\":\"\",\"potentialAction\":[{\"@type\":\"SearchAction\",\"target\":{\"@type\":\"EntryPoint\",\"urlTemplate\":\"https:\/\/pcmastersbogota.com.co\/es_es\/?s={search_term_string}\"},\"query-input\":{\"@type\":\"PropertyValueSpecification\",\"valueRequired\":true,\"valueName\":\"search_term_string\"}}],\"inLanguage\":\"es\"}]}<\/script>\n<!-- \/ Yoast SEO plugin. -->","yoast_head_json":{"title":"MSI MPG Z490 GAMING PLUS - PC MASTERS BOGOTA","robots":{"index":"index","follow":"follow","max-snippet":"max-snippet:-1","max-image-preview":"max-image-preview:large","max-video-preview":"max-video-preview:-1"},"canonical":"https:\/\/pcmastersbogota.com.co\/es_es\/producto\/msi-mpg-z490-gaming-plus\/","og_locale":"es_ES","og_type":"article","og_title":"MSI MPG Z490 GAMING PLUS - PC MASTERS BOGOTA","og_description":"Marca MSI Z\u00f3calo de CPU LGA 1200 RAM DDR4 Procesadores compatibles Intel Celeron, Intel Pentium Gold Velocidad de memoria 4800 MHz Plataforma Windows 10","og_url":"https:\/\/pcmastersbogota.com.co\/es_es\/producto\/msi-mpg-z490-gaming-plus\/","og_site_name":"PC MASTERS BOGOTA","article_modified_time":"2025-04-09T15:57:03+00:00","og_image":[{"width":1024,"height":800,"url":"https:\/\/pcmastersbogota.com.co\/wp-content\/uploads\/2021\/08\/product_1609386561ace6411443a569bfd7ad181cfc52795d.png","type":"image\/png"}],"twitter_card":"summary_large_image","twitter_misc":{"Tiempo de lectura":"1 minuto"},"schema":{"@context":"https:\/\/schema.org","@graph":[{"@type":"WebPage","@id":"https:\/\/pcmastersbogota.com.co\/producto\/msi-mpg-z490-gaming-plus\/","url":"https:\/\/pcmastersbogota.com.co\/producto\/msi-mpg-z490-gaming-plus\/","name":"MSI MPG Z490 GAMING PLUS - PC MASTERS BOGOTA","isPartOf":{"@id":"https:\/\/pcmastersbogota.com.co\/es_es\/#website"},"primaryImageOfPage":{"@id":"https:\/\/pcmastersbogota.com.co\/producto\/msi-mpg-z490-gaming-plus\/#primaryimage"},"image":{"@id":"https:\/\/pcmastersbogota.com.co\/producto\/msi-mpg-z490-gaming-plus\/#primaryimage"},"thumbnailUrl":"https:\/\/pcmastersbogota.com.co\/wp-content\/uploads\/2021\/08\/product_1609386561ace6411443a569bfd7ad181cfc52795d.png","datePublished":"2021-08-06T01:24:44+00:00","dateModified":"2025-04-09T15:57:03+00:00","breadcrumb":{"@id":"https:\/\/pcmastersbogota.com.co\/producto\/msi-mpg-z490-gaming-plus\/#breadcrumb"},"inLanguage":"es","potentialAction":[{"@type":"ReadAction","target":["https:\/\/pcmastersbogota.com.co\/producto\/msi-mpg-z490-gaming-plus\/"]}]},{"@type":"ImageObject","inLanguage":"es","@id":"https:\/\/pcmastersbogota.com.co\/producto\/msi-mpg-z490-gaming-plus\/#primaryimage","url":"https:\/\/pcmastersbogota.com.co\/wp-content\/uploads\/2021\/08\/product_1609386561ace6411443a569bfd7ad181cfc52795d.png","contentUrl":"https:\/\/pcmastersbogota.com.co\/wp-content\/uploads\/2021\/08\/product_1609386561ace6411443a569bfd7ad181cfc52795d.png","width":1024,"height":800},{"@type":"BreadcrumbList","@id":"https:\/\/pcmastersbogota.com.co\/producto\/msi-mpg-z490-gaming-plus\/#breadcrumb","itemListElement":[{"@type":"ListItem","position":1,"name":"Home","item":"https:\/\/pcmastersbogota.com.co\/"},{"@type":"ListItem","position":2,"name":"Tienda","item":"https:\/\/pcmastersbogota.com.co\/es_es\/tienda\/"},{"@type":"ListItem","position":3,"name":"MSI MPG Z490 GAMING PLUS"}]},{"@type":"WebSite","@id":"https:\/\/pcmastersbogota.com.co\/es_es\/#website","url":"https:\/\/pcmastersbogota.com.co\/es_es\/","name":"PC MASTERS BOGOTA","description":"","potentialAction":[{"@type":"SearchAction","target":{"@type":"EntryPoint","urlTemplate":"https:\/\/pcmastersbogota.com.co\/es_es\/?s={search_term_string}"},"query-input":{"@type":"PropertyValueSpecification","valueRequired":true,"valueName":"search_term_string"}}],"inLanguage":"es"}]}},"brands":[{"id":214,"name":"MSI","slug":"msi"}],"_links":{"self":[{"href":"https:\/\/pcmastersbogota.com.co\/es_es\/wp-json\/wp\/v2\/product\/13243","targetHints":{"allow":["GET"]}}],"collection":[{"href":"https:\/\/pcmastersbogota.com.co\/es_es\/wp-json\/wp\/v2\/product"}],"about":[{"href":"https:\/\/pcmastersbogota.com.co\/es_es\/wp-json\/wp\/v2\/types\/product"}],"replies":[{"embeddable":true,"href":"https:\/\/pcmastersbogota.com.co\/es_es\/wp-json\/wp\/v2\/comments?post=13243"}],"version-history":[{"count":4,"href":"https:\/\/pcmastersbogota.com.co\/es_es\/wp-json\/wp\/v2\/product\/13243\/revisions"}],"predecessor-version":[{"id":17971,"href":"https:\/\/pcmastersbogota.com.co\/es_es\/wp-json\/wp\/v2\/product\/13243\/revisions\/17971"}],"wp:featuredmedia":[{"embeddable":true,"href":"https:\/\/pcmastersbogota.com.co\/es_es\/wp-json\/wp\/v2\/media\/13756"}],"wp:attachment":[{"href":"https:\/\/pcmastersbogota.com.co\/es_es\/wp-json\/wp\/v2\/media?parent=13243"}],"wp:term":[{"taxonomy":"pwb-brand","embeddable":true,"href":"https:\/\/pcmastersbogota.com.co\/es_es\/wp-json\/wp\/v2\/pwb-brand?post=13243"},{"taxonomy":"product_brand","embeddable":true,"href":"https:\/\/pcmastersbogota.com.co\/es_es\/wp-json\/wp\/v2\/product_brand?post=13243"},{"taxonomy":"product_cat","embeddable":true,"href":"https:\/\/pcmastersbogota.com.co\/es_es\/wp-json\/wp\/v2\/product_cat?post=13243"},{"taxonomy":"product_tag","embeddable":true,"href":"https:\/\/pcmastersbogota.com.co\/es_es\/wp-json\/wp\/v2\/product_tag?post=13243"}],"curies":[{"name":"wp","href":"https:\/\/api.w.org\/{rel}","templated":true}]}}