{"id":13268,"date":"2021-08-05T21:04:01","date_gmt":"2021-08-06T02:04:01","guid":{"rendered":"https:\/\/pcmastersbogota.com.co\/?post_type=product&#038;p=13268"},"modified":"2021-10-26T14:18:06","modified_gmt":"2021-10-26T19:18:06","slug":"arctic-bionix-p140-blanco","status":"publish","type":"product","link":"https:\/\/pcmastersbogota.com.co\/es_es\/producto\/arctic-bionix-p140-blanco\/","title":{"rendered":"ARCTIC BIONIX P140 BLANCO"},"content":{"rendered":"<p>https:\/\/www.arctic.de\/en\/BioniX-P140\/ACFAN00128A<\/p>\n<p>Sobre este art\u00edculo<\/p>\n<p>Optimizado para la presi\u00f3n est\u00e1tica durante el desarrollo del nuevo BioniX P140, se hizo especial hincapi\u00e9 en un flujo de aire enfocado y, por lo tanto, en una alta presi\u00f3n est\u00e1tica<\/p>\n<p>Tecnolog\u00eda m\u00e1s eficiente: el motor est\u00e1 alimentado por un anillo de neodimio, hierro y boro magn\u00e9tico de la \u00faltima generaci\u00f3n, lo que permite que el nuevo BioniX P140 funcione mucho m\u00e1s eficiente que sus predecesores<br \/>\n200 a 1950 RPM regulado a trav\u00e9s de PWM PST con una amplia gama de regulaci\u00f3n y la tecnolog\u00eda de compartir PWM (PST), la velocidad del ventilador BioniX P140 se puede controlar de forma sincronizada con todos tus otros ventiladores<br \/>\nRodamientos de alta calidad gracias a una combinaci\u00f3n de aleaci\u00f3n\/lubricante desarrollada en Alemania, la fricci\u00f3n dentro del rodamiento se reduce y se logra una mayor eficiencia<\/p>\n","protected":false},"excerpt":{"rendered":"<p>Dimensiones del producto 5.51 x 5.51 x 1.1 pulgadas; 6.38 Onzas<br \/>\nMarca ARCTIC<br \/>\nNivel de ruido 0.3 Son<br \/>\nMaterial Hierro<\/p>\n","protected":false},"featured_media":13735,"comment_status":"open","ping_status":"closed","template":"","meta":[],"pwb-brand":[],"product_brand":[],"product_cat":[69],"product_tag":[249],"class_list":{"0":"post-13268","1":"product","2":"type-product","3":"status-publish","4":"has-post-thumbnail","6":"product_cat-ventiladores","7":"product_tag-p140","9":"first","10":"instock","11":"taxable","12":"shipping-taxable","13":"purchasable","14":"product-type-simple"},"yoast_head":"<!-- This site is optimized with the Yoast SEO plugin v26.7 - https:\/\/yoast.com\/wordpress\/plugins\/seo\/ -->\n<title>ARCTIC BIONIX P140 BLANCO - PC MASTERS BOGOTA<\/title>\n<meta name=\"robots\" content=\"index, follow, max-snippet:-1, max-image-preview:large, max-video-preview:-1\" \/>\n<link rel=\"canonical\" href=\"https:\/\/pcmastersbogota.com.co\/es_es\/producto\/arctic-bionix-p140-blanco\/\" \/>\n<meta property=\"og:locale\" content=\"es_ES\" \/>\n<meta property=\"og:type\" content=\"article\" \/>\n<meta property=\"og:title\" content=\"ARCTIC BIONIX P140 BLANCO - PC MASTERS BOGOTA\" \/>\n<meta property=\"og:description\" content=\"Dimensiones del producto 5.51 x 5.51 x 1.1 pulgadas; 6.38 Onzas Marca ARCTIC Nivel de ruido 0.3 Son Material Hierro\" \/>\n<meta property=\"og:url\" content=\"https:\/\/pcmastersbogota.com.co\/es_es\/producto\/arctic-bionix-p140-blanco\/\" \/>\n<meta property=\"og:site_name\" content=\"PC MASTERS BOGOTA\" \/>\n<meta property=\"article:modified_time\" content=\"2021-10-26T19:18:06+00:00\" \/>\n<meta property=\"og:image\" content=\"https:\/\/pcmastersbogota.com.co\/wp-content\/uploads\/2021\/08\/41LFiSnr9kL._AC_.jpg\" \/>\n\t<meta property=\"og:image:width\" content=\"445\" \/>\n\t<meta property=\"og:image:height\" content=\"452\" \/>\n\t<meta property=\"og:image:type\" content=\"image\/jpeg\" \/>\n<meta name=\"twitter:card\" content=\"summary_large_image\" \/>\n<meta name=\"twitter:label1\" content=\"Tiempo de lectura\" \/>\n\t<meta name=\"twitter:data1\" content=\"1 minuto\" \/>\n<script type=\"application\/ld+json\" class=\"yoast-schema-graph\">{\"@context\":\"https:\/\/schema.org\",\"@graph\":[{\"@type\":\"WebPage\",\"@id\":\"https:\/\/pcmastersbogota.com.co\/producto\/arctic-bionix-p140-blanco\/\",\"url\":\"https:\/\/pcmastersbogota.com.co\/producto\/arctic-bionix-p140-blanco\/\",\"name\":\"ARCTIC BIONIX P140 BLANCO - PC MASTERS BOGOTA\",\"isPartOf\":{\"@id\":\"https:\/\/pcmastersbogota.com.co\/es_es\/#website\"},\"primaryImageOfPage\":{\"@id\":\"https:\/\/pcmastersbogota.com.co\/producto\/arctic-bionix-p140-blanco\/#primaryimage\"},\"image\":{\"@id\":\"https:\/\/pcmastersbogota.com.co\/producto\/arctic-bionix-p140-blanco\/#primaryimage\"},\"thumbnailUrl\":\"https:\/\/pcmastersbogota.com.co\/wp-content\/uploads\/2021\/08\/41LFiSnr9kL._AC_.jpg\",\"datePublished\":\"2021-08-06T02:04:01+00:00\",\"dateModified\":\"2021-10-26T19:18:06+00:00\",\"breadcrumb\":{\"@id\":\"https:\/\/pcmastersbogota.com.co\/producto\/arctic-bionix-p140-blanco\/#breadcrumb\"},\"inLanguage\":\"es\",\"potentialAction\":[{\"@type\":\"ReadAction\",\"target\":[\"https:\/\/pcmastersbogota.com.co\/producto\/arctic-bionix-p140-blanco\/\"]}]},{\"@type\":\"ImageObject\",\"inLanguage\":\"es\",\"@id\":\"https:\/\/pcmastersbogota.com.co\/producto\/arctic-bionix-p140-blanco\/#primaryimage\",\"url\":\"https:\/\/pcmastersbogota.com.co\/wp-content\/uploads\/2021\/08\/41LFiSnr9kL._AC_.jpg\",\"contentUrl\":\"https:\/\/pcmastersbogota.com.co\/wp-content\/uploads\/2021\/08\/41LFiSnr9kL._AC_.jpg\",\"width\":445,\"height\":452},{\"@type\":\"BreadcrumbList\",\"@id\":\"https:\/\/pcmastersbogota.com.co\/producto\/arctic-bionix-p140-blanco\/#breadcrumb\",\"itemListElement\":[{\"@type\":\"ListItem\",\"position\":1,\"name\":\"Home\",\"item\":\"https:\/\/pcmastersbogota.com.co\/\"},{\"@type\":\"ListItem\",\"position\":2,\"name\":\"Tienda\",\"item\":\"https:\/\/pcmastersbogota.com.co\/es_es\/tienda\/\"},{\"@type\":\"ListItem\",\"position\":3,\"name\":\"ARCTIC BIONIX P140 BLANCO\"}]},{\"@type\":\"WebSite\",\"@id\":\"https:\/\/pcmastersbogota.com.co\/es_es\/#website\",\"url\":\"https:\/\/pcmastersbogota.com.co\/es_es\/\",\"name\":\"PC MASTERS BOGOTA\",\"description\":\"\",\"potentialAction\":[{\"@type\":\"SearchAction\",\"target\":{\"@type\":\"EntryPoint\",\"urlTemplate\":\"https:\/\/pcmastersbogota.com.co\/es_es\/?s={search_term_string}\"},\"query-input\":{\"@type\":\"PropertyValueSpecification\",\"valueRequired\":true,\"valueName\":\"search_term_string\"}}],\"inLanguage\":\"es\"}]}<\/script>\n<!-- \/ Yoast SEO plugin. -->","yoast_head_json":{"title":"ARCTIC BIONIX P140 BLANCO - PC MASTERS BOGOTA","robots":{"index":"index","follow":"follow","max-snippet":"max-snippet:-1","max-image-preview":"max-image-preview:large","max-video-preview":"max-video-preview:-1"},"canonical":"https:\/\/pcmastersbogota.com.co\/es_es\/producto\/arctic-bionix-p140-blanco\/","og_locale":"es_ES","og_type":"article","og_title":"ARCTIC BIONIX P140 BLANCO - PC MASTERS BOGOTA","og_description":"Dimensiones del producto 5.51 x 5.51 x 1.1 pulgadas; 6.38 Onzas Marca ARCTIC Nivel de ruido 0.3 Son Material Hierro","og_url":"https:\/\/pcmastersbogota.com.co\/es_es\/producto\/arctic-bionix-p140-blanco\/","og_site_name":"PC MASTERS BOGOTA","article_modified_time":"2021-10-26T19:18:06+00:00","og_image":[{"width":445,"height":452,"url":"https:\/\/pcmastersbogota.com.co\/wp-content\/uploads\/2021\/08\/41LFiSnr9kL._AC_.jpg","type":"image\/jpeg"}],"twitter_card":"summary_large_image","twitter_misc":{"Tiempo de lectura":"1 minuto"},"schema":{"@context":"https:\/\/schema.org","@graph":[{"@type":"WebPage","@id":"https:\/\/pcmastersbogota.com.co\/producto\/arctic-bionix-p140-blanco\/","url":"https:\/\/pcmastersbogota.com.co\/producto\/arctic-bionix-p140-blanco\/","name":"ARCTIC BIONIX P140 BLANCO - PC MASTERS BOGOTA","isPartOf":{"@id":"https:\/\/pcmastersbogota.com.co\/es_es\/#website"},"primaryImageOfPage":{"@id":"https:\/\/pcmastersbogota.com.co\/producto\/arctic-bionix-p140-blanco\/#primaryimage"},"image":{"@id":"https:\/\/pcmastersbogota.com.co\/producto\/arctic-bionix-p140-blanco\/#primaryimage"},"thumbnailUrl":"https:\/\/pcmastersbogota.com.co\/wp-content\/uploads\/2021\/08\/41LFiSnr9kL._AC_.jpg","datePublished":"2021-08-06T02:04:01+00:00","dateModified":"2021-10-26T19:18:06+00:00","breadcrumb":{"@id":"https:\/\/pcmastersbogota.com.co\/producto\/arctic-bionix-p140-blanco\/#breadcrumb"},"inLanguage":"es","potentialAction":[{"@type":"ReadAction","target":["https:\/\/pcmastersbogota.com.co\/producto\/arctic-bionix-p140-blanco\/"]}]},{"@type":"ImageObject","inLanguage":"es","@id":"https:\/\/pcmastersbogota.com.co\/producto\/arctic-bionix-p140-blanco\/#primaryimage","url":"https:\/\/pcmastersbogota.com.co\/wp-content\/uploads\/2021\/08\/41LFiSnr9kL._AC_.jpg","contentUrl":"https:\/\/pcmastersbogota.com.co\/wp-content\/uploads\/2021\/08\/41LFiSnr9kL._AC_.jpg","width":445,"height":452},{"@type":"BreadcrumbList","@id":"https:\/\/pcmastersbogota.com.co\/producto\/arctic-bionix-p140-blanco\/#breadcrumb","itemListElement":[{"@type":"ListItem","position":1,"name":"Home","item":"https:\/\/pcmastersbogota.com.co\/"},{"@type":"ListItem","position":2,"name":"Tienda","item":"https:\/\/pcmastersbogota.com.co\/es_es\/tienda\/"},{"@type":"ListItem","position":3,"name":"ARCTIC BIONIX P140 BLANCO"}]},{"@type":"WebSite","@id":"https:\/\/pcmastersbogota.com.co\/es_es\/#website","url":"https:\/\/pcmastersbogota.com.co\/es_es\/","name":"PC MASTERS BOGOTA","description":"","potentialAction":[{"@type":"SearchAction","target":{"@type":"EntryPoint","urlTemplate":"https:\/\/pcmastersbogota.com.co\/es_es\/?s={search_term_string}"},"query-input":{"@type":"PropertyValueSpecification","valueRequired":true,"valueName":"search_term_string"}}],"inLanguage":"es"}]}},"brands":[],"_links":{"self":[{"href":"https:\/\/pcmastersbogota.com.co\/es_es\/wp-json\/wp\/v2\/product\/13268","targetHints":{"allow":["GET"]}}],"collection":[{"href":"https:\/\/pcmastersbogota.com.co\/es_es\/wp-json\/wp\/v2\/product"}],"about":[{"href":"https:\/\/pcmastersbogota.com.co\/es_es\/wp-json\/wp\/v2\/types\/product"}],"replies":[{"embeddable":true,"href":"https:\/\/pcmastersbogota.com.co\/es_es\/wp-json\/wp\/v2\/comments?post=13268"}],"version-history":[{"count":4,"href":"https:\/\/pcmastersbogota.com.co\/es_es\/wp-json\/wp\/v2\/product\/13268\/revisions"}],"predecessor-version":[{"id":17966,"href":"https:\/\/pcmastersbogota.com.co\/es_es\/wp-json\/wp\/v2\/product\/13268\/revisions\/17966"}],"wp:featuredmedia":[{"embeddable":true,"href":"https:\/\/pcmastersbogota.com.co\/es_es\/wp-json\/wp\/v2\/media\/13735"}],"wp:attachment":[{"href":"https:\/\/pcmastersbogota.com.co\/es_es\/wp-json\/wp\/v2\/media?parent=13268"}],"wp:term":[{"taxonomy":"pwb-brand","embeddable":true,"href":"https:\/\/pcmastersbogota.com.co\/es_es\/wp-json\/wp\/v2\/pwb-brand?post=13268"},{"taxonomy":"product_brand","embeddable":true,"href":"https:\/\/pcmastersbogota.com.co\/es_es\/wp-json\/wp\/v2\/product_brand?post=13268"},{"taxonomy":"product_cat","embeddable":true,"href":"https:\/\/pcmastersbogota.com.co\/es_es\/wp-json\/wp\/v2\/product_cat?post=13268"},{"taxonomy":"product_tag","embeddable":true,"href":"https:\/\/pcmastersbogota.com.co\/es_es\/wp-json\/wp\/v2\/product_tag?post=13268"}],"curies":[{"name":"wp","href":"https:\/\/api.w.org\/{rel}","templated":true}]}}