{"id":13302,"date":"2021-08-05T21:24:29","date_gmt":"2021-08-06T02:24:29","guid":{"rendered":"https:\/\/pcmastersbogota.com.co\/?post_type=product&#038;p=13302"},"modified":"2023-05-05T22:01:34","modified_gmt":"2023-05-06T03:01:34","slug":"aire-aerocool-cylon-4f-argb-pwm","status":"publish","type":"product","link":"https:\/\/pcmastersbogota.com.co\/es_es\/producto\/aire-aerocool-cylon-4f-argb-pwm\/","title":{"rendered":"AEROCOOL CYLON 4F ARGB PWM AIRE"},"content":{"rendered":"<p>https:\/\/aerocool.io\/product\/cylon-4f\/<\/p>\n<p>Viene equipado con un ventilador RGB direccionable de 12 cm con aspas de ventilador transl\u00facidas que se pueden controlar mediante la placa base RGB direccionable o el bot\u00f3n de control LED.<\/p>\n<p>Con un anillo LED RGB en la parte frontal del enfriador de aire y un ventilador RGB direccionable de 12 cm con aspas de ventilador transl\u00facidas, este enfriador agrega un efecto elegante y din\u00e1mico a su equipo.<\/p>\n<p>Las aspas de ventilador transl\u00facidas le permiten apreciar completamente la hermosa iluminaci\u00f3n RGB de este ventilador.<\/p>\n<p>Acceda a 16,8 millones de colores utilizando placas base RGB direccionables compatibles, incluidas ASUS Aura Sync y MSI Mystic Light Sync, as\u00ed como placas base Gigabyte RGB Fusion con un conector XWD de 3 pines.<\/p>\n<p>Modelo: Cylon 4F.Material de base: Bloque de aluminio con tecnolog\u00eda HCTT Heat Core Touch.Material de la aleta: Aluminio.Tubo de calor: Dia. 6 mm x 4.TDP (potencia de dise\u00f1o t\u00e9rmico): 145.Velocidad: 800-1800 rpm.Conector: PWM de 4 pines.Dimensi\u00f3n: 120 x 120 x 25 mm.Tipo de rodamiento: Cojinete Hidr\u00e1ulico.Voltaje iniciado: 5V.Voltaje nominal: 12V.Corriente nominal: 0,6 A.Consumo de energ\u00eda: 7,2 vatios.Flujo de aire: 26,1-52,5 CFM.Ruido: 14-26 dBA.MTBF: 60000 horas.Enchufe: LGA 2066\/2011 \/ 115X \/ 1200\/775 AM4 \/ AM3 + \/ AM3 \/ AM2 + \/ AM2 \/ FM2 \/ FM1.<\/p>\n","protected":false},"excerpt":{"rendered":"<p>Descripci\u00f3n<br \/>\nDesarrollado por Heat Core Touch Technology (HCTT) con 4 tubos de calor t\u00e9rmicos ultraeficientes. El revestimiento negro de las aletas aumenta el \u00e1rea de disipaci\u00f3n de calor y mejora la eficiencia de la disipaci\u00f3n. La cubierta en el lateral del enfriador de aire logra un flujo de aire unidireccional, mejorando la disipaci\u00f3n de calor.<\/p>\n<p>&nbsp;<\/p>\n","protected":false},"featured_media":13640,"comment_status":"open","ping_status":"closed","template":"","meta":[],"pwb-brand":[275],"product_brand":[],"product_cat":[70],"product_tag":[265],"class_list":{"0":"post-13302","1":"product","2":"type-product","3":"status-publish","4":"has-post-thumbnail","6":"pwb-brand-aerocool","7":"product_cat-refrigeracion-aire","8":"product_tag-cylon-4f-argb","10":"first","11":"instock","12":"taxable","13":"shipping-taxable","14":"purchasable","15":"product-type-simple"},"yoast_head":"<!-- This site is optimized with the Yoast SEO plugin v26.7 - https:\/\/yoast.com\/wordpress\/plugins\/seo\/ -->\n<title>AEROCOOL CYLON 4F ARGB PWM AIRE - PC MASTERS BOGOTA<\/title>\n<meta name=\"robots\" content=\"index, follow, max-snippet:-1, max-image-preview:large, max-video-preview:-1\" \/>\n<link rel=\"canonical\" href=\"https:\/\/pcmastersbogota.com.co\/es_es\/producto\/aire-aerocool-cylon-4f-argb-pwm\/\" \/>\n<meta property=\"og:locale\" content=\"es_ES\" \/>\n<meta property=\"og:type\" content=\"article\" \/>\n<meta property=\"og:title\" content=\"AEROCOOL CYLON 4F ARGB PWM AIRE - PC MASTERS BOGOTA\" \/>\n<meta property=\"og:description\" content=\"Descripci\u00f3n Desarrollado por Heat Core Touch Technology (HCTT) con 4 tubos de calor t\u00e9rmicos ultraeficientes. El revestimiento negro de las aletas aumenta el \u00e1rea de disipaci\u00f3n de calor y mejora la eficiencia de la disipaci\u00f3n. La cubierta en el lateral del enfriador de aire logra un flujo de aire unidireccional, mejorando la disipaci\u00f3n de calor.  &nbsp;\" \/>\n<meta property=\"og:url\" content=\"https:\/\/pcmastersbogota.com.co\/es_es\/producto\/aire-aerocool-cylon-4f-argb-pwm\/\" \/>\n<meta property=\"og:site_name\" content=\"PC MASTERS BOGOTA\" \/>\n<meta property=\"article:modified_time\" content=\"2023-05-06T03:01:34+00:00\" \/>\n<meta property=\"og:image\" content=\"https:\/\/pcmastersbogota.com.co\/wp-content\/uploads\/2021\/08\/Cylon4F-Infographic700x700-01-600x600-1.jpg\" \/>\n\t<meta property=\"og:image:width\" content=\"600\" \/>\n\t<meta property=\"og:image:height\" content=\"600\" \/>\n\t<meta property=\"og:image:type\" content=\"image\/jpeg\" \/>\n<meta name=\"twitter:card\" content=\"summary_large_image\" \/>\n<meta name=\"twitter:label1\" content=\"Tiempo de lectura\" \/>\n\t<meta name=\"twitter:data1\" content=\"1 minuto\" \/>\n<script type=\"application\/ld+json\" class=\"yoast-schema-graph\">{\"@context\":\"https:\/\/schema.org\",\"@graph\":[{\"@type\":\"WebPage\",\"@id\":\"https:\/\/pcmastersbogota.com.co\/producto\/aire-aerocool-cylon-4f-argb-pwm\/\",\"url\":\"https:\/\/pcmastersbogota.com.co\/producto\/aire-aerocool-cylon-4f-argb-pwm\/\",\"name\":\"AEROCOOL CYLON 4F ARGB PWM AIRE - PC MASTERS BOGOTA\",\"isPartOf\":{\"@id\":\"https:\/\/pcmastersbogota.com.co\/es_es\/#website\"},\"primaryImageOfPage\":{\"@id\":\"https:\/\/pcmastersbogota.com.co\/producto\/aire-aerocool-cylon-4f-argb-pwm\/#primaryimage\"},\"image\":{\"@id\":\"https:\/\/pcmastersbogota.com.co\/producto\/aire-aerocool-cylon-4f-argb-pwm\/#primaryimage\"},\"thumbnailUrl\":\"https:\/\/pcmastersbogota.com.co\/wp-content\/uploads\/2021\/08\/Cylon4F-Infographic700x700-01-600x600-1.jpg\",\"datePublished\":\"2021-08-06T02:24:29+00:00\",\"dateModified\":\"2023-05-06T03:01:34+00:00\",\"breadcrumb\":{\"@id\":\"https:\/\/pcmastersbogota.com.co\/producto\/aire-aerocool-cylon-4f-argb-pwm\/#breadcrumb\"},\"inLanguage\":\"es\",\"potentialAction\":[{\"@type\":\"ReadAction\",\"target\":[\"https:\/\/pcmastersbogota.com.co\/producto\/aire-aerocool-cylon-4f-argb-pwm\/\"]}]},{\"@type\":\"ImageObject\",\"inLanguage\":\"es\",\"@id\":\"https:\/\/pcmastersbogota.com.co\/producto\/aire-aerocool-cylon-4f-argb-pwm\/#primaryimage\",\"url\":\"https:\/\/pcmastersbogota.com.co\/wp-content\/uploads\/2021\/08\/Cylon4F-Infographic700x700-01-600x600-1.jpg\",\"contentUrl\":\"https:\/\/pcmastersbogota.com.co\/wp-content\/uploads\/2021\/08\/Cylon4F-Infographic700x700-01-600x600-1.jpg\",\"width\":600,\"height\":600},{\"@type\":\"BreadcrumbList\",\"@id\":\"https:\/\/pcmastersbogota.com.co\/producto\/aire-aerocool-cylon-4f-argb-pwm\/#breadcrumb\",\"itemListElement\":[{\"@type\":\"ListItem\",\"position\":1,\"name\":\"Home\",\"item\":\"https:\/\/pcmastersbogota.com.co\/\"},{\"@type\":\"ListItem\",\"position\":2,\"name\":\"Tienda\",\"item\":\"https:\/\/pcmastersbogota.com.co\/es_es\/tienda\/\"},{\"@type\":\"ListItem\",\"position\":3,\"name\":\"AEROCOOL CYLON 4F ARGB PWM AIRE\"}]},{\"@type\":\"WebSite\",\"@id\":\"https:\/\/pcmastersbogota.com.co\/es_es\/#website\",\"url\":\"https:\/\/pcmastersbogota.com.co\/es_es\/\",\"name\":\"PC MASTERS BOGOTA\",\"description\":\"\",\"potentialAction\":[{\"@type\":\"SearchAction\",\"target\":{\"@type\":\"EntryPoint\",\"urlTemplate\":\"https:\/\/pcmastersbogota.com.co\/es_es\/?s={search_term_string}\"},\"query-input\":{\"@type\":\"PropertyValueSpecification\",\"valueRequired\":true,\"valueName\":\"search_term_string\"}}],\"inLanguage\":\"es\"}]}<\/script>\n<!-- \/ Yoast SEO plugin. -->","yoast_head_json":{"title":"AEROCOOL CYLON 4F ARGB PWM AIRE - PC MASTERS BOGOTA","robots":{"index":"index","follow":"follow","max-snippet":"max-snippet:-1","max-image-preview":"max-image-preview:large","max-video-preview":"max-video-preview:-1"},"canonical":"https:\/\/pcmastersbogota.com.co\/es_es\/producto\/aire-aerocool-cylon-4f-argb-pwm\/","og_locale":"es_ES","og_type":"article","og_title":"AEROCOOL CYLON 4F ARGB PWM AIRE - PC MASTERS BOGOTA","og_description":"Descripci\u00f3n Desarrollado por Heat Core Touch Technology (HCTT) con 4 tubos de calor t\u00e9rmicos ultraeficientes. El revestimiento negro de las aletas aumenta el \u00e1rea de disipaci\u00f3n de calor y mejora la eficiencia de la disipaci\u00f3n. La cubierta en el lateral del enfriador de aire logra un flujo de aire unidireccional, mejorando la disipaci\u00f3n de calor.  &nbsp;","og_url":"https:\/\/pcmastersbogota.com.co\/es_es\/producto\/aire-aerocool-cylon-4f-argb-pwm\/","og_site_name":"PC MASTERS BOGOTA","article_modified_time":"2023-05-06T03:01:34+00:00","og_image":[{"width":600,"height":600,"url":"https:\/\/pcmastersbogota.com.co\/wp-content\/uploads\/2021\/08\/Cylon4F-Infographic700x700-01-600x600-1.jpg","type":"image\/jpeg"}],"twitter_card":"summary_large_image","twitter_misc":{"Tiempo de lectura":"1 minuto"},"schema":{"@context":"https:\/\/schema.org","@graph":[{"@type":"WebPage","@id":"https:\/\/pcmastersbogota.com.co\/producto\/aire-aerocool-cylon-4f-argb-pwm\/","url":"https:\/\/pcmastersbogota.com.co\/producto\/aire-aerocool-cylon-4f-argb-pwm\/","name":"AEROCOOL CYLON 4F ARGB PWM AIRE - PC MASTERS BOGOTA","isPartOf":{"@id":"https:\/\/pcmastersbogota.com.co\/es_es\/#website"},"primaryImageOfPage":{"@id":"https:\/\/pcmastersbogota.com.co\/producto\/aire-aerocool-cylon-4f-argb-pwm\/#primaryimage"},"image":{"@id":"https:\/\/pcmastersbogota.com.co\/producto\/aire-aerocool-cylon-4f-argb-pwm\/#primaryimage"},"thumbnailUrl":"https:\/\/pcmastersbogota.com.co\/wp-content\/uploads\/2021\/08\/Cylon4F-Infographic700x700-01-600x600-1.jpg","datePublished":"2021-08-06T02:24:29+00:00","dateModified":"2023-05-06T03:01:34+00:00","breadcrumb":{"@id":"https:\/\/pcmastersbogota.com.co\/producto\/aire-aerocool-cylon-4f-argb-pwm\/#breadcrumb"},"inLanguage":"es","potentialAction":[{"@type":"ReadAction","target":["https:\/\/pcmastersbogota.com.co\/producto\/aire-aerocool-cylon-4f-argb-pwm\/"]}]},{"@type":"ImageObject","inLanguage":"es","@id":"https:\/\/pcmastersbogota.com.co\/producto\/aire-aerocool-cylon-4f-argb-pwm\/#primaryimage","url":"https:\/\/pcmastersbogota.com.co\/wp-content\/uploads\/2021\/08\/Cylon4F-Infographic700x700-01-600x600-1.jpg","contentUrl":"https:\/\/pcmastersbogota.com.co\/wp-content\/uploads\/2021\/08\/Cylon4F-Infographic700x700-01-600x600-1.jpg","width":600,"height":600},{"@type":"BreadcrumbList","@id":"https:\/\/pcmastersbogota.com.co\/producto\/aire-aerocool-cylon-4f-argb-pwm\/#breadcrumb","itemListElement":[{"@type":"ListItem","position":1,"name":"Home","item":"https:\/\/pcmastersbogota.com.co\/"},{"@type":"ListItem","position":2,"name":"Tienda","item":"https:\/\/pcmastersbogota.com.co\/es_es\/tienda\/"},{"@type":"ListItem","position":3,"name":"AEROCOOL CYLON 4F ARGB PWM AIRE"}]},{"@type":"WebSite","@id":"https:\/\/pcmastersbogota.com.co\/es_es\/#website","url":"https:\/\/pcmastersbogota.com.co\/es_es\/","name":"PC MASTERS BOGOTA","description":"","potentialAction":[{"@type":"SearchAction","target":{"@type":"EntryPoint","urlTemplate":"https:\/\/pcmastersbogota.com.co\/es_es\/?s={search_term_string}"},"query-input":{"@type":"PropertyValueSpecification","valueRequired":true,"valueName":"search_term_string"}}],"inLanguage":"es"}]}},"brands":[{"id":275,"name":"AEROCOOL","slug":"aerocool"}],"_links":{"self":[{"href":"https:\/\/pcmastersbogota.com.co\/es_es\/wp-json\/wp\/v2\/product\/13302","targetHints":{"allow":["GET"]}}],"collection":[{"href":"https:\/\/pcmastersbogota.com.co\/es_es\/wp-json\/wp\/v2\/product"}],"about":[{"href":"https:\/\/pcmastersbogota.com.co\/es_es\/wp-json\/wp\/v2\/types\/product"}],"replies":[{"embeddable":true,"href":"https:\/\/pcmastersbogota.com.co\/es_es\/wp-json\/wp\/v2\/comments?post=13302"}],"version-history":[{"count":4,"href":"https:\/\/pcmastersbogota.com.co\/es_es\/wp-json\/wp\/v2\/product\/13302\/revisions"}],"predecessor-version":[{"id":17950,"href":"https:\/\/pcmastersbogota.com.co\/es_es\/wp-json\/wp\/v2\/product\/13302\/revisions\/17950"}],"wp:featuredmedia":[{"embeddable":true,"href":"https:\/\/pcmastersbogota.com.co\/es_es\/wp-json\/wp\/v2\/media\/13640"}],"wp:attachment":[{"href":"https:\/\/pcmastersbogota.com.co\/es_es\/wp-json\/wp\/v2\/media?parent=13302"}],"wp:term":[{"taxonomy":"pwb-brand","embeddable":true,"href":"https:\/\/pcmastersbogota.com.co\/es_es\/wp-json\/wp\/v2\/pwb-brand?post=13302"},{"taxonomy":"product_brand","embeddable":true,"href":"https:\/\/pcmastersbogota.com.co\/es_es\/wp-json\/wp\/v2\/product_brand?post=13302"},{"taxonomy":"product_cat","embeddable":true,"href":"https:\/\/pcmastersbogota.com.co\/es_es\/wp-json\/wp\/v2\/product_cat?post=13302"},{"taxonomy":"product_tag","embeddable":true,"href":"https:\/\/pcmastersbogota.com.co\/es_es\/wp-json\/wp\/v2\/product_tag?post=13302"}],"curies":[{"name":"wp","href":"https:\/\/api.w.org\/{rel}","templated":true}]}}