{"id":13331,"date":"2021-08-05T21:57:51","date_gmt":"2021-08-06T02:57:51","guid":{"rendered":"https:\/\/pcmastersbogota.com.co\/?post_type=product&#038;p=13331"},"modified":"2022-12-12T12:08:12","modified_gmt":"2022-12-12T17:08:12","slug":"aerocool-mirage-l360-argb","status":"publish","type":"product","link":"https:\/\/pcmastersbogota.com.co\/es_es\/producto\/aerocool-mirage-l360-argb\/","title":{"rendered":"AEROCOOL MIRAGE L360 ARGB"},"content":{"rendered":"<p>https:\/\/aerocool.io\/la\/product\/mirage-l360\/<\/p>\n<p>El Mirage est\u00e1 dise\u00f1ado para cumplir con los est\u00e1ndares m\u00e1s altos de ingeniar\u00eda, asegurando que tu sistema se mantendr\u00e1 fresco incluso en las condiciones m\u00e1s exigentes.<\/p>\n<p>El dise\u00f1o Infinity Mirror RGB design ofrece una experiencia de iluminaci\u00f3n fascinante.<br \/>\nCompatible con placas madre Addressable RGB (ASUS Aura Sync, MSI Mystic Light Sync, Gigabyte RGB Fusion y ASRock RGB Sync)<br \/>\nViene equipado con tres ventiladores RGB Direccionables de alto rendimiento<br \/>\nBloque de agua de cobre puro con dise\u00f1o microcanal permite una disipaci\u00f3n de calor m\u00e1s r\u00e1pida<br \/>\nSoportes de alta calidad para un rendimiento silencioso<br \/>\nLas aletas de baja densidad por radiador de pulgada (LFPI) proporcionan un mayor flujo de aire con niveles de ruido m\u00e1s bajos<br \/>\nTubos de alta calidad permiten una p\u00e9rdida de agua ultrabaja, lo que prolonga la vida \u00fatil del producto<\/p>\n","protected":false},"excerpt":{"rendered":"<p>Refrigeraci\u00f3n L\u00edquida ARGB 360MM<br \/>\nRefrigeraci\u00f3n l\u00edquida de alto rendimiento con dise\u00f1o Infinity Mirror RGB para ofrecer una experiencia de iluminaci\u00f3n \u00fanica.<\/p>\n","protected":false},"featured_media":13592,"comment_status":"open","ping_status":"closed","template":"","meta":[],"pwb-brand":[275],"product_brand":[],"product_cat":[71],"product_tag":[276],"class_list":{"0":"post-13331","1":"product","2":"type-product","3":"status-publish","4":"has-post-thumbnail","6":"pwb-brand-aerocool","7":"product_cat-refrigeracion-liquida","8":"product_tag-liquidas","10":"first","11":"instock","12":"taxable","13":"shipping-taxable","14":"purchasable","15":"product-type-simple"},"yoast_head":"<!-- This site is optimized with the Yoast SEO plugin v26.7 - https:\/\/yoast.com\/wordpress\/plugins\/seo\/ -->\n<title>AEROCOOL MIRAGE L360 ARGB - PC MASTERS BOGOTA<\/title>\n<meta name=\"robots\" content=\"index, follow, max-snippet:-1, max-image-preview:large, max-video-preview:-1\" \/>\n<link rel=\"canonical\" href=\"https:\/\/pcmastersbogota.com.co\/es_es\/producto\/aerocool-mirage-l360-argb\/\" \/>\n<meta property=\"og:locale\" content=\"es_ES\" \/>\n<meta property=\"og:type\" content=\"article\" \/>\n<meta property=\"og:title\" content=\"AEROCOOL MIRAGE L360 ARGB - PC MASTERS BOGOTA\" \/>\n<meta property=\"og:description\" content=\"Refrigeraci\u00f3n L\u00edquida ARGB 360MM Refrigeraci\u00f3n l\u00edquida de alto rendimiento con dise\u00f1o Infinity Mirror RGB para ofrecer una experiencia de iluminaci\u00f3n \u00fanica.\" \/>\n<meta property=\"og:url\" content=\"https:\/\/pcmastersbogota.com.co\/es_es\/producto\/aerocool-mirage-l360-argb\/\" \/>\n<meta property=\"og:site_name\" content=\"PC MASTERS BOGOTA\" \/>\n<meta property=\"article:modified_time\" content=\"2022-12-12T17:08:12+00:00\" \/>\n<meta property=\"og:image\" content=\"https:\/\/pcmastersbogota.com.co\/wp-content\/uploads\/2021\/08\/Mirage-L360-Infographic700x700px-02.png\" \/>\n\t<meta property=\"og:image:width\" content=\"700\" \/>\n\t<meta property=\"og:image:height\" content=\"700\" \/>\n\t<meta property=\"og:image:type\" content=\"image\/png\" \/>\n<meta name=\"twitter:card\" content=\"summary_large_image\" \/>\n<meta name=\"twitter:label1\" content=\"Tiempo de lectura\" \/>\n\t<meta name=\"twitter:data1\" content=\"1 minuto\" \/>\n<script type=\"application\/ld+json\" class=\"yoast-schema-graph\">{\"@context\":\"https:\/\/schema.org\",\"@graph\":[{\"@type\":\"WebPage\",\"@id\":\"https:\/\/pcmastersbogota.com.co\/producto\/aerocool-mirage-l360-argb\/\",\"url\":\"https:\/\/pcmastersbogota.com.co\/producto\/aerocool-mirage-l360-argb\/\",\"name\":\"AEROCOOL MIRAGE L360 ARGB - PC MASTERS BOGOTA\",\"isPartOf\":{\"@id\":\"https:\/\/pcmastersbogota.com.co\/es_es\/#website\"},\"primaryImageOfPage\":{\"@id\":\"https:\/\/pcmastersbogota.com.co\/producto\/aerocool-mirage-l360-argb\/#primaryimage\"},\"image\":{\"@id\":\"https:\/\/pcmastersbogota.com.co\/producto\/aerocool-mirage-l360-argb\/#primaryimage\"},\"thumbnailUrl\":\"https:\/\/pcmastersbogota.com.co\/wp-content\/uploads\/2021\/08\/Mirage-L360-Infographic700x700px-02.png\",\"datePublished\":\"2021-08-06T02:57:51+00:00\",\"dateModified\":\"2022-12-12T17:08:12+00:00\",\"breadcrumb\":{\"@id\":\"https:\/\/pcmastersbogota.com.co\/producto\/aerocool-mirage-l360-argb\/#breadcrumb\"},\"inLanguage\":\"es\",\"potentialAction\":[{\"@type\":\"ReadAction\",\"target\":[\"https:\/\/pcmastersbogota.com.co\/producto\/aerocool-mirage-l360-argb\/\"]}]},{\"@type\":\"ImageObject\",\"inLanguage\":\"es\",\"@id\":\"https:\/\/pcmastersbogota.com.co\/producto\/aerocool-mirage-l360-argb\/#primaryimage\",\"url\":\"https:\/\/pcmastersbogota.com.co\/wp-content\/uploads\/2021\/08\/Mirage-L360-Infographic700x700px-02.png\",\"contentUrl\":\"https:\/\/pcmastersbogota.com.co\/wp-content\/uploads\/2021\/08\/Mirage-L360-Infographic700x700px-02.png\",\"width\":700,\"height\":700},{\"@type\":\"BreadcrumbList\",\"@id\":\"https:\/\/pcmastersbogota.com.co\/producto\/aerocool-mirage-l360-argb\/#breadcrumb\",\"itemListElement\":[{\"@type\":\"ListItem\",\"position\":1,\"name\":\"Home\",\"item\":\"https:\/\/pcmastersbogota.com.co\/\"},{\"@type\":\"ListItem\",\"position\":2,\"name\":\"Tienda\",\"item\":\"https:\/\/pcmastersbogota.com.co\/es_es\/tienda\/\"},{\"@type\":\"ListItem\",\"position\":3,\"name\":\"AEROCOOL MIRAGE L360 ARGB\"}]},{\"@type\":\"WebSite\",\"@id\":\"https:\/\/pcmastersbogota.com.co\/es_es\/#website\",\"url\":\"https:\/\/pcmastersbogota.com.co\/es_es\/\",\"name\":\"PC MASTERS BOGOTA\",\"description\":\"\",\"potentialAction\":[{\"@type\":\"SearchAction\",\"target\":{\"@type\":\"EntryPoint\",\"urlTemplate\":\"https:\/\/pcmastersbogota.com.co\/es_es\/?s={search_term_string}\"},\"query-input\":{\"@type\":\"PropertyValueSpecification\",\"valueRequired\":true,\"valueName\":\"search_term_string\"}}],\"inLanguage\":\"es\"}]}<\/script>\n<!-- \/ Yoast SEO plugin. -->","yoast_head_json":{"title":"AEROCOOL MIRAGE L360 ARGB - PC MASTERS BOGOTA","robots":{"index":"index","follow":"follow","max-snippet":"max-snippet:-1","max-image-preview":"max-image-preview:large","max-video-preview":"max-video-preview:-1"},"canonical":"https:\/\/pcmastersbogota.com.co\/es_es\/producto\/aerocool-mirage-l360-argb\/","og_locale":"es_ES","og_type":"article","og_title":"AEROCOOL MIRAGE L360 ARGB - PC MASTERS BOGOTA","og_description":"Refrigeraci\u00f3n L\u00edquida ARGB 360MM Refrigeraci\u00f3n l\u00edquida de alto rendimiento con dise\u00f1o Infinity Mirror RGB para ofrecer una experiencia de iluminaci\u00f3n \u00fanica.","og_url":"https:\/\/pcmastersbogota.com.co\/es_es\/producto\/aerocool-mirage-l360-argb\/","og_site_name":"PC MASTERS BOGOTA","article_modified_time":"2022-12-12T17:08:12+00:00","og_image":[{"width":700,"height":700,"url":"https:\/\/pcmastersbogota.com.co\/wp-content\/uploads\/2021\/08\/Mirage-L360-Infographic700x700px-02.png","type":"image\/png"}],"twitter_card":"summary_large_image","twitter_misc":{"Tiempo de lectura":"1 minuto"},"schema":{"@context":"https:\/\/schema.org","@graph":[{"@type":"WebPage","@id":"https:\/\/pcmastersbogota.com.co\/producto\/aerocool-mirage-l360-argb\/","url":"https:\/\/pcmastersbogota.com.co\/producto\/aerocool-mirage-l360-argb\/","name":"AEROCOOL MIRAGE L360 ARGB - PC MASTERS BOGOTA","isPartOf":{"@id":"https:\/\/pcmastersbogota.com.co\/es_es\/#website"},"primaryImageOfPage":{"@id":"https:\/\/pcmastersbogota.com.co\/producto\/aerocool-mirage-l360-argb\/#primaryimage"},"image":{"@id":"https:\/\/pcmastersbogota.com.co\/producto\/aerocool-mirage-l360-argb\/#primaryimage"},"thumbnailUrl":"https:\/\/pcmastersbogota.com.co\/wp-content\/uploads\/2021\/08\/Mirage-L360-Infographic700x700px-02.png","datePublished":"2021-08-06T02:57:51+00:00","dateModified":"2022-12-12T17:08:12+00:00","breadcrumb":{"@id":"https:\/\/pcmastersbogota.com.co\/producto\/aerocool-mirage-l360-argb\/#breadcrumb"},"inLanguage":"es","potentialAction":[{"@type":"ReadAction","target":["https:\/\/pcmastersbogota.com.co\/producto\/aerocool-mirage-l360-argb\/"]}]},{"@type":"ImageObject","inLanguage":"es","@id":"https:\/\/pcmastersbogota.com.co\/producto\/aerocool-mirage-l360-argb\/#primaryimage","url":"https:\/\/pcmastersbogota.com.co\/wp-content\/uploads\/2021\/08\/Mirage-L360-Infographic700x700px-02.png","contentUrl":"https:\/\/pcmastersbogota.com.co\/wp-content\/uploads\/2021\/08\/Mirage-L360-Infographic700x700px-02.png","width":700,"height":700},{"@type":"BreadcrumbList","@id":"https:\/\/pcmastersbogota.com.co\/producto\/aerocool-mirage-l360-argb\/#breadcrumb","itemListElement":[{"@type":"ListItem","position":1,"name":"Home","item":"https:\/\/pcmastersbogota.com.co\/"},{"@type":"ListItem","position":2,"name":"Tienda","item":"https:\/\/pcmastersbogota.com.co\/es_es\/tienda\/"},{"@type":"ListItem","position":3,"name":"AEROCOOL MIRAGE L360 ARGB"}]},{"@type":"WebSite","@id":"https:\/\/pcmastersbogota.com.co\/es_es\/#website","url":"https:\/\/pcmastersbogota.com.co\/es_es\/","name":"PC MASTERS BOGOTA","description":"","potentialAction":[{"@type":"SearchAction","target":{"@type":"EntryPoint","urlTemplate":"https:\/\/pcmastersbogota.com.co\/es_es\/?s={search_term_string}"},"query-input":{"@type":"PropertyValueSpecification","valueRequired":true,"valueName":"search_term_string"}}],"inLanguage":"es"}]}},"brands":[{"id":275,"name":"AEROCOOL","slug":"aerocool"}],"_links":{"self":[{"href":"https:\/\/pcmastersbogota.com.co\/es_es\/wp-json\/wp\/v2\/product\/13331","targetHints":{"allow":["GET"]}}],"collection":[{"href":"https:\/\/pcmastersbogota.com.co\/es_es\/wp-json\/wp\/v2\/product"}],"about":[{"href":"https:\/\/pcmastersbogota.com.co\/es_es\/wp-json\/wp\/v2\/types\/product"}],"replies":[{"embeddable":true,"href":"https:\/\/pcmastersbogota.com.co\/es_es\/wp-json\/wp\/v2\/comments?post=13331"}],"version-history":[{"count":4,"href":"https:\/\/pcmastersbogota.com.co\/es_es\/wp-json\/wp\/v2\/product\/13331\/revisions"}],"predecessor-version":[{"id":17943,"href":"https:\/\/pcmastersbogota.com.co\/es_es\/wp-json\/wp\/v2\/product\/13331\/revisions\/17943"}],"wp:featuredmedia":[{"embeddable":true,"href":"https:\/\/pcmastersbogota.com.co\/es_es\/wp-json\/wp\/v2\/media\/13592"}],"wp:attachment":[{"href":"https:\/\/pcmastersbogota.com.co\/es_es\/wp-json\/wp\/v2\/media?parent=13331"}],"wp:term":[{"taxonomy":"pwb-brand","embeddable":true,"href":"https:\/\/pcmastersbogota.com.co\/es_es\/wp-json\/wp\/v2\/pwb-brand?post=13331"},{"taxonomy":"product_brand","embeddable":true,"href":"https:\/\/pcmastersbogota.com.co\/es_es\/wp-json\/wp\/v2\/product_brand?post=13331"},{"taxonomy":"product_cat","embeddable":true,"href":"https:\/\/pcmastersbogota.com.co\/es_es\/wp-json\/wp\/v2\/product_cat?post=13331"},{"taxonomy":"product_tag","embeddable":true,"href":"https:\/\/pcmastersbogota.com.co\/es_es\/wp-json\/wp\/v2\/product_tag?post=13331"}],"curies":[{"name":"wp","href":"https:\/\/api.w.org\/{rel}","templated":true}]}}