{"id":13856,"date":"2021-08-09T14:59:55","date_gmt":"2021-08-09T19:59:55","guid":{"rendered":"https:\/\/pcmastersbogota.com.co\/?post_type=product&#038;p=13856"},"modified":"2023-05-16T09:59:14","modified_gmt":"2023-05-16T14:59:14","slug":"gtx-1050ti-msi-dual-fan-4gb","status":"publish","type":"product","link":"https:\/\/pcmastersbogota.com.co\/es_es\/producto\/gtx-1050ti-msi-dual-fan-4gb\/","title":{"rendered":"GTX 1050TI MSI DUAL FAN  4GB"},"content":{"rendered":"<p>https:\/\/latam.msi.com\/Graphics-card\/GeForce-GTX-1050-Ti-4GT-OC.html<\/p>\n<p>Marca GPVHOSO<br \/>\nCoprocesador de gr\u00e1ficos NVIDIA GeForce GTX 1050 TI<br \/>\nInterfaz de salida de video DisplayPort, HDMI, DVI x 1<br \/>\nFabricante de procesador de gr\u00e1ficos NVIDIA<br \/>\nTipo de RAM para gr\u00e1ficos GDDR5<br \/>\nSobre este art\u00edculo<br \/>\nLa memoria de v\u00eddeo de alta velocidad 4G GDDR5 garantiza una velocidad de hasta 7008 MHz, para una experiencia de juego y aplicaci\u00f3n sin problemas.<br \/>\nEl ventilador de disipaci\u00f3n de calor de 3.5 in ofrece m\u00e1s flujo de aire, proporciona una experiencia de juego fresca y silenciosa. Los componentes el\u00e9ctricos de alta calidad y la placa PCB garantizan su seguridad y estabilidad.<br \/>\nChip de procesadores de flujo 768, con dise\u00f1o de ranura \u00fanica, tama\u00f1o peque\u00f1o, incluso compatible con chasis ITX.<br \/>\nSin fuente de alimentaci\u00f3n externa, y el condensador de estado s\u00f3lido garantiza un bajo consumo de energ\u00eda y un alto rendimiento.<br \/>\nEquipado con puertos de salida DP\/HDMI\/DVI-D, compatible con Blu-ray HD, salida 8K.<\/p>\n","protected":false},"excerpt":{"rendered":"<p>Las tarjetas gr\u00e1ficas GeForce GTX TI son las m\u00e1s avanzadas jam\u00e1s creadas. Descubra un rendimiento, una eficiencia energ\u00e9tica y experiencias de juego de pr\u00f3xima generaci\u00f3n sin precedentes.<\/p>\n","protected":false},"featured_media":16418,"comment_status":"open","ping_status":"closed","template":"","meta":[],"pwb-brand":[282,214],"product_brand":[],"product_cat":[73],"product_tag":[354],"class_list":{"0":"post-13856","1":"product","2":"type-product","3":"status-publish","4":"has-post-thumbnail","6":"pwb-brand-geforce","7":"pwb-brand-msi","8":"product_cat-tarjetas-graficas","9":"product_tag-gpu","11":"first","12":"outofstock","13":"sale","14":"taxable","15":"shipping-taxable","16":"purchasable","17":"product-type-simple"},"yoast_head":"<!-- This site is optimized with the Yoast SEO plugin v26.7 - https:\/\/yoast.com\/wordpress\/plugins\/seo\/ -->\n<title>GTX 1050TI MSI DUAL FAN 4GB - PC MASTERS BOGOTA<\/title>\n<meta name=\"robots\" content=\"index, follow, max-snippet:-1, max-image-preview:large, max-video-preview:-1\" \/>\n<link rel=\"canonical\" href=\"https:\/\/pcmastersbogota.com.co\/es_es\/producto\/gtx-1050ti-msi-dual-fan-4gb\/\" \/>\n<meta property=\"og:locale\" content=\"es_ES\" \/>\n<meta property=\"og:type\" content=\"article\" \/>\n<meta property=\"og:title\" content=\"GTX 1050TI MSI DUAL FAN 4GB - PC MASTERS BOGOTA\" \/>\n<meta property=\"og:description\" content=\"Las tarjetas gr\u00e1ficas GeForce GTX TI son las m\u00e1s avanzadas jam\u00e1s creadas. Descubra un rendimiento, una eficiencia energ\u00e9tica y experiencias de juego de pr\u00f3xima generaci\u00f3n sin precedentes.\" \/>\n<meta property=\"og:url\" content=\"https:\/\/pcmastersbogota.com.co\/es_es\/producto\/gtx-1050ti-msi-dual-fan-4gb\/\" \/>\n<meta property=\"og:site_name\" content=\"PC MASTERS BOGOTA\" \/>\n<meta property=\"article:modified_time\" content=\"2023-05-16T14:59:14+00:00\" \/>\n<meta property=\"og:image\" content=\"https:\/\/pcmastersbogota.com.co\/wp-content\/uploads\/2021\/08\/3025.png\" \/>\n\t<meta property=\"og:image:width\" content=\"1000\" \/>\n\t<meta property=\"og:image:height\" content=\"1000\" \/>\n\t<meta property=\"og:image:type\" content=\"image\/png\" \/>\n<meta name=\"twitter:card\" content=\"summary_large_image\" \/>\n<meta name=\"twitter:label1\" content=\"Tiempo de lectura\" \/>\n\t<meta name=\"twitter:data1\" content=\"1 minuto\" \/>\n<script type=\"application\/ld+json\" class=\"yoast-schema-graph\">{\"@context\":\"https:\/\/schema.org\",\"@graph\":[{\"@type\":\"WebPage\",\"@id\":\"https:\/\/pcmastersbogota.com.co\/producto\/gtx-1050ti-msi-dual-fan-4gb\/\",\"url\":\"https:\/\/pcmastersbogota.com.co\/producto\/gtx-1050ti-msi-dual-fan-4gb\/\",\"name\":\"GTX 1050TI MSI DUAL FAN 4GB - PC MASTERS BOGOTA\",\"isPartOf\":{\"@id\":\"https:\/\/pcmastersbogota.com.co\/es_es\/#website\"},\"primaryImageOfPage\":{\"@id\":\"https:\/\/pcmastersbogota.com.co\/producto\/gtx-1050ti-msi-dual-fan-4gb\/#primaryimage\"},\"image\":{\"@id\":\"https:\/\/pcmastersbogota.com.co\/producto\/gtx-1050ti-msi-dual-fan-4gb\/#primaryimage\"},\"thumbnailUrl\":\"https:\/\/pcmastersbogota.com.co\/wp-content\/uploads\/2021\/08\/3025.png\",\"datePublished\":\"2021-08-09T19:59:55+00:00\",\"dateModified\":\"2023-05-16T14:59:14+00:00\",\"breadcrumb\":{\"@id\":\"https:\/\/pcmastersbogota.com.co\/producto\/gtx-1050ti-msi-dual-fan-4gb\/#breadcrumb\"},\"inLanguage\":\"es\",\"potentialAction\":[{\"@type\":\"ReadAction\",\"target\":[\"https:\/\/pcmastersbogota.com.co\/producto\/gtx-1050ti-msi-dual-fan-4gb\/\"]}]},{\"@type\":\"ImageObject\",\"inLanguage\":\"es\",\"@id\":\"https:\/\/pcmastersbogota.com.co\/producto\/gtx-1050ti-msi-dual-fan-4gb\/#primaryimage\",\"url\":\"https:\/\/pcmastersbogota.com.co\/wp-content\/uploads\/2021\/08\/3025.png\",\"contentUrl\":\"https:\/\/pcmastersbogota.com.co\/wp-content\/uploads\/2021\/08\/3025.png\",\"width\":1000,\"height\":1000},{\"@type\":\"BreadcrumbList\",\"@id\":\"https:\/\/pcmastersbogota.com.co\/producto\/gtx-1050ti-msi-dual-fan-4gb\/#breadcrumb\",\"itemListElement\":[{\"@type\":\"ListItem\",\"position\":1,\"name\":\"Home\",\"item\":\"https:\/\/pcmastersbogota.com.co\/\"},{\"@type\":\"ListItem\",\"position\":2,\"name\":\"Tienda\",\"item\":\"https:\/\/pcmastersbogota.com.co\/es_es\/tienda\/\"},{\"@type\":\"ListItem\",\"position\":3,\"name\":\"GTX 1050TI MSI DUAL FAN 4GB\"}]},{\"@type\":\"WebSite\",\"@id\":\"https:\/\/pcmastersbogota.com.co\/es_es\/#website\",\"url\":\"https:\/\/pcmastersbogota.com.co\/es_es\/\",\"name\":\"PC MASTERS BOGOTA\",\"description\":\"\",\"potentialAction\":[{\"@type\":\"SearchAction\",\"target\":{\"@type\":\"EntryPoint\",\"urlTemplate\":\"https:\/\/pcmastersbogota.com.co\/es_es\/?s={search_term_string}\"},\"query-input\":{\"@type\":\"PropertyValueSpecification\",\"valueRequired\":true,\"valueName\":\"search_term_string\"}}],\"inLanguage\":\"es\"}]}<\/script>\n<!-- \/ Yoast SEO plugin. -->","yoast_head_json":{"title":"GTX 1050TI MSI DUAL FAN 4GB - PC MASTERS BOGOTA","robots":{"index":"index","follow":"follow","max-snippet":"max-snippet:-1","max-image-preview":"max-image-preview:large","max-video-preview":"max-video-preview:-1"},"canonical":"https:\/\/pcmastersbogota.com.co\/es_es\/producto\/gtx-1050ti-msi-dual-fan-4gb\/","og_locale":"es_ES","og_type":"article","og_title":"GTX 1050TI MSI DUAL FAN 4GB - PC MASTERS BOGOTA","og_description":"Las tarjetas gr\u00e1ficas GeForce GTX TI son las m\u00e1s avanzadas jam\u00e1s creadas. Descubra un rendimiento, una eficiencia energ\u00e9tica y experiencias de juego de pr\u00f3xima generaci\u00f3n sin precedentes.","og_url":"https:\/\/pcmastersbogota.com.co\/es_es\/producto\/gtx-1050ti-msi-dual-fan-4gb\/","og_site_name":"PC MASTERS BOGOTA","article_modified_time":"2023-05-16T14:59:14+00:00","og_image":[{"width":1000,"height":1000,"url":"https:\/\/pcmastersbogota.com.co\/wp-content\/uploads\/2021\/08\/3025.png","type":"image\/png"}],"twitter_card":"summary_large_image","twitter_misc":{"Tiempo de lectura":"1 minuto"},"schema":{"@context":"https:\/\/schema.org","@graph":[{"@type":"WebPage","@id":"https:\/\/pcmastersbogota.com.co\/producto\/gtx-1050ti-msi-dual-fan-4gb\/","url":"https:\/\/pcmastersbogota.com.co\/producto\/gtx-1050ti-msi-dual-fan-4gb\/","name":"GTX 1050TI MSI DUAL FAN 4GB - PC MASTERS BOGOTA","isPartOf":{"@id":"https:\/\/pcmastersbogota.com.co\/es_es\/#website"},"primaryImageOfPage":{"@id":"https:\/\/pcmastersbogota.com.co\/producto\/gtx-1050ti-msi-dual-fan-4gb\/#primaryimage"},"image":{"@id":"https:\/\/pcmastersbogota.com.co\/producto\/gtx-1050ti-msi-dual-fan-4gb\/#primaryimage"},"thumbnailUrl":"https:\/\/pcmastersbogota.com.co\/wp-content\/uploads\/2021\/08\/3025.png","datePublished":"2021-08-09T19:59:55+00:00","dateModified":"2023-05-16T14:59:14+00:00","breadcrumb":{"@id":"https:\/\/pcmastersbogota.com.co\/producto\/gtx-1050ti-msi-dual-fan-4gb\/#breadcrumb"},"inLanguage":"es","potentialAction":[{"@type":"ReadAction","target":["https:\/\/pcmastersbogota.com.co\/producto\/gtx-1050ti-msi-dual-fan-4gb\/"]}]},{"@type":"ImageObject","inLanguage":"es","@id":"https:\/\/pcmastersbogota.com.co\/producto\/gtx-1050ti-msi-dual-fan-4gb\/#primaryimage","url":"https:\/\/pcmastersbogota.com.co\/wp-content\/uploads\/2021\/08\/3025.png","contentUrl":"https:\/\/pcmastersbogota.com.co\/wp-content\/uploads\/2021\/08\/3025.png","width":1000,"height":1000},{"@type":"BreadcrumbList","@id":"https:\/\/pcmastersbogota.com.co\/producto\/gtx-1050ti-msi-dual-fan-4gb\/#breadcrumb","itemListElement":[{"@type":"ListItem","position":1,"name":"Home","item":"https:\/\/pcmastersbogota.com.co\/"},{"@type":"ListItem","position":2,"name":"Tienda","item":"https:\/\/pcmastersbogota.com.co\/es_es\/tienda\/"},{"@type":"ListItem","position":3,"name":"GTX 1050TI MSI DUAL FAN 4GB"}]},{"@type":"WebSite","@id":"https:\/\/pcmastersbogota.com.co\/es_es\/#website","url":"https:\/\/pcmastersbogota.com.co\/es_es\/","name":"PC MASTERS BOGOTA","description":"","potentialAction":[{"@type":"SearchAction","target":{"@type":"EntryPoint","urlTemplate":"https:\/\/pcmastersbogota.com.co\/es_es\/?s={search_term_string}"},"query-input":{"@type":"PropertyValueSpecification","valueRequired":true,"valueName":"search_term_string"}}],"inLanguage":"es"}]}},"brands":[{"id":282,"name":"GEFORCE","slug":"geforce"},{"id":214,"name":"MSI","slug":"msi"}],"_links":{"self":[{"href":"https:\/\/pcmastersbogota.com.co\/es_es\/wp-json\/wp\/v2\/product\/13856","targetHints":{"allow":["GET"]}}],"collection":[{"href":"https:\/\/pcmastersbogota.com.co\/es_es\/wp-json\/wp\/v2\/product"}],"about":[{"href":"https:\/\/pcmastersbogota.com.co\/es_es\/wp-json\/wp\/v2\/types\/product"}],"replies":[{"embeddable":true,"href":"https:\/\/pcmastersbogota.com.co\/es_es\/wp-json\/wp\/v2\/comments?post=13856"}],"version-history":[{"count":5,"href":"https:\/\/pcmastersbogota.com.co\/es_es\/wp-json\/wp\/v2\/product\/13856\/revisions"}],"predecessor-version":[{"id":18596,"href":"https:\/\/pcmastersbogota.com.co\/es_es\/wp-json\/wp\/v2\/product\/13856\/revisions\/18596"}],"wp:featuredmedia":[{"embeddable":true,"href":"https:\/\/pcmastersbogota.com.co\/es_es\/wp-json\/wp\/v2\/media\/16418"}],"wp:attachment":[{"href":"https:\/\/pcmastersbogota.com.co\/es_es\/wp-json\/wp\/v2\/media?parent=13856"}],"wp:term":[{"taxonomy":"pwb-brand","embeddable":true,"href":"https:\/\/pcmastersbogota.com.co\/es_es\/wp-json\/wp\/v2\/pwb-brand?post=13856"},{"taxonomy":"product_brand","embeddable":true,"href":"https:\/\/pcmastersbogota.com.co\/es_es\/wp-json\/wp\/v2\/product_brand?post=13856"},{"taxonomy":"product_cat","embeddable":true,"href":"https:\/\/pcmastersbogota.com.co\/es_es\/wp-json\/wp\/v2\/product_cat?post=13856"},{"taxonomy":"product_tag","embeddable":true,"href":"https:\/\/pcmastersbogota.com.co\/es_es\/wp-json\/wp\/v2\/product_tag?post=13856"}],"curies":[{"name":"wp","href":"https:\/\/api.w.org\/{rel}","templated":true}]}}