{"id":13862,"date":"2021-08-09T14:59:56","date_gmt":"2021-08-09T19:59:56","guid":{"rendered":"https:\/\/pcmastersbogota.com.co\/?post_type=product&#038;p=13862"},"modified":"2023-07-07T15:40:49","modified_gmt":"2023-07-07T20:40:49","slug":"asus-geforce-gt-710-ddr5-2-gigas","status":"publish","type":"product","link":"https:\/\/pcmastersbogota.com.co\/es_es\/producto\/asus-geforce-gt-710-ddr5-2-gigas\/","title":{"rendered":"ASUS GEFORCE-GT 710 DDR5 2 GIGAS"},"content":{"rendered":"<p>https:\/\/www.asus.com\/latin\/Motherboards-Components\/Graphics-Cards\/ASUS\/GT710-SL-2GD5\/<\/p>\n<p>Series GT710-SL-1GD5-BRK<br \/>\nMarca ASUS<br \/>\nCoprocesador de gr\u00e1ficos NVIDIA GeForce GT 710<br \/>\nInterfaz de salida de video VGA, DVI, HDMI<br \/>\nMarca Chipset NVIDIA<br \/>\nSobre este art\u00edculo<br \/>\nEl dise\u00f1o exclusivo de disipador de calor de Asus con refrigeraci\u00f3n pasiva garantiza un funcionamiento silencioso HTPC y multimedia<br \/>\nTecnolog\u00eda de fabricaci\u00f3n Auto-Extreme ofrece calidad y fiabilidad premium con componentes Super Alloy Power II de grado aeroespacial<br \/>\n\u00d3ptimo para tareas m\u00faltiples con tres salidas para soporte multipantalla<br \/>\nGpu Tweak II hace que el rendimiento de monitoreo sea m\u00e1s f\u00e1cil que nunca con Game Booster y XSplit Game Caster todo a trav\u00e9s de una interfaz intuitiva<br \/>\nTotalmente compatible con DX12 en Microsoft Windows 10<\/p>\n","protected":false},"excerpt":{"rendered":"<p>La refrigeraci\u00f3n pasiva ofrece un entorno absolutamente silencioso, ideal para equipos multimedia y disfrutar del cine en casa.<br \/>\nLa tecnolog\u00eda Auto-Extreme ofrece la mejor calidad y fiabilidad.<br \/>\nComponentes Super Alloy Power II con una aleaci\u00f3n especial para mejorar la fiabilidad de la tarjeta gr\u00e1fica.<br \/>\nGPU Tweak II facilita un OC m\u00e1s simple y visual con una interfaz m\u00e1s visual e intuitiva.<\/p>\n","protected":false},"featured_media":16294,"comment_status":"open","ping_status":"closed","template":"","meta":[],"pwb-brand":[212,282],"product_brand":[],"product_cat":[73],"product_tag":[354],"class_list":{"0":"post-13862","1":"product","2":"type-product","3":"status-publish","4":"has-post-thumbnail","6":"pwb-brand-asus","7":"pwb-brand-geforce","8":"product_cat-tarjetas-graficas","9":"product_tag-gpu","11":"first","12":"instock","13":"sale","14":"taxable","15":"shipping-taxable","16":"purchasable","17":"product-type-simple"},"yoast_head":"<!-- This site is optimized with the Yoast SEO plugin v26.7 - https:\/\/yoast.com\/wordpress\/plugins\/seo\/ -->\n<title>ASUS GEFORCE-GT 710 DDR5 2 GIGAS - PC MASTERS BOGOTA<\/title>\n<meta name=\"robots\" content=\"index, follow, max-snippet:-1, max-image-preview:large, max-video-preview:-1\" \/>\n<link rel=\"canonical\" href=\"https:\/\/pcmastersbogota.com.co\/es_es\/producto\/asus-geforce-gt-710-ddr5-2-gigas\/\" \/>\n<meta property=\"og:locale\" content=\"es_ES\" \/>\n<meta property=\"og:type\" content=\"article\" \/>\n<meta property=\"og:title\" content=\"ASUS GEFORCE-GT 710 DDR5 2 GIGAS - PC MASTERS BOGOTA\" \/>\n<meta property=\"og:description\" content=\"La refrigeraci\u00f3n pasiva ofrece un entorno absolutamente silencioso, ideal para equipos multimedia y disfrutar del cine en casa. La tecnolog\u00eda Auto-Extreme ofrece la mejor calidad y fiabilidad. Componentes Super Alloy Power II con una aleaci\u00f3n especial para mejorar la fiabilidad de la tarjeta gr\u00e1fica. GPU Tweak II facilita un OC m\u00e1s simple y visual con una interfaz m\u00e1s visual e intuitiva.\" \/>\n<meta property=\"og:url\" content=\"https:\/\/pcmastersbogota.com.co\/es_es\/producto\/asus-geforce-gt-710-ddr5-2-gigas\/\" \/>\n<meta property=\"og:site_name\" content=\"PC MASTERS BOGOTA\" \/>\n<meta property=\"article:modified_time\" content=\"2023-07-07T20:40:49+00:00\" \/>\n<meta property=\"og:image\" content=\"https:\/\/pcmastersbogota.com.co\/wp-content\/uploads\/2021\/08\/EcgTwIL63TFlXyA2_setting_xxx_0_90_end_800.png\" \/>\n\t<meta property=\"og:image:width\" content=\"800\" \/>\n\t<meta property=\"og:image:height\" content=\"800\" \/>\n\t<meta property=\"og:image:type\" content=\"image\/png\" \/>\n<meta name=\"twitter:card\" content=\"summary_large_image\" \/>\n<meta name=\"twitter:label1\" content=\"Tiempo de lectura\" \/>\n\t<meta name=\"twitter:data1\" content=\"1 minuto\" \/>\n<script type=\"application\/ld+json\" class=\"yoast-schema-graph\">{\"@context\":\"https:\/\/schema.org\",\"@graph\":[{\"@type\":\"WebPage\",\"@id\":\"https:\/\/pcmastersbogota.com.co\/producto\/asus-geforce-gt-710-ddr5-2-gigas\/\",\"url\":\"https:\/\/pcmastersbogota.com.co\/producto\/asus-geforce-gt-710-ddr5-2-gigas\/\",\"name\":\"ASUS GEFORCE-GT 710 DDR5 2 GIGAS - PC MASTERS BOGOTA\",\"isPartOf\":{\"@id\":\"https:\/\/pcmastersbogota.com.co\/es_es\/#website\"},\"primaryImageOfPage\":{\"@id\":\"https:\/\/pcmastersbogota.com.co\/producto\/asus-geforce-gt-710-ddr5-2-gigas\/#primaryimage\"},\"image\":{\"@id\":\"https:\/\/pcmastersbogota.com.co\/producto\/asus-geforce-gt-710-ddr5-2-gigas\/#primaryimage\"},\"thumbnailUrl\":\"https:\/\/pcmastersbogota.com.co\/wp-content\/uploads\/2021\/08\/EcgTwIL63TFlXyA2_setting_xxx_0_90_end_800.png\",\"datePublished\":\"2021-08-09T19:59:56+00:00\",\"dateModified\":\"2023-07-07T20:40:49+00:00\",\"breadcrumb\":{\"@id\":\"https:\/\/pcmastersbogota.com.co\/producto\/asus-geforce-gt-710-ddr5-2-gigas\/#breadcrumb\"},\"inLanguage\":\"es\",\"potentialAction\":[{\"@type\":\"ReadAction\",\"target\":[\"https:\/\/pcmastersbogota.com.co\/producto\/asus-geforce-gt-710-ddr5-2-gigas\/\"]}]},{\"@type\":\"ImageObject\",\"inLanguage\":\"es\",\"@id\":\"https:\/\/pcmastersbogota.com.co\/producto\/asus-geforce-gt-710-ddr5-2-gigas\/#primaryimage\",\"url\":\"https:\/\/pcmastersbogota.com.co\/wp-content\/uploads\/2021\/08\/EcgTwIL63TFlXyA2_setting_xxx_0_90_end_800.png\",\"contentUrl\":\"https:\/\/pcmastersbogota.com.co\/wp-content\/uploads\/2021\/08\/EcgTwIL63TFlXyA2_setting_xxx_0_90_end_800.png\",\"width\":800,\"height\":800},{\"@type\":\"BreadcrumbList\",\"@id\":\"https:\/\/pcmastersbogota.com.co\/producto\/asus-geforce-gt-710-ddr5-2-gigas\/#breadcrumb\",\"itemListElement\":[{\"@type\":\"ListItem\",\"position\":1,\"name\":\"Home\",\"item\":\"https:\/\/pcmastersbogota.com.co\/\"},{\"@type\":\"ListItem\",\"position\":2,\"name\":\"Tienda\",\"item\":\"https:\/\/pcmastersbogota.com.co\/es_es\/tienda\/\"},{\"@type\":\"ListItem\",\"position\":3,\"name\":\"ASUS GEFORCE-GT 710 DDR5 2 GIGAS\"}]},{\"@type\":\"WebSite\",\"@id\":\"https:\/\/pcmastersbogota.com.co\/es_es\/#website\",\"url\":\"https:\/\/pcmastersbogota.com.co\/es_es\/\",\"name\":\"PC MASTERS BOGOTA\",\"description\":\"\",\"potentialAction\":[{\"@type\":\"SearchAction\",\"target\":{\"@type\":\"EntryPoint\",\"urlTemplate\":\"https:\/\/pcmastersbogota.com.co\/es_es\/?s={search_term_string}\"},\"query-input\":{\"@type\":\"PropertyValueSpecification\",\"valueRequired\":true,\"valueName\":\"search_term_string\"}}],\"inLanguage\":\"es\"}]}<\/script>\n<!-- \/ Yoast SEO plugin. -->","yoast_head_json":{"title":"ASUS GEFORCE-GT 710 DDR5 2 GIGAS - PC MASTERS BOGOTA","robots":{"index":"index","follow":"follow","max-snippet":"max-snippet:-1","max-image-preview":"max-image-preview:large","max-video-preview":"max-video-preview:-1"},"canonical":"https:\/\/pcmastersbogota.com.co\/es_es\/producto\/asus-geforce-gt-710-ddr5-2-gigas\/","og_locale":"es_ES","og_type":"article","og_title":"ASUS GEFORCE-GT 710 DDR5 2 GIGAS - PC MASTERS BOGOTA","og_description":"La refrigeraci\u00f3n pasiva ofrece un entorno absolutamente silencioso, ideal para equipos multimedia y disfrutar del cine en casa. La tecnolog\u00eda Auto-Extreme ofrece la mejor calidad y fiabilidad. Componentes Super Alloy Power II con una aleaci\u00f3n especial para mejorar la fiabilidad de la tarjeta gr\u00e1fica. GPU Tweak II facilita un OC m\u00e1s simple y visual con una interfaz m\u00e1s visual e intuitiva.","og_url":"https:\/\/pcmastersbogota.com.co\/es_es\/producto\/asus-geforce-gt-710-ddr5-2-gigas\/","og_site_name":"PC MASTERS BOGOTA","article_modified_time":"2023-07-07T20:40:49+00:00","og_image":[{"width":800,"height":800,"url":"https:\/\/pcmastersbogota.com.co\/wp-content\/uploads\/2021\/08\/EcgTwIL63TFlXyA2_setting_xxx_0_90_end_800.png","type":"image\/png"}],"twitter_card":"summary_large_image","twitter_misc":{"Tiempo de lectura":"1 minuto"},"schema":{"@context":"https:\/\/schema.org","@graph":[{"@type":"WebPage","@id":"https:\/\/pcmastersbogota.com.co\/producto\/asus-geforce-gt-710-ddr5-2-gigas\/","url":"https:\/\/pcmastersbogota.com.co\/producto\/asus-geforce-gt-710-ddr5-2-gigas\/","name":"ASUS GEFORCE-GT 710 DDR5 2 GIGAS - PC MASTERS BOGOTA","isPartOf":{"@id":"https:\/\/pcmastersbogota.com.co\/es_es\/#website"},"primaryImageOfPage":{"@id":"https:\/\/pcmastersbogota.com.co\/producto\/asus-geforce-gt-710-ddr5-2-gigas\/#primaryimage"},"image":{"@id":"https:\/\/pcmastersbogota.com.co\/producto\/asus-geforce-gt-710-ddr5-2-gigas\/#primaryimage"},"thumbnailUrl":"https:\/\/pcmastersbogota.com.co\/wp-content\/uploads\/2021\/08\/EcgTwIL63TFlXyA2_setting_xxx_0_90_end_800.png","datePublished":"2021-08-09T19:59:56+00:00","dateModified":"2023-07-07T20:40:49+00:00","breadcrumb":{"@id":"https:\/\/pcmastersbogota.com.co\/producto\/asus-geforce-gt-710-ddr5-2-gigas\/#breadcrumb"},"inLanguage":"es","potentialAction":[{"@type":"ReadAction","target":["https:\/\/pcmastersbogota.com.co\/producto\/asus-geforce-gt-710-ddr5-2-gigas\/"]}]},{"@type":"ImageObject","inLanguage":"es","@id":"https:\/\/pcmastersbogota.com.co\/producto\/asus-geforce-gt-710-ddr5-2-gigas\/#primaryimage","url":"https:\/\/pcmastersbogota.com.co\/wp-content\/uploads\/2021\/08\/EcgTwIL63TFlXyA2_setting_xxx_0_90_end_800.png","contentUrl":"https:\/\/pcmastersbogota.com.co\/wp-content\/uploads\/2021\/08\/EcgTwIL63TFlXyA2_setting_xxx_0_90_end_800.png","width":800,"height":800},{"@type":"BreadcrumbList","@id":"https:\/\/pcmastersbogota.com.co\/producto\/asus-geforce-gt-710-ddr5-2-gigas\/#breadcrumb","itemListElement":[{"@type":"ListItem","position":1,"name":"Home","item":"https:\/\/pcmastersbogota.com.co\/"},{"@type":"ListItem","position":2,"name":"Tienda","item":"https:\/\/pcmastersbogota.com.co\/es_es\/tienda\/"},{"@type":"ListItem","position":3,"name":"ASUS GEFORCE-GT 710 DDR5 2 GIGAS"}]},{"@type":"WebSite","@id":"https:\/\/pcmastersbogota.com.co\/es_es\/#website","url":"https:\/\/pcmastersbogota.com.co\/es_es\/","name":"PC MASTERS BOGOTA","description":"","potentialAction":[{"@type":"SearchAction","target":{"@type":"EntryPoint","urlTemplate":"https:\/\/pcmastersbogota.com.co\/es_es\/?s={search_term_string}"},"query-input":{"@type":"PropertyValueSpecification","valueRequired":true,"valueName":"search_term_string"}}],"inLanguage":"es"}]}},"brands":[{"id":212,"name":"ASUS","slug":"asus"},{"id":282,"name":"GEFORCE","slug":"geforce"}],"_links":{"self":[{"href":"https:\/\/pcmastersbogota.com.co\/es_es\/wp-json\/wp\/v2\/product\/13862","targetHints":{"allow":["GET"]}}],"collection":[{"href":"https:\/\/pcmastersbogota.com.co\/es_es\/wp-json\/wp\/v2\/product"}],"about":[{"href":"https:\/\/pcmastersbogota.com.co\/es_es\/wp-json\/wp\/v2\/types\/product"}],"replies":[{"embeddable":true,"href":"https:\/\/pcmastersbogota.com.co\/es_es\/wp-json\/wp\/v2\/comments?post=13862"}],"version-history":[{"count":4,"href":"https:\/\/pcmastersbogota.com.co\/es_es\/wp-json\/wp\/v2\/product\/13862\/revisions"}],"predecessor-version":[{"id":17922,"href":"https:\/\/pcmastersbogota.com.co\/es_es\/wp-json\/wp\/v2\/product\/13862\/revisions\/17922"}],"wp:featuredmedia":[{"embeddable":true,"href":"https:\/\/pcmastersbogota.com.co\/es_es\/wp-json\/wp\/v2\/media\/16294"}],"wp:attachment":[{"href":"https:\/\/pcmastersbogota.com.co\/es_es\/wp-json\/wp\/v2\/media?parent=13862"}],"wp:term":[{"taxonomy":"pwb-brand","embeddable":true,"href":"https:\/\/pcmastersbogota.com.co\/es_es\/wp-json\/wp\/v2\/pwb-brand?post=13862"},{"taxonomy":"product_brand","embeddable":true,"href":"https:\/\/pcmastersbogota.com.co\/es_es\/wp-json\/wp\/v2\/product_brand?post=13862"},{"taxonomy":"product_cat","embeddable":true,"href":"https:\/\/pcmastersbogota.com.co\/es_es\/wp-json\/wp\/v2\/product_cat?post=13862"},{"taxonomy":"product_tag","embeddable":true,"href":"https:\/\/pcmastersbogota.com.co\/es_es\/wp-json\/wp\/v2\/product_tag?post=13862"}],"curies":[{"name":"wp","href":"https:\/\/api.w.org\/{rel}","templated":true}]}}