{"id":13865,"date":"2021-08-09T14:59:56","date_gmt":"2021-08-09T19:59:56","guid":{"rendered":"https:\/\/pcmastersbogota.com.co\/?post_type=product&#038;p=13865"},"modified":"2025-02-28T12:00:02","modified_gmt":"2025-02-28T17:00:02","slug":"sapphire-radeon-rx-6800-oc-nitro-16-gigas","status":"publish","type":"product","link":"https:\/\/pcmastersbogota.com.co\/es_es\/producto\/sapphire-radeon-rx-6800-oc-nitro-16-gigas\/","title":{"rendered":"SAPPHIRE RADEON RX-6800 OC NITRO 16 GIGAS"},"content":{"rendered":"<p>https:\/\/www.sapphiretech.com\/en\/consumer\/nitro-radeon-rx-6800-16g-gddr6<\/p>\n<p>Marca Sapphire Technology<br \/>\nCoprocesador de gr\u00e1ficos AMD Radeon RX 6800 XT<br \/>\nInterfaz de salida de video DisplayPort, HDMI<br \/>\nMarca Chipset AMD<br \/>\nTipo de RAM para gr\u00e1ficos GDDR6<\/p>\n","protected":false},"excerpt":{"rendered":"<p>Sobre este art\u00edculo<br \/>\nReloj de juego: hasta 2110 MHz<br \/>\nReloj de aumento: hasta 2360 MHz<br \/>\nSincronizaci\u00f3n externa de LED RGB<br \/>\nTransmisi\u00f3n de v\u00eddeo de hasta 8 K<br \/>\nJuego 4K de alto rendimiento<\/p>\n","protected":false},"featured_media":16407,"comment_status":"open","ping_status":"closed","template":"","meta":[],"pwb-brand":[283],"product_brand":[],"product_cat":[73],"product_tag":[354],"class_list":{"0":"post-13865","1":"product","2":"type-product","3":"status-publish","4":"has-post-thumbnail","6":"pwb-brand-sapphire","7":"product_cat-tarjetas-graficas","8":"product_tag-gpu","10":"first","11":"outofstock","12":"taxable","13":"shipping-taxable","14":"purchasable","15":"product-type-simple"},"yoast_head":"<!-- This site is optimized with the Yoast SEO plugin v26.7 - https:\/\/yoast.com\/wordpress\/plugins\/seo\/ -->\n<title>SAPPHIRE RADEON RX-6800 OC NITRO 16 GIGAS - PC MASTERS BOGOTA<\/title>\n<meta name=\"robots\" content=\"index, follow, max-snippet:-1, max-image-preview:large, max-video-preview:-1\" \/>\n<link rel=\"canonical\" href=\"https:\/\/pcmastersbogota.com.co\/es_es\/producto\/sapphire-radeon-rx-6800-oc-nitro-16-gigas\/\" \/>\n<meta property=\"og:locale\" content=\"es_ES\" \/>\n<meta property=\"og:type\" content=\"article\" \/>\n<meta property=\"og:title\" content=\"SAPPHIRE RADEON RX-6800 OC NITRO 16 GIGAS - PC MASTERS BOGOTA\" \/>\n<meta property=\"og:description\" content=\"Sobre este art\u00edculo Reloj de juego: hasta 2110 MHz Reloj de aumento: hasta 2360 MHz Sincronizaci\u00f3n externa de LED RGB Transmisi\u00f3n de v\u00eddeo de hasta 8 K Juego 4K de alto rendimiento\" \/>\n<meta property=\"og:url\" content=\"https:\/\/pcmastersbogota.com.co\/es_es\/producto\/sapphire-radeon-rx-6800-oc-nitro-16-gigas\/\" \/>\n<meta property=\"og:site_name\" content=\"PC MASTERS BOGOTA\" \/>\n<meta property=\"article:modified_time\" content=\"2025-02-28T17:00:02+00:00\" \/>\n<meta property=\"og:image\" content=\"https:\/\/pcmastersbogota.com.co\/wp-content\/uploads\/2021\/08\/6800-3-600x375-1.jpg\" \/>\n\t<meta property=\"og:image:width\" content=\"600\" \/>\n\t<meta property=\"og:image:height\" content=\"375\" \/>\n\t<meta property=\"og:image:type\" content=\"image\/jpeg\" \/>\n<meta name=\"twitter:card\" content=\"summary_large_image\" \/>\n<script type=\"application\/ld+json\" class=\"yoast-schema-graph\">{\"@context\":\"https:\/\/schema.org\",\"@graph\":[{\"@type\":\"WebPage\",\"@id\":\"https:\/\/pcmastersbogota.com.co\/producto\/sapphire-radeon-rx-6800-oc-nitro-16-gigas\/\",\"url\":\"https:\/\/pcmastersbogota.com.co\/producto\/sapphire-radeon-rx-6800-oc-nitro-16-gigas\/\",\"name\":\"SAPPHIRE RADEON RX-6800 OC NITRO 16 GIGAS - PC MASTERS BOGOTA\",\"isPartOf\":{\"@id\":\"https:\/\/pcmastersbogota.com.co\/es_es\/#website\"},\"primaryImageOfPage\":{\"@id\":\"https:\/\/pcmastersbogota.com.co\/producto\/sapphire-radeon-rx-6800-oc-nitro-16-gigas\/#primaryimage\"},\"image\":{\"@id\":\"https:\/\/pcmastersbogota.com.co\/producto\/sapphire-radeon-rx-6800-oc-nitro-16-gigas\/#primaryimage\"},\"thumbnailUrl\":\"https:\/\/pcmastersbogota.com.co\/wp-content\/uploads\/2021\/08\/6800-3-600x375-1.jpg\",\"datePublished\":\"2021-08-09T19:59:56+00:00\",\"dateModified\":\"2025-02-28T17:00:02+00:00\",\"breadcrumb\":{\"@id\":\"https:\/\/pcmastersbogota.com.co\/producto\/sapphire-radeon-rx-6800-oc-nitro-16-gigas\/#breadcrumb\"},\"inLanguage\":\"es\",\"potentialAction\":[{\"@type\":\"ReadAction\",\"target\":[\"https:\/\/pcmastersbogota.com.co\/producto\/sapphire-radeon-rx-6800-oc-nitro-16-gigas\/\"]}]},{\"@type\":\"ImageObject\",\"inLanguage\":\"es\",\"@id\":\"https:\/\/pcmastersbogota.com.co\/producto\/sapphire-radeon-rx-6800-oc-nitro-16-gigas\/#primaryimage\",\"url\":\"https:\/\/pcmastersbogota.com.co\/wp-content\/uploads\/2021\/08\/6800-3-600x375-1.jpg\",\"contentUrl\":\"https:\/\/pcmastersbogota.com.co\/wp-content\/uploads\/2021\/08\/6800-3-600x375-1.jpg\",\"width\":600,\"height\":375},{\"@type\":\"BreadcrumbList\",\"@id\":\"https:\/\/pcmastersbogota.com.co\/producto\/sapphire-radeon-rx-6800-oc-nitro-16-gigas\/#breadcrumb\",\"itemListElement\":[{\"@type\":\"ListItem\",\"position\":1,\"name\":\"Home\",\"item\":\"https:\/\/pcmastersbogota.com.co\/\"},{\"@type\":\"ListItem\",\"position\":2,\"name\":\"Tienda\",\"item\":\"https:\/\/pcmastersbogota.com.co\/es_es\/tienda\/\"},{\"@type\":\"ListItem\",\"position\":3,\"name\":\"SAPPHIRE RADEON RX-6800 OC NITRO 16 GIGAS\"}]},{\"@type\":\"WebSite\",\"@id\":\"https:\/\/pcmastersbogota.com.co\/es_es\/#website\",\"url\":\"https:\/\/pcmastersbogota.com.co\/es_es\/\",\"name\":\"PC MASTERS BOGOTA\",\"description\":\"\",\"potentialAction\":[{\"@type\":\"SearchAction\",\"target\":{\"@type\":\"EntryPoint\",\"urlTemplate\":\"https:\/\/pcmastersbogota.com.co\/es_es\/?s={search_term_string}\"},\"query-input\":{\"@type\":\"PropertyValueSpecification\",\"valueRequired\":true,\"valueName\":\"search_term_string\"}}],\"inLanguage\":\"es\"}]}<\/script>\n<!-- \/ Yoast SEO plugin. -->","yoast_head_json":{"title":"SAPPHIRE RADEON RX-6800 OC NITRO 16 GIGAS - PC MASTERS BOGOTA","robots":{"index":"index","follow":"follow","max-snippet":"max-snippet:-1","max-image-preview":"max-image-preview:large","max-video-preview":"max-video-preview:-1"},"canonical":"https:\/\/pcmastersbogota.com.co\/es_es\/producto\/sapphire-radeon-rx-6800-oc-nitro-16-gigas\/","og_locale":"es_ES","og_type":"article","og_title":"SAPPHIRE RADEON RX-6800 OC NITRO 16 GIGAS - PC MASTERS BOGOTA","og_description":"Sobre este art\u00edculo Reloj de juego: hasta 2110 MHz Reloj de aumento: hasta 2360 MHz Sincronizaci\u00f3n externa de LED RGB Transmisi\u00f3n de v\u00eddeo de hasta 8 K Juego 4K de alto rendimiento","og_url":"https:\/\/pcmastersbogota.com.co\/es_es\/producto\/sapphire-radeon-rx-6800-oc-nitro-16-gigas\/","og_site_name":"PC MASTERS BOGOTA","article_modified_time":"2025-02-28T17:00:02+00:00","og_image":[{"width":600,"height":375,"url":"https:\/\/pcmastersbogota.com.co\/wp-content\/uploads\/2021\/08\/6800-3-600x375-1.jpg","type":"image\/jpeg"}],"twitter_card":"summary_large_image","schema":{"@context":"https:\/\/schema.org","@graph":[{"@type":"WebPage","@id":"https:\/\/pcmastersbogota.com.co\/producto\/sapphire-radeon-rx-6800-oc-nitro-16-gigas\/","url":"https:\/\/pcmastersbogota.com.co\/producto\/sapphire-radeon-rx-6800-oc-nitro-16-gigas\/","name":"SAPPHIRE RADEON RX-6800 OC NITRO 16 GIGAS - PC MASTERS BOGOTA","isPartOf":{"@id":"https:\/\/pcmastersbogota.com.co\/es_es\/#website"},"primaryImageOfPage":{"@id":"https:\/\/pcmastersbogota.com.co\/producto\/sapphire-radeon-rx-6800-oc-nitro-16-gigas\/#primaryimage"},"image":{"@id":"https:\/\/pcmastersbogota.com.co\/producto\/sapphire-radeon-rx-6800-oc-nitro-16-gigas\/#primaryimage"},"thumbnailUrl":"https:\/\/pcmastersbogota.com.co\/wp-content\/uploads\/2021\/08\/6800-3-600x375-1.jpg","datePublished":"2021-08-09T19:59:56+00:00","dateModified":"2025-02-28T17:00:02+00:00","breadcrumb":{"@id":"https:\/\/pcmastersbogota.com.co\/producto\/sapphire-radeon-rx-6800-oc-nitro-16-gigas\/#breadcrumb"},"inLanguage":"es","potentialAction":[{"@type":"ReadAction","target":["https:\/\/pcmastersbogota.com.co\/producto\/sapphire-radeon-rx-6800-oc-nitro-16-gigas\/"]}]},{"@type":"ImageObject","inLanguage":"es","@id":"https:\/\/pcmastersbogota.com.co\/producto\/sapphire-radeon-rx-6800-oc-nitro-16-gigas\/#primaryimage","url":"https:\/\/pcmastersbogota.com.co\/wp-content\/uploads\/2021\/08\/6800-3-600x375-1.jpg","contentUrl":"https:\/\/pcmastersbogota.com.co\/wp-content\/uploads\/2021\/08\/6800-3-600x375-1.jpg","width":600,"height":375},{"@type":"BreadcrumbList","@id":"https:\/\/pcmastersbogota.com.co\/producto\/sapphire-radeon-rx-6800-oc-nitro-16-gigas\/#breadcrumb","itemListElement":[{"@type":"ListItem","position":1,"name":"Home","item":"https:\/\/pcmastersbogota.com.co\/"},{"@type":"ListItem","position":2,"name":"Tienda","item":"https:\/\/pcmastersbogota.com.co\/es_es\/tienda\/"},{"@type":"ListItem","position":3,"name":"SAPPHIRE RADEON RX-6800 OC NITRO 16 GIGAS"}]},{"@type":"WebSite","@id":"https:\/\/pcmastersbogota.com.co\/es_es\/#website","url":"https:\/\/pcmastersbogota.com.co\/es_es\/","name":"PC MASTERS BOGOTA","description":"","potentialAction":[{"@type":"SearchAction","target":{"@type":"EntryPoint","urlTemplate":"https:\/\/pcmastersbogota.com.co\/es_es\/?s={search_term_string}"},"query-input":{"@type":"PropertyValueSpecification","valueRequired":true,"valueName":"search_term_string"}}],"inLanguage":"es"}]}},"brands":[{"id":283,"name":"SAPPHIRE","slug":"sapphire"}],"_links":{"self":[{"href":"https:\/\/pcmastersbogota.com.co\/es_es\/wp-json\/wp\/v2\/product\/13865","targetHints":{"allow":["GET"]}}],"collection":[{"href":"https:\/\/pcmastersbogota.com.co\/es_es\/wp-json\/wp\/v2\/product"}],"about":[{"href":"https:\/\/pcmastersbogota.com.co\/es_es\/wp-json\/wp\/v2\/types\/product"}],"replies":[{"embeddable":true,"href":"https:\/\/pcmastersbogota.com.co\/es_es\/wp-json\/wp\/v2\/comments?post=13865"}],"version-history":[{"count":4,"href":"https:\/\/pcmastersbogota.com.co\/es_es\/wp-json\/wp\/v2\/product\/13865\/revisions"}],"predecessor-version":[{"id":17925,"href":"https:\/\/pcmastersbogota.com.co\/es_es\/wp-json\/wp\/v2\/product\/13865\/revisions\/17925"}],"wp:featuredmedia":[{"embeddable":true,"href":"https:\/\/pcmastersbogota.com.co\/es_es\/wp-json\/wp\/v2\/media\/16407"}],"wp:attachment":[{"href":"https:\/\/pcmastersbogota.com.co\/es_es\/wp-json\/wp\/v2\/media?parent=13865"}],"wp:term":[{"taxonomy":"pwb-brand","embeddable":true,"href":"https:\/\/pcmastersbogota.com.co\/es_es\/wp-json\/wp\/v2\/pwb-brand?post=13865"},{"taxonomy":"product_brand","embeddable":true,"href":"https:\/\/pcmastersbogota.com.co\/es_es\/wp-json\/wp\/v2\/product_brand?post=13865"},{"taxonomy":"product_cat","embeddable":true,"href":"https:\/\/pcmastersbogota.com.co\/es_es\/wp-json\/wp\/v2\/product_cat?post=13865"},{"taxonomy":"product_tag","embeddable":true,"href":"https:\/\/pcmastersbogota.com.co\/es_es\/wp-json\/wp\/v2\/product_tag?post=13865"}],"curies":[{"name":"wp","href":"https:\/\/api.w.org\/{rel}","templated":true}]}}