{"id":14023,"date":"2021-08-09T15:56:47","date_gmt":"2021-08-09T20:56:47","guid":{"rendered":"https:\/\/pcmastersbogota.com.co\/?post_type=product&#038;p=14023"},"modified":"2022-02-08T14:53:56","modified_gmt":"2022-02-08T19:53:56","slug":"corsair-hs50-pro-stereo-carbon","status":"publish","type":"product","link":"https:\/\/pcmastersbogota.com.co\/es_es\/producto\/corsair-hs50-pro-stereo-carbon\/","title":{"rendered":"CORSAIR HS50 PRO STEREO CARBON"},"content":{"rendered":"<p>https:\/\/www.corsair.com\/lm\/es\/Categor%C3%ADas\/Productos\/Auriculares-para-juegos\/Auriculares-est%C3%A9reo\/HS50-PRO-STEREO-Gaming-Headset\/p\/CA-9011215-NA<\/p>\n<p>Caracter\u00edsticas del producto<\/p>\n<p>Es inal\u00e1mbrico: S\u00ed<\/p>\n<p>Con micr\u00f3fono: S\u00ed<\/p>\n<p>Con cancelaci\u00f3n de ruido: S\u00ed<br \/>\nCaracter\u00edsticas generales<br \/>\nMarca<br \/>\nCorsair<br \/>\nL\u00ednea<br \/>\nHS<br \/>\nModelo<br \/>\nHS50 PRO<br \/>\nModelo alfanum\u00e9rico<br \/>\nCA-901121<br \/>\nMicr\u00f3fono<br \/>\nCon micr\u00f3fono<br \/>\nS\u00ed<br \/>\nCon micr\u00f3fono desmontable<br \/>\nS\u00ed<br \/>\nSonido<br \/>\nUnidad de diafragma<br \/>\n50 mm<br \/>\nImpedancia<br \/>\n32 O<br \/>\nRespuesta en frecuencia<br \/>\n20 Hz x 20 Hz<br \/>\nSensibilidad<br \/>\n111 dB<br \/>\nCon cancelaci\u00f3n de ruido<br \/>\nS\u00ed<br \/>\nEspecificaciones<br \/>\nFormato del aud\u00edfono<br \/>\nHeadset<br \/>\nEs gamer<br \/>\nS\u00ed<br \/>\nConectividad<br \/>\nEs inal\u00e1mbrico<br \/>\nS\u00ed<br \/>\nTipo de conector<br \/>\nJack 3.5 mm<br \/>\nOtros<br \/>\nLargo del cable<br \/>\n1.8 m<br \/>\nConsolas de juegos compatibles<br \/>\nPS4,PC,Xbox One,Nintendo Switch<br \/>\nAccesorios incluidos<br \/>\nAdaptador<\/p>\n","protected":false},"excerpt":{"rendered":"<p>Los auriculares para juegos CORSAIR HS50 PRO STEREO son c\u00f3modos y de calidad, con almohadillas de espuma con memoria, transductores de audio de neodimio de 50 mm de ajuste personalizado y un micr\u00f3fono unidireccional extra\u00edble con cancelaci\u00f3n de ruido.<\/p>\n","protected":false},"featured_media":16205,"comment_status":"open","ping_status":"closed","template":"","meta":[],"pwb-brand":[100],"product_brand":[],"product_cat":[74],"product_tag":[284],"class_list":{"0":"post-14023","1":"product","2":"type-product","3":"status-publish","4":"has-post-thumbnail","6":"pwb-brand-corsair","7":"product_cat-diadema","8":"product_tag-accesorios","10":"first","11":"outofstock","12":"taxable","13":"shipping-taxable","14":"purchasable","15":"product-type-simple"},"yoast_head":"<!-- This site is optimized with the Yoast SEO plugin v26.7 - https:\/\/yoast.com\/wordpress\/plugins\/seo\/ -->\n<title>CORSAIR HS50 PRO STEREO CARBON - PC MASTERS BOGOTA<\/title>\n<meta name=\"robots\" content=\"index, follow, max-snippet:-1, max-image-preview:large, max-video-preview:-1\" \/>\n<link rel=\"canonical\" href=\"https:\/\/pcmastersbogota.com.co\/es_es\/en\/product\/corsair-hs50-pro-stereo-carbon\/\" \/>\n<meta property=\"og:locale\" content=\"es_ES\" \/>\n<meta property=\"og:type\" content=\"article\" \/>\n<meta property=\"og:title\" content=\"CORSAIR HS50 PRO STEREO CARBON - PC MASTERS BOGOTA\" \/>\n<meta property=\"og:description\" content=\"Los auriculares para juegos CORSAIR HS50 PRO STEREO son c\u00f3modos y de calidad, con almohadillas de espuma con memoria, transductores de audio de neodimio de 50 mm de ajuste personalizado y un micr\u00f3fono unidireccional extra\u00edble con cancelaci\u00f3n de ruido.\" \/>\n<meta property=\"og:url\" content=\"https:\/\/pcmastersbogota.com.co\/es_es\/en\/product\/corsair-hs50-pro-stereo-carbon\/\" \/>\n<meta property=\"og:site_name\" content=\"PC MASTERS BOGOTA\" \/>\n<meta property=\"article:modified_time\" content=\"2022-02-08T19:53:56+00:00\" \/>\n<meta property=\"og:image\" content=\"https:\/\/pcmastersbogota.com.co\/wp-content\/uploads\/2021\/08\/31071.png\" \/>\n\t<meta property=\"og:image:width\" content=\"1000\" \/>\n\t<meta property=\"og:image:height\" content=\"1000\" \/>\n\t<meta property=\"og:image:type\" content=\"image\/png\" \/>\n<meta name=\"twitter:card\" content=\"summary_large_image\" \/>\n<meta name=\"twitter:label1\" content=\"Tiempo de lectura\" \/>\n\t<meta name=\"twitter:data1\" content=\"1 minuto\" \/>\n<script type=\"application\/ld+json\" class=\"yoast-schema-graph\">{\"@context\":\"https:\/\/schema.org\",\"@graph\":[{\"@type\":\"WebPage\",\"@id\":\"https:\/\/pcmastersbogota.com.co\/en\/product\/corsair-hs50-pro-stereo-carbon\/\",\"url\":\"https:\/\/pcmastersbogota.com.co\/en\/product\/corsair-hs50-pro-stereo-carbon\/\",\"name\":\"CORSAIR HS50 PRO STEREO CARBON - PC MASTERS BOGOTA\",\"isPartOf\":{\"@id\":\"https:\/\/pcmastersbogota.com.co\/es_es\/#website\"},\"primaryImageOfPage\":{\"@id\":\"https:\/\/pcmastersbogota.com.co\/en\/product\/corsair-hs50-pro-stereo-carbon\/#primaryimage\"},\"image\":{\"@id\":\"https:\/\/pcmastersbogota.com.co\/en\/product\/corsair-hs50-pro-stereo-carbon\/#primaryimage\"},\"thumbnailUrl\":\"https:\/\/pcmastersbogota.com.co\/wp-content\/uploads\/2021\/08\/31071.png\",\"datePublished\":\"2021-08-09T20:56:47+00:00\",\"dateModified\":\"2022-02-08T19:53:56+00:00\",\"breadcrumb\":{\"@id\":\"https:\/\/pcmastersbogota.com.co\/en\/product\/corsair-hs50-pro-stereo-carbon\/#breadcrumb\"},\"inLanguage\":\"es\",\"potentialAction\":[{\"@type\":\"ReadAction\",\"target\":[\"https:\/\/pcmastersbogota.com.co\/en\/product\/corsair-hs50-pro-stereo-carbon\/\"]}]},{\"@type\":\"ImageObject\",\"inLanguage\":\"es\",\"@id\":\"https:\/\/pcmastersbogota.com.co\/en\/product\/corsair-hs50-pro-stereo-carbon\/#primaryimage\",\"url\":\"https:\/\/pcmastersbogota.com.co\/wp-content\/uploads\/2021\/08\/31071.png\",\"contentUrl\":\"https:\/\/pcmastersbogota.com.co\/wp-content\/uploads\/2021\/08\/31071.png\",\"width\":1000,\"height\":1000},{\"@type\":\"BreadcrumbList\",\"@id\":\"https:\/\/pcmastersbogota.com.co\/en\/product\/corsair-hs50-pro-stereo-carbon\/#breadcrumb\",\"itemListElement\":[{\"@type\":\"ListItem\",\"position\":1,\"name\":\"Home\",\"item\":\"https:\/\/pcmastersbogota.com.co\/\"},{\"@type\":\"ListItem\",\"position\":2,\"name\":\"Tienda\",\"item\":\"https:\/\/pcmastersbogota.com.co\/es_es\/tienda\/\"},{\"@type\":\"ListItem\",\"position\":3,\"name\":\"CORSAIR HS50 PRO STEREO CARBON\"}]},{\"@type\":\"WebSite\",\"@id\":\"https:\/\/pcmastersbogota.com.co\/es_es\/#website\",\"url\":\"https:\/\/pcmastersbogota.com.co\/es_es\/\",\"name\":\"PC MASTERS BOGOTA\",\"description\":\"\",\"potentialAction\":[{\"@type\":\"SearchAction\",\"target\":{\"@type\":\"EntryPoint\",\"urlTemplate\":\"https:\/\/pcmastersbogota.com.co\/es_es\/?s={search_term_string}\"},\"query-input\":{\"@type\":\"PropertyValueSpecification\",\"valueRequired\":true,\"valueName\":\"search_term_string\"}}],\"inLanguage\":\"es\"}]}<\/script>\n<!-- \/ Yoast SEO plugin. -->","yoast_head_json":{"title":"CORSAIR HS50 PRO STEREO CARBON - PC MASTERS BOGOTA","robots":{"index":"index","follow":"follow","max-snippet":"max-snippet:-1","max-image-preview":"max-image-preview:large","max-video-preview":"max-video-preview:-1"},"canonical":"https:\/\/pcmastersbogota.com.co\/es_es\/en\/product\/corsair-hs50-pro-stereo-carbon\/","og_locale":"es_ES","og_type":"article","og_title":"CORSAIR HS50 PRO STEREO CARBON - PC MASTERS BOGOTA","og_description":"Los auriculares para juegos CORSAIR HS50 PRO STEREO son c\u00f3modos y de calidad, con almohadillas de espuma con memoria, transductores de audio de neodimio de 50 mm de ajuste personalizado y un micr\u00f3fono unidireccional extra\u00edble con cancelaci\u00f3n de ruido.","og_url":"https:\/\/pcmastersbogota.com.co\/es_es\/en\/product\/corsair-hs50-pro-stereo-carbon\/","og_site_name":"PC MASTERS BOGOTA","article_modified_time":"2022-02-08T19:53:56+00:00","og_image":[{"width":1000,"height":1000,"url":"https:\/\/pcmastersbogota.com.co\/wp-content\/uploads\/2021\/08\/31071.png","type":"image\/png"}],"twitter_card":"summary_large_image","twitter_misc":{"Tiempo de lectura":"1 minuto"},"schema":{"@context":"https:\/\/schema.org","@graph":[{"@type":"WebPage","@id":"https:\/\/pcmastersbogota.com.co\/en\/product\/corsair-hs50-pro-stereo-carbon\/","url":"https:\/\/pcmastersbogota.com.co\/en\/product\/corsair-hs50-pro-stereo-carbon\/","name":"CORSAIR HS50 PRO STEREO CARBON - PC MASTERS BOGOTA","isPartOf":{"@id":"https:\/\/pcmastersbogota.com.co\/es_es\/#website"},"primaryImageOfPage":{"@id":"https:\/\/pcmastersbogota.com.co\/en\/product\/corsair-hs50-pro-stereo-carbon\/#primaryimage"},"image":{"@id":"https:\/\/pcmastersbogota.com.co\/en\/product\/corsair-hs50-pro-stereo-carbon\/#primaryimage"},"thumbnailUrl":"https:\/\/pcmastersbogota.com.co\/wp-content\/uploads\/2021\/08\/31071.png","datePublished":"2021-08-09T20:56:47+00:00","dateModified":"2022-02-08T19:53:56+00:00","breadcrumb":{"@id":"https:\/\/pcmastersbogota.com.co\/en\/product\/corsair-hs50-pro-stereo-carbon\/#breadcrumb"},"inLanguage":"es","potentialAction":[{"@type":"ReadAction","target":["https:\/\/pcmastersbogota.com.co\/en\/product\/corsair-hs50-pro-stereo-carbon\/"]}]},{"@type":"ImageObject","inLanguage":"es","@id":"https:\/\/pcmastersbogota.com.co\/en\/product\/corsair-hs50-pro-stereo-carbon\/#primaryimage","url":"https:\/\/pcmastersbogota.com.co\/wp-content\/uploads\/2021\/08\/31071.png","contentUrl":"https:\/\/pcmastersbogota.com.co\/wp-content\/uploads\/2021\/08\/31071.png","width":1000,"height":1000},{"@type":"BreadcrumbList","@id":"https:\/\/pcmastersbogota.com.co\/en\/product\/corsair-hs50-pro-stereo-carbon\/#breadcrumb","itemListElement":[{"@type":"ListItem","position":1,"name":"Home","item":"https:\/\/pcmastersbogota.com.co\/"},{"@type":"ListItem","position":2,"name":"Tienda","item":"https:\/\/pcmastersbogota.com.co\/es_es\/tienda\/"},{"@type":"ListItem","position":3,"name":"CORSAIR HS50 PRO STEREO CARBON"}]},{"@type":"WebSite","@id":"https:\/\/pcmastersbogota.com.co\/es_es\/#website","url":"https:\/\/pcmastersbogota.com.co\/es_es\/","name":"PC MASTERS BOGOTA","description":"","potentialAction":[{"@type":"SearchAction","target":{"@type":"EntryPoint","urlTemplate":"https:\/\/pcmastersbogota.com.co\/es_es\/?s={search_term_string}"},"query-input":{"@type":"PropertyValueSpecification","valueRequired":true,"valueName":"search_term_string"}}],"inLanguage":"es"}]}},"brands":[{"id":100,"name":"CORSAIR","slug":"corsair"}],"_links":{"self":[{"href":"https:\/\/pcmastersbogota.com.co\/es_es\/wp-json\/wp\/v2\/product\/14023","targetHints":{"allow":["GET"]}}],"collection":[{"href":"https:\/\/pcmastersbogota.com.co\/es_es\/wp-json\/wp\/v2\/product"}],"about":[{"href":"https:\/\/pcmastersbogota.com.co\/es_es\/wp-json\/wp\/v2\/types\/product"}],"replies":[{"embeddable":true,"href":"https:\/\/pcmastersbogota.com.co\/es_es\/wp-json\/wp\/v2\/comments?post=14023"}],"version-history":[{"count":4,"href":"https:\/\/pcmastersbogota.com.co\/es_es\/wp-json\/wp\/v2\/product\/14023\/revisions"}],"predecessor-version":[{"id":17907,"href":"https:\/\/pcmastersbogota.com.co\/es_es\/wp-json\/wp\/v2\/product\/14023\/revisions\/17907"}],"wp:featuredmedia":[{"embeddable":true,"href":"https:\/\/pcmastersbogota.com.co\/es_es\/wp-json\/wp\/v2\/media\/16205"}],"wp:attachment":[{"href":"https:\/\/pcmastersbogota.com.co\/es_es\/wp-json\/wp\/v2\/media?parent=14023"}],"wp:term":[{"taxonomy":"pwb-brand","embeddable":true,"href":"https:\/\/pcmastersbogota.com.co\/es_es\/wp-json\/wp\/v2\/pwb-brand?post=14023"},{"taxonomy":"product_brand","embeddable":true,"href":"https:\/\/pcmastersbogota.com.co\/es_es\/wp-json\/wp\/v2\/product_brand?post=14023"},{"taxonomy":"product_cat","embeddable":true,"href":"https:\/\/pcmastersbogota.com.co\/es_es\/wp-json\/wp\/v2\/product_cat?post=14023"},{"taxonomy":"product_tag","embeddable":true,"href":"https:\/\/pcmastersbogota.com.co\/es_es\/wp-json\/wp\/v2\/product_tag?post=14023"}],"curies":[{"name":"wp","href":"https:\/\/api.w.org\/{rel}","templated":true}]}}