{"id":14025,"date":"2021-08-09T15:56:48","date_gmt":"2021-08-09T20:56:48","guid":{"rendered":"https:\/\/pcmastersbogota.com.co\/?post_type=product&#038;p=14025"},"modified":"2023-03-30T12:40:00","modified_gmt":"2023-03-30T17:40:00","slug":"corsair-hs60-pro-surround-yellow","status":"publish","type":"product","link":"https:\/\/pcmastersbogota.com.co\/es_es\/producto\/corsair-hs60-pro-surround-yellow\/","title":{"rendered":"CORSAIR HS60 PRO SURROUND YELLOW"},"content":{"rendered":"<p><a href=\"https:\/\/www.corsair.com\/lm\/es\/Categor%C3%ADas\/Productos\/Auriculares-para-juegos\/Auriculares-est%C3%A9reo\/HS60-PRO-SURROUND-Gaming-Headset\/p\/CA-9011214-NA\" target=\"_blank\" rel=\"noopener\">https:\/\/www.corsair.com\/lm\/es\/Categor%C3%ADas\/Productos\/Auriculares-para-juegos\/Auriculares-est%C3%A9reo\/HS60-PRO-SURROUND-Gaming-Headset\/p\/CA-9011214-NA<\/a><\/p>\n<p>Almohadillas ajustables equipadas con espuma viscoel\u00e1stica de felpa que proporcionan una comodidad excepcional para horas de juego<br \/>\nControladores de audio de neodimio de 1.969 in de alta calidad personalizados que ofrecen una excelente calidad de sonido con la gama para escuchar todo lo que necesitas en el campo de batalla<br \/>\nSum\u00e9rgete en un sonido envolvente 7.1 en el PC creando una experiencia de audio multicanal que te pone en el medio de tu juego<br \/>\nUn micr\u00f3fono unidireccional con cancelaci\u00f3n de ruido totalmente desmontable reduce el ruido ambiental para una excelente claridad de voz<br \/>\nCompatible con m\u00faltiples plataformas: PC, PS5, PS4, Xbox Series X, Xbox Series, Xbox One, Nintendo Switch y dispositivos m\u00f3viles a trav\u00e9s de un conector chapado en oro de 0.138 in<br \/>\nLa construcci\u00f3n ligera y duradera del HS60 Pro, con yugos de aluminio y un cable de audio trenzado, le dan a\u00f1os de longevidad<br \/>\nLos controles de volumen y silencio permiten ajustes sobre la marcha sin distraerte de tu juego<br \/>\nEl software CORSAIR iCUE permite ajustes de ecualizador de audio personalizados, sonido envolvente 7.1, control lateral y m\u00e1s<\/p>\n","protected":false},"excerpt":{"rendered":"<p>Los auriculares para juegos CORSAIR HS60 PRO ofrecen comodidad y calidad con almohadillas de espuma viscoel\u00e1stica, controladores de audio de neodimio de 50 mm ajustados a medida y un micr\u00f3fono unidireccional desmontable con cancelaci\u00f3n de ruido.<\/p>\n","protected":false},"featured_media":16155,"comment_status":"open","ping_status":"closed","template":"","meta":[],"pwb-brand":[100],"product_brand":[],"product_cat":[74],"product_tag":[284],"class_list":{"0":"post-14025","1":"product","2":"type-product","3":"status-publish","4":"has-post-thumbnail","6":"pwb-brand-corsair","7":"product_cat-diadema","8":"product_tag-accesorios","10":"first","11":"instock","12":"taxable","13":"shipping-taxable","14":"purchasable","15":"product-type-simple"},"yoast_head":"<!-- This site is optimized with the Yoast SEO plugin v26.7 - https:\/\/yoast.com\/wordpress\/plugins\/seo\/ -->\n<title>CORSAIR HS60 PRO SURROUND YELLOW - PC MASTERS BOGOTA<\/title>\n<meta name=\"robots\" content=\"index, follow, max-snippet:-1, max-image-preview:large, max-video-preview:-1\" \/>\n<link rel=\"canonical\" href=\"https:\/\/pcmastersbogota.com.co\/es_es\/producto\/corsair-hs60-pro-surround-yellow\/\" \/>\n<meta property=\"og:locale\" content=\"es_ES\" \/>\n<meta property=\"og:type\" content=\"article\" \/>\n<meta property=\"og:title\" content=\"CORSAIR HS60 PRO SURROUND YELLOW - PC MASTERS BOGOTA\" \/>\n<meta property=\"og:description\" content=\"Los auriculares para juegos CORSAIR HS60 PRO ofrecen comodidad y calidad con almohadillas de espuma viscoel\u00e1stica, controladores de audio de neodimio de 50 mm ajustados a medida y un micr\u00f3fono unidireccional desmontable con cancelaci\u00f3n de ruido.\" \/>\n<meta property=\"og:url\" content=\"https:\/\/pcmastersbogota.com.co\/es_es\/producto\/corsair-hs60-pro-surround-yellow\/\" \/>\n<meta property=\"og:site_name\" content=\"PC MASTERS BOGOTA\" \/>\n<meta property=\"article:modified_time\" content=\"2023-03-30T17:40:00+00:00\" \/>\n<meta property=\"og:image\" content=\"https:\/\/pcmastersbogota.com.co\/wp-content\/uploads\/2021\/08\/31091.5.png\" \/>\n\t<meta property=\"og:image:width\" content=\"1000\" \/>\n\t<meta property=\"og:image:height\" content=\"1000\" \/>\n\t<meta property=\"og:image:type\" content=\"image\/png\" \/>\n<meta name=\"twitter:card\" content=\"summary_large_image\" \/>\n<meta name=\"twitter:label1\" content=\"Tiempo de lectura\" \/>\n\t<meta name=\"twitter:data1\" content=\"1 minuto\" \/>\n<script type=\"application\/ld+json\" class=\"yoast-schema-graph\">{\"@context\":\"https:\/\/schema.org\",\"@graph\":[{\"@type\":\"WebPage\",\"@id\":\"https:\/\/pcmastersbogota.com.co\/producto\/corsair-hs60-pro-surround-yellow\/\",\"url\":\"https:\/\/pcmastersbogota.com.co\/producto\/corsair-hs60-pro-surround-yellow\/\",\"name\":\"CORSAIR HS60 PRO SURROUND YELLOW - PC MASTERS BOGOTA\",\"isPartOf\":{\"@id\":\"https:\/\/pcmastersbogota.com.co\/es_es\/#website\"},\"primaryImageOfPage\":{\"@id\":\"https:\/\/pcmastersbogota.com.co\/producto\/corsair-hs60-pro-surround-yellow\/#primaryimage\"},\"image\":{\"@id\":\"https:\/\/pcmastersbogota.com.co\/producto\/corsair-hs60-pro-surround-yellow\/#primaryimage\"},\"thumbnailUrl\":\"https:\/\/pcmastersbogota.com.co\/wp-content\/uploads\/2021\/08\/31091.5.png\",\"datePublished\":\"2021-08-09T20:56:48+00:00\",\"dateModified\":\"2023-03-30T17:40:00+00:00\",\"breadcrumb\":{\"@id\":\"https:\/\/pcmastersbogota.com.co\/producto\/corsair-hs60-pro-surround-yellow\/#breadcrumb\"},\"inLanguage\":\"es\",\"potentialAction\":[{\"@type\":\"ReadAction\",\"target\":[\"https:\/\/pcmastersbogota.com.co\/producto\/corsair-hs60-pro-surround-yellow\/\"]}]},{\"@type\":\"ImageObject\",\"inLanguage\":\"es\",\"@id\":\"https:\/\/pcmastersbogota.com.co\/producto\/corsair-hs60-pro-surround-yellow\/#primaryimage\",\"url\":\"https:\/\/pcmastersbogota.com.co\/wp-content\/uploads\/2021\/08\/31091.5.png\",\"contentUrl\":\"https:\/\/pcmastersbogota.com.co\/wp-content\/uploads\/2021\/08\/31091.5.png\",\"width\":1000,\"height\":1000},{\"@type\":\"BreadcrumbList\",\"@id\":\"https:\/\/pcmastersbogota.com.co\/producto\/corsair-hs60-pro-surround-yellow\/#breadcrumb\",\"itemListElement\":[{\"@type\":\"ListItem\",\"position\":1,\"name\":\"Home\",\"item\":\"https:\/\/pcmastersbogota.com.co\/\"},{\"@type\":\"ListItem\",\"position\":2,\"name\":\"Tienda\",\"item\":\"https:\/\/pcmastersbogota.com.co\/es_es\/tienda\/\"},{\"@type\":\"ListItem\",\"position\":3,\"name\":\"CORSAIR HS60 PRO SURROUND YELLOW\"}]},{\"@type\":\"WebSite\",\"@id\":\"https:\/\/pcmastersbogota.com.co\/es_es\/#website\",\"url\":\"https:\/\/pcmastersbogota.com.co\/es_es\/\",\"name\":\"PC MASTERS BOGOTA\",\"description\":\"\",\"potentialAction\":[{\"@type\":\"SearchAction\",\"target\":{\"@type\":\"EntryPoint\",\"urlTemplate\":\"https:\/\/pcmastersbogota.com.co\/es_es\/?s={search_term_string}\"},\"query-input\":{\"@type\":\"PropertyValueSpecification\",\"valueRequired\":true,\"valueName\":\"search_term_string\"}}],\"inLanguage\":\"es\"}]}<\/script>\n<!-- \/ Yoast SEO plugin. -->","yoast_head_json":{"title":"CORSAIR HS60 PRO SURROUND YELLOW - PC MASTERS BOGOTA","robots":{"index":"index","follow":"follow","max-snippet":"max-snippet:-1","max-image-preview":"max-image-preview:large","max-video-preview":"max-video-preview:-1"},"canonical":"https:\/\/pcmastersbogota.com.co\/es_es\/producto\/corsair-hs60-pro-surround-yellow\/","og_locale":"es_ES","og_type":"article","og_title":"CORSAIR HS60 PRO SURROUND YELLOW - PC MASTERS BOGOTA","og_description":"Los auriculares para juegos CORSAIR HS60 PRO ofrecen comodidad y calidad con almohadillas de espuma viscoel\u00e1stica, controladores de audio de neodimio de 50 mm ajustados a medida y un micr\u00f3fono unidireccional desmontable con cancelaci\u00f3n de ruido.","og_url":"https:\/\/pcmastersbogota.com.co\/es_es\/producto\/corsair-hs60-pro-surround-yellow\/","og_site_name":"PC MASTERS BOGOTA","article_modified_time":"2023-03-30T17:40:00+00:00","og_image":[{"width":1000,"height":1000,"url":"https:\/\/pcmastersbogota.com.co\/wp-content\/uploads\/2021\/08\/31091.5.png","type":"image\/png"}],"twitter_card":"summary_large_image","twitter_misc":{"Tiempo de lectura":"1 minuto"},"schema":{"@context":"https:\/\/schema.org","@graph":[{"@type":"WebPage","@id":"https:\/\/pcmastersbogota.com.co\/producto\/corsair-hs60-pro-surround-yellow\/","url":"https:\/\/pcmastersbogota.com.co\/producto\/corsair-hs60-pro-surround-yellow\/","name":"CORSAIR HS60 PRO SURROUND YELLOW - PC MASTERS BOGOTA","isPartOf":{"@id":"https:\/\/pcmastersbogota.com.co\/es_es\/#website"},"primaryImageOfPage":{"@id":"https:\/\/pcmastersbogota.com.co\/producto\/corsair-hs60-pro-surround-yellow\/#primaryimage"},"image":{"@id":"https:\/\/pcmastersbogota.com.co\/producto\/corsair-hs60-pro-surround-yellow\/#primaryimage"},"thumbnailUrl":"https:\/\/pcmastersbogota.com.co\/wp-content\/uploads\/2021\/08\/31091.5.png","datePublished":"2021-08-09T20:56:48+00:00","dateModified":"2023-03-30T17:40:00+00:00","breadcrumb":{"@id":"https:\/\/pcmastersbogota.com.co\/producto\/corsair-hs60-pro-surround-yellow\/#breadcrumb"},"inLanguage":"es","potentialAction":[{"@type":"ReadAction","target":["https:\/\/pcmastersbogota.com.co\/producto\/corsair-hs60-pro-surround-yellow\/"]}]},{"@type":"ImageObject","inLanguage":"es","@id":"https:\/\/pcmastersbogota.com.co\/producto\/corsair-hs60-pro-surround-yellow\/#primaryimage","url":"https:\/\/pcmastersbogota.com.co\/wp-content\/uploads\/2021\/08\/31091.5.png","contentUrl":"https:\/\/pcmastersbogota.com.co\/wp-content\/uploads\/2021\/08\/31091.5.png","width":1000,"height":1000},{"@type":"BreadcrumbList","@id":"https:\/\/pcmastersbogota.com.co\/producto\/corsair-hs60-pro-surround-yellow\/#breadcrumb","itemListElement":[{"@type":"ListItem","position":1,"name":"Home","item":"https:\/\/pcmastersbogota.com.co\/"},{"@type":"ListItem","position":2,"name":"Tienda","item":"https:\/\/pcmastersbogota.com.co\/es_es\/tienda\/"},{"@type":"ListItem","position":3,"name":"CORSAIR HS60 PRO SURROUND YELLOW"}]},{"@type":"WebSite","@id":"https:\/\/pcmastersbogota.com.co\/es_es\/#website","url":"https:\/\/pcmastersbogota.com.co\/es_es\/","name":"PC MASTERS BOGOTA","description":"","potentialAction":[{"@type":"SearchAction","target":{"@type":"EntryPoint","urlTemplate":"https:\/\/pcmastersbogota.com.co\/es_es\/?s={search_term_string}"},"query-input":{"@type":"PropertyValueSpecification","valueRequired":true,"valueName":"search_term_string"}}],"inLanguage":"es"}]}},"brands":[{"id":100,"name":"CORSAIR","slug":"corsair"}],"_links":{"self":[{"href":"https:\/\/pcmastersbogota.com.co\/es_es\/wp-json\/wp\/v2\/product\/14025","targetHints":{"allow":["GET"]}}],"collection":[{"href":"https:\/\/pcmastersbogota.com.co\/es_es\/wp-json\/wp\/v2\/product"}],"about":[{"href":"https:\/\/pcmastersbogota.com.co\/es_es\/wp-json\/wp\/v2\/types\/product"}],"replies":[{"embeddable":true,"href":"https:\/\/pcmastersbogota.com.co\/es_es\/wp-json\/wp\/v2\/comments?post=14025"}],"version-history":[{"count":5,"href":"https:\/\/pcmastersbogota.com.co\/es_es\/wp-json\/wp\/v2\/product\/14025\/revisions"}],"predecessor-version":[{"id":19945,"href":"https:\/\/pcmastersbogota.com.co\/es_es\/wp-json\/wp\/v2\/product\/14025\/revisions\/19945"}],"wp:featuredmedia":[{"embeddable":true,"href":"https:\/\/pcmastersbogota.com.co\/es_es\/wp-json\/wp\/v2\/media\/16155"}],"wp:attachment":[{"href":"https:\/\/pcmastersbogota.com.co\/es_es\/wp-json\/wp\/v2\/media?parent=14025"}],"wp:term":[{"taxonomy":"pwb-brand","embeddable":true,"href":"https:\/\/pcmastersbogota.com.co\/es_es\/wp-json\/wp\/v2\/pwb-brand?post=14025"},{"taxonomy":"product_brand","embeddable":true,"href":"https:\/\/pcmastersbogota.com.co\/es_es\/wp-json\/wp\/v2\/product_brand?post=14025"},{"taxonomy":"product_cat","embeddable":true,"href":"https:\/\/pcmastersbogota.com.co\/es_es\/wp-json\/wp\/v2\/product_cat?post=14025"},{"taxonomy":"product_tag","embeddable":true,"href":"https:\/\/pcmastersbogota.com.co\/es_es\/wp-json\/wp\/v2\/product_tag?post=14025"}],"curies":[{"name":"wp","href":"https:\/\/api.w.org\/{rel}","templated":true}]}}