{"id":14029,"date":"2021-08-09T15:56:48","date_gmt":"2021-08-09T20:56:48","guid":{"rendered":"https:\/\/pcmastersbogota.com.co\/?post_type=product&#038;p=14029"},"modified":"2023-03-30T11:37:58","modified_gmt":"2023-03-30T16:37:58","slug":"corsair-hs70-pro-inalambrica-cream","status":"publish","type":"product","link":"https:\/\/pcmastersbogota.com.co\/es_es\/producto\/corsair-hs70-pro-inalambrica-cream\/","title":{"rendered":"CORSAIR HS70 PRO INALAMBRICA CREAM"},"content":{"rendered":"<p>https:\/\/www.corsair.com\/lm\/es\/Categor%C3%ADas\/Productos\/Auriculares-para-juegos\/Auriculares-inal%C3%A1mbricos\/HS70-PRO-WIRELESS-Gaming-Headset\/p\/CA-9011211-NA<\/p>\n<p>Caracter\u00edsticas de Corsair HS70 Pro Wireless<\/p>\n<p>Es inal\u00e1mbrico: S\u00ed<\/p>\n<p>Con cancelaci\u00f3n de ruido: S\u00ed<\/p>\n<p>Duraci\u00f3n de la bater\u00eda: 16 h<\/p>\n<p>Con micr\u00f3fono: S\u00ed<br \/>\nCaracter\u00edsticas generales<br \/>\nMarca<br \/>\nCorsair<br \/>\nModelo<br \/>\nHS70 Pro Wireless<br \/>\nColor<br \/>\nCarbon<br \/>\nMicr\u00f3fono<br \/>\nCon micr\u00f3fono<br \/>\nS\u00ed<br \/>\nCon micr\u00f3fono desmontable<br \/>\nS\u00ed<br \/>\nSonido<br \/>\nUnidad de diafragma<br \/>\n50 mm<br \/>\nImpedancia<br \/>\n32 \u03a9<br \/>\nRespuesta en frecuencia<br \/>\n20 Hz &#8211; 20 kHz<br \/>\nSensibilidad<br \/>\n111 dB<br \/>\nCon cancelaci\u00f3n de ruido<br \/>\nS\u00ed<br \/>\nEspecificaciones<br \/>\nFormato del aud\u00edfono<br \/>\nHeadset<br \/>\nEs gamer<br \/>\nS\u00ed<br \/>\nConectividad<br \/>\nEs inal\u00e1mbrico<br \/>\nS\u00ed<br \/>\nAlcance inal\u00e1mbrico<br \/>\n12 m<br \/>\nOtros<br \/>\nConsolas de juegos compatibles<br \/>\nPS4<br \/>\nAccesorios incluidos<br \/>\nCable de carga<br \/>\nBater\u00eda<br \/>\nDuraci\u00f3n de la bater\u00eda del aud\u00edfono<br \/>\n16 h<\/p>\n","protected":false},"excerpt":{"rendered":"<p>Los auriculares para juegos CORSAIR HS70 PRO WIRELESS son c\u00f3modos y de calidad, con almohadillas de espuma con memoria, transductores de audio de neodimio de 50 mm de ajuste personalizado y un modo inal\u00e1mbrico de baja latencia de 2,4 GHz.<\/p>\n","protected":false},"featured_media":16177,"comment_status":"open","ping_status":"closed","template":"","meta":[],"pwb-brand":[100],"product_brand":[],"product_cat":[74],"product_tag":[284],"class_list":{"0":"post-14029","1":"product","2":"type-product","3":"status-publish","4":"has-post-thumbnail","6":"pwb-brand-corsair","7":"product_cat-diadema","8":"product_tag-accesorios","10":"first","11":"onbackorder","12":"taxable","13":"shipping-taxable","14":"purchasable","15":"product-type-simple"},"yoast_head":"<!-- This site is optimized with the Yoast SEO plugin v26.7 - https:\/\/yoast.com\/wordpress\/plugins\/seo\/ -->\n<title>CORSAIR HS70 PRO INALAMBRICA CREAM - PC MASTERS BOGOTA<\/title>\n<meta name=\"robots\" content=\"index, follow, max-snippet:-1, max-image-preview:large, max-video-preview:-1\" \/>\n<link rel=\"canonical\" href=\"https:\/\/pcmastersbogota.com.co\/es_es\/producto\/corsair-hs70-pro-inalambrica-cream\/\" \/>\n<meta property=\"og:locale\" content=\"es_ES\" \/>\n<meta property=\"og:type\" content=\"article\" \/>\n<meta property=\"og:title\" content=\"CORSAIR HS70 PRO INALAMBRICA CREAM - PC MASTERS BOGOTA\" \/>\n<meta property=\"og:description\" content=\"Los auriculares para juegos CORSAIR HS70 PRO WIRELESS son c\u00f3modos y de calidad, con almohadillas de espuma con memoria, transductores de audio de neodimio de 50 mm de ajuste personalizado y un modo inal\u00e1mbrico de baja latencia de 2,4 GHz.\" \/>\n<meta property=\"og:url\" content=\"https:\/\/pcmastersbogota.com.co\/es_es\/producto\/corsair-hs70-pro-inalambrica-cream\/\" \/>\n<meta property=\"og:site_name\" content=\"PC MASTERS BOGOTA\" \/>\n<meta property=\"article:modified_time\" content=\"2023-03-30T16:37:58+00:00\" \/>\n<meta property=\"og:image\" content=\"https:\/\/pcmastersbogota.com.co\/wp-content\/uploads\/2021\/08\/31081.png\" \/>\n\t<meta property=\"og:image:width\" content=\"1000\" \/>\n\t<meta property=\"og:image:height\" content=\"1000\" \/>\n\t<meta property=\"og:image:type\" content=\"image\/png\" \/>\n<meta name=\"twitter:card\" content=\"summary_large_image\" \/>\n<meta name=\"twitter:label1\" content=\"Tiempo de lectura\" \/>\n\t<meta name=\"twitter:data1\" content=\"1 minuto\" \/>\n<script type=\"application\/ld+json\" class=\"yoast-schema-graph\">{\"@context\":\"https:\/\/schema.org\",\"@graph\":[{\"@type\":\"WebPage\",\"@id\":\"https:\/\/pcmastersbogota.com.co\/producto\/corsair-hs70-pro-inalambrica-cream\/\",\"url\":\"https:\/\/pcmastersbogota.com.co\/producto\/corsair-hs70-pro-inalambrica-cream\/\",\"name\":\"CORSAIR HS70 PRO INALAMBRICA CREAM - PC MASTERS BOGOTA\",\"isPartOf\":{\"@id\":\"https:\/\/pcmastersbogota.com.co\/es_es\/#website\"},\"primaryImageOfPage\":{\"@id\":\"https:\/\/pcmastersbogota.com.co\/producto\/corsair-hs70-pro-inalambrica-cream\/#primaryimage\"},\"image\":{\"@id\":\"https:\/\/pcmastersbogota.com.co\/producto\/corsair-hs70-pro-inalambrica-cream\/#primaryimage\"},\"thumbnailUrl\":\"https:\/\/pcmastersbogota.com.co\/wp-content\/uploads\/2021\/08\/31081.png\",\"datePublished\":\"2021-08-09T20:56:48+00:00\",\"dateModified\":\"2023-03-30T16:37:58+00:00\",\"breadcrumb\":{\"@id\":\"https:\/\/pcmastersbogota.com.co\/producto\/corsair-hs70-pro-inalambrica-cream\/#breadcrumb\"},\"inLanguage\":\"es\",\"potentialAction\":[{\"@type\":\"ReadAction\",\"target\":[\"https:\/\/pcmastersbogota.com.co\/producto\/corsair-hs70-pro-inalambrica-cream\/\"]}]},{\"@type\":\"ImageObject\",\"inLanguage\":\"es\",\"@id\":\"https:\/\/pcmastersbogota.com.co\/producto\/corsair-hs70-pro-inalambrica-cream\/#primaryimage\",\"url\":\"https:\/\/pcmastersbogota.com.co\/wp-content\/uploads\/2021\/08\/31081.png\",\"contentUrl\":\"https:\/\/pcmastersbogota.com.co\/wp-content\/uploads\/2021\/08\/31081.png\",\"width\":1000,\"height\":1000},{\"@type\":\"BreadcrumbList\",\"@id\":\"https:\/\/pcmastersbogota.com.co\/producto\/corsair-hs70-pro-inalambrica-cream\/#breadcrumb\",\"itemListElement\":[{\"@type\":\"ListItem\",\"position\":1,\"name\":\"Home\",\"item\":\"https:\/\/pcmastersbogota.com.co\/\"},{\"@type\":\"ListItem\",\"position\":2,\"name\":\"Tienda\",\"item\":\"https:\/\/pcmastersbogota.com.co\/es_es\/tienda\/\"},{\"@type\":\"ListItem\",\"position\":3,\"name\":\"CORSAIR HS70 PRO INALAMBRICA CREAM\"}]},{\"@type\":\"WebSite\",\"@id\":\"https:\/\/pcmastersbogota.com.co\/es_es\/#website\",\"url\":\"https:\/\/pcmastersbogota.com.co\/es_es\/\",\"name\":\"PC MASTERS BOGOTA\",\"description\":\"\",\"potentialAction\":[{\"@type\":\"SearchAction\",\"target\":{\"@type\":\"EntryPoint\",\"urlTemplate\":\"https:\/\/pcmastersbogota.com.co\/es_es\/?s={search_term_string}\"},\"query-input\":{\"@type\":\"PropertyValueSpecification\",\"valueRequired\":true,\"valueName\":\"search_term_string\"}}],\"inLanguage\":\"es\"}]}<\/script>\n<!-- \/ Yoast SEO plugin. -->","yoast_head_json":{"title":"CORSAIR HS70 PRO INALAMBRICA CREAM - PC MASTERS BOGOTA","robots":{"index":"index","follow":"follow","max-snippet":"max-snippet:-1","max-image-preview":"max-image-preview:large","max-video-preview":"max-video-preview:-1"},"canonical":"https:\/\/pcmastersbogota.com.co\/es_es\/producto\/corsair-hs70-pro-inalambrica-cream\/","og_locale":"es_ES","og_type":"article","og_title":"CORSAIR HS70 PRO INALAMBRICA CREAM - PC MASTERS BOGOTA","og_description":"Los auriculares para juegos CORSAIR HS70 PRO WIRELESS son c\u00f3modos y de calidad, con almohadillas de espuma con memoria, transductores de audio de neodimio de 50 mm de ajuste personalizado y un modo inal\u00e1mbrico de baja latencia de 2,4 GHz.","og_url":"https:\/\/pcmastersbogota.com.co\/es_es\/producto\/corsair-hs70-pro-inalambrica-cream\/","og_site_name":"PC MASTERS BOGOTA","article_modified_time":"2023-03-30T16:37:58+00:00","og_image":[{"width":1000,"height":1000,"url":"https:\/\/pcmastersbogota.com.co\/wp-content\/uploads\/2021\/08\/31081.png","type":"image\/png"}],"twitter_card":"summary_large_image","twitter_misc":{"Tiempo de lectura":"1 minuto"},"schema":{"@context":"https:\/\/schema.org","@graph":[{"@type":"WebPage","@id":"https:\/\/pcmastersbogota.com.co\/producto\/corsair-hs70-pro-inalambrica-cream\/","url":"https:\/\/pcmastersbogota.com.co\/producto\/corsair-hs70-pro-inalambrica-cream\/","name":"CORSAIR HS70 PRO INALAMBRICA CREAM - PC MASTERS BOGOTA","isPartOf":{"@id":"https:\/\/pcmastersbogota.com.co\/es_es\/#website"},"primaryImageOfPage":{"@id":"https:\/\/pcmastersbogota.com.co\/producto\/corsair-hs70-pro-inalambrica-cream\/#primaryimage"},"image":{"@id":"https:\/\/pcmastersbogota.com.co\/producto\/corsair-hs70-pro-inalambrica-cream\/#primaryimage"},"thumbnailUrl":"https:\/\/pcmastersbogota.com.co\/wp-content\/uploads\/2021\/08\/31081.png","datePublished":"2021-08-09T20:56:48+00:00","dateModified":"2023-03-30T16:37:58+00:00","breadcrumb":{"@id":"https:\/\/pcmastersbogota.com.co\/producto\/corsair-hs70-pro-inalambrica-cream\/#breadcrumb"},"inLanguage":"es","potentialAction":[{"@type":"ReadAction","target":["https:\/\/pcmastersbogota.com.co\/producto\/corsair-hs70-pro-inalambrica-cream\/"]}]},{"@type":"ImageObject","inLanguage":"es","@id":"https:\/\/pcmastersbogota.com.co\/producto\/corsair-hs70-pro-inalambrica-cream\/#primaryimage","url":"https:\/\/pcmastersbogota.com.co\/wp-content\/uploads\/2021\/08\/31081.png","contentUrl":"https:\/\/pcmastersbogota.com.co\/wp-content\/uploads\/2021\/08\/31081.png","width":1000,"height":1000},{"@type":"BreadcrumbList","@id":"https:\/\/pcmastersbogota.com.co\/producto\/corsair-hs70-pro-inalambrica-cream\/#breadcrumb","itemListElement":[{"@type":"ListItem","position":1,"name":"Home","item":"https:\/\/pcmastersbogota.com.co\/"},{"@type":"ListItem","position":2,"name":"Tienda","item":"https:\/\/pcmastersbogota.com.co\/es_es\/tienda\/"},{"@type":"ListItem","position":3,"name":"CORSAIR HS70 PRO INALAMBRICA CREAM"}]},{"@type":"WebSite","@id":"https:\/\/pcmastersbogota.com.co\/es_es\/#website","url":"https:\/\/pcmastersbogota.com.co\/es_es\/","name":"PC MASTERS BOGOTA","description":"","potentialAction":[{"@type":"SearchAction","target":{"@type":"EntryPoint","urlTemplate":"https:\/\/pcmastersbogota.com.co\/es_es\/?s={search_term_string}"},"query-input":{"@type":"PropertyValueSpecification","valueRequired":true,"valueName":"search_term_string"}}],"inLanguage":"es"}]}},"brands":[{"id":100,"name":"CORSAIR","slug":"corsair"}],"_links":{"self":[{"href":"https:\/\/pcmastersbogota.com.co\/es_es\/wp-json\/wp\/v2\/product\/14029","targetHints":{"allow":["GET"]}}],"collection":[{"href":"https:\/\/pcmastersbogota.com.co\/es_es\/wp-json\/wp\/v2\/product"}],"about":[{"href":"https:\/\/pcmastersbogota.com.co\/es_es\/wp-json\/wp\/v2\/types\/product"}],"replies":[{"embeddable":true,"href":"https:\/\/pcmastersbogota.com.co\/es_es\/wp-json\/wp\/v2\/comments?post=14029"}],"version-history":[{"count":3,"href":"https:\/\/pcmastersbogota.com.co\/es_es\/wp-json\/wp\/v2\/product\/14029\/revisions"}],"predecessor-version":[{"id":17902,"href":"https:\/\/pcmastersbogota.com.co\/es_es\/wp-json\/wp\/v2\/product\/14029\/revisions\/17902"}],"wp:featuredmedia":[{"embeddable":true,"href":"https:\/\/pcmastersbogota.com.co\/es_es\/wp-json\/wp\/v2\/media\/16177"}],"wp:attachment":[{"href":"https:\/\/pcmastersbogota.com.co\/es_es\/wp-json\/wp\/v2\/media?parent=14029"}],"wp:term":[{"taxonomy":"pwb-brand","embeddable":true,"href":"https:\/\/pcmastersbogota.com.co\/es_es\/wp-json\/wp\/v2\/pwb-brand?post=14029"},{"taxonomy":"product_brand","embeddable":true,"href":"https:\/\/pcmastersbogota.com.co\/es_es\/wp-json\/wp\/v2\/product_brand?post=14029"},{"taxonomy":"product_cat","embeddable":true,"href":"https:\/\/pcmastersbogota.com.co\/es_es\/wp-json\/wp\/v2\/product_cat?post=14029"},{"taxonomy":"product_tag","embeddable":true,"href":"https:\/\/pcmastersbogota.com.co\/es_es\/wp-json\/wp\/v2\/product_tag?post=14029"}],"curies":[{"name":"wp","href":"https:\/\/api.w.org\/{rel}","templated":true}]}}