{"id":14031,"date":"2021-08-09T15:56:49","date_gmt":"2021-08-09T20:56:49","guid":{"rendered":"https:\/\/pcmastersbogota.com.co\/?post_type=product&#038;p=14031"},"modified":"2022-11-15T16:06:08","modified_gmt":"2022-11-15T21:06:08","slug":"corsair-void-elite-rgb-inalambrica-blanca","status":"publish","type":"product","link":"https:\/\/pcmastersbogota.com.co\/es_es\/producto\/corsair-void-elite-rgb-inalambrica-blanca\/","title":{"rendered":"CORSAIR VOID ELITE RGB INALAMBRICA BLANCA"},"content":{"rendered":"<p>https:\/\/www.corsair.com\/lm\/es\/void-elite-gaming-headset<\/p>\n<p>Caracter\u00edsticas del producto<\/p>\n<p>Es inal\u00e1mbrico: S\u00ed<\/p>\n<p>Con luz LED: S\u00ed<\/p>\n<p>Con micr\u00f3fono: S\u00ed<br \/>\nCaracter\u00edsticas generales<br \/>\nMarca<br \/>\nCorsair<br \/>\nL\u00ednea<br \/>\nvoid<br \/>\nModelo<br \/>\nVoid Elite Wireless<br \/>\nConectividad<br \/>\nEs inal\u00e1mbrico<br \/>\nS\u00ed<br \/>\nCon Bluetooth<br \/>\nS\u00ed<br \/>\nAlcance inal\u00e1mbrico<br \/>\n12 m<br \/>\nTipo de conector<br \/>\nInal\u00e1mbrico<br \/>\nSonido<br \/>\nUnidad de diafragma<br \/>\n50 mm<br \/>\nSensibilidad<br \/>\n116 dB<br \/>\nEspecificaciones<br \/>\nFormato del aud\u00edfono<br \/>\nHeadset<br \/>\nEs monoaural<br \/>\nS\u00ed<br \/>\nEs gamer<br \/>\nS\u00ed<br \/>\nCon luz LED<br \/>\nS\u00ed<br \/>\nMicr\u00f3fono<br \/>\nCon micr\u00f3fono<br \/>\nS\u00ed<br \/>\nOrientaci\u00f3n del micr\u00f3fono<br \/>\nDerecha,Izquierda<br \/>\nOtros<br \/>\nLargo del cable<br \/>\n1.5 m<br \/>\nBater\u00eda<br \/>\nCon carga inal\u00e1mbrica<br \/>\nS\u00ed<\/p>\n","protected":false},"excerpt":{"rendered":"<p>Sum\u00e9rjase en la acci\u00f3n con CORSAIR VOID RGB ELITE Wireless, que cuenta con controladores de audio de neodimio de 50 mm personalizados, una c\u00f3moda tela de malla de microfibra con almohadillas de espuma viscoel\u00e1stica y una conexi\u00f3n inal\u00e1mbrica de 2,4 GHz.<\/p>\n","protected":false},"featured_media":16120,"comment_status":"open","ping_status":"closed","template":"","meta":[],"pwb-brand":[100],"product_brand":[],"product_cat":[74],"product_tag":[284],"class_list":{"0":"post-14031","1":"product","2":"type-product","3":"status-publish","4":"has-post-thumbnail","6":"pwb-brand-corsair","7":"product_cat-diadema","8":"product_tag-accesorios","10":"first","11":"onbackorder","12":"taxable","13":"shipping-taxable","14":"purchasable","15":"product-type-simple"},"yoast_head":"<!-- This site is optimized with the Yoast SEO plugin v26.7 - https:\/\/yoast.com\/wordpress\/plugins\/seo\/ -->\n<title>CORSAIR VOID ELITE RGB INALAMBRICA BLANCA - PC MASTERS BOGOTA<\/title>\n<meta name=\"robots\" content=\"index, follow, max-snippet:-1, max-image-preview:large, max-video-preview:-1\" \/>\n<link rel=\"canonical\" href=\"https:\/\/pcmastersbogota.com.co\/es_es\/producto\/corsair-void-elite-rgb-inalambrica-blanca\/\" \/>\n<meta property=\"og:locale\" content=\"es_ES\" \/>\n<meta property=\"og:type\" content=\"article\" \/>\n<meta property=\"og:title\" content=\"CORSAIR VOID ELITE RGB INALAMBRICA BLANCA - PC MASTERS BOGOTA\" \/>\n<meta property=\"og:description\" content=\"Sum\u00e9rjase en la acci\u00f3n con CORSAIR VOID RGB ELITE Wireless, que cuenta con controladores de audio de neodimio de 50 mm personalizados, una c\u00f3moda tela de malla de microfibra con almohadillas de espuma viscoel\u00e1stica y una conexi\u00f3n inal\u00e1mbrica de 2,4 GHz.\" \/>\n<meta property=\"og:url\" content=\"https:\/\/pcmastersbogota.com.co\/es_es\/producto\/corsair-void-elite-rgb-inalambrica-blanca\/\" \/>\n<meta property=\"og:site_name\" content=\"PC MASTERS BOGOTA\" \/>\n<meta property=\"article:modified_time\" content=\"2022-11-15T21:06:08+00:00\" \/>\n<meta property=\"og:image\" content=\"https:\/\/pcmastersbogota.com.co\/wp-content\/uploads\/2021\/08\/31087.png\" \/>\n\t<meta property=\"og:image:width\" content=\"1000\" \/>\n\t<meta property=\"og:image:height\" content=\"1000\" \/>\n\t<meta property=\"og:image:type\" content=\"image\/png\" \/>\n<meta name=\"twitter:card\" content=\"summary_large_image\" \/>\n<meta name=\"twitter:label1\" content=\"Tiempo de lectura\" \/>\n\t<meta name=\"twitter:data1\" content=\"1 minuto\" \/>\n<script type=\"application\/ld+json\" class=\"yoast-schema-graph\">{\"@context\":\"https:\/\/schema.org\",\"@graph\":[{\"@type\":\"WebPage\",\"@id\":\"https:\/\/pcmastersbogota.com.co\/producto\/corsair-void-elite-rgb-inalambrica-blanca\/\",\"url\":\"https:\/\/pcmastersbogota.com.co\/producto\/corsair-void-elite-rgb-inalambrica-blanca\/\",\"name\":\"CORSAIR VOID ELITE RGB INALAMBRICA BLANCA - PC MASTERS BOGOTA\",\"isPartOf\":{\"@id\":\"https:\/\/pcmastersbogota.com.co\/es_es\/#website\"},\"primaryImageOfPage\":{\"@id\":\"https:\/\/pcmastersbogota.com.co\/producto\/corsair-void-elite-rgb-inalambrica-blanca\/#primaryimage\"},\"image\":{\"@id\":\"https:\/\/pcmastersbogota.com.co\/producto\/corsair-void-elite-rgb-inalambrica-blanca\/#primaryimage\"},\"thumbnailUrl\":\"https:\/\/pcmastersbogota.com.co\/wp-content\/uploads\/2021\/08\/31087.png\",\"datePublished\":\"2021-08-09T20:56:49+00:00\",\"dateModified\":\"2022-11-15T21:06:08+00:00\",\"breadcrumb\":{\"@id\":\"https:\/\/pcmastersbogota.com.co\/producto\/corsair-void-elite-rgb-inalambrica-blanca\/#breadcrumb\"},\"inLanguage\":\"es\",\"potentialAction\":[{\"@type\":\"ReadAction\",\"target\":[\"https:\/\/pcmastersbogota.com.co\/producto\/corsair-void-elite-rgb-inalambrica-blanca\/\"]}]},{\"@type\":\"ImageObject\",\"inLanguage\":\"es\",\"@id\":\"https:\/\/pcmastersbogota.com.co\/producto\/corsair-void-elite-rgb-inalambrica-blanca\/#primaryimage\",\"url\":\"https:\/\/pcmastersbogota.com.co\/wp-content\/uploads\/2021\/08\/31087.png\",\"contentUrl\":\"https:\/\/pcmastersbogota.com.co\/wp-content\/uploads\/2021\/08\/31087.png\",\"width\":1000,\"height\":1000},{\"@type\":\"BreadcrumbList\",\"@id\":\"https:\/\/pcmastersbogota.com.co\/producto\/corsair-void-elite-rgb-inalambrica-blanca\/#breadcrumb\",\"itemListElement\":[{\"@type\":\"ListItem\",\"position\":1,\"name\":\"Home\",\"item\":\"https:\/\/pcmastersbogota.com.co\/\"},{\"@type\":\"ListItem\",\"position\":2,\"name\":\"Tienda\",\"item\":\"https:\/\/pcmastersbogota.com.co\/es_es\/tienda\/\"},{\"@type\":\"ListItem\",\"position\":3,\"name\":\"CORSAIR VOID ELITE RGB INALAMBRICA BLANCA\"}]},{\"@type\":\"WebSite\",\"@id\":\"https:\/\/pcmastersbogota.com.co\/es_es\/#website\",\"url\":\"https:\/\/pcmastersbogota.com.co\/es_es\/\",\"name\":\"PC MASTERS BOGOTA\",\"description\":\"\",\"potentialAction\":[{\"@type\":\"SearchAction\",\"target\":{\"@type\":\"EntryPoint\",\"urlTemplate\":\"https:\/\/pcmastersbogota.com.co\/es_es\/?s={search_term_string}\"},\"query-input\":{\"@type\":\"PropertyValueSpecification\",\"valueRequired\":true,\"valueName\":\"search_term_string\"}}],\"inLanguage\":\"es\"}]}<\/script>\n<!-- \/ Yoast SEO plugin. -->","yoast_head_json":{"title":"CORSAIR VOID ELITE RGB INALAMBRICA BLANCA - PC MASTERS BOGOTA","robots":{"index":"index","follow":"follow","max-snippet":"max-snippet:-1","max-image-preview":"max-image-preview:large","max-video-preview":"max-video-preview:-1"},"canonical":"https:\/\/pcmastersbogota.com.co\/es_es\/producto\/corsair-void-elite-rgb-inalambrica-blanca\/","og_locale":"es_ES","og_type":"article","og_title":"CORSAIR VOID ELITE RGB INALAMBRICA BLANCA - PC MASTERS BOGOTA","og_description":"Sum\u00e9rjase en la acci\u00f3n con CORSAIR VOID RGB ELITE Wireless, que cuenta con controladores de audio de neodimio de 50 mm personalizados, una c\u00f3moda tela de malla de microfibra con almohadillas de espuma viscoel\u00e1stica y una conexi\u00f3n inal\u00e1mbrica de 2,4 GHz.","og_url":"https:\/\/pcmastersbogota.com.co\/es_es\/producto\/corsair-void-elite-rgb-inalambrica-blanca\/","og_site_name":"PC MASTERS BOGOTA","article_modified_time":"2022-11-15T21:06:08+00:00","og_image":[{"width":1000,"height":1000,"url":"https:\/\/pcmastersbogota.com.co\/wp-content\/uploads\/2021\/08\/31087.png","type":"image\/png"}],"twitter_card":"summary_large_image","twitter_misc":{"Tiempo de lectura":"1 minuto"},"schema":{"@context":"https:\/\/schema.org","@graph":[{"@type":"WebPage","@id":"https:\/\/pcmastersbogota.com.co\/producto\/corsair-void-elite-rgb-inalambrica-blanca\/","url":"https:\/\/pcmastersbogota.com.co\/producto\/corsair-void-elite-rgb-inalambrica-blanca\/","name":"CORSAIR VOID ELITE RGB INALAMBRICA BLANCA - PC MASTERS BOGOTA","isPartOf":{"@id":"https:\/\/pcmastersbogota.com.co\/es_es\/#website"},"primaryImageOfPage":{"@id":"https:\/\/pcmastersbogota.com.co\/producto\/corsair-void-elite-rgb-inalambrica-blanca\/#primaryimage"},"image":{"@id":"https:\/\/pcmastersbogota.com.co\/producto\/corsair-void-elite-rgb-inalambrica-blanca\/#primaryimage"},"thumbnailUrl":"https:\/\/pcmastersbogota.com.co\/wp-content\/uploads\/2021\/08\/31087.png","datePublished":"2021-08-09T20:56:49+00:00","dateModified":"2022-11-15T21:06:08+00:00","breadcrumb":{"@id":"https:\/\/pcmastersbogota.com.co\/producto\/corsair-void-elite-rgb-inalambrica-blanca\/#breadcrumb"},"inLanguage":"es","potentialAction":[{"@type":"ReadAction","target":["https:\/\/pcmastersbogota.com.co\/producto\/corsair-void-elite-rgb-inalambrica-blanca\/"]}]},{"@type":"ImageObject","inLanguage":"es","@id":"https:\/\/pcmastersbogota.com.co\/producto\/corsair-void-elite-rgb-inalambrica-blanca\/#primaryimage","url":"https:\/\/pcmastersbogota.com.co\/wp-content\/uploads\/2021\/08\/31087.png","contentUrl":"https:\/\/pcmastersbogota.com.co\/wp-content\/uploads\/2021\/08\/31087.png","width":1000,"height":1000},{"@type":"BreadcrumbList","@id":"https:\/\/pcmastersbogota.com.co\/producto\/corsair-void-elite-rgb-inalambrica-blanca\/#breadcrumb","itemListElement":[{"@type":"ListItem","position":1,"name":"Home","item":"https:\/\/pcmastersbogota.com.co\/"},{"@type":"ListItem","position":2,"name":"Tienda","item":"https:\/\/pcmastersbogota.com.co\/es_es\/tienda\/"},{"@type":"ListItem","position":3,"name":"CORSAIR VOID ELITE RGB INALAMBRICA BLANCA"}]},{"@type":"WebSite","@id":"https:\/\/pcmastersbogota.com.co\/es_es\/#website","url":"https:\/\/pcmastersbogota.com.co\/es_es\/","name":"PC MASTERS BOGOTA","description":"","potentialAction":[{"@type":"SearchAction","target":{"@type":"EntryPoint","urlTemplate":"https:\/\/pcmastersbogota.com.co\/es_es\/?s={search_term_string}"},"query-input":{"@type":"PropertyValueSpecification","valueRequired":true,"valueName":"search_term_string"}}],"inLanguage":"es"}]}},"brands":[{"id":100,"name":"CORSAIR","slug":"corsair"}],"_links":{"self":[{"href":"https:\/\/pcmastersbogota.com.co\/es_es\/wp-json\/wp\/v2\/product\/14031","targetHints":{"allow":["GET"]}}],"collection":[{"href":"https:\/\/pcmastersbogota.com.co\/es_es\/wp-json\/wp\/v2\/product"}],"about":[{"href":"https:\/\/pcmastersbogota.com.co\/es_es\/wp-json\/wp\/v2\/types\/product"}],"replies":[{"embeddable":true,"href":"https:\/\/pcmastersbogota.com.co\/es_es\/wp-json\/wp\/v2\/comments?post=14031"}],"version-history":[{"count":3,"href":"https:\/\/pcmastersbogota.com.co\/es_es\/wp-json\/wp\/v2\/product\/14031\/revisions"}],"predecessor-version":[{"id":17892,"href":"https:\/\/pcmastersbogota.com.co\/es_es\/wp-json\/wp\/v2\/product\/14031\/revisions\/17892"}],"wp:featuredmedia":[{"embeddable":true,"href":"https:\/\/pcmastersbogota.com.co\/es_es\/wp-json\/wp\/v2\/media\/16120"}],"wp:attachment":[{"href":"https:\/\/pcmastersbogota.com.co\/es_es\/wp-json\/wp\/v2\/media?parent=14031"}],"wp:term":[{"taxonomy":"pwb-brand","embeddable":true,"href":"https:\/\/pcmastersbogota.com.co\/es_es\/wp-json\/wp\/v2\/pwb-brand?post=14031"},{"taxonomy":"product_brand","embeddable":true,"href":"https:\/\/pcmastersbogota.com.co\/es_es\/wp-json\/wp\/v2\/product_brand?post=14031"},{"taxonomy":"product_cat","embeddable":true,"href":"https:\/\/pcmastersbogota.com.co\/es_es\/wp-json\/wp\/v2\/product_cat?post=14031"},{"taxonomy":"product_tag","embeddable":true,"href":"https:\/\/pcmastersbogota.com.co\/es_es\/wp-json\/wp\/v2\/product_tag?post=14031"}],"curies":[{"name":"wp","href":"https:\/\/api.w.org\/{rel}","templated":true}]}}