{"id":14035,"date":"2021-08-09T15:56:49","date_gmt":"2021-08-09T20:56:49","guid":{"rendered":"https:\/\/pcmastersbogota.com.co\/?post_type=product&#038;p=14035"},"modified":"2021-10-26T14:17:56","modified_gmt":"2021-10-26T19:17:56","slug":"cougar-phontum-essential-negra","status":"publish","type":"product","link":"https:\/\/pcmastersbogota.com.co\/es_es\/producto\/cougar-phontum-essential-negra\/","title":{"rendered":"COUGAR PHONTUM ESSENTIAL NEGRA"},"content":{"rendered":"<p>https:\/\/cougargaming.com\/products\/headsets\/phontum-essential\/<\/p>\n<p>Marca Cougar<br \/>\nColor Black<br \/>\nTecnolog\u00eda de conectividad Wireless<br \/>\nPeso del art\u00edculo 375 Gramos<br \/>\nSobre este art\u00edculo<br \/>\nExcelente audio est\u00e9reo: el controlador de 1.575 in de Phontum Essential te traer\u00e1 todos los detalles de audio que necesitas para disfrutar de tus juegos y aseg\u00farate de que no te pierdas ning\u00fan matiz o se\u00f1al en el juego.<br \/>\nAlmohadilla de espuma extra grande: para mayor comodidad, hemos hecho almohadillas Phontum Essential extra grandes. Cubren c\u00f3modamente tu oreja, asegurando tanto una experiencia agradable como un excelente aislamiento.<br \/>\nDiadema de acero: la columna vertebral de Phontum Essential es una diadema de acero que ofrece durabilidad y flexibilidad. Este auricular te servir\u00e1 durante mucho tiempo.<br \/>\nMicr\u00f3fono con cancelaci\u00f3n de ruido: Para que puedas comunicarte f\u00e1cilmente con tus compa\u00f1eros de equipo, el micr\u00f3fono de Phontum Essential incluye tecnolog\u00eda de cancelaci\u00f3n de ruido. Esto garantiza que los ruidos de fondo no interfieran con la coordinaci\u00f3n del juego.<br \/>\nControl de volumen y silencio del micr\u00f3fono: no podr\u00eda ser m\u00e1s conveniente: el sistema de control integrado le permite ajustar el volumen sobre la marcha y silenciar el micr\u00f3fono si es necesario.<\/p>\n","protected":false},"excerpt":{"rendered":"<p>https:\/\/cougargaming.com\/products\/headsets\/phontum-essential\/ Marca Cougar Color Black Tecnolog\u00eda de conectividad Wireless Peso del art\u00edculo 375 Gramos Sobre este art\u00edculo Excelente audio est\u00e9reo:<\/p>\n","protected":false},"featured_media":16143,"comment_status":"open","ping_status":"closed","template":"","meta":[],"pwb-brand":[124],"product_brand":[],"product_cat":[74],"product_tag":[284],"class_list":{"0":"post-14035","1":"product","2":"type-product","3":"status-publish","4":"has-post-thumbnail","6":"pwb-brand-cougar","7":"product_cat-diadema","8":"product_tag-accesorios","10":"first","11":"instock","12":"taxable","13":"shipping-taxable","14":"purchasable","15":"product-type-simple"},"yoast_head":"<!-- This site is optimized with the Yoast SEO plugin v26.7 - https:\/\/yoast.com\/wordpress\/plugins\/seo\/ -->\n<title>COUGAR PHONTUM ESSENTIAL NEGRA - PC MASTERS BOGOTA<\/title>\n<meta name=\"robots\" content=\"index, follow, max-snippet:-1, max-image-preview:large, max-video-preview:-1\" \/>\n<link rel=\"canonical\" href=\"https:\/\/pcmastersbogota.com.co\/es_es\/en\/product\/cougar-phontum-essential-negra\/\" \/>\n<meta property=\"og:locale\" content=\"es_ES\" \/>\n<meta property=\"og:type\" content=\"article\" \/>\n<meta property=\"og:title\" content=\"COUGAR PHONTUM ESSENTIAL NEGRA - PC MASTERS BOGOTA\" \/>\n<meta property=\"og:description\" content=\"https:\/\/cougargaming.com\/products\/headsets\/phontum-essential\/ Marca Cougar Color Black Tecnolog\u00eda de conectividad Wireless Peso del art\u00edculo 375 Gramos Sobre este art\u00edculo Excelente audio est\u00e9reo:\" \/>\n<meta property=\"og:url\" content=\"https:\/\/pcmastersbogota.com.co\/es_es\/en\/product\/cougar-phontum-essential-negra\/\" \/>\n<meta property=\"og:site_name\" content=\"PC MASTERS BOGOTA\" \/>\n<meta property=\"article:modified_time\" content=\"2021-10-26T19:17:56+00:00\" \/>\n<meta property=\"og:image\" content=\"https:\/\/pcmastersbogota.com.co\/wp-content\/uploads\/2021\/08\/D_NQ_NP_894757-MCO44250399840_122020-O.webp\" \/>\n\t<meta property=\"og:image:width\" content=\"423\" \/>\n\t<meta property=\"og:image:height\" content=\"500\" \/>\n\t<meta property=\"og:image:type\" content=\"image\/webp\" \/>\n<meta name=\"twitter:card\" content=\"summary_large_image\" \/>\n<meta name=\"twitter:label1\" content=\"Tiempo de lectura\" \/>\n\t<meta name=\"twitter:data1\" content=\"1 minuto\" \/>\n<script type=\"application\/ld+json\" class=\"yoast-schema-graph\">{\"@context\":\"https:\/\/schema.org\",\"@graph\":[{\"@type\":\"WebPage\",\"@id\":\"https:\/\/pcmastersbogota.com.co\/en\/product\/cougar-phontum-essential-negra\/\",\"url\":\"https:\/\/pcmastersbogota.com.co\/en\/product\/cougar-phontum-essential-negra\/\",\"name\":\"COUGAR PHONTUM ESSENTIAL NEGRA - PC MASTERS BOGOTA\",\"isPartOf\":{\"@id\":\"https:\/\/pcmastersbogota.com.co\/es_es\/#website\"},\"primaryImageOfPage\":{\"@id\":\"https:\/\/pcmastersbogota.com.co\/en\/product\/cougar-phontum-essential-negra\/#primaryimage\"},\"image\":{\"@id\":\"https:\/\/pcmastersbogota.com.co\/en\/product\/cougar-phontum-essential-negra\/#primaryimage\"},\"thumbnailUrl\":\"https:\/\/pcmastersbogota.com.co\/wp-content\/uploads\/2021\/08\/D_NQ_NP_894757-MCO44250399840_122020-O.webp\",\"datePublished\":\"2021-08-09T20:56:49+00:00\",\"dateModified\":\"2021-10-26T19:17:56+00:00\",\"breadcrumb\":{\"@id\":\"https:\/\/pcmastersbogota.com.co\/en\/product\/cougar-phontum-essential-negra\/#breadcrumb\"},\"inLanguage\":\"es\",\"potentialAction\":[{\"@type\":\"ReadAction\",\"target\":[\"https:\/\/pcmastersbogota.com.co\/en\/product\/cougar-phontum-essential-negra\/\"]}]},{\"@type\":\"ImageObject\",\"inLanguage\":\"es\",\"@id\":\"https:\/\/pcmastersbogota.com.co\/en\/product\/cougar-phontum-essential-negra\/#primaryimage\",\"url\":\"https:\/\/pcmastersbogota.com.co\/wp-content\/uploads\/2021\/08\/D_NQ_NP_894757-MCO44250399840_122020-O.webp\",\"contentUrl\":\"https:\/\/pcmastersbogota.com.co\/wp-content\/uploads\/2021\/08\/D_NQ_NP_894757-MCO44250399840_122020-O.webp\",\"width\":423,\"height\":500},{\"@type\":\"BreadcrumbList\",\"@id\":\"https:\/\/pcmastersbogota.com.co\/en\/product\/cougar-phontum-essential-negra\/#breadcrumb\",\"itemListElement\":[{\"@type\":\"ListItem\",\"position\":1,\"name\":\"Home\",\"item\":\"https:\/\/pcmastersbogota.com.co\/\"},{\"@type\":\"ListItem\",\"position\":2,\"name\":\"Tienda\",\"item\":\"https:\/\/pcmastersbogota.com.co\/es_es\/tienda\/\"},{\"@type\":\"ListItem\",\"position\":3,\"name\":\"COUGAR PHONTUM ESSENTIAL NEGRA\"}]},{\"@type\":\"WebSite\",\"@id\":\"https:\/\/pcmastersbogota.com.co\/es_es\/#website\",\"url\":\"https:\/\/pcmastersbogota.com.co\/es_es\/\",\"name\":\"PC MASTERS BOGOTA\",\"description\":\"\",\"potentialAction\":[{\"@type\":\"SearchAction\",\"target\":{\"@type\":\"EntryPoint\",\"urlTemplate\":\"https:\/\/pcmastersbogota.com.co\/es_es\/?s={search_term_string}\"},\"query-input\":{\"@type\":\"PropertyValueSpecification\",\"valueRequired\":true,\"valueName\":\"search_term_string\"}}],\"inLanguage\":\"es\"}]}<\/script>\n<!-- \/ Yoast SEO plugin. -->","yoast_head_json":{"title":"COUGAR PHONTUM ESSENTIAL NEGRA - PC MASTERS BOGOTA","robots":{"index":"index","follow":"follow","max-snippet":"max-snippet:-1","max-image-preview":"max-image-preview:large","max-video-preview":"max-video-preview:-1"},"canonical":"https:\/\/pcmastersbogota.com.co\/es_es\/en\/product\/cougar-phontum-essential-negra\/","og_locale":"es_ES","og_type":"article","og_title":"COUGAR PHONTUM ESSENTIAL NEGRA - PC MASTERS BOGOTA","og_description":"https:\/\/cougargaming.com\/products\/headsets\/phontum-essential\/ Marca Cougar Color Black Tecnolog\u00eda de conectividad Wireless Peso del art\u00edculo 375 Gramos Sobre este art\u00edculo Excelente audio est\u00e9reo:","og_url":"https:\/\/pcmastersbogota.com.co\/es_es\/en\/product\/cougar-phontum-essential-negra\/","og_site_name":"PC MASTERS BOGOTA","article_modified_time":"2021-10-26T19:17:56+00:00","og_image":[{"width":423,"height":500,"url":"https:\/\/pcmastersbogota.com.co\/wp-content\/uploads\/2021\/08\/D_NQ_NP_894757-MCO44250399840_122020-O.webp","type":"image\/webp"}],"twitter_card":"summary_large_image","twitter_misc":{"Tiempo de lectura":"1 minuto"},"schema":{"@context":"https:\/\/schema.org","@graph":[{"@type":"WebPage","@id":"https:\/\/pcmastersbogota.com.co\/en\/product\/cougar-phontum-essential-negra\/","url":"https:\/\/pcmastersbogota.com.co\/en\/product\/cougar-phontum-essential-negra\/","name":"COUGAR PHONTUM ESSENTIAL NEGRA - PC MASTERS BOGOTA","isPartOf":{"@id":"https:\/\/pcmastersbogota.com.co\/es_es\/#website"},"primaryImageOfPage":{"@id":"https:\/\/pcmastersbogota.com.co\/en\/product\/cougar-phontum-essential-negra\/#primaryimage"},"image":{"@id":"https:\/\/pcmastersbogota.com.co\/en\/product\/cougar-phontum-essential-negra\/#primaryimage"},"thumbnailUrl":"https:\/\/pcmastersbogota.com.co\/wp-content\/uploads\/2021\/08\/D_NQ_NP_894757-MCO44250399840_122020-O.webp","datePublished":"2021-08-09T20:56:49+00:00","dateModified":"2021-10-26T19:17:56+00:00","breadcrumb":{"@id":"https:\/\/pcmastersbogota.com.co\/en\/product\/cougar-phontum-essential-negra\/#breadcrumb"},"inLanguage":"es","potentialAction":[{"@type":"ReadAction","target":["https:\/\/pcmastersbogota.com.co\/en\/product\/cougar-phontum-essential-negra\/"]}]},{"@type":"ImageObject","inLanguage":"es","@id":"https:\/\/pcmastersbogota.com.co\/en\/product\/cougar-phontum-essential-negra\/#primaryimage","url":"https:\/\/pcmastersbogota.com.co\/wp-content\/uploads\/2021\/08\/D_NQ_NP_894757-MCO44250399840_122020-O.webp","contentUrl":"https:\/\/pcmastersbogota.com.co\/wp-content\/uploads\/2021\/08\/D_NQ_NP_894757-MCO44250399840_122020-O.webp","width":423,"height":500},{"@type":"BreadcrumbList","@id":"https:\/\/pcmastersbogota.com.co\/en\/product\/cougar-phontum-essential-negra\/#breadcrumb","itemListElement":[{"@type":"ListItem","position":1,"name":"Home","item":"https:\/\/pcmastersbogota.com.co\/"},{"@type":"ListItem","position":2,"name":"Tienda","item":"https:\/\/pcmastersbogota.com.co\/es_es\/tienda\/"},{"@type":"ListItem","position":3,"name":"COUGAR PHONTUM ESSENTIAL NEGRA"}]},{"@type":"WebSite","@id":"https:\/\/pcmastersbogota.com.co\/es_es\/#website","url":"https:\/\/pcmastersbogota.com.co\/es_es\/","name":"PC MASTERS BOGOTA","description":"","potentialAction":[{"@type":"SearchAction","target":{"@type":"EntryPoint","urlTemplate":"https:\/\/pcmastersbogota.com.co\/es_es\/?s={search_term_string}"},"query-input":{"@type":"PropertyValueSpecification","valueRequired":true,"valueName":"search_term_string"}}],"inLanguage":"es"}]}},"brands":[{"id":124,"name":"COUGAR","slug":"cougar"}],"_links":{"self":[{"href":"https:\/\/pcmastersbogota.com.co\/es_es\/wp-json\/wp\/v2\/product\/14035","targetHints":{"allow":["GET"]}}],"collection":[{"href":"https:\/\/pcmastersbogota.com.co\/es_es\/wp-json\/wp\/v2\/product"}],"about":[{"href":"https:\/\/pcmastersbogota.com.co\/es_es\/wp-json\/wp\/v2\/types\/product"}],"replies":[{"embeddable":true,"href":"https:\/\/pcmastersbogota.com.co\/es_es\/wp-json\/wp\/v2\/comments?post=14035"}],"version-history":[{"count":4,"href":"https:\/\/pcmastersbogota.com.co\/es_es\/wp-json\/wp\/v2\/product\/14035\/revisions"}],"predecessor-version":[{"id":17896,"href":"https:\/\/pcmastersbogota.com.co\/es_es\/wp-json\/wp\/v2\/product\/14035\/revisions\/17896"}],"wp:featuredmedia":[{"embeddable":true,"href":"https:\/\/pcmastersbogota.com.co\/es_es\/wp-json\/wp\/v2\/media\/16143"}],"wp:attachment":[{"href":"https:\/\/pcmastersbogota.com.co\/es_es\/wp-json\/wp\/v2\/media?parent=14035"}],"wp:term":[{"taxonomy":"pwb-brand","embeddable":true,"href":"https:\/\/pcmastersbogota.com.co\/es_es\/wp-json\/wp\/v2\/pwb-brand?post=14035"},{"taxonomy":"product_brand","embeddable":true,"href":"https:\/\/pcmastersbogota.com.co\/es_es\/wp-json\/wp\/v2\/product_brand?post=14035"},{"taxonomy":"product_cat","embeddable":true,"href":"https:\/\/pcmastersbogota.com.co\/es_es\/wp-json\/wp\/v2\/product_cat?post=14035"},{"taxonomy":"product_tag","embeddable":true,"href":"https:\/\/pcmastersbogota.com.co\/es_es\/wp-json\/wp\/v2\/product_tag?post=14035"}],"curies":[{"name":"wp","href":"https:\/\/api.w.org\/{rel}","templated":true}]}}