{"id":14072,"date":"2021-08-09T15:57:02","date_gmt":"2021-08-09T20:57:02","guid":{"rendered":"https:\/\/pcmastersbogota.com.co\/?post_type=product&#038;p=14072"},"modified":"2021-10-26T14:17:56","modified_gmt":"2021-10-26T19:17:56","slug":"logitech-g533-inalambrica-71","status":"publish","type":"product","link":"https:\/\/pcmastersbogota.com.co\/es_es\/producto\/logitech-g533-inalambrica-71\/","title":{"rendered":"LOGITECH G533 INALAMBRICA 7,1"},"content":{"rendered":"<p>https:\/\/www.logitechg.com\/es-roam\/products\/gaming-audio\/g533-wireless-gaming-headset.html<\/p>\n<p>CONDICI\u00d3N Producto Nuevo<br \/>\nMARCA Logitech<br \/>\nMODELO  G533<br \/>\nN\/P 981-000632<br \/>\nCOLOR Negro<br \/>\nCARACTERISTICAS DTS Headphone:X sonido envolvente 7.1<br \/>\nTransductores Pro-G Oye tus juegos con sonido alto y claro<br \/>\nTransmisi\u00f3n de audio digital inal\u00e1mbrico sin p\u00e9rdida a 2,4 GH<br \/>\nRadio de acci\u00f3n de 15 metros<br \/>\nDise\u00f1o ligero confortable para largas sesiones de juego<br \/>\nDuraci\u00f3n de Bater\u00edas de 15 Horas<br \/>\nMicr\u00f3fono con supresi\u00f3n de ruido en una varilla plegable<br \/>\nControles perfeccionados<br \/>\nCompatible con Inmerse<br \/>\nAUD\u00cdFONOS Transductor: Pro-G 40 mm<br \/>\nRespuesta de frecuencia: 20 Hz \u2013 20 kHz<br \/>\nImpedancia: 32 ohmios<br \/>\nSensibilidad: 107 dB SPL\/mW<br \/>\nLongitud de cable de carga: 2 m<br \/>\nDuraci\u00f3n de las bater\u00edas: 15 horas*<br \/>\nRadio de acci\u00f3n inal\u00e1mbrico: 15 m<br \/>\n* Las bater\u00edas recargables tienen un ciclo de vida y un n\u00famero de ciclos de carga limitados.<br \/>\nMICR\u00d3FONO Patr\u00f3n de captaci\u00f3n: Cardioide (unidireccional)<br \/>\nTipo: Condensador de electreto, gradiente de presi\u00f3n<br \/>\nTama\u00f1o: 4 mm<br \/>\nRespuesta de frecuencia: 100 Hz-20 kHz<br \/>\nREQUISITOS Puerto USB<br \/>\nWindows\u00ae 10, Windows 8.1 o Windows 7, Mac OS X 10.11 o posteriores*<br \/>\nConexi\u00f3n a Internet para Logitech G HUB e instalaci\u00f3n de 7.1 DTS Headphone:X*<br \/>\n*Sonido envolvente 7.1 s\u00f3lo disponible en PC<br \/>\nCONEXION Inal\u00e1mbrica por receptor USB<br \/>\nDIMENSIONES(Alt x Anc x Prof) 197 x 189 x 85 mm<br \/>\n19 x 18 x 8 cm<br \/>\nPeso: 350 g<br \/>\nCONTENIDO DE LA CAJA Aud\u00edfonos con micr\u00f3fono G533 para juegos<br \/>\nAdaptador inal\u00e1mbrico USB<br \/>\nCable de carga USB<br \/>\nDocumentaci\u00f3n del usuario<br \/>\nGARANT\u00cdA 2 a\u00f1os de garant\u00eda por defectos de fabricaci\u00f3n directamente con Logitech.<br \/>\n*Conservando sus respectivos empaques y accesorios originales<\/p>\n","protected":false},"excerpt":{"rendered":"<p>Los G533 son unos aud\u00edfonos con micr\u00f3fono para juegos de calidad profesional dotados de DTS Headphone: X para sonido envolvente 7.1, transductores Pro-G para un audio impactante sin distorsi\u00f3n.<\/p>\n","protected":false},"featured_media":16068,"comment_status":"open","ping_status":"closed","template":"","meta":[],"pwb-brand":[127],"product_brand":[],"product_cat":[74],"product_tag":[284],"class_list":{"0":"post-14072","1":"product","2":"type-product","3":"status-publish","4":"has-post-thumbnail","6":"pwb-brand-logitech","7":"product_cat-diadema","8":"product_tag-accesorios","10":"first","11":"instock","12":"taxable","13":"shipping-taxable","14":"purchasable","15":"product-type-simple"},"yoast_head":"<!-- This site is optimized with the Yoast SEO plugin v26.7 - https:\/\/yoast.com\/wordpress\/plugins\/seo\/ -->\n<title>LOGITECH G533 INALAMBRICA 7,1 - PC MASTERS BOGOTA<\/title>\n<meta name=\"robots\" content=\"index, follow, max-snippet:-1, max-image-preview:large, max-video-preview:-1\" \/>\n<link rel=\"canonical\" href=\"https:\/\/pcmastersbogota.com.co\/es_es\/en\/product\/logitech-g533-inalambrica-71\/\" \/>\n<meta property=\"og:locale\" content=\"es_ES\" \/>\n<meta property=\"og:type\" content=\"article\" \/>\n<meta property=\"og:title\" content=\"LOGITECH G533 INALAMBRICA 7,1 - PC MASTERS BOGOTA\" \/>\n<meta property=\"og:description\" content=\"Los G533 son unos aud\u00edfonos con micr\u00f3fono para juegos de calidad profesional dotados de DTS Headphone: X para sonido envolvente 7.1, transductores Pro-G para un audio impactante sin distorsi\u00f3n.\" \/>\n<meta property=\"og:url\" content=\"https:\/\/pcmastersbogota.com.co\/es_es\/en\/product\/logitech-g533-inalambrica-71\/\" \/>\n<meta property=\"og:site_name\" content=\"PC MASTERS BOGOTA\" \/>\n<meta property=\"article:modified_time\" content=\"2021-10-26T19:17:56+00:00\" \/>\n<meta property=\"og:image\" content=\"https:\/\/pcmastersbogota.com.co\/wp-content\/uploads\/2021\/08\/31095.3.png\" \/>\n\t<meta property=\"og:image:width\" content=\"1000\" \/>\n\t<meta property=\"og:image:height\" content=\"1000\" \/>\n\t<meta property=\"og:image:type\" content=\"image\/png\" \/>\n<meta name=\"twitter:card\" content=\"summary_large_image\" \/>\n<meta name=\"twitter:label1\" content=\"Tiempo de lectura\" \/>\n\t<meta name=\"twitter:data1\" content=\"1 minuto\" \/>\n<script type=\"application\/ld+json\" class=\"yoast-schema-graph\">{\"@context\":\"https:\/\/schema.org\",\"@graph\":[{\"@type\":\"WebPage\",\"@id\":\"https:\/\/pcmastersbogota.com.co\/en\/product\/logitech-g533-inalambrica-71\/\",\"url\":\"https:\/\/pcmastersbogota.com.co\/en\/product\/logitech-g533-inalambrica-71\/\",\"name\":\"LOGITECH G533 INALAMBRICA 7,1 - PC MASTERS BOGOTA\",\"isPartOf\":{\"@id\":\"https:\/\/pcmastersbogota.com.co\/es_es\/#website\"},\"primaryImageOfPage\":{\"@id\":\"https:\/\/pcmastersbogota.com.co\/en\/product\/logitech-g533-inalambrica-71\/#primaryimage\"},\"image\":{\"@id\":\"https:\/\/pcmastersbogota.com.co\/en\/product\/logitech-g533-inalambrica-71\/#primaryimage\"},\"thumbnailUrl\":\"https:\/\/pcmastersbogota.com.co\/wp-content\/uploads\/2021\/08\/31095.3.png\",\"datePublished\":\"2021-08-09T20:57:02+00:00\",\"dateModified\":\"2021-10-26T19:17:56+00:00\",\"breadcrumb\":{\"@id\":\"https:\/\/pcmastersbogota.com.co\/en\/product\/logitech-g533-inalambrica-71\/#breadcrumb\"},\"inLanguage\":\"es\",\"potentialAction\":[{\"@type\":\"ReadAction\",\"target\":[\"https:\/\/pcmastersbogota.com.co\/en\/product\/logitech-g533-inalambrica-71\/\"]}]},{\"@type\":\"ImageObject\",\"inLanguage\":\"es\",\"@id\":\"https:\/\/pcmastersbogota.com.co\/en\/product\/logitech-g533-inalambrica-71\/#primaryimage\",\"url\":\"https:\/\/pcmastersbogota.com.co\/wp-content\/uploads\/2021\/08\/31095.3.png\",\"contentUrl\":\"https:\/\/pcmastersbogota.com.co\/wp-content\/uploads\/2021\/08\/31095.3.png\",\"width\":1000,\"height\":1000},{\"@type\":\"BreadcrumbList\",\"@id\":\"https:\/\/pcmastersbogota.com.co\/en\/product\/logitech-g533-inalambrica-71\/#breadcrumb\",\"itemListElement\":[{\"@type\":\"ListItem\",\"position\":1,\"name\":\"Home\",\"item\":\"https:\/\/pcmastersbogota.com.co\/\"},{\"@type\":\"ListItem\",\"position\":2,\"name\":\"Tienda\",\"item\":\"https:\/\/pcmastersbogota.com.co\/es_es\/tienda\/\"},{\"@type\":\"ListItem\",\"position\":3,\"name\":\"LOGITECH G533 INALAMBRICA 7,1\"}]},{\"@type\":\"WebSite\",\"@id\":\"https:\/\/pcmastersbogota.com.co\/es_es\/#website\",\"url\":\"https:\/\/pcmastersbogota.com.co\/es_es\/\",\"name\":\"PC MASTERS BOGOTA\",\"description\":\"\",\"potentialAction\":[{\"@type\":\"SearchAction\",\"target\":{\"@type\":\"EntryPoint\",\"urlTemplate\":\"https:\/\/pcmastersbogota.com.co\/es_es\/?s={search_term_string}\"},\"query-input\":{\"@type\":\"PropertyValueSpecification\",\"valueRequired\":true,\"valueName\":\"search_term_string\"}}],\"inLanguage\":\"es\"}]}<\/script>\n<!-- \/ Yoast SEO plugin. -->","yoast_head_json":{"title":"LOGITECH G533 INALAMBRICA 7,1 - PC MASTERS BOGOTA","robots":{"index":"index","follow":"follow","max-snippet":"max-snippet:-1","max-image-preview":"max-image-preview:large","max-video-preview":"max-video-preview:-1"},"canonical":"https:\/\/pcmastersbogota.com.co\/es_es\/en\/product\/logitech-g533-inalambrica-71\/","og_locale":"es_ES","og_type":"article","og_title":"LOGITECH G533 INALAMBRICA 7,1 - PC MASTERS BOGOTA","og_description":"Los G533 son unos aud\u00edfonos con micr\u00f3fono para juegos de calidad profesional dotados de DTS Headphone: X para sonido envolvente 7.1, transductores Pro-G para un audio impactante sin distorsi\u00f3n.","og_url":"https:\/\/pcmastersbogota.com.co\/es_es\/en\/product\/logitech-g533-inalambrica-71\/","og_site_name":"PC MASTERS BOGOTA","article_modified_time":"2021-10-26T19:17:56+00:00","og_image":[{"width":1000,"height":1000,"url":"https:\/\/pcmastersbogota.com.co\/wp-content\/uploads\/2021\/08\/31095.3.png","type":"image\/png"}],"twitter_card":"summary_large_image","twitter_misc":{"Tiempo de lectura":"1 minuto"},"schema":{"@context":"https:\/\/schema.org","@graph":[{"@type":"WebPage","@id":"https:\/\/pcmastersbogota.com.co\/en\/product\/logitech-g533-inalambrica-71\/","url":"https:\/\/pcmastersbogota.com.co\/en\/product\/logitech-g533-inalambrica-71\/","name":"LOGITECH G533 INALAMBRICA 7,1 - PC MASTERS BOGOTA","isPartOf":{"@id":"https:\/\/pcmastersbogota.com.co\/es_es\/#website"},"primaryImageOfPage":{"@id":"https:\/\/pcmastersbogota.com.co\/en\/product\/logitech-g533-inalambrica-71\/#primaryimage"},"image":{"@id":"https:\/\/pcmastersbogota.com.co\/en\/product\/logitech-g533-inalambrica-71\/#primaryimage"},"thumbnailUrl":"https:\/\/pcmastersbogota.com.co\/wp-content\/uploads\/2021\/08\/31095.3.png","datePublished":"2021-08-09T20:57:02+00:00","dateModified":"2021-10-26T19:17:56+00:00","breadcrumb":{"@id":"https:\/\/pcmastersbogota.com.co\/en\/product\/logitech-g533-inalambrica-71\/#breadcrumb"},"inLanguage":"es","potentialAction":[{"@type":"ReadAction","target":["https:\/\/pcmastersbogota.com.co\/en\/product\/logitech-g533-inalambrica-71\/"]}]},{"@type":"ImageObject","inLanguage":"es","@id":"https:\/\/pcmastersbogota.com.co\/en\/product\/logitech-g533-inalambrica-71\/#primaryimage","url":"https:\/\/pcmastersbogota.com.co\/wp-content\/uploads\/2021\/08\/31095.3.png","contentUrl":"https:\/\/pcmastersbogota.com.co\/wp-content\/uploads\/2021\/08\/31095.3.png","width":1000,"height":1000},{"@type":"BreadcrumbList","@id":"https:\/\/pcmastersbogota.com.co\/en\/product\/logitech-g533-inalambrica-71\/#breadcrumb","itemListElement":[{"@type":"ListItem","position":1,"name":"Home","item":"https:\/\/pcmastersbogota.com.co\/"},{"@type":"ListItem","position":2,"name":"Tienda","item":"https:\/\/pcmastersbogota.com.co\/es_es\/tienda\/"},{"@type":"ListItem","position":3,"name":"LOGITECH G533 INALAMBRICA 7,1"}]},{"@type":"WebSite","@id":"https:\/\/pcmastersbogota.com.co\/es_es\/#website","url":"https:\/\/pcmastersbogota.com.co\/es_es\/","name":"PC MASTERS BOGOTA","description":"","potentialAction":[{"@type":"SearchAction","target":{"@type":"EntryPoint","urlTemplate":"https:\/\/pcmastersbogota.com.co\/es_es\/?s={search_term_string}"},"query-input":{"@type":"PropertyValueSpecification","valueRequired":true,"valueName":"search_term_string"}}],"inLanguage":"es"}]}},"brands":[{"id":127,"name":"LOGITECH","slug":"logitech"}],"_links":{"self":[{"href":"https:\/\/pcmastersbogota.com.co\/es_es\/wp-json\/wp\/v2\/product\/14072","targetHints":{"allow":["GET"]}}],"collection":[{"href":"https:\/\/pcmastersbogota.com.co\/es_es\/wp-json\/wp\/v2\/product"}],"about":[{"href":"https:\/\/pcmastersbogota.com.co\/es_es\/wp-json\/wp\/v2\/types\/product"}],"replies":[{"embeddable":true,"href":"https:\/\/pcmastersbogota.com.co\/es_es\/wp-json\/wp\/v2\/comments?post=14072"}],"version-history":[{"count":4,"href":"https:\/\/pcmastersbogota.com.co\/es_es\/wp-json\/wp\/v2\/product\/14072\/revisions"}],"predecessor-version":[{"id":17883,"href":"https:\/\/pcmastersbogota.com.co\/es_es\/wp-json\/wp\/v2\/product\/14072\/revisions\/17883"}],"wp:featuredmedia":[{"embeddable":true,"href":"https:\/\/pcmastersbogota.com.co\/es_es\/wp-json\/wp\/v2\/media\/16068"}],"wp:attachment":[{"href":"https:\/\/pcmastersbogota.com.co\/es_es\/wp-json\/wp\/v2\/media?parent=14072"}],"wp:term":[{"taxonomy":"pwb-brand","embeddable":true,"href":"https:\/\/pcmastersbogota.com.co\/es_es\/wp-json\/wp\/v2\/pwb-brand?post=14072"},{"taxonomy":"product_brand","embeddable":true,"href":"https:\/\/pcmastersbogota.com.co\/es_es\/wp-json\/wp\/v2\/product_brand?post=14072"},{"taxonomy":"product_cat","embeddable":true,"href":"https:\/\/pcmastersbogota.com.co\/es_es\/wp-json\/wp\/v2\/product_cat?post=14072"},{"taxonomy":"product_tag","embeddable":true,"href":"https:\/\/pcmastersbogota.com.co\/es_es\/wp-json\/wp\/v2\/product_tag?post=14072"}],"curies":[{"name":"wp","href":"https:\/\/api.w.org\/{rel}","templated":true}]}}