{"id":14075,"date":"2021-08-09T15:57:02","date_gmt":"2021-08-09T20:57:02","guid":{"rendered":"https:\/\/pcmastersbogota.com.co\/?post_type=product&#038;p=14075"},"modified":"2023-06-23T18:25:06","modified_gmt":"2023-06-23T23:25:06","slug":"logitech-g733-rgb-inalambrica-lila","status":"publish","type":"product","link":"https:\/\/pcmastersbogota.com.co\/es_es\/producto\/logitech-g733-rgb-inalambrica-lila\/","title":{"rendered":"LOGITECH G733 RGB INALAMBRICA LILA"},"content":{"rendered":"<p>https:\/\/www.logitechg.com\/es-roam\/products\/gaming-audio\/g733-rgb-wireless-headset.html<\/p>\n<p>Caracter\u00edsticas de Logitech G Series G733<\/p>\n<p>Es inal\u00e1mbrico: S\u00ed<\/p>\n<p>Con micr\u00f3fono: S\u00ed<\/p>\n<p>Duraci\u00f3n de la bater\u00eda: 29 h<br \/>\nCaracter\u00edsticas generales<br \/>\nMarca<br \/>\nLogitech<br \/>\nL\u00ednea<br \/>\nG Series<br \/>\nModelo<br \/>\nG733<br \/>\nColor<br \/>\nNegro<br \/>\nMicr\u00f3fono<br \/>\nCon micr\u00f3fono<br \/>\nS\u00ed<br \/>\nCon micr\u00f3fono desmontable<br \/>\nS\u00ed<br \/>\nSonido<br \/>\nUnidad de diafragma<br \/>\n40 mm<br \/>\nImpedancia<br \/>\n39 \u03a9<br \/>\nRespuesta en frecuencia<br \/>\n20 Hz &#8211; 20 kHz<br \/>\nSensibilidad<br \/>\n87.5 dB<br \/>\nEspecificaciones<br \/>\nColor de la luz<br \/>\nRGB<br \/>\nFormato del aud\u00edfono<br \/>\nHeadset<br \/>\nEs gamer<br \/>\nS\u00ed<br \/>\nConectividad<br \/>\nEs inal\u00e1mbrico<br \/>\nS\u00ed<br \/>\nAlcance inal\u00e1mbrico<br \/>\n20 m<br \/>\nOtros<br \/>\nConsolas de juegos compatibles<br \/>\nPS4<br \/>\nAccesorios incluidos<br \/>\nCable de carga<br \/>\nBater\u00eda<br \/>\nDuraci\u00f3n de la bater\u00eda del aud\u00edfono<br \/>\n29 h<\/p>\n","protected":false},"excerpt":{"rendered":"<p>Por fin, uno auriculares que pueden ser tan expresivos como t\u00fa. Los auriculares G733 son inal\u00e1mbricos y se han dise\u00f1ado pensando en la comodidad. Y est\u00e1n equipados con todo el sonido envolvente, los filtros de voz y la iluminaci\u00f3n avanzada que necesitas para lucir, sonar y jugar con m\u00e1s estilo que nunca.<\/p>\n","protected":false},"featured_media":16087,"comment_status":"open","ping_status":"closed","template":"","meta":[],"pwb-brand":[127],"product_brand":[],"product_cat":[74],"product_tag":[284],"class_list":{"0":"post-14075","1":"product","2":"type-product","3":"status-publish","4":"has-post-thumbnail","6":"pwb-brand-logitech","7":"product_cat-diadema","8":"product_tag-accesorios","10":"first","11":"instock","12":"taxable","13":"shipping-taxable","14":"purchasable","15":"product-type-simple"},"yoast_head":"<!-- This site is optimized with the Yoast SEO plugin v26.7 - https:\/\/yoast.com\/wordpress\/plugins\/seo\/ -->\n<title>LOGITECH G733 RGB INALAMBRICA LILA - PC MASTERS BOGOTA<\/title>\n<meta name=\"robots\" content=\"index, follow, max-snippet:-1, max-image-preview:large, max-video-preview:-1\" \/>\n<link rel=\"canonical\" href=\"https:\/\/pcmastersbogota.com.co\/es_es\/producto\/logitech-g733-rgb-inalambrica-lila\/\" \/>\n<meta property=\"og:locale\" content=\"es_ES\" \/>\n<meta property=\"og:type\" content=\"article\" \/>\n<meta property=\"og:title\" content=\"LOGITECH G733 RGB INALAMBRICA LILA - PC MASTERS BOGOTA\" \/>\n<meta property=\"og:description\" content=\"Por fin, uno auriculares que pueden ser tan expresivos como t\u00fa. Los auriculares G733 son inal\u00e1mbricos y se han dise\u00f1ado pensando en la comodidad. Y est\u00e1n equipados con todo el sonido envolvente, los filtros de voz y la iluminaci\u00f3n avanzada que necesitas para lucir, sonar y jugar con m\u00e1s estilo que nunca.\" \/>\n<meta property=\"og:url\" content=\"https:\/\/pcmastersbogota.com.co\/es_es\/producto\/logitech-g733-rgb-inalambrica-lila\/\" \/>\n<meta property=\"og:site_name\" content=\"PC MASTERS BOGOTA\" \/>\n<meta property=\"article:modified_time\" content=\"2023-06-23T23:25:06+00:00\" \/>\n<meta property=\"og:image\" content=\"https:\/\/pcmastersbogota.com.co\/wp-content\/uploads\/2021\/08\/31109.png\" \/>\n\t<meta property=\"og:image:width\" content=\"1000\" \/>\n\t<meta property=\"og:image:height\" content=\"1000\" \/>\n\t<meta property=\"og:image:type\" content=\"image\/png\" \/>\n<meta name=\"twitter:card\" content=\"summary_large_image\" \/>\n<meta name=\"twitter:label1\" content=\"Tiempo de lectura\" \/>\n\t<meta name=\"twitter:data1\" content=\"1 minuto\" \/>\n<script type=\"application\/ld+json\" class=\"yoast-schema-graph\">{\"@context\":\"https:\/\/schema.org\",\"@graph\":[{\"@type\":\"WebPage\",\"@id\":\"https:\/\/pcmastersbogota.com.co\/producto\/logitech-g733-rgb-inalambrica-lila\/\",\"url\":\"https:\/\/pcmastersbogota.com.co\/producto\/logitech-g733-rgb-inalambrica-lila\/\",\"name\":\"LOGITECH G733 RGB INALAMBRICA LILA - PC MASTERS BOGOTA\",\"isPartOf\":{\"@id\":\"https:\/\/pcmastersbogota.com.co\/es_es\/#website\"},\"primaryImageOfPage\":{\"@id\":\"https:\/\/pcmastersbogota.com.co\/producto\/logitech-g733-rgb-inalambrica-lila\/#primaryimage\"},\"image\":{\"@id\":\"https:\/\/pcmastersbogota.com.co\/producto\/logitech-g733-rgb-inalambrica-lila\/#primaryimage\"},\"thumbnailUrl\":\"https:\/\/pcmastersbogota.com.co\/wp-content\/uploads\/2021\/08\/31109.png\",\"datePublished\":\"2021-08-09T20:57:02+00:00\",\"dateModified\":\"2023-06-23T23:25:06+00:00\",\"breadcrumb\":{\"@id\":\"https:\/\/pcmastersbogota.com.co\/producto\/logitech-g733-rgb-inalambrica-lila\/#breadcrumb\"},\"inLanguage\":\"es\",\"potentialAction\":[{\"@type\":\"ReadAction\",\"target\":[\"https:\/\/pcmastersbogota.com.co\/producto\/logitech-g733-rgb-inalambrica-lila\/\"]}]},{\"@type\":\"ImageObject\",\"inLanguage\":\"es\",\"@id\":\"https:\/\/pcmastersbogota.com.co\/producto\/logitech-g733-rgb-inalambrica-lila\/#primaryimage\",\"url\":\"https:\/\/pcmastersbogota.com.co\/wp-content\/uploads\/2021\/08\/31109.png\",\"contentUrl\":\"https:\/\/pcmastersbogota.com.co\/wp-content\/uploads\/2021\/08\/31109.png\",\"width\":1000,\"height\":1000},{\"@type\":\"BreadcrumbList\",\"@id\":\"https:\/\/pcmastersbogota.com.co\/producto\/logitech-g733-rgb-inalambrica-lila\/#breadcrumb\",\"itemListElement\":[{\"@type\":\"ListItem\",\"position\":1,\"name\":\"Home\",\"item\":\"https:\/\/pcmastersbogota.com.co\/\"},{\"@type\":\"ListItem\",\"position\":2,\"name\":\"Tienda\",\"item\":\"https:\/\/pcmastersbogota.com.co\/es_es\/tienda\/\"},{\"@type\":\"ListItem\",\"position\":3,\"name\":\"LOGITECH G733 RGB INALAMBRICA LILA\"}]},{\"@type\":\"WebSite\",\"@id\":\"https:\/\/pcmastersbogota.com.co\/es_es\/#website\",\"url\":\"https:\/\/pcmastersbogota.com.co\/es_es\/\",\"name\":\"PC MASTERS BOGOTA\",\"description\":\"\",\"potentialAction\":[{\"@type\":\"SearchAction\",\"target\":{\"@type\":\"EntryPoint\",\"urlTemplate\":\"https:\/\/pcmastersbogota.com.co\/es_es\/?s={search_term_string}\"},\"query-input\":{\"@type\":\"PropertyValueSpecification\",\"valueRequired\":true,\"valueName\":\"search_term_string\"}}],\"inLanguage\":\"es\"}]}<\/script>\n<!-- \/ Yoast SEO plugin. -->","yoast_head_json":{"title":"LOGITECH G733 RGB INALAMBRICA LILA - PC MASTERS BOGOTA","robots":{"index":"index","follow":"follow","max-snippet":"max-snippet:-1","max-image-preview":"max-image-preview:large","max-video-preview":"max-video-preview:-1"},"canonical":"https:\/\/pcmastersbogota.com.co\/es_es\/producto\/logitech-g733-rgb-inalambrica-lila\/","og_locale":"es_ES","og_type":"article","og_title":"LOGITECH G733 RGB INALAMBRICA LILA - PC MASTERS BOGOTA","og_description":"Por fin, uno auriculares que pueden ser tan expresivos como t\u00fa. Los auriculares G733 son inal\u00e1mbricos y se han dise\u00f1ado pensando en la comodidad. Y est\u00e1n equipados con todo el sonido envolvente, los filtros de voz y la iluminaci\u00f3n avanzada que necesitas para lucir, sonar y jugar con m\u00e1s estilo que nunca.","og_url":"https:\/\/pcmastersbogota.com.co\/es_es\/producto\/logitech-g733-rgb-inalambrica-lila\/","og_site_name":"PC MASTERS BOGOTA","article_modified_time":"2023-06-23T23:25:06+00:00","og_image":[{"width":1000,"height":1000,"url":"https:\/\/pcmastersbogota.com.co\/wp-content\/uploads\/2021\/08\/31109.png","type":"image\/png"}],"twitter_card":"summary_large_image","twitter_misc":{"Tiempo de lectura":"1 minuto"},"schema":{"@context":"https:\/\/schema.org","@graph":[{"@type":"WebPage","@id":"https:\/\/pcmastersbogota.com.co\/producto\/logitech-g733-rgb-inalambrica-lila\/","url":"https:\/\/pcmastersbogota.com.co\/producto\/logitech-g733-rgb-inalambrica-lila\/","name":"LOGITECH G733 RGB INALAMBRICA LILA - PC MASTERS BOGOTA","isPartOf":{"@id":"https:\/\/pcmastersbogota.com.co\/es_es\/#website"},"primaryImageOfPage":{"@id":"https:\/\/pcmastersbogota.com.co\/producto\/logitech-g733-rgb-inalambrica-lila\/#primaryimage"},"image":{"@id":"https:\/\/pcmastersbogota.com.co\/producto\/logitech-g733-rgb-inalambrica-lila\/#primaryimage"},"thumbnailUrl":"https:\/\/pcmastersbogota.com.co\/wp-content\/uploads\/2021\/08\/31109.png","datePublished":"2021-08-09T20:57:02+00:00","dateModified":"2023-06-23T23:25:06+00:00","breadcrumb":{"@id":"https:\/\/pcmastersbogota.com.co\/producto\/logitech-g733-rgb-inalambrica-lila\/#breadcrumb"},"inLanguage":"es","potentialAction":[{"@type":"ReadAction","target":["https:\/\/pcmastersbogota.com.co\/producto\/logitech-g733-rgb-inalambrica-lila\/"]}]},{"@type":"ImageObject","inLanguage":"es","@id":"https:\/\/pcmastersbogota.com.co\/producto\/logitech-g733-rgb-inalambrica-lila\/#primaryimage","url":"https:\/\/pcmastersbogota.com.co\/wp-content\/uploads\/2021\/08\/31109.png","contentUrl":"https:\/\/pcmastersbogota.com.co\/wp-content\/uploads\/2021\/08\/31109.png","width":1000,"height":1000},{"@type":"BreadcrumbList","@id":"https:\/\/pcmastersbogota.com.co\/producto\/logitech-g733-rgb-inalambrica-lila\/#breadcrumb","itemListElement":[{"@type":"ListItem","position":1,"name":"Home","item":"https:\/\/pcmastersbogota.com.co\/"},{"@type":"ListItem","position":2,"name":"Tienda","item":"https:\/\/pcmastersbogota.com.co\/es_es\/tienda\/"},{"@type":"ListItem","position":3,"name":"LOGITECH G733 RGB INALAMBRICA LILA"}]},{"@type":"WebSite","@id":"https:\/\/pcmastersbogota.com.co\/es_es\/#website","url":"https:\/\/pcmastersbogota.com.co\/es_es\/","name":"PC MASTERS BOGOTA","description":"","potentialAction":[{"@type":"SearchAction","target":{"@type":"EntryPoint","urlTemplate":"https:\/\/pcmastersbogota.com.co\/es_es\/?s={search_term_string}"},"query-input":{"@type":"PropertyValueSpecification","valueRequired":true,"valueName":"search_term_string"}}],"inLanguage":"es"}]}},"brands":[{"id":127,"name":"LOGITECH","slug":"logitech"}],"_links":{"self":[{"href":"https:\/\/pcmastersbogota.com.co\/es_es\/wp-json\/wp\/v2\/product\/14075","targetHints":{"allow":["GET"]}}],"collection":[{"href":"https:\/\/pcmastersbogota.com.co\/es_es\/wp-json\/wp\/v2\/product"}],"about":[{"href":"https:\/\/pcmastersbogota.com.co\/es_es\/wp-json\/wp\/v2\/types\/product"}],"replies":[{"embeddable":true,"href":"https:\/\/pcmastersbogota.com.co\/es_es\/wp-json\/wp\/v2\/comments?post=14075"}],"version-history":[{"count":4,"href":"https:\/\/pcmastersbogota.com.co\/es_es\/wp-json\/wp\/v2\/product\/14075\/revisions"}],"predecessor-version":[{"id":17886,"href":"https:\/\/pcmastersbogota.com.co\/es_es\/wp-json\/wp\/v2\/product\/14075\/revisions\/17886"}],"wp:featuredmedia":[{"embeddable":true,"href":"https:\/\/pcmastersbogota.com.co\/es_es\/wp-json\/wp\/v2\/media\/16087"}],"wp:attachment":[{"href":"https:\/\/pcmastersbogota.com.co\/es_es\/wp-json\/wp\/v2\/media?parent=14075"}],"wp:term":[{"taxonomy":"pwb-brand","embeddable":true,"href":"https:\/\/pcmastersbogota.com.co\/es_es\/wp-json\/wp\/v2\/pwb-brand?post=14075"},{"taxonomy":"product_brand","embeddable":true,"href":"https:\/\/pcmastersbogota.com.co\/es_es\/wp-json\/wp\/v2\/product_brand?post=14075"},{"taxonomy":"product_cat","embeddable":true,"href":"https:\/\/pcmastersbogota.com.co\/es_es\/wp-json\/wp\/v2\/product_cat?post=14075"},{"taxonomy":"product_tag","embeddable":true,"href":"https:\/\/pcmastersbogota.com.co\/es_es\/wp-json\/wp\/v2\/product_tag?post=14075"}],"curies":[{"name":"wp","href":"https:\/\/api.w.org\/{rel}","templated":true}]}}