{"id":14085,"date":"2021-08-09T15:57:04","date_gmt":"2021-08-09T20:57:04","guid":{"rendered":"https:\/\/pcmastersbogota.com.co\/?post_type=product&#038;p=14085"},"modified":"2021-09-21T13:19:55","modified_gmt":"2021-09-21T18:19:55","slug":"redragon-h510-zeus","status":"publish","type":"product","link":"https:\/\/pcmastersbogota.com.co\/es_es\/producto\/redragon-h510-zeus\/","title":{"rendered":"REDRAGON H510 ZEUS"},"content":{"rendered":"<p>https:\/\/redragon.es\/products\/best-seller\/zeus2-h510\/<\/p>\n<p>Marca Redragon<br \/>\nColor Negro<br \/>\nTecnolog\u00eda de conectividad Wired<br \/>\nFactor de forma Over Ear<br \/>\nTipo de conector USB\/3.5mm<br \/>\nSobre este art\u00edculo<br \/>\nAudio n\u00edtido y preciso: disfruta de la calidad de sonido real clara y sin p\u00e9rdidas con la tecnolog\u00eda de sonido envolvente 7.1, creando un campo de inmersi\u00f3n en cualquier lugar en el campo de juego, escuchando conciertos vivos o en una sala de chat. Los controladores de 2.087 in ofrecen un rango de frecuencia m\u00e1s amplio, campos de sonido m\u00e1s ricos, mayor definici\u00f3n y sonido de fidelidad extrema.<br \/>\nAjustable y c\u00f3moda: su diadema ajustable con marco de acero ligero y duradero liberar\u00e1 tu cabeza de cargas adicionales cuando juegues o escuches m\u00fasica. El mejor cuero sint\u00e9tico con relleno de espuma viscoel\u00e1stica de alta calidad permite que tu oreja respire y mantenerlos secos y frescos. No hay necesidad de preocuparse, incluso despu\u00e9s de horas de uso no se siente m\u00e1s que comodidad.<br \/>\nTodo en control: el Redragon H510 cuenta con control de l\u00ednea independiente con volumen de sonido +\/-, encendido\/apagado y micr\u00f3fono encendido\/apagado. Todos los ajustes se pueden ajustar con una mano para satisfacer diferentes necesidades en cualquier situaci\u00f3n, aseg\u00farate de que puedes hacerlo bien incluso en un juego tenso.<br \/>\nH\u00e1blalo como si lo escucharas \u2013 no solo puedes escuchar un sonido sin p\u00e9rdidas, sino que tambi\u00e9n puedes hablar. El micr\u00f3fono de cancelaci\u00f3n de ruido desmontable seguramente te ofrecer\u00e1 la comunicaci\u00f3n m\u00e1s clara entre compa\u00f1eros de equipo o amigos, no m\u00e1s sonido distorsionado y fundas de micr\u00f3fono boomed.<br \/>\nPara todas las plataformas: con cable trenzado desmontable de 0.138 in y caja de control USB integrada y entrada jack de 0.138 in. Dise\u00f1ado para que coincida con cualquier plataforma que utilices, ya sea PC, PS4\/3, Xbox One X\/Series X, NS(algunos modelos como S en la versi\u00f3n antigua pueden necesitar un adaptador, adaptador no incluido), interruptor o dispositivos m\u00f3viles.<\/p>\n","protected":false},"excerpt":{"rendered":"<p>Redragon H510 Zeus &#8211; Auriculares con cable para juegos con sonido envolvente 7.1 &#8211; Almohadillas de espuma de memoria<\/p>\n","protected":false},"featured_media":16026,"comment_status":"open","ping_status":"closed","template":"","meta":[],"pwb-brand":[156],"product_brand":[],"product_cat":[74],"product_tag":[284],"class_list":{"0":"post-14085","1":"product","2":"type-product","3":"status-publish","4":"has-post-thumbnail","6":"pwb-brand-redragon","7":"product_cat-diadema","8":"product_tag-accesorios","10":"first","11":"instock","12":"taxable","13":"shipping-taxable","14":"product-type-simple"},"yoast_head":"<!-- This site is optimized with the Yoast SEO plugin v26.7 - https:\/\/yoast.com\/wordpress\/plugins\/seo\/ -->\n<title>REDRAGON H510 ZEUS - PC MASTERS BOGOTA<\/title>\n<meta name=\"robots\" content=\"index, follow, max-snippet:-1, max-image-preview:large, max-video-preview:-1\" \/>\n<link rel=\"canonical\" href=\"https:\/\/pcmastersbogota.com.co\/es_es\/producto\/redragon-h510-zeus\/\" \/>\n<meta property=\"og:locale\" content=\"es_ES\" \/>\n<meta property=\"og:type\" content=\"article\" \/>\n<meta property=\"og:title\" content=\"REDRAGON H510 ZEUS - PC MASTERS BOGOTA\" \/>\n<meta property=\"og:description\" content=\"Redragon H510 Zeus - Auriculares con cable para juegos con sonido envolvente 7.1 - Almohadillas de espuma de memoria\" \/>\n<meta property=\"og:url\" content=\"https:\/\/pcmastersbogota.com.co\/es_es\/producto\/redragon-h510-zeus\/\" \/>\n<meta property=\"og:site_name\" content=\"PC MASTERS BOGOTA\" \/>\n<meta property=\"article:modified_time\" content=\"2021-09-21T18:19:55+00:00\" \/>\n<meta property=\"og:image\" content=\"https:\/\/pcmastersbogota.com.co\/wp-content\/uploads\/2021\/08\/61pZ6-z6PvL._AC_SL1462_.jpg\" \/>\n\t<meta property=\"og:image:width\" content=\"1354\" \/>\n\t<meta property=\"og:image:height\" content=\"1462\" \/>\n\t<meta property=\"og:image:type\" content=\"image\/jpeg\" \/>\n<meta name=\"twitter:card\" content=\"summary_large_image\" \/>\n<meta name=\"twitter:label1\" content=\"Tiempo de lectura\" \/>\n\t<meta name=\"twitter:data1\" content=\"2 minutos\" \/>\n<script type=\"application\/ld+json\" class=\"yoast-schema-graph\">{\"@context\":\"https:\/\/schema.org\",\"@graph\":[{\"@type\":\"WebPage\",\"@id\":\"https:\/\/pcmastersbogota.com.co\/es_es\/producto\/redragon-h510-zeus\/\",\"url\":\"https:\/\/pcmastersbogota.com.co\/es_es\/producto\/redragon-h510-zeus\/\",\"name\":\"REDRAGON H510 ZEUS - PC MASTERS BOGOTA\",\"isPartOf\":{\"@id\":\"https:\/\/pcmastersbogota.com.co\/es_es\/#website\"},\"primaryImageOfPage\":{\"@id\":\"https:\/\/pcmastersbogota.com.co\/es_es\/producto\/redragon-h510-zeus\/#primaryimage\"},\"image\":{\"@id\":\"https:\/\/pcmastersbogota.com.co\/es_es\/producto\/redragon-h510-zeus\/#primaryimage\"},\"thumbnailUrl\":\"https:\/\/pcmastersbogota.com.co\/wp-content\/uploads\/2021\/08\/61pZ6-z6PvL._AC_SL1462_.jpg\",\"datePublished\":\"2021-08-09T20:57:04+00:00\",\"dateModified\":\"2021-09-21T18:19:55+00:00\",\"breadcrumb\":{\"@id\":\"https:\/\/pcmastersbogota.com.co\/es_es\/producto\/redragon-h510-zeus\/#breadcrumb\"},\"inLanguage\":\"es\",\"potentialAction\":[{\"@type\":\"ReadAction\",\"target\":[\"https:\/\/pcmastersbogota.com.co\/es_es\/producto\/redragon-h510-zeus\/\"]}]},{\"@type\":\"ImageObject\",\"inLanguage\":\"es\",\"@id\":\"https:\/\/pcmastersbogota.com.co\/es_es\/producto\/redragon-h510-zeus\/#primaryimage\",\"url\":\"https:\/\/pcmastersbogota.com.co\/wp-content\/uploads\/2021\/08\/61pZ6-z6PvL._AC_SL1462_.jpg\",\"contentUrl\":\"https:\/\/pcmastersbogota.com.co\/wp-content\/uploads\/2021\/08\/61pZ6-z6PvL._AC_SL1462_.jpg\",\"width\":1354,\"height\":1462},{\"@type\":\"BreadcrumbList\",\"@id\":\"https:\/\/pcmastersbogota.com.co\/es_es\/producto\/redragon-h510-zeus\/#breadcrumb\",\"itemListElement\":[{\"@type\":\"ListItem\",\"position\":1,\"name\":\"Home\",\"item\":\"https:\/\/pcmastersbogota.com.co\/\"},{\"@type\":\"ListItem\",\"position\":2,\"name\":\"Tienda\",\"item\":\"https:\/\/pcmastersbogota.com.co\/es_es\/tienda\/\"},{\"@type\":\"ListItem\",\"position\":3,\"name\":\"REDRAGON H510 ZEUS\"}]},{\"@type\":\"WebSite\",\"@id\":\"https:\/\/pcmastersbogota.com.co\/es_es\/#website\",\"url\":\"https:\/\/pcmastersbogota.com.co\/es_es\/\",\"name\":\"PC MASTERS BOGOTA\",\"description\":\"\",\"potentialAction\":[{\"@type\":\"SearchAction\",\"target\":{\"@type\":\"EntryPoint\",\"urlTemplate\":\"https:\/\/pcmastersbogota.com.co\/es_es\/?s={search_term_string}\"},\"query-input\":{\"@type\":\"PropertyValueSpecification\",\"valueRequired\":true,\"valueName\":\"search_term_string\"}}],\"inLanguage\":\"es\"}]}<\/script>\n<!-- \/ Yoast SEO plugin. -->","yoast_head_json":{"title":"REDRAGON H510 ZEUS - PC MASTERS BOGOTA","robots":{"index":"index","follow":"follow","max-snippet":"max-snippet:-1","max-image-preview":"max-image-preview:large","max-video-preview":"max-video-preview:-1"},"canonical":"https:\/\/pcmastersbogota.com.co\/es_es\/producto\/redragon-h510-zeus\/","og_locale":"es_ES","og_type":"article","og_title":"REDRAGON H510 ZEUS - PC MASTERS BOGOTA","og_description":"Redragon H510 Zeus - Auriculares con cable para juegos con sonido envolvente 7.1 - Almohadillas de espuma de memoria","og_url":"https:\/\/pcmastersbogota.com.co\/es_es\/producto\/redragon-h510-zeus\/","og_site_name":"PC MASTERS BOGOTA","article_modified_time":"2021-09-21T18:19:55+00:00","og_image":[{"width":1354,"height":1462,"url":"https:\/\/pcmastersbogota.com.co\/wp-content\/uploads\/2021\/08\/61pZ6-z6PvL._AC_SL1462_.jpg","type":"image\/jpeg"}],"twitter_card":"summary_large_image","twitter_misc":{"Tiempo de lectura":"2 minutos"},"schema":{"@context":"https:\/\/schema.org","@graph":[{"@type":"WebPage","@id":"https:\/\/pcmastersbogota.com.co\/es_es\/producto\/redragon-h510-zeus\/","url":"https:\/\/pcmastersbogota.com.co\/es_es\/producto\/redragon-h510-zeus\/","name":"REDRAGON H510 ZEUS - PC MASTERS BOGOTA","isPartOf":{"@id":"https:\/\/pcmastersbogota.com.co\/es_es\/#website"},"primaryImageOfPage":{"@id":"https:\/\/pcmastersbogota.com.co\/es_es\/producto\/redragon-h510-zeus\/#primaryimage"},"image":{"@id":"https:\/\/pcmastersbogota.com.co\/es_es\/producto\/redragon-h510-zeus\/#primaryimage"},"thumbnailUrl":"https:\/\/pcmastersbogota.com.co\/wp-content\/uploads\/2021\/08\/61pZ6-z6PvL._AC_SL1462_.jpg","datePublished":"2021-08-09T20:57:04+00:00","dateModified":"2021-09-21T18:19:55+00:00","breadcrumb":{"@id":"https:\/\/pcmastersbogota.com.co\/es_es\/producto\/redragon-h510-zeus\/#breadcrumb"},"inLanguage":"es","potentialAction":[{"@type":"ReadAction","target":["https:\/\/pcmastersbogota.com.co\/es_es\/producto\/redragon-h510-zeus\/"]}]},{"@type":"ImageObject","inLanguage":"es","@id":"https:\/\/pcmastersbogota.com.co\/es_es\/producto\/redragon-h510-zeus\/#primaryimage","url":"https:\/\/pcmastersbogota.com.co\/wp-content\/uploads\/2021\/08\/61pZ6-z6PvL._AC_SL1462_.jpg","contentUrl":"https:\/\/pcmastersbogota.com.co\/wp-content\/uploads\/2021\/08\/61pZ6-z6PvL._AC_SL1462_.jpg","width":1354,"height":1462},{"@type":"BreadcrumbList","@id":"https:\/\/pcmastersbogota.com.co\/es_es\/producto\/redragon-h510-zeus\/#breadcrumb","itemListElement":[{"@type":"ListItem","position":1,"name":"Home","item":"https:\/\/pcmastersbogota.com.co\/"},{"@type":"ListItem","position":2,"name":"Tienda","item":"https:\/\/pcmastersbogota.com.co\/es_es\/tienda\/"},{"@type":"ListItem","position":3,"name":"REDRAGON H510 ZEUS"}]},{"@type":"WebSite","@id":"https:\/\/pcmastersbogota.com.co\/es_es\/#website","url":"https:\/\/pcmastersbogota.com.co\/es_es\/","name":"PC MASTERS BOGOTA","description":"","potentialAction":[{"@type":"SearchAction","target":{"@type":"EntryPoint","urlTemplate":"https:\/\/pcmastersbogota.com.co\/es_es\/?s={search_term_string}"},"query-input":{"@type":"PropertyValueSpecification","valueRequired":true,"valueName":"search_term_string"}}],"inLanguage":"es"}]}},"brands":[{"id":156,"name":"REDRAGON","slug":"redragon"}],"_links":{"self":[{"href":"https:\/\/pcmastersbogota.com.co\/es_es\/wp-json\/wp\/v2\/product\/14085","targetHints":{"allow":["GET"]}}],"collection":[{"href":"https:\/\/pcmastersbogota.com.co\/es_es\/wp-json\/wp\/v2\/product"}],"about":[{"href":"https:\/\/pcmastersbogota.com.co\/es_es\/wp-json\/wp\/v2\/types\/product"}],"replies":[{"embeddable":true,"href":"https:\/\/pcmastersbogota.com.co\/es_es\/wp-json\/wp\/v2\/comments?post=14085"}],"version-history":[{"count":3,"href":"https:\/\/pcmastersbogota.com.co\/es_es\/wp-json\/wp\/v2\/product\/14085\/revisions"}],"predecessor-version":[{"id":17875,"href":"https:\/\/pcmastersbogota.com.co\/es_es\/wp-json\/wp\/v2\/product\/14085\/revisions\/17875"}],"wp:featuredmedia":[{"embeddable":true,"href":"https:\/\/pcmastersbogota.com.co\/es_es\/wp-json\/wp\/v2\/media\/16026"}],"wp:attachment":[{"href":"https:\/\/pcmastersbogota.com.co\/es_es\/wp-json\/wp\/v2\/media?parent=14085"}],"wp:term":[{"taxonomy":"pwb-brand","embeddable":true,"href":"https:\/\/pcmastersbogota.com.co\/es_es\/wp-json\/wp\/v2\/pwb-brand?post=14085"},{"taxonomy":"product_brand","embeddable":true,"href":"https:\/\/pcmastersbogota.com.co\/es_es\/wp-json\/wp\/v2\/product_brand?post=14085"},{"taxonomy":"product_cat","embeddable":true,"href":"https:\/\/pcmastersbogota.com.co\/es_es\/wp-json\/wp\/v2\/product_cat?post=14085"},{"taxonomy":"product_tag","embeddable":true,"href":"https:\/\/pcmastersbogota.com.co\/es_es\/wp-json\/wp\/v2\/product_tag?post=14085"}],"curies":[{"name":"wp","href":"https:\/\/api.w.org\/{rel}","templated":true}]}}