{"id":14154,"date":"2021-08-09T16:07:57","date_gmt":"2021-08-09T21:07:57","guid":{"rendered":"https:\/\/pcmastersbogota.com.co\/?post_type=product&#038;p=14154"},"modified":"2021-10-26T14:17:55","modified_gmt":"2021-10-26T19:17:55","slug":"soporte-o-base-monitor-nb-f80-ajustable-17-a-30","status":"publish","type":"product","link":"https:\/\/pcmastersbogota.com.co\/es_es\/producto\/soporte-o-base-monitor-nb-f80-ajustable-17-a-30\/","title":{"rendered":"SOPORTE O BASE MONITOR NB F80 (AJUSTABLE) 17&#8243; A 30&#8243;"},"content":{"rendered":"<p>Caracter\u00edsticas del producto<\/p>\n<p>Lugar de montaje: Mesa<\/p>\n<p>Tama\u00f1o m\u00e1ximo de la pantalla: 30 \u00bb<\/p>\n<p>Peso m\u00e1ximo soportado: 6.5 kg<\/p>\n<p>Tama\u00f1o m\u00ednimo de la pantalla: 17 \u00bb<\/p>\n<p>Est\u00e1ndares VESA: 75&#215;75,100&#215;100<\/p>\n<p>Es inclinable: S\u00ed<br \/>\nCaracter\u00edsticas generales<br \/>\nMarca<br \/>\nNB NORTH BAYOU<br \/>\nModelo<br \/>\nF80<br \/>\nEspecificaciones<br \/>\nEst\u00e1ndares VESA<br \/>\n75&#215;75,100&#215;100<br \/>\nLugar de montaje<br \/>\nMesa<br \/>\nEs inclinable<br \/>\nS\u00ed<br \/>\nEs articulado<br \/>\nS\u00ed<br \/>\nEs girat\u00f3rio<br \/>\nS\u00ed<br \/>\nEs fijo<br \/>\nNo<br \/>\nEs gamer<br \/>\nS\u00ed<br \/>\nMateriales<br \/>\nAluminio<br \/>\nPeso m\u00e1ximo soportado<br \/>\n6.5 kg<br \/>\nInclinaci\u00f3n superior<br \/>\n35 \u00b0<br \/>\nInclinaci\u00f3n inferior<br \/>\n50 \u00b0<br \/>\n\u00c1ngulo de rotaci\u00f3n<br \/>\n360\u00b0<br \/>\nPantalla<br \/>\nTipos de pantallas soportadas<br \/>\nLED,OLED,LCD<br \/>\nTama\u00f1o m\u00ednimo de la pantalla &#8211; Tama\u00f1o m\u00e1ximo de la pantalla<br \/>\n17 \u00bb &#8211; 30 \u00bb<br \/>\nCantidad de pantallas soportadas<br \/>\n1<br \/>\nAccesorios<br \/>\nIncluye kit de instalaci\u00f3n<br \/>\nS\u00ed<br \/>\nIncluye organizador de cables<br \/>\nS\u00ed<\/p>\n","protected":false},"excerpt":{"rendered":"<p>Tipos de pantallas soportadas<br \/>\nLED,OLED,LCD<\/p>\n","protected":false},"featured_media":15961,"comment_status":"open","ping_status":"closed","template":"","meta":[],"pwb-brand":[],"product_brand":[],"product_cat":[75],"product_tag":[284],"class_list":{"0":"post-14154","1":"product","2":"type-product","3":"status-publish","4":"has-post-thumbnail","6":"product_cat-accesorios","7":"product_tag-accesorios","9":"first","10":"instock","11":"taxable","12":"shipping-taxable","13":"purchasable","14":"product-type-simple"},"yoast_head":"<!-- This site is optimized with the Yoast SEO plugin v26.7 - https:\/\/yoast.com\/wordpress\/plugins\/seo\/ -->\n<title>SOPORTE O BASE MONITOR NB F80 (AJUSTABLE) 17&quot; A 30&quot; - PC MASTERS BOGOTA<\/title>\n<meta name=\"robots\" content=\"index, follow, max-snippet:-1, max-image-preview:large, max-video-preview:-1\" \/>\n<link rel=\"canonical\" href=\"https:\/\/pcmastersbogota.com.co\/es_es\/producto\/soporte-o-base-monitor-nb-f80-ajustable-17-a-30\/\" \/>\n<meta property=\"og:locale\" content=\"es_ES\" \/>\n<meta property=\"og:type\" content=\"article\" \/>\n<meta property=\"og:title\" content=\"SOPORTE O BASE MONITOR NB F80 (AJUSTABLE) 17&quot; A 30&quot; - PC MASTERS BOGOTA\" \/>\n<meta property=\"og:description\" content=\"Tipos de pantallas soportadas LED,OLED,LCD\" \/>\n<meta property=\"og:url\" content=\"https:\/\/pcmastersbogota.com.co\/es_es\/producto\/soporte-o-base-monitor-nb-f80-ajustable-17-a-30\/\" \/>\n<meta property=\"og:site_name\" content=\"PC MASTERS BOGOTA\" \/>\n<meta property=\"article:modified_time\" content=\"2021-10-26T19:17:55+00:00\" \/>\n<meta property=\"og:image\" content=\"https:\/\/pcmastersbogota.com.co\/wp-content\/uploads\/2021\/08\/D_NQ_NP_699957-MCO42620134685_072020-O.webp\" \/>\n\t<meta property=\"og:image:width\" content=\"422\" \/>\n\t<meta property=\"og:image:height\" content=\"500\" \/>\n\t<meta property=\"og:image:type\" content=\"image\/webp\" \/>\n<meta name=\"twitter:card\" content=\"summary_large_image\" \/>\n<meta name=\"twitter:label1\" content=\"Tiempo de lectura\" \/>\n\t<meta name=\"twitter:data1\" content=\"1 minuto\" \/>\n<script type=\"application\/ld+json\" class=\"yoast-schema-graph\">{\"@context\":\"https:\/\/schema.org\",\"@graph\":[{\"@type\":\"WebPage\",\"@id\":\"https:\/\/pcmastersbogota.com.co\/producto\/soporte-o-base-monitor-nb-f80-ajustable-17-a-30\/\",\"url\":\"https:\/\/pcmastersbogota.com.co\/producto\/soporte-o-base-monitor-nb-f80-ajustable-17-a-30\/\",\"name\":\"SOPORTE O BASE MONITOR NB F80 (AJUSTABLE) 17\\\" A 30\\\" - PC MASTERS BOGOTA\",\"isPartOf\":{\"@id\":\"https:\/\/pcmastersbogota.com.co\/es_es\/#website\"},\"primaryImageOfPage\":{\"@id\":\"https:\/\/pcmastersbogota.com.co\/producto\/soporte-o-base-monitor-nb-f80-ajustable-17-a-30\/#primaryimage\"},\"image\":{\"@id\":\"https:\/\/pcmastersbogota.com.co\/producto\/soporte-o-base-monitor-nb-f80-ajustable-17-a-30\/#primaryimage\"},\"thumbnailUrl\":\"https:\/\/pcmastersbogota.com.co\/wp-content\/uploads\/2021\/08\/D_NQ_NP_699957-MCO42620134685_072020-O.webp\",\"datePublished\":\"2021-08-09T21:07:57+00:00\",\"dateModified\":\"2021-10-26T19:17:55+00:00\",\"breadcrumb\":{\"@id\":\"https:\/\/pcmastersbogota.com.co\/producto\/soporte-o-base-monitor-nb-f80-ajustable-17-a-30\/#breadcrumb\"},\"inLanguage\":\"es\",\"potentialAction\":[{\"@type\":\"ReadAction\",\"target\":[\"https:\/\/pcmastersbogota.com.co\/producto\/soporte-o-base-monitor-nb-f80-ajustable-17-a-30\/\"]}]},{\"@type\":\"ImageObject\",\"inLanguage\":\"es\",\"@id\":\"https:\/\/pcmastersbogota.com.co\/producto\/soporte-o-base-monitor-nb-f80-ajustable-17-a-30\/#primaryimage\",\"url\":\"https:\/\/pcmastersbogota.com.co\/wp-content\/uploads\/2021\/08\/D_NQ_NP_699957-MCO42620134685_072020-O.webp\",\"contentUrl\":\"https:\/\/pcmastersbogota.com.co\/wp-content\/uploads\/2021\/08\/D_NQ_NP_699957-MCO42620134685_072020-O.webp\",\"width\":422,\"height\":500},{\"@type\":\"BreadcrumbList\",\"@id\":\"https:\/\/pcmastersbogota.com.co\/producto\/soporte-o-base-monitor-nb-f80-ajustable-17-a-30\/#breadcrumb\",\"itemListElement\":[{\"@type\":\"ListItem\",\"position\":1,\"name\":\"Home\",\"item\":\"https:\/\/pcmastersbogota.com.co\/\"},{\"@type\":\"ListItem\",\"position\":2,\"name\":\"Tienda\",\"item\":\"https:\/\/pcmastersbogota.com.co\/es_es\/tienda\/\"},{\"@type\":\"ListItem\",\"position\":3,\"name\":\"SOPORTE O BASE MONITOR NB F80 (AJUSTABLE) 17&#8243; A 30&#8243;\"}]},{\"@type\":\"WebSite\",\"@id\":\"https:\/\/pcmastersbogota.com.co\/es_es\/#website\",\"url\":\"https:\/\/pcmastersbogota.com.co\/es_es\/\",\"name\":\"PC MASTERS BOGOTA\",\"description\":\"\",\"potentialAction\":[{\"@type\":\"SearchAction\",\"target\":{\"@type\":\"EntryPoint\",\"urlTemplate\":\"https:\/\/pcmastersbogota.com.co\/es_es\/?s={search_term_string}\"},\"query-input\":{\"@type\":\"PropertyValueSpecification\",\"valueRequired\":true,\"valueName\":\"search_term_string\"}}],\"inLanguage\":\"es\"}]}<\/script>\n<!-- \/ Yoast SEO plugin. -->","yoast_head_json":{"title":"SOPORTE O BASE MONITOR NB F80 (AJUSTABLE) 17\" A 30\" - PC MASTERS BOGOTA","robots":{"index":"index","follow":"follow","max-snippet":"max-snippet:-1","max-image-preview":"max-image-preview:large","max-video-preview":"max-video-preview:-1"},"canonical":"https:\/\/pcmastersbogota.com.co\/es_es\/producto\/soporte-o-base-monitor-nb-f80-ajustable-17-a-30\/","og_locale":"es_ES","og_type":"article","og_title":"SOPORTE O BASE MONITOR NB F80 (AJUSTABLE) 17\" A 30\" - PC MASTERS BOGOTA","og_description":"Tipos de pantallas soportadas LED,OLED,LCD","og_url":"https:\/\/pcmastersbogota.com.co\/es_es\/producto\/soporte-o-base-monitor-nb-f80-ajustable-17-a-30\/","og_site_name":"PC MASTERS BOGOTA","article_modified_time":"2021-10-26T19:17:55+00:00","og_image":[{"width":422,"height":500,"url":"https:\/\/pcmastersbogota.com.co\/wp-content\/uploads\/2021\/08\/D_NQ_NP_699957-MCO42620134685_072020-O.webp","type":"image\/webp"}],"twitter_card":"summary_large_image","twitter_misc":{"Tiempo de lectura":"1 minuto"},"schema":{"@context":"https:\/\/schema.org","@graph":[{"@type":"WebPage","@id":"https:\/\/pcmastersbogota.com.co\/producto\/soporte-o-base-monitor-nb-f80-ajustable-17-a-30\/","url":"https:\/\/pcmastersbogota.com.co\/producto\/soporte-o-base-monitor-nb-f80-ajustable-17-a-30\/","name":"SOPORTE O BASE MONITOR NB F80 (AJUSTABLE) 17\" A 30\" - PC MASTERS BOGOTA","isPartOf":{"@id":"https:\/\/pcmastersbogota.com.co\/es_es\/#website"},"primaryImageOfPage":{"@id":"https:\/\/pcmastersbogota.com.co\/producto\/soporte-o-base-monitor-nb-f80-ajustable-17-a-30\/#primaryimage"},"image":{"@id":"https:\/\/pcmastersbogota.com.co\/producto\/soporte-o-base-monitor-nb-f80-ajustable-17-a-30\/#primaryimage"},"thumbnailUrl":"https:\/\/pcmastersbogota.com.co\/wp-content\/uploads\/2021\/08\/D_NQ_NP_699957-MCO42620134685_072020-O.webp","datePublished":"2021-08-09T21:07:57+00:00","dateModified":"2021-10-26T19:17:55+00:00","breadcrumb":{"@id":"https:\/\/pcmastersbogota.com.co\/producto\/soporte-o-base-monitor-nb-f80-ajustable-17-a-30\/#breadcrumb"},"inLanguage":"es","potentialAction":[{"@type":"ReadAction","target":["https:\/\/pcmastersbogota.com.co\/producto\/soporte-o-base-monitor-nb-f80-ajustable-17-a-30\/"]}]},{"@type":"ImageObject","inLanguage":"es","@id":"https:\/\/pcmastersbogota.com.co\/producto\/soporte-o-base-monitor-nb-f80-ajustable-17-a-30\/#primaryimage","url":"https:\/\/pcmastersbogota.com.co\/wp-content\/uploads\/2021\/08\/D_NQ_NP_699957-MCO42620134685_072020-O.webp","contentUrl":"https:\/\/pcmastersbogota.com.co\/wp-content\/uploads\/2021\/08\/D_NQ_NP_699957-MCO42620134685_072020-O.webp","width":422,"height":500},{"@type":"BreadcrumbList","@id":"https:\/\/pcmastersbogota.com.co\/producto\/soporte-o-base-monitor-nb-f80-ajustable-17-a-30\/#breadcrumb","itemListElement":[{"@type":"ListItem","position":1,"name":"Home","item":"https:\/\/pcmastersbogota.com.co\/"},{"@type":"ListItem","position":2,"name":"Tienda","item":"https:\/\/pcmastersbogota.com.co\/es_es\/tienda\/"},{"@type":"ListItem","position":3,"name":"SOPORTE O BASE MONITOR NB F80 (AJUSTABLE) 17&#8243; A 30&#8243;"}]},{"@type":"WebSite","@id":"https:\/\/pcmastersbogota.com.co\/es_es\/#website","url":"https:\/\/pcmastersbogota.com.co\/es_es\/","name":"PC MASTERS BOGOTA","description":"","potentialAction":[{"@type":"SearchAction","target":{"@type":"EntryPoint","urlTemplate":"https:\/\/pcmastersbogota.com.co\/es_es\/?s={search_term_string}"},"query-input":{"@type":"PropertyValueSpecification","valueRequired":true,"valueName":"search_term_string"}}],"inLanguage":"es"}]}},"brands":[],"_links":{"self":[{"href":"https:\/\/pcmastersbogota.com.co\/es_es\/wp-json\/wp\/v2\/product\/14154","targetHints":{"allow":["GET"]}}],"collection":[{"href":"https:\/\/pcmastersbogota.com.co\/es_es\/wp-json\/wp\/v2\/product"}],"about":[{"href":"https:\/\/pcmastersbogota.com.co\/es_es\/wp-json\/wp\/v2\/types\/product"}],"replies":[{"embeddable":true,"href":"https:\/\/pcmastersbogota.com.co\/es_es\/wp-json\/wp\/v2\/comments?post=14154"}],"version-history":[{"count":3,"href":"https:\/\/pcmastersbogota.com.co\/es_es\/wp-json\/wp\/v2\/product\/14154\/revisions"}],"predecessor-version":[{"id":15962,"href":"https:\/\/pcmastersbogota.com.co\/es_es\/wp-json\/wp\/v2\/product\/14154\/revisions\/15962"}],"wp:featuredmedia":[{"embeddable":true,"href":"https:\/\/pcmastersbogota.com.co\/es_es\/wp-json\/wp\/v2\/media\/15961"}],"wp:attachment":[{"href":"https:\/\/pcmastersbogota.com.co\/es_es\/wp-json\/wp\/v2\/media?parent=14154"}],"wp:term":[{"taxonomy":"pwb-brand","embeddable":true,"href":"https:\/\/pcmastersbogota.com.co\/es_es\/wp-json\/wp\/v2\/pwb-brand?post=14154"},{"taxonomy":"product_brand","embeddable":true,"href":"https:\/\/pcmastersbogota.com.co\/es_es\/wp-json\/wp\/v2\/product_brand?post=14154"},{"taxonomy":"product_cat","embeddable":true,"href":"https:\/\/pcmastersbogota.com.co\/es_es\/wp-json\/wp\/v2\/product_cat?post=14154"},{"taxonomy":"product_tag","embeddable":true,"href":"https:\/\/pcmastersbogota.com.co\/es_es\/wp-json\/wp\/v2\/product_tag?post=14154"}],"curies":[{"name":"wp","href":"https:\/\/api.w.org\/{rel}","templated":true}]}}