{"id":14177,"date":"2021-08-09T16:58:28","date_gmt":"2021-08-09T21:58:28","guid":{"rendered":"https:\/\/pcmastersbogota.com.co\/?post_type=product&#038;p=14177"},"modified":"2021-10-26T14:17:55","modified_gmt":"2021-10-26T19:17:55","slug":"azza-blaze-231g-2-fans-rgb","status":"publish","type":"product","link":"https:\/\/pcmastersbogota.com.co\/es_es\/producto\/azza-blaze-231g-2-fans-rgb\/","title":{"rendered":"AZZA BLAZE 231G + 2 FANS RGB"},"content":{"rendered":"<p>https:\/\/azza.gg\/azza\/products\/cases\/blaze<\/p>\n<p>Descripci\u00f3n<br \/>\nTipo: Torre Media ATX.Color: Negro.Paneles laterales: Izquierdo: vidrio templado.Altura m\u00e1xima del enfriador de la CPU: Hasta 155 mm.Longitud m\u00e1xima de la tarjeta de video: Hasta 340 mm.Compatibilidad de la placa base: Micro-ATX.Bah\u00edas de unidad de 2.5\u201d: Hasta 3.Bah\u00edas de unidad de 3.2\u201d: Hasta 3.Ranuras de expansi\u00f3n: 7.Puertos de E\/S superiores: Bot\u00f3n de encendido.Dimensiones de la caja (HxWxD): 480 mm x 197 mm x 427 mm.Peso: 4.8 Kg.Puertos de ventilador disponibles: 2x puertos de ventilador de 120 mm o 2x 140 mm en la parte delantera.Ventilador incluido: 2 ventilados AZZA Prisma RGB de 120 mm.Refrigeraci\u00f3n por agua: Admite radiadores de hasta 240 mm en la parte delantera.Soporte de fuente de alimentaci\u00f3n: Fuente de alimentaci\u00f3n ATX montada en la parte inferior.<\/p>\n","protected":false},"excerpt":{"rendered":"<p>Caja ATX AZZA Blaze con vidrio templado, 2 ventiladores RGB.<\/p>\n","protected":false},"featured_media":15924,"comment_status":"open","ping_status":"closed","template":"","meta":[],"pwb-brand":[317],"product_brand":[],"product_cat":[76],"product_tag":[288],"class_list":{"0":"post-14177","1":"product","2":"type-product","3":"status-publish","4":"has-post-thumbnail","6":"pwb-brand-azza","7":"product_cat-chasis","8":"product_tag-case","10":"first","11":"instock","12":"taxable","13":"shipping-taxable","14":"purchasable","15":"product-type-simple"},"yoast_head":"<!-- This site is optimized with the Yoast SEO plugin v26.7 - https:\/\/yoast.com\/wordpress\/plugins\/seo\/ -->\n<title>AZZA BLAZE 231G + 2 FANS RGB - PC MASTERS BOGOTA<\/title>\n<meta name=\"robots\" content=\"index, follow, max-snippet:-1, max-image-preview:large, max-video-preview:-1\" \/>\n<link rel=\"canonical\" href=\"https:\/\/pcmastersbogota.com.co\/es_es\/producto\/azza-blaze-231g-2-fans-rgb\/\" \/>\n<meta property=\"og:locale\" content=\"es_ES\" \/>\n<meta property=\"og:type\" content=\"article\" \/>\n<meta property=\"og:title\" content=\"AZZA BLAZE 231G + 2 FANS RGB - PC MASTERS BOGOTA\" \/>\n<meta property=\"og:description\" content=\"Caja ATX AZZA Blaze con vidrio templado, 2 ventiladores RGB.\" \/>\n<meta property=\"og:url\" content=\"https:\/\/pcmastersbogota.com.co\/es_es\/producto\/azza-blaze-231g-2-fans-rgb\/\" \/>\n<meta property=\"og:site_name\" content=\"PC MASTERS BOGOTA\" \/>\n<meta property=\"article:modified_time\" content=\"2021-10-26T19:17:55+00:00\" \/>\n<meta property=\"og:image\" content=\"https:\/\/pcmastersbogota.com.co\/wp-content\/uploads\/2021\/08\/16220.png\" \/>\n\t<meta property=\"og:image:width\" content=\"1000\" \/>\n\t<meta property=\"og:image:height\" content=\"1000\" \/>\n\t<meta property=\"og:image:type\" content=\"image\/png\" \/>\n<meta name=\"twitter:card\" content=\"summary_large_image\" \/>\n<meta name=\"twitter:label1\" content=\"Tiempo de lectura\" \/>\n\t<meta name=\"twitter:data1\" content=\"1 minuto\" \/>\n<script type=\"application\/ld+json\" class=\"yoast-schema-graph\">{\"@context\":\"https:\/\/schema.org\",\"@graph\":[{\"@type\":\"WebPage\",\"@id\":\"https:\/\/pcmastersbogota.com.co\/producto\/azza-blaze-231g-2-fans-rgb\/\",\"url\":\"https:\/\/pcmastersbogota.com.co\/producto\/azza-blaze-231g-2-fans-rgb\/\",\"name\":\"AZZA BLAZE 231G + 2 FANS RGB - PC MASTERS BOGOTA\",\"isPartOf\":{\"@id\":\"https:\/\/pcmastersbogota.com.co\/es_es\/#website\"},\"primaryImageOfPage\":{\"@id\":\"https:\/\/pcmastersbogota.com.co\/producto\/azza-blaze-231g-2-fans-rgb\/#primaryimage\"},\"image\":{\"@id\":\"https:\/\/pcmastersbogota.com.co\/producto\/azza-blaze-231g-2-fans-rgb\/#primaryimage\"},\"thumbnailUrl\":\"https:\/\/pcmastersbogota.com.co\/wp-content\/uploads\/2021\/08\/16220.png\",\"datePublished\":\"2021-08-09T21:58:28+00:00\",\"dateModified\":\"2021-10-26T19:17:55+00:00\",\"breadcrumb\":{\"@id\":\"https:\/\/pcmastersbogota.com.co\/producto\/azza-blaze-231g-2-fans-rgb\/#breadcrumb\"},\"inLanguage\":\"es\",\"potentialAction\":[{\"@type\":\"ReadAction\",\"target\":[\"https:\/\/pcmastersbogota.com.co\/producto\/azza-blaze-231g-2-fans-rgb\/\"]}]},{\"@type\":\"ImageObject\",\"inLanguage\":\"es\",\"@id\":\"https:\/\/pcmastersbogota.com.co\/producto\/azza-blaze-231g-2-fans-rgb\/#primaryimage\",\"url\":\"https:\/\/pcmastersbogota.com.co\/wp-content\/uploads\/2021\/08\/16220.png\",\"contentUrl\":\"https:\/\/pcmastersbogota.com.co\/wp-content\/uploads\/2021\/08\/16220.png\",\"width\":1000,\"height\":1000},{\"@type\":\"BreadcrumbList\",\"@id\":\"https:\/\/pcmastersbogota.com.co\/producto\/azza-blaze-231g-2-fans-rgb\/#breadcrumb\",\"itemListElement\":[{\"@type\":\"ListItem\",\"position\":1,\"name\":\"Home\",\"item\":\"https:\/\/pcmastersbogota.com.co\/\"},{\"@type\":\"ListItem\",\"position\":2,\"name\":\"Tienda\",\"item\":\"https:\/\/pcmastersbogota.com.co\/es_es\/tienda\/\"},{\"@type\":\"ListItem\",\"position\":3,\"name\":\"AZZA BLAZE 231G + 2 FANS RGB\"}]},{\"@type\":\"WebSite\",\"@id\":\"https:\/\/pcmastersbogota.com.co\/es_es\/#website\",\"url\":\"https:\/\/pcmastersbogota.com.co\/es_es\/\",\"name\":\"PC MASTERS BOGOTA\",\"description\":\"\",\"potentialAction\":[{\"@type\":\"SearchAction\",\"target\":{\"@type\":\"EntryPoint\",\"urlTemplate\":\"https:\/\/pcmastersbogota.com.co\/es_es\/?s={search_term_string}\"},\"query-input\":{\"@type\":\"PropertyValueSpecification\",\"valueRequired\":true,\"valueName\":\"search_term_string\"}}],\"inLanguage\":\"es\"}]}<\/script>\n<!-- \/ Yoast SEO plugin. -->","yoast_head_json":{"title":"AZZA BLAZE 231G + 2 FANS RGB - PC MASTERS BOGOTA","robots":{"index":"index","follow":"follow","max-snippet":"max-snippet:-1","max-image-preview":"max-image-preview:large","max-video-preview":"max-video-preview:-1"},"canonical":"https:\/\/pcmastersbogota.com.co\/es_es\/producto\/azza-blaze-231g-2-fans-rgb\/","og_locale":"es_ES","og_type":"article","og_title":"AZZA BLAZE 231G + 2 FANS RGB - PC MASTERS BOGOTA","og_description":"Caja ATX AZZA Blaze con vidrio templado, 2 ventiladores RGB.","og_url":"https:\/\/pcmastersbogota.com.co\/es_es\/producto\/azza-blaze-231g-2-fans-rgb\/","og_site_name":"PC MASTERS BOGOTA","article_modified_time":"2021-10-26T19:17:55+00:00","og_image":[{"width":1000,"height":1000,"url":"https:\/\/pcmastersbogota.com.co\/wp-content\/uploads\/2021\/08\/16220.png","type":"image\/png"}],"twitter_card":"summary_large_image","twitter_misc":{"Tiempo de lectura":"1 minuto"},"schema":{"@context":"https:\/\/schema.org","@graph":[{"@type":"WebPage","@id":"https:\/\/pcmastersbogota.com.co\/producto\/azza-blaze-231g-2-fans-rgb\/","url":"https:\/\/pcmastersbogota.com.co\/producto\/azza-blaze-231g-2-fans-rgb\/","name":"AZZA BLAZE 231G + 2 FANS RGB - PC MASTERS BOGOTA","isPartOf":{"@id":"https:\/\/pcmastersbogota.com.co\/es_es\/#website"},"primaryImageOfPage":{"@id":"https:\/\/pcmastersbogota.com.co\/producto\/azza-blaze-231g-2-fans-rgb\/#primaryimage"},"image":{"@id":"https:\/\/pcmastersbogota.com.co\/producto\/azza-blaze-231g-2-fans-rgb\/#primaryimage"},"thumbnailUrl":"https:\/\/pcmastersbogota.com.co\/wp-content\/uploads\/2021\/08\/16220.png","datePublished":"2021-08-09T21:58:28+00:00","dateModified":"2021-10-26T19:17:55+00:00","breadcrumb":{"@id":"https:\/\/pcmastersbogota.com.co\/producto\/azza-blaze-231g-2-fans-rgb\/#breadcrumb"},"inLanguage":"es","potentialAction":[{"@type":"ReadAction","target":["https:\/\/pcmastersbogota.com.co\/producto\/azza-blaze-231g-2-fans-rgb\/"]}]},{"@type":"ImageObject","inLanguage":"es","@id":"https:\/\/pcmastersbogota.com.co\/producto\/azza-blaze-231g-2-fans-rgb\/#primaryimage","url":"https:\/\/pcmastersbogota.com.co\/wp-content\/uploads\/2021\/08\/16220.png","contentUrl":"https:\/\/pcmastersbogota.com.co\/wp-content\/uploads\/2021\/08\/16220.png","width":1000,"height":1000},{"@type":"BreadcrumbList","@id":"https:\/\/pcmastersbogota.com.co\/producto\/azza-blaze-231g-2-fans-rgb\/#breadcrumb","itemListElement":[{"@type":"ListItem","position":1,"name":"Home","item":"https:\/\/pcmastersbogota.com.co\/"},{"@type":"ListItem","position":2,"name":"Tienda","item":"https:\/\/pcmastersbogota.com.co\/es_es\/tienda\/"},{"@type":"ListItem","position":3,"name":"AZZA BLAZE 231G + 2 FANS RGB"}]},{"@type":"WebSite","@id":"https:\/\/pcmastersbogota.com.co\/es_es\/#website","url":"https:\/\/pcmastersbogota.com.co\/es_es\/","name":"PC MASTERS BOGOTA","description":"","potentialAction":[{"@type":"SearchAction","target":{"@type":"EntryPoint","urlTemplate":"https:\/\/pcmastersbogota.com.co\/es_es\/?s={search_term_string}"},"query-input":{"@type":"PropertyValueSpecification","valueRequired":true,"valueName":"search_term_string"}}],"inLanguage":"es"}]}},"brands":[{"id":317,"name":"AZZA","slug":"azza"}],"_links":{"self":[{"href":"https:\/\/pcmastersbogota.com.co\/es_es\/wp-json\/wp\/v2\/product\/14177","targetHints":{"allow":["GET"]}}],"collection":[{"href":"https:\/\/pcmastersbogota.com.co\/es_es\/wp-json\/wp\/v2\/product"}],"about":[{"href":"https:\/\/pcmastersbogota.com.co\/es_es\/wp-json\/wp\/v2\/types\/product"}],"replies":[{"embeddable":true,"href":"https:\/\/pcmastersbogota.com.co\/es_es\/wp-json\/wp\/v2\/comments?post=14177"}],"version-history":[{"count":4,"href":"https:\/\/pcmastersbogota.com.co\/es_es\/wp-json\/wp\/v2\/product\/14177\/revisions"}],"predecessor-version":[{"id":17858,"href":"https:\/\/pcmastersbogota.com.co\/es_es\/wp-json\/wp\/v2\/product\/14177\/revisions\/17858"}],"wp:featuredmedia":[{"embeddable":true,"href":"https:\/\/pcmastersbogota.com.co\/es_es\/wp-json\/wp\/v2\/media\/15924"}],"wp:attachment":[{"href":"https:\/\/pcmastersbogota.com.co\/es_es\/wp-json\/wp\/v2\/media?parent=14177"}],"wp:term":[{"taxonomy":"pwb-brand","embeddable":true,"href":"https:\/\/pcmastersbogota.com.co\/es_es\/wp-json\/wp\/v2\/pwb-brand?post=14177"},{"taxonomy":"product_brand","embeddable":true,"href":"https:\/\/pcmastersbogota.com.co\/es_es\/wp-json\/wp\/v2\/product_brand?post=14177"},{"taxonomy":"product_cat","embeddable":true,"href":"https:\/\/pcmastersbogota.com.co\/es_es\/wp-json\/wp\/v2\/product_cat?post=14177"},{"taxonomy":"product_tag","embeddable":true,"href":"https:\/\/pcmastersbogota.com.co\/es_es\/wp-json\/wp\/v2\/product_tag?post=14177"}],"curies":[{"name":"wp","href":"https:\/\/api.w.org\/{rel}","templated":true}]}}