{"id":14184,"date":"2021-08-09T16:58:29","date_gmt":"2021-08-09T21:58:29","guid":{"rendered":"https:\/\/pcmastersbogota.com.co\/?post_type=product&#038;p=14184"},"modified":"2021-10-26T14:17:55","modified_gmt":"2021-10-26T19:17:55","slug":"corsair-carbide-175r-rgb","status":"publish","type":"product","link":"https:\/\/pcmastersbogota.com.co\/es_es\/producto\/corsair-carbide-175r-rgb\/","title":{"rendered":"CORSAIR CARBIDE 175R RGB"},"content":{"rendered":"<p>https:\/\/www.corsair.com\/es\/es\/Categor%C3%ADas\/Productos\/Chasis\/Chasis-de-semitorre-ATX\/Chasis-ATX-semitorre-para-juegos-de-cristal-templado-Carbide-Series-175R-RGB%2C-negro\/p\/CC-9011171-WW<\/p>\n<p>Descripci\u00f3n<\/p>\n<p>Muestra los componentes de tu sistema con una ventana transparente a su PC.<\/p>\n<p>Oculta la fuente de alimentaci\u00f3n y los cables, creando un dise\u00f1o inmaculado de forma m\u00e1s f\u00e1cil que nunca.<\/p>\n<p>Puedes alojar un m\u00e1ximo de 6 ventiladores de 120 mm o 4 de 140 mm o varios radiadores de diversos tama\u00f1os hasta 360 mm.<\/p>\n<p>Los filtros antipolvo extra\u00edbles de la parte superior, inferior y frontal ayudan a mantener el sistema limpio mucho despu\u00e9s de finalizar el montaje.<\/p>\n<p>El panel frontal de E\/S con dos puertos USB 3.1 y una toma para micr\u00f3fono y auriculares de 3,5 mm le permiten acceder f\u00e1cilmente a sus dispositivos preferidos.<\/p>\n<p>Dimensiones de la caja: 418 mm x 210 mm x 450 mm.Longitud m\u00e1xima de la GPU: 330 mm.Longitud m\u00e1xima de la fuente de alimentaci\u00f3n: 180 mm.Altura m\u00e1xima del enfriador de la CPU: 160 mm.Ranuras de expansi\u00f3n de caja: 7.Bah\u00edas de unidad de caja: (x2) 3,5 pulgadas (x2) 2,5 pulgadas.Factor de forma de caja: Mid-Tower.Caso de vidrio templado con ventana.Material de la caja: Acero, vidrio templado.Compatibilidad del radiador: 120 mm, 140 mm, 240 mm, 280 mm, 360 mm.Refrigeradores l\u00edquidos Corsair compatibles: H55, H60, H75, H80i, H90, H100i, H105, H110i, H115i, H150i.Peso: 6,1 kg \/ 13,45 libras.Iluminaci\u00f3n RGB.Compartimentos de unidad de caja: 3,5\u20332.Compartimentos de unidad de caja: 2,5\u20332.<\/p>\n","protected":false},"excerpt":{"rendered":"<p>Definido por un dise\u00f1o aerodin\u00e1mico y un logotipo de CORSAIR con retroiluminaci\u00f3n en la parte delantera, con un ventilador RGB con seis LED RGB personalizables.<\/p>\n","protected":false},"featured_media":15889,"comment_status":"open","ping_status":"closed","template":"","meta":[],"pwb-brand":[100],"product_brand":[],"product_cat":[76],"product_tag":[288],"class_list":{"0":"post-14184","1":"product","2":"type-product","3":"status-publish","4":"has-post-thumbnail","6":"pwb-brand-corsair","7":"product_cat-chasis","8":"product_tag-case","10":"first","11":"instock","12":"taxable","13":"shipping-taxable","14":"purchasable","15":"product-type-simple"},"yoast_head":"<!-- This site is optimized with the Yoast SEO plugin v26.7 - https:\/\/yoast.com\/wordpress\/plugins\/seo\/ -->\n<title>CORSAIR CARBIDE 175R RGB - PC MASTERS BOGOTA<\/title>\n<meta name=\"robots\" content=\"index, follow, max-snippet:-1, max-image-preview:large, max-video-preview:-1\" \/>\n<link rel=\"canonical\" href=\"https:\/\/pcmastersbogota.com.co\/es_es\/producto\/corsair-carbide-175r-rgb\/\" \/>\n<meta property=\"og:locale\" content=\"es_ES\" \/>\n<meta property=\"og:type\" content=\"article\" \/>\n<meta property=\"og:title\" content=\"CORSAIR CARBIDE 175R RGB - PC MASTERS BOGOTA\" \/>\n<meta property=\"og:description\" content=\"Definido por un dise\u00f1o aerodin\u00e1mico y un logotipo de CORSAIR con retroiluminaci\u00f3n en la parte delantera, con un ventilador RGB con seis LED RGB personalizables.\" \/>\n<meta property=\"og:url\" content=\"https:\/\/pcmastersbogota.com.co\/es_es\/producto\/corsair-carbide-175r-rgb\/\" \/>\n<meta property=\"og:site_name\" content=\"PC MASTERS BOGOTA\" \/>\n<meta property=\"article:modified_time\" content=\"2021-10-26T19:17:55+00:00\" \/>\n<meta property=\"og:image\" content=\"https:\/\/pcmastersbogota.com.co\/wp-content\/uploads\/2021\/08\/16162.png\" \/>\n\t<meta property=\"og:image:width\" content=\"1000\" \/>\n\t<meta property=\"og:image:height\" content=\"1000\" \/>\n\t<meta property=\"og:image:type\" content=\"image\/png\" \/>\n<meta name=\"twitter:card\" content=\"summary_large_image\" \/>\n<meta name=\"twitter:label1\" content=\"Tiempo de lectura\" \/>\n\t<meta name=\"twitter:data1\" content=\"1 minuto\" \/>\n<script type=\"application\/ld+json\" class=\"yoast-schema-graph\">{\"@context\":\"https:\/\/schema.org\",\"@graph\":[{\"@type\":\"WebPage\",\"@id\":\"https:\/\/pcmastersbogota.com.co\/producto\/corsair-carbide-175r-rgb\/\",\"url\":\"https:\/\/pcmastersbogota.com.co\/producto\/corsair-carbide-175r-rgb\/\",\"name\":\"CORSAIR CARBIDE 175R RGB - PC MASTERS BOGOTA\",\"isPartOf\":{\"@id\":\"https:\/\/pcmastersbogota.com.co\/es_es\/#website\"},\"primaryImageOfPage\":{\"@id\":\"https:\/\/pcmastersbogota.com.co\/producto\/corsair-carbide-175r-rgb\/#primaryimage\"},\"image\":{\"@id\":\"https:\/\/pcmastersbogota.com.co\/producto\/corsair-carbide-175r-rgb\/#primaryimage\"},\"thumbnailUrl\":\"https:\/\/pcmastersbogota.com.co\/wp-content\/uploads\/2021\/08\/16162.png\",\"datePublished\":\"2021-08-09T21:58:29+00:00\",\"dateModified\":\"2021-10-26T19:17:55+00:00\",\"breadcrumb\":{\"@id\":\"https:\/\/pcmastersbogota.com.co\/producto\/corsair-carbide-175r-rgb\/#breadcrumb\"},\"inLanguage\":\"es\",\"potentialAction\":[{\"@type\":\"ReadAction\",\"target\":[\"https:\/\/pcmastersbogota.com.co\/producto\/corsair-carbide-175r-rgb\/\"]}]},{\"@type\":\"ImageObject\",\"inLanguage\":\"es\",\"@id\":\"https:\/\/pcmastersbogota.com.co\/producto\/corsair-carbide-175r-rgb\/#primaryimage\",\"url\":\"https:\/\/pcmastersbogota.com.co\/wp-content\/uploads\/2021\/08\/16162.png\",\"contentUrl\":\"https:\/\/pcmastersbogota.com.co\/wp-content\/uploads\/2021\/08\/16162.png\",\"width\":1000,\"height\":1000},{\"@type\":\"BreadcrumbList\",\"@id\":\"https:\/\/pcmastersbogota.com.co\/producto\/corsair-carbide-175r-rgb\/#breadcrumb\",\"itemListElement\":[{\"@type\":\"ListItem\",\"position\":1,\"name\":\"Home\",\"item\":\"https:\/\/pcmastersbogota.com.co\/\"},{\"@type\":\"ListItem\",\"position\":2,\"name\":\"Tienda\",\"item\":\"https:\/\/pcmastersbogota.com.co\/es_es\/tienda\/\"},{\"@type\":\"ListItem\",\"position\":3,\"name\":\"CORSAIR CARBIDE 175R RGB\"}]},{\"@type\":\"WebSite\",\"@id\":\"https:\/\/pcmastersbogota.com.co\/es_es\/#website\",\"url\":\"https:\/\/pcmastersbogota.com.co\/es_es\/\",\"name\":\"PC MASTERS BOGOTA\",\"description\":\"\",\"potentialAction\":[{\"@type\":\"SearchAction\",\"target\":{\"@type\":\"EntryPoint\",\"urlTemplate\":\"https:\/\/pcmastersbogota.com.co\/es_es\/?s={search_term_string}\"},\"query-input\":{\"@type\":\"PropertyValueSpecification\",\"valueRequired\":true,\"valueName\":\"search_term_string\"}}],\"inLanguage\":\"es\"}]}<\/script>\n<!-- \/ Yoast SEO plugin. -->","yoast_head_json":{"title":"CORSAIR CARBIDE 175R RGB - PC MASTERS BOGOTA","robots":{"index":"index","follow":"follow","max-snippet":"max-snippet:-1","max-image-preview":"max-image-preview:large","max-video-preview":"max-video-preview:-1"},"canonical":"https:\/\/pcmastersbogota.com.co\/es_es\/producto\/corsair-carbide-175r-rgb\/","og_locale":"es_ES","og_type":"article","og_title":"CORSAIR CARBIDE 175R RGB - PC MASTERS BOGOTA","og_description":"Definido por un dise\u00f1o aerodin\u00e1mico y un logotipo de CORSAIR con retroiluminaci\u00f3n en la parte delantera, con un ventilador RGB con seis LED RGB personalizables.","og_url":"https:\/\/pcmastersbogota.com.co\/es_es\/producto\/corsair-carbide-175r-rgb\/","og_site_name":"PC MASTERS BOGOTA","article_modified_time":"2021-10-26T19:17:55+00:00","og_image":[{"width":1000,"height":1000,"url":"https:\/\/pcmastersbogota.com.co\/wp-content\/uploads\/2021\/08\/16162.png","type":"image\/png"}],"twitter_card":"summary_large_image","twitter_misc":{"Tiempo de lectura":"1 minuto"},"schema":{"@context":"https:\/\/schema.org","@graph":[{"@type":"WebPage","@id":"https:\/\/pcmastersbogota.com.co\/producto\/corsair-carbide-175r-rgb\/","url":"https:\/\/pcmastersbogota.com.co\/producto\/corsair-carbide-175r-rgb\/","name":"CORSAIR CARBIDE 175R RGB - PC MASTERS BOGOTA","isPartOf":{"@id":"https:\/\/pcmastersbogota.com.co\/es_es\/#website"},"primaryImageOfPage":{"@id":"https:\/\/pcmastersbogota.com.co\/producto\/corsair-carbide-175r-rgb\/#primaryimage"},"image":{"@id":"https:\/\/pcmastersbogota.com.co\/producto\/corsair-carbide-175r-rgb\/#primaryimage"},"thumbnailUrl":"https:\/\/pcmastersbogota.com.co\/wp-content\/uploads\/2021\/08\/16162.png","datePublished":"2021-08-09T21:58:29+00:00","dateModified":"2021-10-26T19:17:55+00:00","breadcrumb":{"@id":"https:\/\/pcmastersbogota.com.co\/producto\/corsair-carbide-175r-rgb\/#breadcrumb"},"inLanguage":"es","potentialAction":[{"@type":"ReadAction","target":["https:\/\/pcmastersbogota.com.co\/producto\/corsair-carbide-175r-rgb\/"]}]},{"@type":"ImageObject","inLanguage":"es","@id":"https:\/\/pcmastersbogota.com.co\/producto\/corsair-carbide-175r-rgb\/#primaryimage","url":"https:\/\/pcmastersbogota.com.co\/wp-content\/uploads\/2021\/08\/16162.png","contentUrl":"https:\/\/pcmastersbogota.com.co\/wp-content\/uploads\/2021\/08\/16162.png","width":1000,"height":1000},{"@type":"BreadcrumbList","@id":"https:\/\/pcmastersbogota.com.co\/producto\/corsair-carbide-175r-rgb\/#breadcrumb","itemListElement":[{"@type":"ListItem","position":1,"name":"Home","item":"https:\/\/pcmastersbogota.com.co\/"},{"@type":"ListItem","position":2,"name":"Tienda","item":"https:\/\/pcmastersbogota.com.co\/es_es\/tienda\/"},{"@type":"ListItem","position":3,"name":"CORSAIR CARBIDE 175R RGB"}]},{"@type":"WebSite","@id":"https:\/\/pcmastersbogota.com.co\/es_es\/#website","url":"https:\/\/pcmastersbogota.com.co\/es_es\/","name":"PC MASTERS BOGOTA","description":"","potentialAction":[{"@type":"SearchAction","target":{"@type":"EntryPoint","urlTemplate":"https:\/\/pcmastersbogota.com.co\/es_es\/?s={search_term_string}"},"query-input":{"@type":"PropertyValueSpecification","valueRequired":true,"valueName":"search_term_string"}}],"inLanguage":"es"}]}},"brands":[{"id":100,"name":"CORSAIR","slug":"corsair"}],"_links":{"self":[{"href":"https:\/\/pcmastersbogota.com.co\/es_es\/wp-json\/wp\/v2\/product\/14184","targetHints":{"allow":["GET"]}}],"collection":[{"href":"https:\/\/pcmastersbogota.com.co\/es_es\/wp-json\/wp\/v2\/product"}],"about":[{"href":"https:\/\/pcmastersbogota.com.co\/es_es\/wp-json\/wp\/v2\/types\/product"}],"replies":[{"embeddable":true,"href":"https:\/\/pcmastersbogota.com.co\/es_es\/wp-json\/wp\/v2\/comments?post=14184"}],"version-history":[{"count":4,"href":"https:\/\/pcmastersbogota.com.co\/es_es\/wp-json\/wp\/v2\/product\/14184\/revisions"}],"predecessor-version":[{"id":17854,"href":"https:\/\/pcmastersbogota.com.co\/es_es\/wp-json\/wp\/v2\/product\/14184\/revisions\/17854"}],"wp:featuredmedia":[{"embeddable":true,"href":"https:\/\/pcmastersbogota.com.co\/es_es\/wp-json\/wp\/v2\/media\/15889"}],"wp:attachment":[{"href":"https:\/\/pcmastersbogota.com.co\/es_es\/wp-json\/wp\/v2\/media?parent=14184"}],"wp:term":[{"taxonomy":"pwb-brand","embeddable":true,"href":"https:\/\/pcmastersbogota.com.co\/es_es\/wp-json\/wp\/v2\/pwb-brand?post=14184"},{"taxonomy":"product_brand","embeddable":true,"href":"https:\/\/pcmastersbogota.com.co\/es_es\/wp-json\/wp\/v2\/product_brand?post=14184"},{"taxonomy":"product_cat","embeddable":true,"href":"https:\/\/pcmastersbogota.com.co\/es_es\/wp-json\/wp\/v2\/product_cat?post=14184"},{"taxonomy":"product_tag","embeddable":true,"href":"https:\/\/pcmastersbogota.com.co\/es_es\/wp-json\/wp\/v2\/product_tag?post=14184"}],"curies":[{"name":"wp","href":"https:\/\/api.w.org\/{rel}","templated":true}]}}