{"id":14239,"date":"2021-08-09T16:58:41","date_gmt":"2021-08-09T21:58:41","guid":{"rendered":"https:\/\/pcmastersbogota.com.co\/?post_type=product&#038;p=14239"},"modified":"2023-09-13T15:01:19","modified_gmt":"2023-09-13T20:01:19","slug":"msi-mpg-gungnir-110r-4fans-rgb","status":"publish","type":"product","link":"https:\/\/pcmastersbogota.com.co\/es_es\/producto\/msi-mpg-gungnir-110r-4fans-rgb\/","title":{"rendered":"MSI MPG GUNGNIR 110R + 4FANS RGB"},"content":{"rendered":"<p>https:\/\/latam.msi.com\/PC-Case\/MPG-GUNGNIR-110R<\/p>\n<p>Nombre del producto: MPG GUNGNIR 110R.Soporta factor de forma MB: ATX \/ M-ATX \/ Mini ITX.Dimensi\u00f3n: 215 (W) x 430 (D) x 450 (H) mm \/ 8.46 (W) x 16.93 (D) x 17.72 (H) pulgadas.Puertos de E \/ S: 2 x USB 3.2 Gen 1 Tipo A \/ 1 x USB 3.2 Gen 2 Tipo C \/ Audio HD \/ Mic.Bah\u00edas de controlador: 2 x 2.5 \u00ab, 2 x 3.5\u00bb con bandeja combinada de 2.5 \u00ab.Soporte de tarjeta VGA: Max 340 mm \/ 13,39 pulgadas.Soporte de enfriador de CPU: Max 170 mm \/ 6,69 pulgadas.Fuente de alimentaci\u00f3n: ATX est\u00e1ndar, m\u00e1x. Hasta 250 mm (sin carcasa HDD de 3,5 \u00abinstalada).Disposici\u00f3n de enfriamiento:<br \/>\nDelantero M\u00e1x .: 3 x 120 mm o 2 x 140 mm (Ventilador ARGB de 3 x 120 mm incluido)<br \/>\nSuperior M\u00e1x .: 2 x 120 mm o 2 x 140 mm<br \/>\nTrasero: 1 x 120 mm (1 ventilador ARGB de 120 mm incluido)<br \/>\nDisposici\u00f3n del radiador: Frontal: hasta 360 mm \/ Superior: hasta 240 mm \/ Trasera: hasta 120 mm.Ranuras de expansi\u00f3n de caja: 7.<\/p>\n","protected":false},"excerpt":{"rendered":"<p>Destaque con la serie MPG GUNGNIR 110, el ep\u00edtome de los altos est\u00e1ndares en un chasis de media torre. Dise\u00f1ado con versatilidad, construido con materiales de alta calidad y nacido para el rendimiento. Elija la eminencia y abrace la excelencia.<\/p>\n","protected":false},"featured_media":15768,"comment_status":"open","ping_status":"closed","template":"","meta":[],"pwb-brand":[214],"product_brand":[],"product_cat":[76],"product_tag":[288],"class_list":{"0":"post-14239","1":"product","2":"type-product","3":"status-publish","4":"has-post-thumbnail","6":"pwb-brand-msi","7":"product_cat-chasis","8":"product_tag-case","10":"first","11":"instock","12":"taxable","13":"shipping-taxable","14":"purchasable","15":"product-type-simple"},"yoast_head":"<!-- This site is optimized with the Yoast SEO plugin v26.7 - https:\/\/yoast.com\/wordpress\/plugins\/seo\/ -->\n<title>MSI MPG GUNGNIR 110R + 4FANS RGB - PC MASTERS BOGOTA<\/title>\n<meta name=\"robots\" content=\"index, follow, max-snippet:-1, max-image-preview:large, max-video-preview:-1\" \/>\n<link rel=\"canonical\" href=\"https:\/\/pcmastersbogota.com.co\/es_es\/producto\/msi-mpg-gungnir-110r-4fans-rgb\/\" \/>\n<meta property=\"og:locale\" content=\"es_ES\" \/>\n<meta property=\"og:type\" content=\"article\" \/>\n<meta property=\"og:title\" content=\"MSI MPG GUNGNIR 110R + 4FANS RGB - PC MASTERS BOGOTA\" \/>\n<meta property=\"og:description\" content=\"Destaque con la serie MPG GUNGNIR 110, el ep\u00edtome de los altos est\u00e1ndares en un chasis de media torre. Dise\u00f1ado con versatilidad, construido con materiales de alta calidad y nacido para el rendimiento. Elija la eminencia y abrace la excelencia.\" \/>\n<meta property=\"og:url\" content=\"https:\/\/pcmastersbogota.com.co\/es_es\/producto\/msi-mpg-gungnir-110r-4fans-rgb\/\" \/>\n<meta property=\"og:site_name\" content=\"PC MASTERS BOGOTA\" \/>\n<meta property=\"article:modified_time\" content=\"2023-09-13T20:01:19+00:00\" \/>\n<meta property=\"og:image\" content=\"https:\/\/pcmastersbogota.com.co\/wp-content\/uploads\/2021\/08\/16279.png\" \/>\n\t<meta property=\"og:image:width\" content=\"1000\" \/>\n\t<meta property=\"og:image:height\" content=\"1000\" \/>\n\t<meta property=\"og:image:type\" content=\"image\/png\" \/>\n<meta name=\"twitter:card\" content=\"summary_large_image\" \/>\n<meta name=\"twitter:label1\" content=\"Tiempo de lectura\" \/>\n\t<meta name=\"twitter:data1\" content=\"1 minuto\" \/>\n<script type=\"application\/ld+json\" class=\"yoast-schema-graph\">{\"@context\":\"https:\/\/schema.org\",\"@graph\":[{\"@type\":\"WebPage\",\"@id\":\"https:\/\/pcmastersbogota.com.co\/producto\/msi-mpg-gungnir-110r-4fans-rgb\/\",\"url\":\"https:\/\/pcmastersbogota.com.co\/producto\/msi-mpg-gungnir-110r-4fans-rgb\/\",\"name\":\"MSI MPG GUNGNIR 110R + 4FANS RGB - PC MASTERS BOGOTA\",\"isPartOf\":{\"@id\":\"https:\/\/pcmastersbogota.com.co\/es_es\/#website\"},\"primaryImageOfPage\":{\"@id\":\"https:\/\/pcmastersbogota.com.co\/producto\/msi-mpg-gungnir-110r-4fans-rgb\/#primaryimage\"},\"image\":{\"@id\":\"https:\/\/pcmastersbogota.com.co\/producto\/msi-mpg-gungnir-110r-4fans-rgb\/#primaryimage\"},\"thumbnailUrl\":\"https:\/\/pcmastersbogota.com.co\/wp-content\/uploads\/2021\/08\/16279.png\",\"datePublished\":\"2021-08-09T21:58:41+00:00\",\"dateModified\":\"2023-09-13T20:01:19+00:00\",\"breadcrumb\":{\"@id\":\"https:\/\/pcmastersbogota.com.co\/producto\/msi-mpg-gungnir-110r-4fans-rgb\/#breadcrumb\"},\"inLanguage\":\"es\",\"potentialAction\":[{\"@type\":\"ReadAction\",\"target\":[\"https:\/\/pcmastersbogota.com.co\/producto\/msi-mpg-gungnir-110r-4fans-rgb\/\"]}]},{\"@type\":\"ImageObject\",\"inLanguage\":\"es\",\"@id\":\"https:\/\/pcmastersbogota.com.co\/producto\/msi-mpg-gungnir-110r-4fans-rgb\/#primaryimage\",\"url\":\"https:\/\/pcmastersbogota.com.co\/wp-content\/uploads\/2021\/08\/16279.png\",\"contentUrl\":\"https:\/\/pcmastersbogota.com.co\/wp-content\/uploads\/2021\/08\/16279.png\",\"width\":1000,\"height\":1000},{\"@type\":\"BreadcrumbList\",\"@id\":\"https:\/\/pcmastersbogota.com.co\/producto\/msi-mpg-gungnir-110r-4fans-rgb\/#breadcrumb\",\"itemListElement\":[{\"@type\":\"ListItem\",\"position\":1,\"name\":\"Home\",\"item\":\"https:\/\/pcmastersbogota.com.co\/\"},{\"@type\":\"ListItem\",\"position\":2,\"name\":\"Tienda\",\"item\":\"https:\/\/pcmastersbogota.com.co\/es_es\/tienda\/\"},{\"@type\":\"ListItem\",\"position\":3,\"name\":\"MSI MPG GUNGNIR 110R + 4FANS RGB\"}]},{\"@type\":\"WebSite\",\"@id\":\"https:\/\/pcmastersbogota.com.co\/es_es\/#website\",\"url\":\"https:\/\/pcmastersbogota.com.co\/es_es\/\",\"name\":\"PC MASTERS BOGOTA\",\"description\":\"\",\"potentialAction\":[{\"@type\":\"SearchAction\",\"target\":{\"@type\":\"EntryPoint\",\"urlTemplate\":\"https:\/\/pcmastersbogota.com.co\/es_es\/?s={search_term_string}\"},\"query-input\":{\"@type\":\"PropertyValueSpecification\",\"valueRequired\":true,\"valueName\":\"search_term_string\"}}],\"inLanguage\":\"es\"}]}<\/script>\n<!-- \/ Yoast SEO plugin. -->","yoast_head_json":{"title":"MSI MPG GUNGNIR 110R + 4FANS RGB - PC MASTERS BOGOTA","robots":{"index":"index","follow":"follow","max-snippet":"max-snippet:-1","max-image-preview":"max-image-preview:large","max-video-preview":"max-video-preview:-1"},"canonical":"https:\/\/pcmastersbogota.com.co\/es_es\/producto\/msi-mpg-gungnir-110r-4fans-rgb\/","og_locale":"es_ES","og_type":"article","og_title":"MSI MPG GUNGNIR 110R + 4FANS RGB - PC MASTERS BOGOTA","og_description":"Destaque con la serie MPG GUNGNIR 110, el ep\u00edtome de los altos est\u00e1ndares en un chasis de media torre. Dise\u00f1ado con versatilidad, construido con materiales de alta calidad y nacido para el rendimiento. Elija la eminencia y abrace la excelencia.","og_url":"https:\/\/pcmastersbogota.com.co\/es_es\/producto\/msi-mpg-gungnir-110r-4fans-rgb\/","og_site_name":"PC MASTERS BOGOTA","article_modified_time":"2023-09-13T20:01:19+00:00","og_image":[{"width":1000,"height":1000,"url":"https:\/\/pcmastersbogota.com.co\/wp-content\/uploads\/2021\/08\/16279.png","type":"image\/png"}],"twitter_card":"summary_large_image","twitter_misc":{"Tiempo de lectura":"1 minuto"},"schema":{"@context":"https:\/\/schema.org","@graph":[{"@type":"WebPage","@id":"https:\/\/pcmastersbogota.com.co\/producto\/msi-mpg-gungnir-110r-4fans-rgb\/","url":"https:\/\/pcmastersbogota.com.co\/producto\/msi-mpg-gungnir-110r-4fans-rgb\/","name":"MSI MPG GUNGNIR 110R + 4FANS RGB - PC MASTERS BOGOTA","isPartOf":{"@id":"https:\/\/pcmastersbogota.com.co\/es_es\/#website"},"primaryImageOfPage":{"@id":"https:\/\/pcmastersbogota.com.co\/producto\/msi-mpg-gungnir-110r-4fans-rgb\/#primaryimage"},"image":{"@id":"https:\/\/pcmastersbogota.com.co\/producto\/msi-mpg-gungnir-110r-4fans-rgb\/#primaryimage"},"thumbnailUrl":"https:\/\/pcmastersbogota.com.co\/wp-content\/uploads\/2021\/08\/16279.png","datePublished":"2021-08-09T21:58:41+00:00","dateModified":"2023-09-13T20:01:19+00:00","breadcrumb":{"@id":"https:\/\/pcmastersbogota.com.co\/producto\/msi-mpg-gungnir-110r-4fans-rgb\/#breadcrumb"},"inLanguage":"es","potentialAction":[{"@type":"ReadAction","target":["https:\/\/pcmastersbogota.com.co\/producto\/msi-mpg-gungnir-110r-4fans-rgb\/"]}]},{"@type":"ImageObject","inLanguage":"es","@id":"https:\/\/pcmastersbogota.com.co\/producto\/msi-mpg-gungnir-110r-4fans-rgb\/#primaryimage","url":"https:\/\/pcmastersbogota.com.co\/wp-content\/uploads\/2021\/08\/16279.png","contentUrl":"https:\/\/pcmastersbogota.com.co\/wp-content\/uploads\/2021\/08\/16279.png","width":1000,"height":1000},{"@type":"BreadcrumbList","@id":"https:\/\/pcmastersbogota.com.co\/producto\/msi-mpg-gungnir-110r-4fans-rgb\/#breadcrumb","itemListElement":[{"@type":"ListItem","position":1,"name":"Home","item":"https:\/\/pcmastersbogota.com.co\/"},{"@type":"ListItem","position":2,"name":"Tienda","item":"https:\/\/pcmastersbogota.com.co\/es_es\/tienda\/"},{"@type":"ListItem","position":3,"name":"MSI MPG GUNGNIR 110R + 4FANS RGB"}]},{"@type":"WebSite","@id":"https:\/\/pcmastersbogota.com.co\/es_es\/#website","url":"https:\/\/pcmastersbogota.com.co\/es_es\/","name":"PC MASTERS BOGOTA","description":"","potentialAction":[{"@type":"SearchAction","target":{"@type":"EntryPoint","urlTemplate":"https:\/\/pcmastersbogota.com.co\/es_es\/?s={search_term_string}"},"query-input":{"@type":"PropertyValueSpecification","valueRequired":true,"valueName":"search_term_string"}}],"inLanguage":"es"}]}},"brands":[{"id":214,"name":"MSI","slug":"msi"}],"_links":{"self":[{"href":"https:\/\/pcmastersbogota.com.co\/es_es\/wp-json\/wp\/v2\/product\/14239","targetHints":{"allow":["GET"]}}],"collection":[{"href":"https:\/\/pcmastersbogota.com.co\/es_es\/wp-json\/wp\/v2\/product"}],"about":[{"href":"https:\/\/pcmastersbogota.com.co\/es_es\/wp-json\/wp\/v2\/types\/product"}],"replies":[{"embeddable":true,"href":"https:\/\/pcmastersbogota.com.co\/es_es\/wp-json\/wp\/v2\/comments?post=14239"}],"version-history":[{"count":3,"href":"https:\/\/pcmastersbogota.com.co\/es_es\/wp-json\/wp\/v2\/product\/14239\/revisions"}],"predecessor-version":[{"id":17833,"href":"https:\/\/pcmastersbogota.com.co\/es_es\/wp-json\/wp\/v2\/product\/14239\/revisions\/17833"}],"wp:featuredmedia":[{"embeddable":true,"href":"https:\/\/pcmastersbogota.com.co\/es_es\/wp-json\/wp\/v2\/media\/15768"}],"wp:attachment":[{"href":"https:\/\/pcmastersbogota.com.co\/es_es\/wp-json\/wp\/v2\/media?parent=14239"}],"wp:term":[{"taxonomy":"pwb-brand","embeddable":true,"href":"https:\/\/pcmastersbogota.com.co\/es_es\/wp-json\/wp\/v2\/pwb-brand?post=14239"},{"taxonomy":"product_brand","embeddable":true,"href":"https:\/\/pcmastersbogota.com.co\/es_es\/wp-json\/wp\/v2\/product_brand?post=14239"},{"taxonomy":"product_cat","embeddable":true,"href":"https:\/\/pcmastersbogota.com.co\/es_es\/wp-json\/wp\/v2\/product_cat?post=14239"},{"taxonomy":"product_tag","embeddable":true,"href":"https:\/\/pcmastersbogota.com.co\/es_es\/wp-json\/wp\/v2\/product_tag?post=14239"}],"curies":[{"name":"wp","href":"https:\/\/api.w.org\/{rel}","templated":true}]}}