{"id":14361,"date":"2021-08-09T19:23:35","date_gmt":"2021-08-10T00:23:35","guid":{"rendered":"https:\/\/pcmastersbogota.com.co\/?post_type=product&#038;p=14361"},"modified":"2021-10-26T14:17:51","modified_gmt":"2021-10-26T19:17:51","slug":"cooler-master-cmp505-acr3rgb-cooler-master-bronce","status":"publish","type":"product","link":"https:\/\/pcmastersbogota.com.co\/es_es\/producto\/cooler-master-cmp505-acr3rgb-cooler-master-bronce\/","title":{"rendered":"COOLER MASTER CMP505 ACR3RGB+ COOLER MASTER BRONCE"},"content":{"rendered":"<p>https:\/\/www.coolermaster.com\/catalog\/legacy-products\/cases\/cmp-500\/<\/p>\n<p>Caracter\u00edsticas principales<br \/>\nMarca Cooler Master<br \/>\nL\u00ednea Elite<br \/>\nModelo CMP 505<br \/>\nOtras caracter\u00edsticas<br \/>\nPuertos: USB 3.0 x 2,Audio in \/ Out..<br \/>\nPotencia de la fuente de alimentaci\u00f3n: 600 W<br \/>\nEs gamer: S\u00ed<br \/>\nDescripci\u00f3n<br \/>\nDescripci\u00f3n<br \/>\nCaja<br \/>\nMaterial: Acero, Pl\u00e1stico.<br \/>\nVentana lateral.<br \/>\nSlots expansi\u00f3n: 7.<br \/>\nBah\u00edas de unidad: 5.25: 12.5: 2 3.5: 2.X.<br \/>\nPuertos i\/o: USB 3.0 x 2, Audio in \/ Out..<br \/>\nVentiladores: 120mm x 3 LED.<br \/>\nSoporte ventilador:<br \/>\nFrente: 120mm x 3.<br \/>\nPosterior: 120mm x 1 no incluye.<br \/>\nSuperior: 120mm x 2 no incluye.<\/p>\n<p>Fuente<br \/>\nLa nueva fuente de alimentaci\u00f3n Elite V3 es una opci\u00f3n confiable para el usuario diario de PC. El ventilador silencioso de 120 mm incluido, el soporte PCI-E y la garant\u00eda global de 3 a\u00f1os brindan una fuente de alimentaci\u00f3n que brinda funcionalidad y resistencia en las que puede confiar.<\/p>\n<p>Cuanto mayor sea la eficiencia de una fuente de alimentaci\u00f3n, menor ser\u00e1 la cantidad total de energ\u00eda que necesita para alimentar su sistema. La nueva serie Elite V3 tiene una eficiencia t\u00edpica garantizada del 75%.<\/p>\n","protected":false},"excerpt":{"rendered":"<p>Combo de caja Cooler Master 3 RGB negra mas fuente 600W V3<\/p>\n","protected":false},"featured_media":15696,"comment_status":"open","ping_status":"closed","template":"","meta":[],"pwb-brand":[123],"product_brand":[],"product_cat":[76],"product_tag":[311],"class_list":{"0":"post-14361","1":"product","2":"type-product","3":"status-publish","4":"has-post-thumbnail","6":"pwb-brand-cooler-master","7":"product_cat-chasis","8":"product_tag-chasis-con-fuente","10":"first","11":"instock","12":"taxable","13":"shipping-taxable","14":"purchasable","15":"product-type-simple"},"yoast_head":"<!-- This site is optimized with the Yoast SEO plugin v26.7 - https:\/\/yoast.com\/wordpress\/plugins\/seo\/ -->\n<title>COOLER MASTER CMP505 ACR3RGB+ COOLER MASTER BRONCE - PC MASTERS BOGOTA<\/title>\n<meta name=\"robots\" content=\"index, follow, max-snippet:-1, max-image-preview:large, max-video-preview:-1\" \/>\n<link rel=\"canonical\" href=\"https:\/\/pcmastersbogota.com.co\/es_es\/producto\/cooler-master-cmp505-acr3rgb-cooler-master-bronce\/\" \/>\n<meta property=\"og:locale\" content=\"es_ES\" \/>\n<meta property=\"og:type\" content=\"article\" \/>\n<meta property=\"og:title\" content=\"COOLER MASTER CMP505 ACR3RGB+ COOLER MASTER BRONCE - PC MASTERS BOGOTA\" \/>\n<meta property=\"og:description\" content=\"Combo de caja Cooler Master 3 RGB negra mas fuente 600W V3\" \/>\n<meta property=\"og:url\" content=\"https:\/\/pcmastersbogota.com.co\/es_es\/producto\/cooler-master-cmp505-acr3rgb-cooler-master-bronce\/\" \/>\n<meta property=\"og:site_name\" content=\"PC MASTERS BOGOTA\" \/>\n<meta property=\"article:modified_time\" content=\"2021-10-26T19:17:51+00:00\" \/>\n<meta property=\"og:image\" content=\"https:\/\/pcmastersbogota.com.co\/wp-content\/uploads\/2021\/08\/17056.png\" \/>\n\t<meta property=\"og:image:width\" content=\"1000\" \/>\n\t<meta property=\"og:image:height\" content=\"1000\" \/>\n\t<meta property=\"og:image:type\" content=\"image\/png\" \/>\n<meta name=\"twitter:card\" content=\"summary_large_image\" \/>\n<meta name=\"twitter:label1\" content=\"Tiempo de lectura\" \/>\n\t<meta name=\"twitter:data1\" content=\"1 minuto\" \/>\n<script type=\"application\/ld+json\" class=\"yoast-schema-graph\">{\"@context\":\"https:\/\/schema.org\",\"@graph\":[{\"@type\":\"WebPage\",\"@id\":\"https:\/\/pcmastersbogota.com.co\/producto\/cooler-master-cmp505-acr3rgb-cooler-master-bronce\/\",\"url\":\"https:\/\/pcmastersbogota.com.co\/producto\/cooler-master-cmp505-acr3rgb-cooler-master-bronce\/\",\"name\":\"COOLER MASTER CMP505 ACR3RGB+ COOLER MASTER BRONCE - PC MASTERS BOGOTA\",\"isPartOf\":{\"@id\":\"https:\/\/pcmastersbogota.com.co\/es_es\/#website\"},\"primaryImageOfPage\":{\"@id\":\"https:\/\/pcmastersbogota.com.co\/producto\/cooler-master-cmp505-acr3rgb-cooler-master-bronce\/#primaryimage\"},\"image\":{\"@id\":\"https:\/\/pcmastersbogota.com.co\/producto\/cooler-master-cmp505-acr3rgb-cooler-master-bronce\/#primaryimage\"},\"thumbnailUrl\":\"https:\/\/pcmastersbogota.com.co\/wp-content\/uploads\/2021\/08\/17056.png\",\"datePublished\":\"2021-08-10T00:23:35+00:00\",\"dateModified\":\"2021-10-26T19:17:51+00:00\",\"breadcrumb\":{\"@id\":\"https:\/\/pcmastersbogota.com.co\/producto\/cooler-master-cmp505-acr3rgb-cooler-master-bronce\/#breadcrumb\"},\"inLanguage\":\"es\",\"potentialAction\":[{\"@type\":\"ReadAction\",\"target\":[\"https:\/\/pcmastersbogota.com.co\/producto\/cooler-master-cmp505-acr3rgb-cooler-master-bronce\/\"]}]},{\"@type\":\"ImageObject\",\"inLanguage\":\"es\",\"@id\":\"https:\/\/pcmastersbogota.com.co\/producto\/cooler-master-cmp505-acr3rgb-cooler-master-bronce\/#primaryimage\",\"url\":\"https:\/\/pcmastersbogota.com.co\/wp-content\/uploads\/2021\/08\/17056.png\",\"contentUrl\":\"https:\/\/pcmastersbogota.com.co\/wp-content\/uploads\/2021\/08\/17056.png\",\"width\":1000,\"height\":1000},{\"@type\":\"BreadcrumbList\",\"@id\":\"https:\/\/pcmastersbogota.com.co\/producto\/cooler-master-cmp505-acr3rgb-cooler-master-bronce\/#breadcrumb\",\"itemListElement\":[{\"@type\":\"ListItem\",\"position\":1,\"name\":\"Home\",\"item\":\"https:\/\/pcmastersbogota.com.co\/\"},{\"@type\":\"ListItem\",\"position\":2,\"name\":\"Tienda\",\"item\":\"https:\/\/pcmastersbogota.com.co\/es_es\/tienda\/\"},{\"@type\":\"ListItem\",\"position\":3,\"name\":\"COOLER MASTER CMP505 ACR3RGB+ COOLER MASTER BRONCE\"}]},{\"@type\":\"WebSite\",\"@id\":\"https:\/\/pcmastersbogota.com.co\/es_es\/#website\",\"url\":\"https:\/\/pcmastersbogota.com.co\/es_es\/\",\"name\":\"PC MASTERS BOGOTA\",\"description\":\"\",\"potentialAction\":[{\"@type\":\"SearchAction\",\"target\":{\"@type\":\"EntryPoint\",\"urlTemplate\":\"https:\/\/pcmastersbogota.com.co\/es_es\/?s={search_term_string}\"},\"query-input\":{\"@type\":\"PropertyValueSpecification\",\"valueRequired\":true,\"valueName\":\"search_term_string\"}}],\"inLanguage\":\"es\"}]}<\/script>\n<!-- \/ Yoast SEO plugin. -->","yoast_head_json":{"title":"COOLER MASTER CMP505 ACR3RGB+ COOLER MASTER BRONCE - PC MASTERS BOGOTA","robots":{"index":"index","follow":"follow","max-snippet":"max-snippet:-1","max-image-preview":"max-image-preview:large","max-video-preview":"max-video-preview:-1"},"canonical":"https:\/\/pcmastersbogota.com.co\/es_es\/producto\/cooler-master-cmp505-acr3rgb-cooler-master-bronce\/","og_locale":"es_ES","og_type":"article","og_title":"COOLER MASTER CMP505 ACR3RGB+ COOLER MASTER BRONCE - PC MASTERS BOGOTA","og_description":"Combo de caja Cooler Master 3 RGB negra mas fuente 600W V3","og_url":"https:\/\/pcmastersbogota.com.co\/es_es\/producto\/cooler-master-cmp505-acr3rgb-cooler-master-bronce\/","og_site_name":"PC MASTERS BOGOTA","article_modified_time":"2021-10-26T19:17:51+00:00","og_image":[{"width":1000,"height":1000,"url":"https:\/\/pcmastersbogota.com.co\/wp-content\/uploads\/2021\/08\/17056.png","type":"image\/png"}],"twitter_card":"summary_large_image","twitter_misc":{"Tiempo de lectura":"1 minuto"},"schema":{"@context":"https:\/\/schema.org","@graph":[{"@type":"WebPage","@id":"https:\/\/pcmastersbogota.com.co\/producto\/cooler-master-cmp505-acr3rgb-cooler-master-bronce\/","url":"https:\/\/pcmastersbogota.com.co\/producto\/cooler-master-cmp505-acr3rgb-cooler-master-bronce\/","name":"COOLER MASTER CMP505 ACR3RGB+ COOLER MASTER BRONCE - PC MASTERS BOGOTA","isPartOf":{"@id":"https:\/\/pcmastersbogota.com.co\/es_es\/#website"},"primaryImageOfPage":{"@id":"https:\/\/pcmastersbogota.com.co\/producto\/cooler-master-cmp505-acr3rgb-cooler-master-bronce\/#primaryimage"},"image":{"@id":"https:\/\/pcmastersbogota.com.co\/producto\/cooler-master-cmp505-acr3rgb-cooler-master-bronce\/#primaryimage"},"thumbnailUrl":"https:\/\/pcmastersbogota.com.co\/wp-content\/uploads\/2021\/08\/17056.png","datePublished":"2021-08-10T00:23:35+00:00","dateModified":"2021-10-26T19:17:51+00:00","breadcrumb":{"@id":"https:\/\/pcmastersbogota.com.co\/producto\/cooler-master-cmp505-acr3rgb-cooler-master-bronce\/#breadcrumb"},"inLanguage":"es","potentialAction":[{"@type":"ReadAction","target":["https:\/\/pcmastersbogota.com.co\/producto\/cooler-master-cmp505-acr3rgb-cooler-master-bronce\/"]}]},{"@type":"ImageObject","inLanguage":"es","@id":"https:\/\/pcmastersbogota.com.co\/producto\/cooler-master-cmp505-acr3rgb-cooler-master-bronce\/#primaryimage","url":"https:\/\/pcmastersbogota.com.co\/wp-content\/uploads\/2021\/08\/17056.png","contentUrl":"https:\/\/pcmastersbogota.com.co\/wp-content\/uploads\/2021\/08\/17056.png","width":1000,"height":1000},{"@type":"BreadcrumbList","@id":"https:\/\/pcmastersbogota.com.co\/producto\/cooler-master-cmp505-acr3rgb-cooler-master-bronce\/#breadcrumb","itemListElement":[{"@type":"ListItem","position":1,"name":"Home","item":"https:\/\/pcmastersbogota.com.co\/"},{"@type":"ListItem","position":2,"name":"Tienda","item":"https:\/\/pcmastersbogota.com.co\/es_es\/tienda\/"},{"@type":"ListItem","position":3,"name":"COOLER MASTER CMP505 ACR3RGB+ COOLER MASTER BRONCE"}]},{"@type":"WebSite","@id":"https:\/\/pcmastersbogota.com.co\/es_es\/#website","url":"https:\/\/pcmastersbogota.com.co\/es_es\/","name":"PC MASTERS BOGOTA","description":"","potentialAction":[{"@type":"SearchAction","target":{"@type":"EntryPoint","urlTemplate":"https:\/\/pcmastersbogota.com.co\/es_es\/?s={search_term_string}"},"query-input":{"@type":"PropertyValueSpecification","valueRequired":true,"valueName":"search_term_string"}}],"inLanguage":"es"}]}},"brands":[{"id":123,"name":"COOLER MASTER","slug":"cooler-master"}],"_links":{"self":[{"href":"https:\/\/pcmastersbogota.com.co\/es_es\/wp-json\/wp\/v2\/product\/14361","targetHints":{"allow":["GET"]}}],"collection":[{"href":"https:\/\/pcmastersbogota.com.co\/es_es\/wp-json\/wp\/v2\/product"}],"about":[{"href":"https:\/\/pcmastersbogota.com.co\/es_es\/wp-json\/wp\/v2\/types\/product"}],"replies":[{"embeddable":true,"href":"https:\/\/pcmastersbogota.com.co\/es_es\/wp-json\/wp\/v2\/comments?post=14361"}],"version-history":[{"count":4,"href":"https:\/\/pcmastersbogota.com.co\/es_es\/wp-json\/wp\/v2\/product\/14361\/revisions"}],"predecessor-version":[{"id":17820,"href":"https:\/\/pcmastersbogota.com.co\/es_es\/wp-json\/wp\/v2\/product\/14361\/revisions\/17820"}],"wp:featuredmedia":[{"embeddable":true,"href":"https:\/\/pcmastersbogota.com.co\/es_es\/wp-json\/wp\/v2\/media\/15696"}],"wp:attachment":[{"href":"https:\/\/pcmastersbogota.com.co\/es_es\/wp-json\/wp\/v2\/media?parent=14361"}],"wp:term":[{"taxonomy":"pwb-brand","embeddable":true,"href":"https:\/\/pcmastersbogota.com.co\/es_es\/wp-json\/wp\/v2\/pwb-brand?post=14361"},{"taxonomy":"product_brand","embeddable":true,"href":"https:\/\/pcmastersbogota.com.co\/es_es\/wp-json\/wp\/v2\/product_brand?post=14361"},{"taxonomy":"product_cat","embeddable":true,"href":"https:\/\/pcmastersbogota.com.co\/es_es\/wp-json\/wp\/v2\/product_cat?post=14361"},{"taxonomy":"product_tag","embeddable":true,"href":"https:\/\/pcmastersbogota.com.co\/es_es\/wp-json\/wp\/v2\/product_tag?post=14361"}],"curies":[{"name":"wp","href":"https:\/\/api.w.org\/{rel}","templated":true}]}}