{"id":14363,"date":"2021-08-09T19:23:35","date_gmt":"2021-08-10T00:23:35","guid":{"rendered":"https:\/\/pcmastersbogota.com.co\/?post_type=product&#038;p=14363"},"modified":"2021-10-26T14:17:51","modified_gmt":"2021-10-26T19:17:51","slug":"cougar-mx331t-vtargb-cougar-600w-white","status":"publish","type":"product","link":"https:\/\/pcmastersbogota.com.co\/es_es\/producto\/cougar-mx331t-vtargb-cougar-600w-white\/","title":{"rendered":"COUGAR MX331T VTARGB + COUGAR  600W WHITE"},"content":{"rendered":"<p>https:\/\/cougargaming.com\/products\/cases\/mx331-t\/<\/p>\n<p>Descripci\u00f3n<br \/>\nCaja<br \/>\nTambi\u00e9n est\u00e1 equipado con un controlador de velocidad de ventilador ajustable y 4 puertos USB para brindarle experiencias eficientes y convenientes.<\/p>\n<p>Las tres tiras de iluminaci\u00f3n ARGB del MX331-T le brindan un dise\u00f1o elegante. El panel frontal de acr\u00edlico tambi\u00e9n mejora los efectos de iluminaci\u00f3n fluida, lo que le ayuda a presentar una construcci\u00f3n impresionante.<\/p>\n<p>Una hermosa ventana de vidrio templado act\u00faa como un portal hacia el interior de su PC. Ideal para aquellos que desean configurar un espect\u00e1culo de iluminaci\u00f3n interna y una construcci\u00f3n limpia.<\/p>\n<p>Con un conveniente interruptor manual en el panel frontal, puede ajustar la velocidad del ventilador r\u00e1pida y f\u00e1cilmente. Ya no es necesario controlar mediante un software complicado.<\/p>\n<p>El panel frontal est\u00e1 equipado con dos puertos USB 3.0 y dos puertos USB 2.0, lo que le permite conectar f\u00e1cilmente varios dispositivos perif\u00e9ricos y cargar accesorios. No solo optimice sus experiencias de procesamiento, sino que tambi\u00e9n mantenga todos los dispositivos USB sin limitaciones.<\/p>\n<p>MX331-T le permite instalar una placa base ATX de tama\u00f1o completo, una tarjeta gr\u00e1fica de 350 mm de longitud, un dispositivo de 5.25 \u00ab, dos SSD de 2.5\u00bb y dos HDD de 3.5 \u00ab, que satisfacen sus necesidades de almacenamiento y capacidad de expansi\u00f3n.<\/p>\n<p>Nombre del modelo: MX331-T.Factor de forma de caja: Mid-Tower.Dimensi\u00f3n (WxHxD): 204 x 481 x 443 (mm) 8 x 19 x 17 ( pulgadas ).Tipo de placa base: Mini ITX \/ Micro ATX \/ ATX.Bah\u00eda de unidad de 5,25 \u00ab: 1Bah\u00eda de unidad de 3,5 \u00ab: 2.Bah\u00eda de unidad de 2,5 \u00ab: 2 + 2 (convertido de bah\u00edas de unidad de 3,5 \u00ab).Ranuras de expansi\u00f3n: 7.Panel de E \/ S: USB 3.0 x 2, USB 2.0 x 2, micr\u00f3fono x 1 \/ audio x 1, bot\u00f3n de control RGB.N\u00famero m\u00e1ximo de ventiladores: 5 m\u00e1x.Soporte de ventilador de enfriamiento:<br \/>\nFrente: 120 mm x 2<br \/>\nParte superior: 120 mm x 2<br \/>\nPosterior: 120 mm (ventilador ARGB x 1 preinstalado)<br \/>\nSoporte de refrigeraci\u00f3n por agua:<br \/>\nFrente: 240 mm \/ 120 mm<br \/>\nParte superior: 120 mm<br \/>\nPosterior: 120 mm<br \/>\nPanel izquierdo transparente: Vidrio templado de 4 mm.Max. Longitud de la tarjeta gr\u00e1fica: 350 mm \/ 13,8 (pulg.) (Las ranuras para tarjetas gr\u00e1ficas horizontales son compatibles con RTX 3090\/3080\/3070).Max. Altura del enfriador de la CPU: 155 mm \/ 6,1 (pulgadas).Max. Longitud de la PSU: 200 (mm) \/ 7,9 (pulgadas).<\/p>\n","protected":false},"excerpt":{"rendered":"<p>MX331-T le permite instalar una placa base ATX de tama\u00f1o completo, una tarjeta gr\u00e1fica de 350 mm de longitud, un dispositivo de 5.25 \u00ab, dos SSD de 2.5\u00bb y dos HDD de 3.5 \u00ab, que satisfacen sus necesidades de almacenamiento y capacidad de expansi\u00f3n.<\/p>\n","protected":false},"featured_media":15704,"comment_status":"open","ping_status":"closed","template":"","meta":[],"pwb-brand":[124],"product_brand":[],"product_cat":[76],"product_tag":[311],"class_list":{"0":"post-14363","1":"product","2":"type-product","3":"status-publish","4":"has-post-thumbnail","6":"pwb-brand-cougar","7":"product_cat-chasis","8":"product_tag-chasis-con-fuente","10":"first","11":"instock","12":"taxable","13":"shipping-taxable","14":"purchasable","15":"product-type-simple"},"yoast_head":"<!-- This site is optimized with the Yoast SEO plugin v26.7 - https:\/\/yoast.com\/wordpress\/plugins\/seo\/ -->\n<title>COUGAR MX331T VTARGB + COUGAR 600W WHITE - PC MASTERS BOGOTA<\/title>\n<meta name=\"robots\" content=\"index, follow, max-snippet:-1, max-image-preview:large, max-video-preview:-1\" \/>\n<link rel=\"canonical\" href=\"https:\/\/pcmastersbogota.com.co\/es_es\/producto\/cougar-mx331t-vtargb-cougar-600w-white\/\" \/>\n<meta property=\"og:locale\" content=\"es_ES\" \/>\n<meta property=\"og:type\" content=\"article\" \/>\n<meta property=\"og:title\" content=\"COUGAR MX331T VTARGB + COUGAR 600W WHITE - PC MASTERS BOGOTA\" \/>\n<meta property=\"og:description\" content=\"MX331-T le permite instalar una placa base ATX de tama\u00f1o completo, una tarjeta gr\u00e1fica de 350 mm de longitud, un dispositivo de 5.25 \u00ab, dos SSD de 2.5\u00bb y dos HDD de 3.5 \u00ab, que satisfacen sus necesidades de almacenamiento y capacidad de expansi\u00f3n.\" \/>\n<meta property=\"og:url\" content=\"https:\/\/pcmastersbogota.com.co\/es_es\/producto\/cougar-mx331t-vtargb-cougar-600w-white\/\" \/>\n<meta property=\"og:site_name\" content=\"PC MASTERS BOGOTA\" \/>\n<meta property=\"article:modified_time\" content=\"2021-10-26T19:17:51+00:00\" \/>\n<meta property=\"og:image\" content=\"https:\/\/pcmastersbogota.com.co\/wp-content\/uploads\/2021\/08\/caja-cougar-mx331-t-tg-fan-strip-argb-600w-80-white.png\" \/>\n\t<meta property=\"og:image:width\" content=\"600\" \/>\n\t<meta property=\"og:image:height\" content=\"600\" \/>\n\t<meta property=\"og:image:type\" content=\"image\/png\" \/>\n<meta name=\"twitter:card\" content=\"summary_large_image\" \/>\n<meta name=\"twitter:label1\" content=\"Tiempo de lectura\" \/>\n\t<meta name=\"twitter:data1\" content=\"2 minutos\" \/>\n<script type=\"application\/ld+json\" class=\"yoast-schema-graph\">{\"@context\":\"https:\/\/schema.org\",\"@graph\":[{\"@type\":\"WebPage\",\"@id\":\"https:\/\/pcmastersbogota.com.co\/producto\/cougar-mx331t-vtargb-cougar-600w-white\/\",\"url\":\"https:\/\/pcmastersbogota.com.co\/producto\/cougar-mx331t-vtargb-cougar-600w-white\/\",\"name\":\"COUGAR MX331T VTARGB + COUGAR 600W WHITE - PC MASTERS BOGOTA\",\"isPartOf\":{\"@id\":\"https:\/\/pcmastersbogota.com.co\/es_es\/#website\"},\"primaryImageOfPage\":{\"@id\":\"https:\/\/pcmastersbogota.com.co\/producto\/cougar-mx331t-vtargb-cougar-600w-white\/#primaryimage\"},\"image\":{\"@id\":\"https:\/\/pcmastersbogota.com.co\/producto\/cougar-mx331t-vtargb-cougar-600w-white\/#primaryimage\"},\"thumbnailUrl\":\"https:\/\/pcmastersbogota.com.co\/wp-content\/uploads\/2021\/08\/caja-cougar-mx331-t-tg-fan-strip-argb-600w-80-white.png\",\"datePublished\":\"2021-08-10T00:23:35+00:00\",\"dateModified\":\"2021-10-26T19:17:51+00:00\",\"breadcrumb\":{\"@id\":\"https:\/\/pcmastersbogota.com.co\/producto\/cougar-mx331t-vtargb-cougar-600w-white\/#breadcrumb\"},\"inLanguage\":\"es\",\"potentialAction\":[{\"@type\":\"ReadAction\",\"target\":[\"https:\/\/pcmastersbogota.com.co\/producto\/cougar-mx331t-vtargb-cougar-600w-white\/\"]}]},{\"@type\":\"ImageObject\",\"inLanguage\":\"es\",\"@id\":\"https:\/\/pcmastersbogota.com.co\/producto\/cougar-mx331t-vtargb-cougar-600w-white\/#primaryimage\",\"url\":\"https:\/\/pcmastersbogota.com.co\/wp-content\/uploads\/2021\/08\/caja-cougar-mx331-t-tg-fan-strip-argb-600w-80-white.png\",\"contentUrl\":\"https:\/\/pcmastersbogota.com.co\/wp-content\/uploads\/2021\/08\/caja-cougar-mx331-t-tg-fan-strip-argb-600w-80-white.png\",\"width\":600,\"height\":600},{\"@type\":\"BreadcrumbList\",\"@id\":\"https:\/\/pcmastersbogota.com.co\/producto\/cougar-mx331t-vtargb-cougar-600w-white\/#breadcrumb\",\"itemListElement\":[{\"@type\":\"ListItem\",\"position\":1,\"name\":\"Home\",\"item\":\"https:\/\/pcmastersbogota.com.co\/\"},{\"@type\":\"ListItem\",\"position\":2,\"name\":\"Tienda\",\"item\":\"https:\/\/pcmastersbogota.com.co\/es_es\/tienda\/\"},{\"@type\":\"ListItem\",\"position\":3,\"name\":\"COUGAR MX331T VTARGB + COUGAR 600W WHITE\"}]},{\"@type\":\"WebSite\",\"@id\":\"https:\/\/pcmastersbogota.com.co\/es_es\/#website\",\"url\":\"https:\/\/pcmastersbogota.com.co\/es_es\/\",\"name\":\"PC MASTERS BOGOTA\",\"description\":\"\",\"potentialAction\":[{\"@type\":\"SearchAction\",\"target\":{\"@type\":\"EntryPoint\",\"urlTemplate\":\"https:\/\/pcmastersbogota.com.co\/es_es\/?s={search_term_string}\"},\"query-input\":{\"@type\":\"PropertyValueSpecification\",\"valueRequired\":true,\"valueName\":\"search_term_string\"}}],\"inLanguage\":\"es\"}]}<\/script>\n<!-- \/ Yoast SEO plugin. -->","yoast_head_json":{"title":"COUGAR MX331T VTARGB + COUGAR 600W WHITE - PC MASTERS BOGOTA","robots":{"index":"index","follow":"follow","max-snippet":"max-snippet:-1","max-image-preview":"max-image-preview:large","max-video-preview":"max-video-preview:-1"},"canonical":"https:\/\/pcmastersbogota.com.co\/es_es\/producto\/cougar-mx331t-vtargb-cougar-600w-white\/","og_locale":"es_ES","og_type":"article","og_title":"COUGAR MX331T VTARGB + COUGAR 600W WHITE - PC MASTERS BOGOTA","og_description":"MX331-T le permite instalar una placa base ATX de tama\u00f1o completo, una tarjeta gr\u00e1fica de 350 mm de longitud, un dispositivo de 5.25 \u00ab, dos SSD de 2.5\u00bb y dos HDD de 3.5 \u00ab, que satisfacen sus necesidades de almacenamiento y capacidad de expansi\u00f3n.","og_url":"https:\/\/pcmastersbogota.com.co\/es_es\/producto\/cougar-mx331t-vtargb-cougar-600w-white\/","og_site_name":"PC MASTERS BOGOTA","article_modified_time":"2021-10-26T19:17:51+00:00","og_image":[{"width":600,"height":600,"url":"https:\/\/pcmastersbogota.com.co\/wp-content\/uploads\/2021\/08\/caja-cougar-mx331-t-tg-fan-strip-argb-600w-80-white.png","type":"image\/png"}],"twitter_card":"summary_large_image","twitter_misc":{"Tiempo de lectura":"2 minutos"},"schema":{"@context":"https:\/\/schema.org","@graph":[{"@type":"WebPage","@id":"https:\/\/pcmastersbogota.com.co\/producto\/cougar-mx331t-vtargb-cougar-600w-white\/","url":"https:\/\/pcmastersbogota.com.co\/producto\/cougar-mx331t-vtargb-cougar-600w-white\/","name":"COUGAR MX331T VTARGB + COUGAR 600W WHITE - PC MASTERS BOGOTA","isPartOf":{"@id":"https:\/\/pcmastersbogota.com.co\/es_es\/#website"},"primaryImageOfPage":{"@id":"https:\/\/pcmastersbogota.com.co\/producto\/cougar-mx331t-vtargb-cougar-600w-white\/#primaryimage"},"image":{"@id":"https:\/\/pcmastersbogota.com.co\/producto\/cougar-mx331t-vtargb-cougar-600w-white\/#primaryimage"},"thumbnailUrl":"https:\/\/pcmastersbogota.com.co\/wp-content\/uploads\/2021\/08\/caja-cougar-mx331-t-tg-fan-strip-argb-600w-80-white.png","datePublished":"2021-08-10T00:23:35+00:00","dateModified":"2021-10-26T19:17:51+00:00","breadcrumb":{"@id":"https:\/\/pcmastersbogota.com.co\/producto\/cougar-mx331t-vtargb-cougar-600w-white\/#breadcrumb"},"inLanguage":"es","potentialAction":[{"@type":"ReadAction","target":["https:\/\/pcmastersbogota.com.co\/producto\/cougar-mx331t-vtargb-cougar-600w-white\/"]}]},{"@type":"ImageObject","inLanguage":"es","@id":"https:\/\/pcmastersbogota.com.co\/producto\/cougar-mx331t-vtargb-cougar-600w-white\/#primaryimage","url":"https:\/\/pcmastersbogota.com.co\/wp-content\/uploads\/2021\/08\/caja-cougar-mx331-t-tg-fan-strip-argb-600w-80-white.png","contentUrl":"https:\/\/pcmastersbogota.com.co\/wp-content\/uploads\/2021\/08\/caja-cougar-mx331-t-tg-fan-strip-argb-600w-80-white.png","width":600,"height":600},{"@type":"BreadcrumbList","@id":"https:\/\/pcmastersbogota.com.co\/producto\/cougar-mx331t-vtargb-cougar-600w-white\/#breadcrumb","itemListElement":[{"@type":"ListItem","position":1,"name":"Home","item":"https:\/\/pcmastersbogota.com.co\/"},{"@type":"ListItem","position":2,"name":"Tienda","item":"https:\/\/pcmastersbogota.com.co\/es_es\/tienda\/"},{"@type":"ListItem","position":3,"name":"COUGAR MX331T VTARGB + COUGAR 600W WHITE"}]},{"@type":"WebSite","@id":"https:\/\/pcmastersbogota.com.co\/es_es\/#website","url":"https:\/\/pcmastersbogota.com.co\/es_es\/","name":"PC MASTERS BOGOTA","description":"","potentialAction":[{"@type":"SearchAction","target":{"@type":"EntryPoint","urlTemplate":"https:\/\/pcmastersbogota.com.co\/es_es\/?s={search_term_string}"},"query-input":{"@type":"PropertyValueSpecification","valueRequired":true,"valueName":"search_term_string"}}],"inLanguage":"es"}]}},"brands":[{"id":124,"name":"COUGAR","slug":"cougar"}],"_links":{"self":[{"href":"https:\/\/pcmastersbogota.com.co\/es_es\/wp-json\/wp\/v2\/product\/14363","targetHints":{"allow":["GET"]}}],"collection":[{"href":"https:\/\/pcmastersbogota.com.co\/es_es\/wp-json\/wp\/v2\/product"}],"about":[{"href":"https:\/\/pcmastersbogota.com.co\/es_es\/wp-json\/wp\/v2\/types\/product"}],"replies":[{"embeddable":true,"href":"https:\/\/pcmastersbogota.com.co\/es_es\/wp-json\/wp\/v2\/comments?post=14363"}],"version-history":[{"count":3,"href":"https:\/\/pcmastersbogota.com.co\/es_es\/wp-json\/wp\/v2\/product\/14363\/revisions"}],"predecessor-version":[{"id":17822,"href":"https:\/\/pcmastersbogota.com.co\/es_es\/wp-json\/wp\/v2\/product\/14363\/revisions\/17822"}],"wp:featuredmedia":[{"embeddable":true,"href":"https:\/\/pcmastersbogota.com.co\/es_es\/wp-json\/wp\/v2\/media\/15704"}],"wp:attachment":[{"href":"https:\/\/pcmastersbogota.com.co\/es_es\/wp-json\/wp\/v2\/media?parent=14363"}],"wp:term":[{"taxonomy":"pwb-brand","embeddable":true,"href":"https:\/\/pcmastersbogota.com.co\/es_es\/wp-json\/wp\/v2\/pwb-brand?post=14363"},{"taxonomy":"product_brand","embeddable":true,"href":"https:\/\/pcmastersbogota.com.co\/es_es\/wp-json\/wp\/v2\/product_brand?post=14363"},{"taxonomy":"product_cat","embeddable":true,"href":"https:\/\/pcmastersbogota.com.co\/es_es\/wp-json\/wp\/v2\/product_cat?post=14363"},{"taxonomy":"product_tag","embeddable":true,"href":"https:\/\/pcmastersbogota.com.co\/es_es\/wp-json\/wp\/v2\/product_tag?post=14363"}],"curies":[{"name":"wp","href":"https:\/\/api.w.org\/{rel}","templated":true}]}}