{"id":14364,"date":"2021-08-09T19:23:36","date_gmt":"2021-08-10T00:23:36","guid":{"rendered":"https:\/\/pcmastersbogota.com.co\/?post_type=product&#038;p=14364"},"modified":"2021-10-26T14:17:51","modified_gmt":"2021-10-26T19:17:51","slug":"cougar-mx410-g-vt4argbcougar-600w-bronce","status":"publish","type":"product","link":"https:\/\/pcmastersbogota.com.co\/es_es\/producto\/cougar-mx410-g-vt4argbcougar-600w-bronce\/","title":{"rendered":"COUGAR MX410-G VT4ARGB+COUGAR 600W BRONCE"},"content":{"rendered":"<p>https:\/\/cougargaming.com\/es\/products\/cases\/mx410-mesh-g-rgb\/<\/p>\n<p>Descripci\u00f3n<br \/>\nCaja<br \/>\nCon un panel izquierdo de vidrio templado masivo, MX410 Mesh-G RGB muestra una construcci\u00f3n limpia y ordenada. Tiene un dise\u00f1o m\u00e1s amplio pero m\u00e1s compacto y potente, lo que le permite tener un alto rendimiento y abundante espacio de almacenamiento.<\/p>\n<p>El panel frontal del MX410 Mesh-G RGB se combina con una apariencia excelente y un flujo de aire suficiente. \u00a1D\u00e9jalo respirar por el panel frontal!<\/p>\n<p>El bot\u00f3n de iluminaci\u00f3n integrado con controlador LED incorporado permite que el MX410 Mesh-G RGB muestre efectos de iluminaci\u00f3n sorprendentes. Tambi\u00e9n puede funcionar con una conexi\u00f3n de 5 V de una placa base compatible para la sincronizaci\u00f3n de la iluminaci\u00f3n en todo el sistema.<\/p>\n<p>Con la cubierta completa de la fuente de alimentaci\u00f3n que oculta los cables y un enorme panel izquierdo de vidrio templado que presenta una estructura limpia y ordenada, puede construir f\u00e1cilmente un sistema de nivel profesional.<\/p>\n<p>El ancho de 210 mm del MX410 Mesh-G RGB permite un espacio interior mucho m\u00e1s grande con un mejor rendimiento de refrigeraci\u00f3n y gesti\u00f3n de cables. Sin embargo, su dimensi\u00f3n exterior compacta ocupa menos espacio en el escritorio. MX410 Mesh-G RGB seguramente se adapta a una placa base ATX de tama\u00f1o completo, una tarjeta gr\u00e1fica de 300 mm de longitud, tres SSD de 2.5 \u201dy dos HDD de 3.5\u201d, lo que le permite lograr un funcionamiento extremo y abundante espacio de almacenamiento.<\/p>\n<p>El panel frontal est\u00e1 equipado con dos puertos USB 3.0 y dos puertos USB 2.0, lo que le permite conectar f\u00e1cilmente varios dispositivos perif\u00e9ricos y cargar accesorios. No solo optimice sus experiencias de procesamiento, sino que tambi\u00e9n mantenga todos los dispositivos USB sin limitaciones.<\/p>\n<p>El espacio interior del MX410 Mesh-G RGB admite un enfriador de aire de CPU de hasta 165 mm de altura, un radiador de enfriamiento de agua de 240 mm y componentes de enfriamiento de alta gama. Le ayuda a proteger los componentes cr\u00edticos del sobrecalentamiento.<\/p>\n<p>Nombre del producto: MX410 Mesh-G RGB.Factor de forma de caja: Media torre.Tipo de placa base: Mini ITX \/ Micro ATX \/ ATX.Dimensiones (AnxAlxP): 210 x 455 x 380 (mm), 8,3 x 17,9 x 15 ( pulgadas ).Panel de E \/ S: USB 3.0 x 2, USB 2.0 x 2, micr\u00f3fono x 1 \/ audio x 1, bot\u00f3n de control RGB.Bah\u00eda de unidad de 3,5\u2033: 2.Bah\u00eda de unidad de 2,5\u201d: 3.Ranuras de expansi\u00f3n: 7.<br \/>\nSoporte de ventilador de enfriamiento :<\/p>\n<p>Parte delantera: 120 mm x 3 (ventiladores ARGB x 3 preinstalados)<br \/>\nCima: 120 mm x 2<br \/>\nTrasero : 120 mm x 1 (ventilador ARGB x 1 preinstalado)<br \/>\nN\u00famero m\u00e1ximo de ventiladores: 6 m\u00e1x.<br \/>\nSoporte de refrigeraci\u00f3n por agua:<\/p>\n<p>Parte delantera: 240 mm \/ 120 mm<br \/>\nCima: 240 mm \/ 120 mm (la altura m\u00e1xima del componente en la placa base es de 40 mm)<br \/>\nTrasero : 120 mm<br \/>\nMax. Longitud de la tarjeta gr\u00e1fica<\/p>\n<p>300 (mm) \/ 11,8 (pulg.) (Solo ventiladores en el panel frontal)<br \/>\n270 (mm) \/ 10,6 (pulg.) (Radiador con ventiladores en el panel frontal) (Las ranuras para tarjetas gr\u00e1ficas horizontales son compatibles con RTX 3080\/3070.)<br \/>\nMax. Altura del enfriador de la CPU: 165 (mm) \/ 6,5 (pulgadas).Max. Longitud de la fuente de alimentaci\u00f3n: 160 (mm) \/ 6,3 (pulgadas).Sistema de iluminaci\u00f3n a bordo: Iluminaci\u00f3n integrada con LED RGB direccionables y efectos de iluminaci\u00f3n din\u00e1micos en el panel frontal.Sincronizaci\u00f3n RGB. con M \/ B: s\u00ed.<\/p>\n","protected":false},"excerpt":{"rendered":"<p>MX410 Mesh-G RGB tiene un dise\u00f1o atractivo y compacto con un panel frontal de malla masiva para un mejor rendimiento del flujo de aire. El bot\u00f3n de iluminaci\u00f3n integrado con controlador LED incorporado le permite mostrar efectos de iluminaci\u00f3n sorprendentes.<\/p>\n","protected":false},"featured_media":15648,"comment_status":"open","ping_status":"closed","template":"","meta":[],"pwb-brand":[124],"product_brand":[],"product_cat":[76],"product_tag":[311],"class_list":{"0":"post-14364","1":"product","2":"type-product","3":"status-publish","4":"has-post-thumbnail","6":"pwb-brand-cougar","7":"product_cat-chasis","8":"product_tag-chasis-con-fuente","10":"first","11":"instock","12":"taxable","13":"shipping-taxable","14":"purchasable","15":"product-type-simple"},"yoast_head":"<!-- This site is optimized with the Yoast SEO plugin v26.7 - https:\/\/yoast.com\/wordpress\/plugins\/seo\/ -->\n<title>COUGAR MX410-G VT4ARGB+COUGAR 600W BRONCE - PC MASTERS BOGOTA<\/title>\n<meta name=\"robots\" content=\"index, follow, max-snippet:-1, max-image-preview:large, max-video-preview:-1\" \/>\n<link rel=\"canonical\" href=\"https:\/\/pcmastersbogota.com.co\/es_es\/producto\/cougar-mx410-g-vt4argbcougar-600w-bronce\/\" \/>\n<meta property=\"og:locale\" content=\"es_ES\" \/>\n<meta property=\"og:type\" content=\"article\" \/>\n<meta property=\"og:title\" content=\"COUGAR MX410-G VT4ARGB+COUGAR 600W BRONCE - PC MASTERS BOGOTA\" \/>\n<meta property=\"og:description\" content=\"MX410 Mesh-G RGB tiene un dise\u00f1o atractivo y compacto con un panel frontal de malla masiva para un mejor rendimiento del flujo de aire. El bot\u00f3n de iluminaci\u00f3n integrado con controlador LED incorporado le permite mostrar efectos de iluminaci\u00f3n sorprendentes.\" \/>\n<meta property=\"og:url\" content=\"https:\/\/pcmastersbogota.com.co\/es_es\/producto\/cougar-mx410-g-vt4argbcougar-600w-bronce\/\" \/>\n<meta property=\"og:site_name\" content=\"PC MASTERS BOGOTA\" \/>\n<meta property=\"article:modified_time\" content=\"2021-10-26T19:17:51+00:00\" \/>\n<meta property=\"og:image\" content=\"https:\/\/pcmastersbogota.com.co\/wp-content\/uploads\/2021\/08\/17058.1.png\" \/>\n\t<meta property=\"og:image:width\" content=\"1000\" \/>\n\t<meta property=\"og:image:height\" content=\"1000\" \/>\n\t<meta property=\"og:image:type\" content=\"image\/png\" \/>\n<meta name=\"twitter:card\" content=\"summary_large_image\" \/>\n<meta name=\"twitter:label1\" content=\"Tiempo de lectura\" \/>\n\t<meta name=\"twitter:data1\" content=\"3 minutos\" \/>\n<script type=\"application\/ld+json\" class=\"yoast-schema-graph\">{\"@context\":\"https:\/\/schema.org\",\"@graph\":[{\"@type\":\"WebPage\",\"@id\":\"https:\/\/pcmastersbogota.com.co\/producto\/cougar-mx410-g-vt4argbcougar-600w-bronce\/\",\"url\":\"https:\/\/pcmastersbogota.com.co\/producto\/cougar-mx410-g-vt4argbcougar-600w-bronce\/\",\"name\":\"COUGAR MX410-G VT4ARGB+COUGAR 600W BRONCE - PC MASTERS BOGOTA\",\"isPartOf\":{\"@id\":\"https:\/\/pcmastersbogota.com.co\/es_es\/#website\"},\"primaryImageOfPage\":{\"@id\":\"https:\/\/pcmastersbogota.com.co\/producto\/cougar-mx410-g-vt4argbcougar-600w-bronce\/#primaryimage\"},\"image\":{\"@id\":\"https:\/\/pcmastersbogota.com.co\/producto\/cougar-mx410-g-vt4argbcougar-600w-bronce\/#primaryimage\"},\"thumbnailUrl\":\"https:\/\/pcmastersbogota.com.co\/wp-content\/uploads\/2021\/08\/17058.1.png\",\"datePublished\":\"2021-08-10T00:23:36+00:00\",\"dateModified\":\"2021-10-26T19:17:51+00:00\",\"breadcrumb\":{\"@id\":\"https:\/\/pcmastersbogota.com.co\/producto\/cougar-mx410-g-vt4argbcougar-600w-bronce\/#breadcrumb\"},\"inLanguage\":\"es\",\"potentialAction\":[{\"@type\":\"ReadAction\",\"target\":[\"https:\/\/pcmastersbogota.com.co\/producto\/cougar-mx410-g-vt4argbcougar-600w-bronce\/\"]}]},{\"@type\":\"ImageObject\",\"inLanguage\":\"es\",\"@id\":\"https:\/\/pcmastersbogota.com.co\/producto\/cougar-mx410-g-vt4argbcougar-600w-bronce\/#primaryimage\",\"url\":\"https:\/\/pcmastersbogota.com.co\/wp-content\/uploads\/2021\/08\/17058.1.png\",\"contentUrl\":\"https:\/\/pcmastersbogota.com.co\/wp-content\/uploads\/2021\/08\/17058.1.png\",\"width\":1000,\"height\":1000},{\"@type\":\"BreadcrumbList\",\"@id\":\"https:\/\/pcmastersbogota.com.co\/producto\/cougar-mx410-g-vt4argbcougar-600w-bronce\/#breadcrumb\",\"itemListElement\":[{\"@type\":\"ListItem\",\"position\":1,\"name\":\"Home\",\"item\":\"https:\/\/pcmastersbogota.com.co\/\"},{\"@type\":\"ListItem\",\"position\":2,\"name\":\"Tienda\",\"item\":\"https:\/\/pcmastersbogota.com.co\/es_es\/tienda\/\"},{\"@type\":\"ListItem\",\"position\":3,\"name\":\"COUGAR MX410-G VT4ARGB+COUGAR 600W BRONCE\"}]},{\"@type\":\"WebSite\",\"@id\":\"https:\/\/pcmastersbogota.com.co\/es_es\/#website\",\"url\":\"https:\/\/pcmastersbogota.com.co\/es_es\/\",\"name\":\"PC MASTERS BOGOTA\",\"description\":\"\",\"potentialAction\":[{\"@type\":\"SearchAction\",\"target\":{\"@type\":\"EntryPoint\",\"urlTemplate\":\"https:\/\/pcmastersbogota.com.co\/es_es\/?s={search_term_string}\"},\"query-input\":{\"@type\":\"PropertyValueSpecification\",\"valueRequired\":true,\"valueName\":\"search_term_string\"}}],\"inLanguage\":\"es\"}]}<\/script>\n<!-- \/ Yoast SEO plugin. -->","yoast_head_json":{"title":"COUGAR MX410-G VT4ARGB+COUGAR 600W BRONCE - PC MASTERS BOGOTA","robots":{"index":"index","follow":"follow","max-snippet":"max-snippet:-1","max-image-preview":"max-image-preview:large","max-video-preview":"max-video-preview:-1"},"canonical":"https:\/\/pcmastersbogota.com.co\/es_es\/producto\/cougar-mx410-g-vt4argbcougar-600w-bronce\/","og_locale":"es_ES","og_type":"article","og_title":"COUGAR MX410-G VT4ARGB+COUGAR 600W BRONCE - PC MASTERS BOGOTA","og_description":"MX410 Mesh-G RGB tiene un dise\u00f1o atractivo y compacto con un panel frontal de malla masiva para un mejor rendimiento del flujo de aire. El bot\u00f3n de iluminaci\u00f3n integrado con controlador LED incorporado le permite mostrar efectos de iluminaci\u00f3n sorprendentes.","og_url":"https:\/\/pcmastersbogota.com.co\/es_es\/producto\/cougar-mx410-g-vt4argbcougar-600w-bronce\/","og_site_name":"PC MASTERS BOGOTA","article_modified_time":"2021-10-26T19:17:51+00:00","og_image":[{"width":1000,"height":1000,"url":"https:\/\/pcmastersbogota.com.co\/wp-content\/uploads\/2021\/08\/17058.1.png","type":"image\/png"}],"twitter_card":"summary_large_image","twitter_misc":{"Tiempo de lectura":"3 minutos"},"schema":{"@context":"https:\/\/schema.org","@graph":[{"@type":"WebPage","@id":"https:\/\/pcmastersbogota.com.co\/producto\/cougar-mx410-g-vt4argbcougar-600w-bronce\/","url":"https:\/\/pcmastersbogota.com.co\/producto\/cougar-mx410-g-vt4argbcougar-600w-bronce\/","name":"COUGAR MX410-G VT4ARGB+COUGAR 600W BRONCE - PC MASTERS BOGOTA","isPartOf":{"@id":"https:\/\/pcmastersbogota.com.co\/es_es\/#website"},"primaryImageOfPage":{"@id":"https:\/\/pcmastersbogota.com.co\/producto\/cougar-mx410-g-vt4argbcougar-600w-bronce\/#primaryimage"},"image":{"@id":"https:\/\/pcmastersbogota.com.co\/producto\/cougar-mx410-g-vt4argbcougar-600w-bronce\/#primaryimage"},"thumbnailUrl":"https:\/\/pcmastersbogota.com.co\/wp-content\/uploads\/2021\/08\/17058.1.png","datePublished":"2021-08-10T00:23:36+00:00","dateModified":"2021-10-26T19:17:51+00:00","breadcrumb":{"@id":"https:\/\/pcmastersbogota.com.co\/producto\/cougar-mx410-g-vt4argbcougar-600w-bronce\/#breadcrumb"},"inLanguage":"es","potentialAction":[{"@type":"ReadAction","target":["https:\/\/pcmastersbogota.com.co\/producto\/cougar-mx410-g-vt4argbcougar-600w-bronce\/"]}]},{"@type":"ImageObject","inLanguage":"es","@id":"https:\/\/pcmastersbogota.com.co\/producto\/cougar-mx410-g-vt4argbcougar-600w-bronce\/#primaryimage","url":"https:\/\/pcmastersbogota.com.co\/wp-content\/uploads\/2021\/08\/17058.1.png","contentUrl":"https:\/\/pcmastersbogota.com.co\/wp-content\/uploads\/2021\/08\/17058.1.png","width":1000,"height":1000},{"@type":"BreadcrumbList","@id":"https:\/\/pcmastersbogota.com.co\/producto\/cougar-mx410-g-vt4argbcougar-600w-bronce\/#breadcrumb","itemListElement":[{"@type":"ListItem","position":1,"name":"Home","item":"https:\/\/pcmastersbogota.com.co\/"},{"@type":"ListItem","position":2,"name":"Tienda","item":"https:\/\/pcmastersbogota.com.co\/es_es\/tienda\/"},{"@type":"ListItem","position":3,"name":"COUGAR MX410-G VT4ARGB+COUGAR 600W BRONCE"}]},{"@type":"WebSite","@id":"https:\/\/pcmastersbogota.com.co\/es_es\/#website","url":"https:\/\/pcmastersbogota.com.co\/es_es\/","name":"PC MASTERS BOGOTA","description":"","potentialAction":[{"@type":"SearchAction","target":{"@type":"EntryPoint","urlTemplate":"https:\/\/pcmastersbogota.com.co\/es_es\/?s={search_term_string}"},"query-input":{"@type":"PropertyValueSpecification","valueRequired":true,"valueName":"search_term_string"}}],"inLanguage":"es"}]}},"brands":[{"id":124,"name":"COUGAR","slug":"cougar"}],"_links":{"self":[{"href":"https:\/\/pcmastersbogota.com.co\/es_es\/wp-json\/wp\/v2\/product\/14364","targetHints":{"allow":["GET"]}}],"collection":[{"href":"https:\/\/pcmastersbogota.com.co\/es_es\/wp-json\/wp\/v2\/product"}],"about":[{"href":"https:\/\/pcmastersbogota.com.co\/es_es\/wp-json\/wp\/v2\/types\/product"}],"replies":[{"embeddable":true,"href":"https:\/\/pcmastersbogota.com.co\/es_es\/wp-json\/wp\/v2\/comments?post=14364"}],"version-history":[{"count":4,"href":"https:\/\/pcmastersbogota.com.co\/es_es\/wp-json\/wp\/v2\/product\/14364\/revisions"}],"predecessor-version":[{"id":17809,"href":"https:\/\/pcmastersbogota.com.co\/es_es\/wp-json\/wp\/v2\/product\/14364\/revisions\/17809"}],"wp:featuredmedia":[{"embeddable":true,"href":"https:\/\/pcmastersbogota.com.co\/es_es\/wp-json\/wp\/v2\/media\/15648"}],"wp:attachment":[{"href":"https:\/\/pcmastersbogota.com.co\/es_es\/wp-json\/wp\/v2\/media?parent=14364"}],"wp:term":[{"taxonomy":"pwb-brand","embeddable":true,"href":"https:\/\/pcmastersbogota.com.co\/es_es\/wp-json\/wp\/v2\/pwb-brand?post=14364"},{"taxonomy":"product_brand","embeddable":true,"href":"https:\/\/pcmastersbogota.com.co\/es_es\/wp-json\/wp\/v2\/product_brand?post=14364"},{"taxonomy":"product_cat","embeddable":true,"href":"https:\/\/pcmastersbogota.com.co\/es_es\/wp-json\/wp\/v2\/product_cat?post=14364"},{"taxonomy":"product_tag","embeddable":true,"href":"https:\/\/pcmastersbogota.com.co\/es_es\/wp-json\/wp\/v2\/product_tag?post=14364"}],"curies":[{"name":"wp","href":"https:\/\/api.w.org\/{rel}","templated":true}]}}