{"id":14372,"date":"2021-08-09T19:23:37","date_gmt":"2021-08-10T00:23:37","guid":{"rendered":"https:\/\/pcmastersbogota.com.co\/?post_type=product&#038;p=14372"},"modified":"2021-10-26T14:17:50","modified_gmt":"2021-10-26T19:17:50","slug":"thermaltake-v200-tg-fuente-600w","status":"publish","type":"product","link":"https:\/\/pcmastersbogota.com.co\/es_es\/producto\/thermaltake-v200-tg-fuente-600w\/","title":{"rendered":"THERMALTAKE V200 TG + FUENTE 600W"},"content":{"rendered":"<p>https:\/\/es.thermaltake.com\/v200-tempered-glass-edition.html<\/p>\n<p>Caracter\u00edsticas principales<br \/>\nMarca Thermaltake<br \/>\nL\u00ednea TG<br \/>\nModelo V200<br \/>\nOtras caracter\u00edsticas<br \/>\nEs gamer: S\u00ed<br \/>\nDescripci\u00f3n<br \/>\nSomos GIGABYTE COLOMBIA<\/p>\n<p>El chasis de torre V200 Tempered Glass Edition, es la actualizaci\u00f3n perfecta para alguien que busca renovar su plataforma. Cuenta con una ventana de vidrio templado duradero, una ventana frontal de acr\u00edlico transparente y una pr\u00e1ctica cubierta de fuente de alimentaci\u00f3n.<\/p>\n<p>Esta peque\u00f1a y potente plataforma tambi\u00e9n viene equipada con 3 ventiladores de entrada RGB de 120 mm y 12 V que se controlan en modo dual a trav\u00e9s del bot\u00f3n RGB del puerto de E \/ S o la sincronizaci\u00f3n con las marcas de placas base con capacidad RGB favoritas de los entusiastas, incluidas Asus, Gigabyte, MSI, Biostar, y ASRock.<\/p>\n<p>El v200 es el \u00faltimo de nuestra l\u00ednea de elegantes carcasas de vidrio templado, construido para hardware de alta gama y dise\u00f1os de sistemas personalizados.<\/p>\n","protected":false},"excerpt":{"rendered":"<p>ChasisThermaltake V200 TG &#8211; RGB Edition, incluye fuente de poder Thermaltake Smart 600W con certificaci\u00f3n 80 Plus White y 3 ventiladores frontales RGB de 120mm y un trasero sin iluminaci\u00f3n.<\/p>\n","protected":false},"featured_media":15628,"comment_status":"open","ping_status":"closed","template":"","meta":[],"pwb-brand":[102],"product_brand":[],"product_cat":[76],"product_tag":[311],"class_list":{"0":"post-14372","1":"product","2":"type-product","3":"status-publish","4":"has-post-thumbnail","6":"pwb-brand-thermaltake","7":"product_cat-chasis","8":"product_tag-chasis-con-fuente","10":"first","11":"instock","12":"taxable","13":"shipping-taxable","14":"purchasable","15":"product-type-simple"},"yoast_head":"<!-- This site is optimized with the Yoast SEO plugin v26.7 - https:\/\/yoast.com\/wordpress\/plugins\/seo\/ -->\n<title>THERMALTAKE V200 TG + FUENTE 600W - PC MASTERS BOGOTA<\/title>\n<meta name=\"robots\" content=\"index, follow, max-snippet:-1, max-image-preview:large, max-video-preview:-1\" \/>\n<link rel=\"canonical\" href=\"https:\/\/pcmastersbogota.com.co\/es_es\/producto\/thermaltake-v200-tg-fuente-600w\/\" \/>\n<meta property=\"og:locale\" content=\"es_ES\" \/>\n<meta property=\"og:type\" content=\"article\" \/>\n<meta property=\"og:title\" content=\"THERMALTAKE V200 TG + FUENTE 600W - PC MASTERS BOGOTA\" \/>\n<meta property=\"og:description\" content=\"ChasisThermaltake V200 TG - RGB Edition, incluye fuente de poder Thermaltake Smart 600W con certificaci\u00f3n 80 Plus White y 3 ventiladores frontales RGB de 120mm y un trasero sin iluminaci\u00f3n.\" \/>\n<meta property=\"og:url\" content=\"https:\/\/pcmastersbogota.com.co\/es_es\/producto\/thermaltake-v200-tg-fuente-600w\/\" \/>\n<meta property=\"og:site_name\" content=\"PC MASTERS BOGOTA\" \/>\n<meta property=\"article:modified_time\" content=\"2021-10-26T19:17:50+00:00\" \/>\n<meta property=\"og:image\" content=\"https:\/\/pcmastersbogota.com.co\/wp-content\/uploads\/2021\/08\/D_NQ_NP_782094-MCO43375443662_092020-O.webp\" \/>\n\t<meta property=\"og:image:width\" content=\"435\" \/>\n\t<meta property=\"og:image:height\" content=\"500\" \/>\n\t<meta property=\"og:image:type\" content=\"image\/webp\" \/>\n<meta name=\"twitter:card\" content=\"summary_large_image\" \/>\n<meta name=\"twitter:label1\" content=\"Tiempo de lectura\" \/>\n\t<meta name=\"twitter:data1\" content=\"1 minuto\" \/>\n<script type=\"application\/ld+json\" class=\"yoast-schema-graph\">{\"@context\":\"https:\/\/schema.org\",\"@graph\":[{\"@type\":\"WebPage\",\"@id\":\"https:\/\/pcmastersbogota.com.co\/producto\/thermaltake-v200-tg-fuente-600w\/\",\"url\":\"https:\/\/pcmastersbogota.com.co\/producto\/thermaltake-v200-tg-fuente-600w\/\",\"name\":\"THERMALTAKE V200 TG + FUENTE 600W - PC MASTERS BOGOTA\",\"isPartOf\":{\"@id\":\"https:\/\/pcmastersbogota.com.co\/es_es\/#website\"},\"primaryImageOfPage\":{\"@id\":\"https:\/\/pcmastersbogota.com.co\/producto\/thermaltake-v200-tg-fuente-600w\/#primaryimage\"},\"image\":{\"@id\":\"https:\/\/pcmastersbogota.com.co\/producto\/thermaltake-v200-tg-fuente-600w\/#primaryimage\"},\"thumbnailUrl\":\"https:\/\/pcmastersbogota.com.co\/wp-content\/uploads\/2021\/08\/D_NQ_NP_782094-MCO43375443662_092020-O.webp\",\"datePublished\":\"2021-08-10T00:23:37+00:00\",\"dateModified\":\"2021-10-26T19:17:50+00:00\",\"breadcrumb\":{\"@id\":\"https:\/\/pcmastersbogota.com.co\/producto\/thermaltake-v200-tg-fuente-600w\/#breadcrumb\"},\"inLanguage\":\"es\",\"potentialAction\":[{\"@type\":\"ReadAction\",\"target\":[\"https:\/\/pcmastersbogota.com.co\/producto\/thermaltake-v200-tg-fuente-600w\/\"]}]},{\"@type\":\"ImageObject\",\"inLanguage\":\"es\",\"@id\":\"https:\/\/pcmastersbogota.com.co\/producto\/thermaltake-v200-tg-fuente-600w\/#primaryimage\",\"url\":\"https:\/\/pcmastersbogota.com.co\/wp-content\/uploads\/2021\/08\/D_NQ_NP_782094-MCO43375443662_092020-O.webp\",\"contentUrl\":\"https:\/\/pcmastersbogota.com.co\/wp-content\/uploads\/2021\/08\/D_NQ_NP_782094-MCO43375443662_092020-O.webp\",\"width\":435,\"height\":500},{\"@type\":\"BreadcrumbList\",\"@id\":\"https:\/\/pcmastersbogota.com.co\/producto\/thermaltake-v200-tg-fuente-600w\/#breadcrumb\",\"itemListElement\":[{\"@type\":\"ListItem\",\"position\":1,\"name\":\"Home\",\"item\":\"https:\/\/pcmastersbogota.com.co\/\"},{\"@type\":\"ListItem\",\"position\":2,\"name\":\"Tienda\",\"item\":\"https:\/\/pcmastersbogota.com.co\/es_es\/tienda\/\"},{\"@type\":\"ListItem\",\"position\":3,\"name\":\"THERMALTAKE V200 TG + FUENTE 600W\"}]},{\"@type\":\"WebSite\",\"@id\":\"https:\/\/pcmastersbogota.com.co\/es_es\/#website\",\"url\":\"https:\/\/pcmastersbogota.com.co\/es_es\/\",\"name\":\"PC MASTERS BOGOTA\",\"description\":\"\",\"potentialAction\":[{\"@type\":\"SearchAction\",\"target\":{\"@type\":\"EntryPoint\",\"urlTemplate\":\"https:\/\/pcmastersbogota.com.co\/es_es\/?s={search_term_string}\"},\"query-input\":{\"@type\":\"PropertyValueSpecification\",\"valueRequired\":true,\"valueName\":\"search_term_string\"}}],\"inLanguage\":\"es\"}]}<\/script>\n<!-- \/ Yoast SEO plugin. -->","yoast_head_json":{"title":"THERMALTAKE V200 TG + FUENTE 600W - PC MASTERS BOGOTA","robots":{"index":"index","follow":"follow","max-snippet":"max-snippet:-1","max-image-preview":"max-image-preview:large","max-video-preview":"max-video-preview:-1"},"canonical":"https:\/\/pcmastersbogota.com.co\/es_es\/producto\/thermaltake-v200-tg-fuente-600w\/","og_locale":"es_ES","og_type":"article","og_title":"THERMALTAKE V200 TG + FUENTE 600W - PC MASTERS BOGOTA","og_description":"ChasisThermaltake V200 TG - RGB Edition, incluye fuente de poder Thermaltake Smart 600W con certificaci\u00f3n 80 Plus White y 3 ventiladores frontales RGB de 120mm y un trasero sin iluminaci\u00f3n.","og_url":"https:\/\/pcmastersbogota.com.co\/es_es\/producto\/thermaltake-v200-tg-fuente-600w\/","og_site_name":"PC MASTERS BOGOTA","article_modified_time":"2021-10-26T19:17:50+00:00","og_image":[{"width":435,"height":500,"url":"https:\/\/pcmastersbogota.com.co\/wp-content\/uploads\/2021\/08\/D_NQ_NP_782094-MCO43375443662_092020-O.webp","type":"image\/webp"}],"twitter_card":"summary_large_image","twitter_misc":{"Tiempo de lectura":"1 minuto"},"schema":{"@context":"https:\/\/schema.org","@graph":[{"@type":"WebPage","@id":"https:\/\/pcmastersbogota.com.co\/producto\/thermaltake-v200-tg-fuente-600w\/","url":"https:\/\/pcmastersbogota.com.co\/producto\/thermaltake-v200-tg-fuente-600w\/","name":"THERMALTAKE V200 TG + FUENTE 600W - PC MASTERS BOGOTA","isPartOf":{"@id":"https:\/\/pcmastersbogota.com.co\/es_es\/#website"},"primaryImageOfPage":{"@id":"https:\/\/pcmastersbogota.com.co\/producto\/thermaltake-v200-tg-fuente-600w\/#primaryimage"},"image":{"@id":"https:\/\/pcmastersbogota.com.co\/producto\/thermaltake-v200-tg-fuente-600w\/#primaryimage"},"thumbnailUrl":"https:\/\/pcmastersbogota.com.co\/wp-content\/uploads\/2021\/08\/D_NQ_NP_782094-MCO43375443662_092020-O.webp","datePublished":"2021-08-10T00:23:37+00:00","dateModified":"2021-10-26T19:17:50+00:00","breadcrumb":{"@id":"https:\/\/pcmastersbogota.com.co\/producto\/thermaltake-v200-tg-fuente-600w\/#breadcrumb"},"inLanguage":"es","potentialAction":[{"@type":"ReadAction","target":["https:\/\/pcmastersbogota.com.co\/producto\/thermaltake-v200-tg-fuente-600w\/"]}]},{"@type":"ImageObject","inLanguage":"es","@id":"https:\/\/pcmastersbogota.com.co\/producto\/thermaltake-v200-tg-fuente-600w\/#primaryimage","url":"https:\/\/pcmastersbogota.com.co\/wp-content\/uploads\/2021\/08\/D_NQ_NP_782094-MCO43375443662_092020-O.webp","contentUrl":"https:\/\/pcmastersbogota.com.co\/wp-content\/uploads\/2021\/08\/D_NQ_NP_782094-MCO43375443662_092020-O.webp","width":435,"height":500},{"@type":"BreadcrumbList","@id":"https:\/\/pcmastersbogota.com.co\/producto\/thermaltake-v200-tg-fuente-600w\/#breadcrumb","itemListElement":[{"@type":"ListItem","position":1,"name":"Home","item":"https:\/\/pcmastersbogota.com.co\/"},{"@type":"ListItem","position":2,"name":"Tienda","item":"https:\/\/pcmastersbogota.com.co\/es_es\/tienda\/"},{"@type":"ListItem","position":3,"name":"THERMALTAKE V200 TG + FUENTE 600W"}]},{"@type":"WebSite","@id":"https:\/\/pcmastersbogota.com.co\/es_es\/#website","url":"https:\/\/pcmastersbogota.com.co\/es_es\/","name":"PC MASTERS BOGOTA","description":"","potentialAction":[{"@type":"SearchAction","target":{"@type":"EntryPoint","urlTemplate":"https:\/\/pcmastersbogota.com.co\/es_es\/?s={search_term_string}"},"query-input":{"@type":"PropertyValueSpecification","valueRequired":true,"valueName":"search_term_string"}}],"inLanguage":"es"}]}},"brands":[{"id":102,"name":"THERMALTAKE","slug":"thermaltake"}],"_links":{"self":[{"href":"https:\/\/pcmastersbogota.com.co\/es_es\/wp-json\/wp\/v2\/product\/14372","targetHints":{"allow":["GET"]}}],"collection":[{"href":"https:\/\/pcmastersbogota.com.co\/es_es\/wp-json\/wp\/v2\/product"}],"about":[{"href":"https:\/\/pcmastersbogota.com.co\/es_es\/wp-json\/wp\/v2\/types\/product"}],"replies":[{"embeddable":true,"href":"https:\/\/pcmastersbogota.com.co\/es_es\/wp-json\/wp\/v2\/comments?post=14372"}],"version-history":[{"count":4,"href":"https:\/\/pcmastersbogota.com.co\/es_es\/wp-json\/wp\/v2\/product\/14372\/revisions"}],"predecessor-version":[{"id":17805,"href":"https:\/\/pcmastersbogota.com.co\/es_es\/wp-json\/wp\/v2\/product\/14372\/revisions\/17805"}],"wp:featuredmedia":[{"embeddable":true,"href":"https:\/\/pcmastersbogota.com.co\/es_es\/wp-json\/wp\/v2\/media\/15628"}],"wp:attachment":[{"href":"https:\/\/pcmastersbogota.com.co\/es_es\/wp-json\/wp\/v2\/media?parent=14372"}],"wp:term":[{"taxonomy":"pwb-brand","embeddable":true,"href":"https:\/\/pcmastersbogota.com.co\/es_es\/wp-json\/wp\/v2\/pwb-brand?post=14372"},{"taxonomy":"product_brand","embeddable":true,"href":"https:\/\/pcmastersbogota.com.co\/es_es\/wp-json\/wp\/v2\/product_brand?post=14372"},{"taxonomy":"product_cat","embeddable":true,"href":"https:\/\/pcmastersbogota.com.co\/es_es\/wp-json\/wp\/v2\/product_cat?post=14372"},{"taxonomy":"product_tag","embeddable":true,"href":"https:\/\/pcmastersbogota.com.co\/es_es\/wp-json\/wp\/v2\/product_tag?post=14372"}],"curies":[{"name":"wp","href":"https:\/\/api.w.org\/{rel}","templated":true}]}}