{"id":14375,"date":"2021-08-09T19:23:37","date_gmt":"2021-08-10T00:23:37","guid":{"rendered":"https:\/\/pcmastersbogota.com.co\/?post_type=product&#038;p=14375"},"modified":"2021-10-26T14:17:50","modified_gmt":"2021-10-26T19:17:50","slug":"xpg-starker-vtrgb-nga-bcaxpg-450w-bronce","status":"publish","type":"product","link":"https:\/\/pcmastersbogota.com.co\/es_es\/producto\/xpg-starker-vtrgb-nga-bcaxpg-450w-bronce\/","title":{"rendered":"XPG STARKER VTRGB NGA\/BCA+XPG 450W BRONCE"},"content":{"rendered":"<p>https:\/\/www.xpg.com\/mx\/xpg\/692<\/p>\n<p>Caracter\u00edsticas principales<br \/>\nMarca XPG<br \/>\nL\u00ednea White<br \/>\nModelo INVADER<br \/>\nOtras caracter\u00edsticas<br \/>\nAltura x Ancho x Largo: 470 cm x 206 cm x 482 cm<br \/>\nEs gamer: S\u00ed<\/p>\n","protected":false},"excerpt":{"rendered":"<p>Chasis de media torre muy compacto y, al mismo tiempo, completamente funcional, dise\u00f1ado para construcciones b\u00e1sicas, pero que incorpora caracter\u00edsticas de gama alta como su innovador filtro de polvo, la instalaci\u00f3n VGA vertical y culminado con una atm\u00f3sfera de juego ARGB suave.<\/p>\n","protected":false},"featured_media":15641,"comment_status":"open","ping_status":"closed","template":"","meta":[],"pwb-brand":[104],"product_brand":[],"product_cat":[76],"product_tag":[311],"class_list":{"0":"post-14375","1":"product","2":"type-product","3":"status-publish","4":"has-post-thumbnail","6":"pwb-brand-xpg","7":"product_cat-chasis","8":"product_tag-chasis-con-fuente","10":"first","11":"instock","12":"taxable","13":"shipping-taxable","14":"purchasable","15":"product-type-simple"},"yoast_head":"<!-- This site is optimized with the Yoast SEO plugin v26.7 - https:\/\/yoast.com\/wordpress\/plugins\/seo\/ -->\n<title>XPG STARKER VTRGB NGA\/BCA+XPG 450W BRONCE - PC MASTERS BOGOTA<\/title>\n<meta name=\"robots\" content=\"index, follow, max-snippet:-1, max-image-preview:large, max-video-preview:-1\" \/>\n<link rel=\"canonical\" href=\"https:\/\/pcmastersbogota.com.co\/es_es\/producto\/xpg-starker-vtrgb-nga-bcaxpg-450w-bronce\/\" \/>\n<meta property=\"og:locale\" content=\"es_ES\" \/>\n<meta property=\"og:type\" content=\"article\" \/>\n<meta property=\"og:title\" content=\"XPG STARKER VTRGB NGA\/BCA+XPG 450W BRONCE - PC MASTERS BOGOTA\" \/>\n<meta property=\"og:description\" content=\"Chasis de media torre muy compacto y, al mismo tiempo, completamente funcional, dise\u00f1ado para construcciones b\u00e1sicas, pero que incorpora caracter\u00edsticas de gama alta como su innovador filtro de polvo, la instalaci\u00f3n VGA vertical y culminado con una atm\u00f3sfera de juego ARGB suave.\" \/>\n<meta property=\"og:url\" content=\"https:\/\/pcmastersbogota.com.co\/es_es\/producto\/xpg-starker-vtrgb-nga-bcaxpg-450w-bronce\/\" \/>\n<meta property=\"og:site_name\" content=\"PC MASTERS BOGOTA\" \/>\n<meta property=\"article:modified_time\" content=\"2021-10-26T19:17:50+00:00\" \/>\n<meta property=\"og:image\" content=\"https:\/\/pcmastersbogota.com.co\/wp-content\/uploads\/2021\/08\/16270.4.png\" \/>\n\t<meta property=\"og:image:width\" content=\"1000\" \/>\n\t<meta property=\"og:image:height\" content=\"1000\" \/>\n\t<meta property=\"og:image:type\" content=\"image\/png\" \/>\n<meta name=\"twitter:card\" content=\"summary_large_image\" \/>\n<meta name=\"twitter:label1\" content=\"Tiempo de lectura\" \/>\n\t<meta name=\"twitter:data1\" content=\"1 minuto\" \/>\n<script type=\"application\/ld+json\" class=\"yoast-schema-graph\">{\"@context\":\"https:\/\/schema.org\",\"@graph\":[{\"@type\":\"WebPage\",\"@id\":\"https:\/\/pcmastersbogota.com.co\/producto\/xpg-starker-vtrgb-nga-bcaxpg-450w-bronce\/\",\"url\":\"https:\/\/pcmastersbogota.com.co\/producto\/xpg-starker-vtrgb-nga-bcaxpg-450w-bronce\/\",\"name\":\"XPG STARKER VTRGB NGA\/BCA+XPG 450W BRONCE - PC MASTERS BOGOTA\",\"isPartOf\":{\"@id\":\"https:\/\/pcmastersbogota.com.co\/es_es\/#website\"},\"primaryImageOfPage\":{\"@id\":\"https:\/\/pcmastersbogota.com.co\/producto\/xpg-starker-vtrgb-nga-bcaxpg-450w-bronce\/#primaryimage\"},\"image\":{\"@id\":\"https:\/\/pcmastersbogota.com.co\/producto\/xpg-starker-vtrgb-nga-bcaxpg-450w-bronce\/#primaryimage\"},\"thumbnailUrl\":\"https:\/\/pcmastersbogota.com.co\/wp-content\/uploads\/2021\/08\/16270.4.png\",\"datePublished\":\"2021-08-10T00:23:37+00:00\",\"dateModified\":\"2021-10-26T19:17:50+00:00\",\"breadcrumb\":{\"@id\":\"https:\/\/pcmastersbogota.com.co\/producto\/xpg-starker-vtrgb-nga-bcaxpg-450w-bronce\/#breadcrumb\"},\"inLanguage\":\"es\",\"potentialAction\":[{\"@type\":\"ReadAction\",\"target\":[\"https:\/\/pcmastersbogota.com.co\/producto\/xpg-starker-vtrgb-nga-bcaxpg-450w-bronce\/\"]}]},{\"@type\":\"ImageObject\",\"inLanguage\":\"es\",\"@id\":\"https:\/\/pcmastersbogota.com.co\/producto\/xpg-starker-vtrgb-nga-bcaxpg-450w-bronce\/#primaryimage\",\"url\":\"https:\/\/pcmastersbogota.com.co\/wp-content\/uploads\/2021\/08\/16270.4.png\",\"contentUrl\":\"https:\/\/pcmastersbogota.com.co\/wp-content\/uploads\/2021\/08\/16270.4.png\",\"width\":1000,\"height\":1000},{\"@type\":\"BreadcrumbList\",\"@id\":\"https:\/\/pcmastersbogota.com.co\/producto\/xpg-starker-vtrgb-nga-bcaxpg-450w-bronce\/#breadcrumb\",\"itemListElement\":[{\"@type\":\"ListItem\",\"position\":1,\"name\":\"Home\",\"item\":\"https:\/\/pcmastersbogota.com.co\/\"},{\"@type\":\"ListItem\",\"position\":2,\"name\":\"Tienda\",\"item\":\"https:\/\/pcmastersbogota.com.co\/es_es\/tienda\/\"},{\"@type\":\"ListItem\",\"position\":3,\"name\":\"XPG STARKER VTRGB NGA\/BCA+XPG 450W BRONCE\"}]},{\"@type\":\"WebSite\",\"@id\":\"https:\/\/pcmastersbogota.com.co\/es_es\/#website\",\"url\":\"https:\/\/pcmastersbogota.com.co\/es_es\/\",\"name\":\"PC MASTERS BOGOTA\",\"description\":\"\",\"potentialAction\":[{\"@type\":\"SearchAction\",\"target\":{\"@type\":\"EntryPoint\",\"urlTemplate\":\"https:\/\/pcmastersbogota.com.co\/es_es\/?s={search_term_string}\"},\"query-input\":{\"@type\":\"PropertyValueSpecification\",\"valueRequired\":true,\"valueName\":\"search_term_string\"}}],\"inLanguage\":\"es\"}]}<\/script>\n<!-- \/ Yoast SEO plugin. -->","yoast_head_json":{"title":"XPG STARKER VTRGB NGA\/BCA+XPG 450W BRONCE - PC MASTERS BOGOTA","robots":{"index":"index","follow":"follow","max-snippet":"max-snippet:-1","max-image-preview":"max-image-preview:large","max-video-preview":"max-video-preview:-1"},"canonical":"https:\/\/pcmastersbogota.com.co\/es_es\/producto\/xpg-starker-vtrgb-nga-bcaxpg-450w-bronce\/","og_locale":"es_ES","og_type":"article","og_title":"XPG STARKER VTRGB NGA\/BCA+XPG 450W BRONCE - PC MASTERS BOGOTA","og_description":"Chasis de media torre muy compacto y, al mismo tiempo, completamente funcional, dise\u00f1ado para construcciones b\u00e1sicas, pero que incorpora caracter\u00edsticas de gama alta como su innovador filtro de polvo, la instalaci\u00f3n VGA vertical y culminado con una atm\u00f3sfera de juego ARGB suave.","og_url":"https:\/\/pcmastersbogota.com.co\/es_es\/producto\/xpg-starker-vtrgb-nga-bcaxpg-450w-bronce\/","og_site_name":"PC MASTERS BOGOTA","article_modified_time":"2021-10-26T19:17:50+00:00","og_image":[{"width":1000,"height":1000,"url":"https:\/\/pcmastersbogota.com.co\/wp-content\/uploads\/2021\/08\/16270.4.png","type":"image\/png"}],"twitter_card":"summary_large_image","twitter_misc":{"Tiempo de lectura":"1 minuto"},"schema":{"@context":"https:\/\/schema.org","@graph":[{"@type":"WebPage","@id":"https:\/\/pcmastersbogota.com.co\/producto\/xpg-starker-vtrgb-nga-bcaxpg-450w-bronce\/","url":"https:\/\/pcmastersbogota.com.co\/producto\/xpg-starker-vtrgb-nga-bcaxpg-450w-bronce\/","name":"XPG STARKER VTRGB NGA\/BCA+XPG 450W BRONCE - PC MASTERS BOGOTA","isPartOf":{"@id":"https:\/\/pcmastersbogota.com.co\/es_es\/#website"},"primaryImageOfPage":{"@id":"https:\/\/pcmastersbogota.com.co\/producto\/xpg-starker-vtrgb-nga-bcaxpg-450w-bronce\/#primaryimage"},"image":{"@id":"https:\/\/pcmastersbogota.com.co\/producto\/xpg-starker-vtrgb-nga-bcaxpg-450w-bronce\/#primaryimage"},"thumbnailUrl":"https:\/\/pcmastersbogota.com.co\/wp-content\/uploads\/2021\/08\/16270.4.png","datePublished":"2021-08-10T00:23:37+00:00","dateModified":"2021-10-26T19:17:50+00:00","breadcrumb":{"@id":"https:\/\/pcmastersbogota.com.co\/producto\/xpg-starker-vtrgb-nga-bcaxpg-450w-bronce\/#breadcrumb"},"inLanguage":"es","potentialAction":[{"@type":"ReadAction","target":["https:\/\/pcmastersbogota.com.co\/producto\/xpg-starker-vtrgb-nga-bcaxpg-450w-bronce\/"]}]},{"@type":"ImageObject","inLanguage":"es","@id":"https:\/\/pcmastersbogota.com.co\/producto\/xpg-starker-vtrgb-nga-bcaxpg-450w-bronce\/#primaryimage","url":"https:\/\/pcmastersbogota.com.co\/wp-content\/uploads\/2021\/08\/16270.4.png","contentUrl":"https:\/\/pcmastersbogota.com.co\/wp-content\/uploads\/2021\/08\/16270.4.png","width":1000,"height":1000},{"@type":"BreadcrumbList","@id":"https:\/\/pcmastersbogota.com.co\/producto\/xpg-starker-vtrgb-nga-bcaxpg-450w-bronce\/#breadcrumb","itemListElement":[{"@type":"ListItem","position":1,"name":"Home","item":"https:\/\/pcmastersbogota.com.co\/"},{"@type":"ListItem","position":2,"name":"Tienda","item":"https:\/\/pcmastersbogota.com.co\/es_es\/tienda\/"},{"@type":"ListItem","position":3,"name":"XPG STARKER VTRGB NGA\/BCA+XPG 450W BRONCE"}]},{"@type":"WebSite","@id":"https:\/\/pcmastersbogota.com.co\/es_es\/#website","url":"https:\/\/pcmastersbogota.com.co\/es_es\/","name":"PC MASTERS BOGOTA","description":"","potentialAction":[{"@type":"SearchAction","target":{"@type":"EntryPoint","urlTemplate":"https:\/\/pcmastersbogota.com.co\/es_es\/?s={search_term_string}"},"query-input":{"@type":"PropertyValueSpecification","valueRequired":true,"valueName":"search_term_string"}}],"inLanguage":"es"}]}},"brands":[{"id":104,"name":"XPG","slug":"xpg"}],"_links":{"self":[{"href":"https:\/\/pcmastersbogota.com.co\/es_es\/wp-json\/wp\/v2\/product\/14375","targetHints":{"allow":["GET"]}}],"collection":[{"href":"https:\/\/pcmastersbogota.com.co\/es_es\/wp-json\/wp\/v2\/product"}],"about":[{"href":"https:\/\/pcmastersbogota.com.co\/es_es\/wp-json\/wp\/v2\/types\/product"}],"replies":[{"embeddable":true,"href":"https:\/\/pcmastersbogota.com.co\/es_es\/wp-json\/wp\/v2\/comments?post=14375"}],"version-history":[{"count":4,"href":"https:\/\/pcmastersbogota.com.co\/es_es\/wp-json\/wp\/v2\/product\/14375\/revisions"}],"predecessor-version":[{"id":17808,"href":"https:\/\/pcmastersbogota.com.co\/es_es\/wp-json\/wp\/v2\/product\/14375\/revisions\/17808"}],"wp:featuredmedia":[{"embeddable":true,"href":"https:\/\/pcmastersbogota.com.co\/es_es\/wp-json\/wp\/v2\/media\/15641"}],"wp:attachment":[{"href":"https:\/\/pcmastersbogota.com.co\/es_es\/wp-json\/wp\/v2\/media?parent=14375"}],"wp:term":[{"taxonomy":"pwb-brand","embeddable":true,"href":"https:\/\/pcmastersbogota.com.co\/es_es\/wp-json\/wp\/v2\/pwb-brand?post=14375"},{"taxonomy":"product_brand","embeddable":true,"href":"https:\/\/pcmastersbogota.com.co\/es_es\/wp-json\/wp\/v2\/product_brand?post=14375"},{"taxonomy":"product_cat","embeddable":true,"href":"https:\/\/pcmastersbogota.com.co\/es_es\/wp-json\/wp\/v2\/product_cat?post=14375"},{"taxonomy":"product_tag","embeddable":true,"href":"https:\/\/pcmastersbogota.com.co\/es_es\/wp-json\/wp\/v2\/product_tag?post=14375"}],"curies":[{"name":"wp","href":"https:\/\/api.w.org\/{rel}","templated":true}]}}